{"id":1237,"date":"2020-06-24T12:30:07","date_gmt":"2020-06-24T17:30:07","guid":{"rendered":"http:\/\/riteboiler.flywheelsites.com\/?page_id=1237"},"modified":"2020-11-29T01:08:58","modified_gmt":"2020-11-29T07:08:58","slug":"calderas-de-vapor-de-alta-presion","status":"publish","type":"page","link":"https:\/\/www.riteboiler.com\/es\/boilers\/steam-boilers\/high-pressure-steam-boilers\/","title":{"rendered":"Calderas de vapor de alta presi\u00f3n"},"content":{"rendered":"<h2>Construido para el mundo real<\/h2>\r\n<p>El dise\u00f1o de tubos \u00fanico de la caldera Rite se adapta f\u00e1cilmente al funcionamiento intermitente de la caldera. Estas calderas pasar\u00e1n de un arranque en fr\u00edo a producir vapor en 5 minutos. Las calderas Rite solo requieren un tratamiento b\u00e1sico del agua de la caldera y est\u00e1n dise\u00f1adas para ser tolerantes en caso de que haya un error en su programa de tratamiento.<\/p>\r\n<h2>Nunca reemplace otro recipiente a presi\u00f3n<\/h2>\r\n<p>Our heat exchanger is built using non-proprietary 2&#8243; boiler tubes available in most cities from several independent suppliers. Boiler repair companies typically carry these standard tubes in their own inventory assuring a quick, cost effective repair. In an emergency, a leaky boiler tube can be plugged in minutes without proprietary tools or materials.<\/p>\r\n<table data-tablesaw-mode=\"swipe\" data-tablesaw-minimap=\"\">\r\n<thead>\r\n<tr>\r\n<th id=\"pp-table-col-1\" scope=\"col\" data-tablesaw-sortable-col=\"\">Tipo<\/th>\r\n<th id=\"pp-table-col-2\" scope=\"col\" data-tablesaw-sortable-col=\"\">Presi\u00f3n operacional<\/th>\r\n<th id=\"pp-table-col-3\" scope=\"col\" data-tablesaw-sortable-col=\"\">Rango de entrada MBTu \/ H<\/th>\r\n<th id=\"pp-table-col-4\" scope=\"col\" data-tablesaw-sortable-col=\"\">Rango de salida MBTu \/ H<\/th>\r\n<\/tr>\r\n<\/thead>\r\n<tbody>\r\n<tr>\r\n<td>LP de baja presi\u00f3n (15 PSI)<\/td>\r\n<td>0 &#8211; 13.5 PSI<\/td>\r\n<td>150 &#8211; 12,500<\/td>\r\n<td>4 &#8211; 300<\/td>\r\n<\/tr>\r\n<tr>\r\n<td>HP de alta presi\u00f3n (150 PSI)<\/td>\r\n<td>10 &#8211; 147 PSI<\/td>\r\n<td>398 &#8211; 10,500<\/td>\r\n<td>9.5 &#8211; 250<\/td>\r\n<\/tr>\r\n<\/tbody>\r\n<\/table>","protected":false},"excerpt":{"rendered":"<p>Built for the Real World The unique tube layout of the Rite boiler easily accommodates intermittent boiler operation. These boilers will go from a cold start to producing steam within 5 minutes. Rite boilers require only basic boiler water treatment and are engineered to be forgiving should there be an error in your treatment program. &#8230; <a title=\"Calderas de vapor de alta presi\u00f3n\" class=\"read-more\" href=\"https:\/\/www.riteboiler.com\/es\/boilers\/steam-boilers\/high-pressure-steam-boilers\/\" aria-label=\"Leer m\u00e1s sobre High Pressure Steam Boilers\">Read more<\/a><\/p>","protected":false},"author":1,"featured_media":169,"parent":725,"menu_order":2,"comment_status":"closed","ping_status":"closed","template":"","meta":{"_monsterinsights_skip_tracking":false,"_monsterinsights_sitenote_active":false,"_monsterinsights_sitenote_note":"","_monsterinsights_sitenote_category":0,"footnotes":""},"class_list":["post-1237","page","type-page","status-publish","has-post-thumbnail"],"yoast_head":"<!-- This site is optimized with the Yoast SEO plugin v27.3 - https:\/\/yoast.com\/product\/yoast-seo-wordpress\/ -->\n<title>High Pressure Steam Boilers - Rite Boilers The unique tube layout of the ...<\/title>\n<meta name=\"description\" content=\"High Pressure Steam Boilers - The unique tube layout of the Rite boiler easily accommodates intermittent boiler operation.\" \/>\n<meta name=\"robots\" content=\"index, follow, max-snippet:-1, max-image-preview:large, max-video-preview:-1\" \/>\n<link rel=\"canonical\" href=\"https:\/\/www.riteboiler.com\/es\/calderas\/calderas-de-vapor\/calderas-de-vapor-de-alta-presion\/\" \/>\n<meta property=\"og:locale\" content=\"es_MX\" \/>\n<meta property=\"og:type\" content=\"article\" \/>\n<meta property=\"og:title\" content=\"High Pressure Steam Boilers - Rite Boilers The unique tube layout of the ...\" \/>\n<meta property=\"og:description\" content=\"High Pressure Steam Boilers - The unique tube layout of the Rite boiler easily accommodates intermittent boiler operation.\" \/>\n<meta property=\"og:url\" content=\"https:\/\/www.riteboiler.com\/es\/calderas\/calderas-de-vapor\/calderas-de-vapor-de-alta-presion\/\" \/>\n<meta property=\"og:site_name\" content=\"Rite Boilers\" \/>\n<meta property=\"article:modified_time\" content=\"2020-11-29T07:08:58+00:00\" \/>\n<meta property=\"og:image\" content=\"https:\/\/www.riteboiler.com\/wp-content\/uploads\/2020\/06\/020-DSCN2065-new-in-Jan-2020-No-Door.png\" \/>\n\t<meta property=\"og:image:width\" content=\"902\" \/>\n\t<meta property=\"og:image:height\" content=\"1164\" \/>\n\t<meta property=\"og:image:type\" content=\"image\/png\" \/>\n<meta name=\"twitter:card\" content=\"summary_large_image\" \/>\n<meta name=\"twitter:label1\" content=\"Tiempo de lectura\" \/>\n\t<meta name=\"twitter:data1\" content=\"1 minuto\" \/>\n<script type=\"application\/ld+json\" class=\"yoast-schema-graph\">{\"@context\":\"https:\\\/\\\/schema.org\",\"@graph\":[{\"@type\":\"WebPage\",\"@id\":\"https:\\\/\\\/www.riteboiler.com\\\/boilers\\\/steam-boilers\\\/high-pressure-steam-boilers\\\/\",\"url\":\"https:\\\/\\\/www.riteboiler.com\\\/boilers\\\/steam-boilers\\\/high-pressure-steam-boilers\\\/\",\"name\":\"High Pressure Steam Boilers - Rite Boilers The unique tube layout of the ...\",\"isPartOf\":{\"@id\":\"https:\\\/\\\/www.riteboiler.com\\\/#website\"},\"primaryImageOfPage\":{\"@id\":\"https:\\\/\\\/www.riteboiler.com\\\/boilers\\\/steam-boilers\\\/high-pressure-steam-boilers\\\/#primaryimage\"},\"image\":{\"@id\":\"https:\\\/\\\/www.riteboiler.com\\\/boilers\\\/steam-boilers\\\/high-pressure-steam-boilers\\\/#primaryimage\"},\"thumbnailUrl\":\"https:\\\/\\\/www.riteboiler.com\\\/wp-content\\\/uploads\\\/2020\\\/06\\\/020-DSCN2065-new-in-Jan-2020-No-Door.png\",\"datePublished\":\"2020-06-24T17:30:07+00:00\",\"dateModified\":\"2020-11-29T07:08:58+00:00\",\"description\":\"High Pressure Steam Boilers - The unique tube layout of the Rite boiler easily accommodates intermittent boiler operation.\",\"breadcrumb\":{\"@id\":\"https:\\\/\\\/www.riteboiler.com\\\/boilers\\\/steam-boilers\\\/high-pressure-steam-boilers\\\/#breadcrumb\"},\"inLanguage\":\"es\",\"potentialAction\":[{\"@type\":\"ReadAction\",\"target\":[\"https:\\\/\\\/www.riteboiler.com\\\/boilers\\\/steam-boilers\\\/high-pressure-steam-boilers\\\/\"]}]},{\"@type\":\"ImageObject\",\"inLanguage\":\"es\",\"@id\":\"https:\\\/\\\/www.riteboiler.com\\\/boilers\\\/steam-boilers\\\/high-pressure-steam-boilers\\\/#primaryimage\",\"url\":\"https:\\\/\\\/www.riteboiler.com\\\/wp-content\\\/uploads\\\/2020\\\/06\\\/020-DSCN2065-new-in-Jan-2020-No-Door.png\",\"contentUrl\":\"https:\\\/\\\/www.riteboiler.com\\\/wp-content\\\/uploads\\\/2020\\\/06\\\/020-DSCN2065-new-in-Jan-2020-No-Door.png\",\"width\":902,\"height\":1164,\"caption\":\"Water Softeners - No Door\"},{\"@type\":\"BreadcrumbList\",\"@id\":\"https:\\\/\\\/www.riteboiler.com\\\/boilers\\\/steam-boilers\\\/high-pressure-steam-boilers\\\/#breadcrumb\",\"itemListElement\":[{\"@type\":\"ListItem\",\"position\":1,\"name\":\"Home\",\"item\":\"https:\\\/\\\/www.riteboiler.com\\\/\"},{\"@type\":\"ListItem\",\"position\":2,\"name\":\"Boilers\",\"item\":\"https:\\\/\\\/www.riteboiler.com\\\/boilers\\\/\"},{\"@type\":\"ListItem\",\"position\":3,\"name\":\"Steam Boilers\",\"item\":\"https:\\\/\\\/www.riteboiler.com\\\/boilers\\\/steam-boilers\\\/\"},{\"@type\":\"ListItem\",\"position\":4,\"name\":\"High Pressure Steam Boilers\"}]},{\"@type\":\"WebSite\",\"@id\":\"https:\\\/\\\/www.riteboiler.com\\\/#website\",\"url\":\"https:\\\/\\\/www.riteboiler.com\\\/\",\"name\":\"Rite Boilers\",\"description\":\"Boilers and Tanks Built to Last! Since 1952\",\"publisher\":{\"@id\":\"https:\\\/\\\/www.riteboiler.com\\\/#organization\"},\"potentialAction\":[{\"@type\":\"SearchAction\",\"target\":{\"@type\":\"EntryPoint\",\"urlTemplate\":\"https:\\\/\\\/www.riteboiler.com\\\/?s={search_term_string}\"},\"query-input\":{\"@type\":\"PropertyValueSpecification\",\"valueRequired\":true,\"valueName\":\"search_term_string\"}}],\"inLanguage\":\"es\"},{\"@type\":\"Organization\",\"@id\":\"https:\\\/\\\/www.riteboiler.com\\\/#organization\",\"name\":\"Rite Engineering & Manufacturing Corp.\",\"url\":\"https:\\\/\\\/www.riteboiler.com\\\/\",\"logo\":{\"@type\":\"ImageObject\",\"inLanguage\":\"es\",\"@id\":\"https:\\\/\\\/www.riteboiler.com\\\/#\\\/schema\\\/logo\\\/image\\\/\",\"url\":\"https:\\\/\\\/www.riteboiler.com\\\/wp-content\\\/uploads\\\/2020\\\/06\\\/rite-boilers-logo-large.png\",\"contentUrl\":\"https:\\\/\\\/www.riteboiler.com\\\/wp-content\\\/uploads\\\/2020\\\/06\\\/rite-boilers-logo-large.png\",\"width\":600,\"height\":346,\"caption\":\"Rite Engineering & Manufacturing Corp.\"},\"image\":{\"@id\":\"https:\\\/\\\/www.riteboiler.com\\\/#\\\/schema\\\/logo\\\/image\\\/\"}}]}<\/script>\n<!-- \/ Yoast SEO plugin. -->","yoast_head_json":{"title":"High Pressure Steam Boilers - Rite Boilers The unique tube layout of the ...","description":"Calderas de vapor de alta presi\u00f3n: el exclusivo dise\u00f1o de tubos de la caldera Rite se adapta f\u00e1cilmente al funcionamiento intermitente de la caldera.","robots":{"index":"index","follow":"follow","max-snippet":"max-snippet:-1","max-image-preview":"max-image-preview:large","max-video-preview":"max-video-preview:-1"},"canonical":"https:\/\/www.riteboiler.com\/es\/calderas\/calderas-de-vapor\/calderas-de-vapor-de-alta-presion\/","og_locale":"es_MX","og_type":"article","og_title":"High Pressure Steam Boilers - Rite Boilers The unique tube layout of the ...","og_description":"High Pressure Steam Boilers - The unique tube layout of the Rite boiler easily accommodates intermittent boiler operation.","og_url":"https:\/\/www.riteboiler.com\/es\/calderas\/calderas-de-vapor\/calderas-de-vapor-de-alta-presion\/","og_site_name":"Rite Boilers","article_modified_time":"2020-11-29T07:08:58+00:00","og_image":[{"width":902,"height":1164,"url":"https:\/\/www.riteboiler.com\/wp-content\/uploads\/2020\/06\/020-DSCN2065-new-in-Jan-2020-No-Door.png","type":"image\/png"}],"twitter_card":"summary_large_image","twitter_misc":{"Tiempo de lectura":"1 minuto"},"schema":{"@context":"https:\/\/schema.org","@graph":[{"@type":"WebPage","@id":"https:\/\/www.riteboiler.com\/boilers\/steam-boilers\/high-pressure-steam-boilers\/","url":"https:\/\/www.riteboiler.com\/boilers\/steam-boilers\/high-pressure-steam-boilers\/","name":"High Pressure Steam Boilers - Rite Boilers The unique tube layout of the ...","isPartOf":{"@id":"https:\/\/www.riteboiler.com\/#website"},"primaryImageOfPage":{"@id":"https:\/\/www.riteboiler.com\/boilers\/steam-boilers\/high-pressure-steam-boilers\/#primaryimage"},"image":{"@id":"https:\/\/www.riteboiler.com\/boilers\/steam-boilers\/high-pressure-steam-boilers\/#primaryimage"},"thumbnailUrl":"https:\/\/www.riteboiler.com\/wp-content\/uploads\/2020\/06\/020-DSCN2065-new-in-Jan-2020-No-Door.png","datePublished":"2020-06-24T17:30:07+00:00","dateModified":"2020-11-29T07:08:58+00:00","description":"Calderas de vapor de alta presi\u00f3n: el exclusivo dise\u00f1o de tubos de la caldera Rite se adapta f\u00e1cilmente al funcionamiento intermitente de la caldera.","breadcrumb":{"@id":"https:\/\/www.riteboiler.com\/boilers\/steam-boilers\/high-pressure-steam-boilers\/#breadcrumb"},"inLanguage":"es","potentialAction":[{"@type":"ReadAction","target":["https:\/\/www.riteboiler.com\/boilers\/steam-boilers\/high-pressure-steam-boilers\/"]}]},{"@type":"ImageObject","inLanguage":"es","@id":"https:\/\/www.riteboiler.com\/boilers\/steam-boilers\/high-pressure-steam-boilers\/#primaryimage","url":"https:\/\/www.riteboiler.com\/wp-content\/uploads\/2020\/06\/020-DSCN2065-new-in-Jan-2020-No-Door.png","contentUrl":"https:\/\/www.riteboiler.com\/wp-content\/uploads\/2020\/06\/020-DSCN2065-new-in-Jan-2020-No-Door.png","width":902,"height":1164,"caption":"Water Softeners - No Door"},{"@type":"BreadcrumbList","@id":"https:\/\/www.riteboiler.com\/boilers\/steam-boilers\/high-pressure-steam-boilers\/#breadcrumb","itemListElement":[{"@type":"ListItem","position":1,"name":"Home","item":"https:\/\/www.riteboiler.com\/"},{"@type":"ListItem","position":2,"name":"Boilers","item":"https:\/\/www.riteboiler.com\/boilers\/"},{"@type":"ListItem","position":3,"name":"Steam Boilers","item":"https:\/\/www.riteboiler.com\/boilers\/steam-boilers\/"},{"@type":"ListItem","position":4,"name":"High Pressure Steam Boilers"}]},{"@type":"WebSite","@id":"https:\/\/www.riteboiler.com\/#website","url":"https:\/\/www.riteboiler.com\/","name":"Calderas Rite","description":"Boilers and Tanks Built to Last! Since 1952","publisher":{"@id":"https:\/\/www.riteboiler.com\/#organization"},"potentialAction":[{"@type":"SearchAction","target":{"@type":"EntryPoint","urlTemplate":"https:\/\/www.riteboiler.com\/?s={search_term_string}"},"query-input":{"@type":"PropertyValueSpecification","valueRequired":true,"valueName":"search_term_string"}}],"inLanguage":"es"},{"@type":"Organization","@id":"https:\/\/www.riteboiler.com\/#organization","name":"Rite Engineering & Manufacturing Corp.","url":"https:\/\/www.riteboiler.com\/","logo":{"@type":"ImageObject","inLanguage":"es","@id":"https:\/\/www.riteboiler.com\/#\/schema\/logo\/image\/","url":"https:\/\/www.riteboiler.com\/wp-content\/uploads\/2020\/06\/rite-boilers-logo-large.png","contentUrl":"https:\/\/www.riteboiler.com\/wp-content\/uploads\/2020\/06\/rite-boilers-logo-large.png","width":600,"height":346,"caption":"Rite Engineering & Manufacturing Corp."},"image":{"@id":"https:\/\/www.riteboiler.com\/#\/schema\/logo\/image\/"}}]}},"_links":{"self":[{"href":"https:\/\/www.riteboiler.com\/es\/wp-json\/wp\/v2\/pages\/1237","targetHints":{"allow":["GET"]}}],"collection":[{"href":"https:\/\/www.riteboiler.com\/es\/wp-json\/wp\/v2\/pages"}],"about":[{"href":"https:\/\/www.riteboiler.com\/es\/wp-json\/wp\/v2\/types\/page"}],"author":[{"embeddable":true,"href":"https:\/\/www.riteboiler.com\/es\/wp-json\/wp\/v2\/users\/1"}],"replies":[{"embeddable":true,"href":"https:\/\/www.riteboiler.com\/es\/wp-json\/wp\/v2\/comments?post=1237"}],"version-history":[{"count":4,"href":"https:\/\/www.riteboiler.com\/es\/wp-json\/wp\/v2\/pages\/1237\/revisions"}],"predecessor-version":[{"id":2027,"href":"https:\/\/www.riteboiler.com\/es\/wp-json\/wp\/v2\/pages\/1237\/revisions\/2027"}],"up":[{"embeddable":true,"href":"https:\/\/www.riteboiler.com\/es\/wp-json\/wp\/v2\/pages\/725"}],"wp:featuredmedia":[{"embeddable":true,"href":"https:\/\/www.riteboiler.com\/es\/wp-json\/wp\/v2\/media\/169"}],"wp:attachment":[{"href":"https:\/\/www.riteboiler.com\/es\/wp-json\/wp\/v2\/media?parent=1237"}],"curies":[{"name":"wp","href":"https:\/\/api.w.org\/{rel}","templated":true}]}}