{"id":1243,"date":"2020-06-24T13:02:31","date_gmt":"2020-06-24T18:02:31","guid":{"rendered":"http:\/\/riteboiler.flywheelsites.com\/?page_id=1243"},"modified":"2020-11-28T16:00:42","modified_gmt":"2020-11-28T22:00:42","slug":"calderas-de-combustible-alternativo","status":"publish","type":"page","link":"https:\/\/www.riteboiler.com\/es\/boilers\/alternative-fuel-boilers\/","title":{"rendered":"Calderas de combustible alternativo"},"content":{"rendered":"<h2>El dise\u00f1o de la caldera Rite minimiza las paradas<\/h2>\r\n<p>El factor principal en las paradas requeridas es limpiar un intercambiador de calor sucio. Durante el proceso de combusti\u00f3n, las part\u00edculas del combustible residual se adhieren a los tubos y se acumulan, lo que finalmente requiere limpieza. En otros dise\u00f1os de calderas, esto requiere que apague, enfr\u00ede y abra la caldera para limpiarla. Esto puede tener la caldera inactiva durante 2-3 d\u00edas mientras el flujo de desechos se acumula o se quema, desperdiciando valiosas BTU.<\/p>\r\n<p>La caldera Rite se puede limpiar mientras est\u00e1 en funcionamiento sin el uso de costosos y complicados sistemas de soplado de holl\u00edn con nuestro raspador de tubos mec\u00e1nico integrado. Esta f\u00e1cil operaci\u00f3n prolongar\u00e1 la vida \u00fatil de los tubos de su caldera y reducir\u00e1 las interrupciones de la planta.<\/p>\r\n<p>El dise\u00f1o de la caldera Rite es el recipiente perfecto para construir su soluci\u00f3n de combustible residual.<\/p>\r\n<p><img loading=\"lazy\" decoding=\"async\" title=\"040 power water dig a\" src=\"https:\/\/www.riteboiler.com\/wp-content\/uploads\/2020\/06\/040-power-water-dig-a.png\" alt=\"Excavaci\u00f3n de agua de potencia\" width=\"779\" height=\"482\" \/><\/p>\r\n<h2>Ventajas clave del dise\u00f1o<\/h2>\r\n<p>Aqu\u00ed hay una caldera Rite configurada para quemar limpiamente el gas de vertedero. Las calderas configuradas de manera similar acomodar\u00e1n digestor agr\u00edcola y municipal y gas residual.<\/p>\r\n<h2>Versatilidad de combustible alternativo<\/h2>\r\n<p>Las calderas como esta se pueden configurar para quemar:<\/p>\r\n<ul>\r\n<li>Aceite usado de garajes municipales<\/li>\r\n<li>Combustible para aviones<\/li>\r\n<li>Biodiesel<\/li>\r\n<li>Queroseno<\/li>\r\n<li>Alcohol<\/li>\r\n<\/ul>\r\n<p><img loading=\"lazy\" decoding=\"async\" title=\"041skid water a\" src=\"https:\/\/www.riteboiler.com\/wp-content\/uploads\/2020\/06\/041skid-water-a.png\" alt=\"Agua de deslizamiento\" width=\"1268\" height=\"1007\" \/><\/p>","protected":false},"excerpt":{"rendered":"<p>Rite Boiler Design Minimizes Shutdowns The primary factor in required shutdowns is to clean a fouled heat exchanger. During the combustion process particulate from the waste fuel adheres to tubes and accumulates, eventually requiring cleaning. In other boiler designs this necessitates you shutting down, cooling off and opening up the boiler for cleaning. This can &#8230; <a title=\"Calderas de combustible alternativo\" class=\"read-more\" href=\"https:\/\/www.riteboiler.com\/es\/boilers\/alternative-fuel-boilers\/\" aria-label=\"Leer m\u00e1s sobre Alternative Fuel Boilers\">Read more<\/a><\/p>","protected":false},"author":1,"featured_media":170,"parent":144,"menu_order":4,"comment_status":"closed","ping_status":"closed","template":"","meta":{"_monsterinsights_skip_tracking":false,"_monsterinsights_sitenote_active":false,"_monsterinsights_sitenote_note":"","_monsterinsights_sitenote_category":0,"footnotes":""},"class_list":["post-1243","page","type-page","status-publish","has-post-thumbnail"],"yoast_head":"<!-- This site is optimized with the Yoast SEO plugin v27.3 - https:\/\/yoast.com\/product\/yoast-seo-wordpress\/ -->\n<title>Alternative Fuel Boilers - Rite Boilers can engineer a solution to ...<\/title>\n<meta name=\"description\" content=\"Rite boilers can engineer a solution to most any waste or alternative fuel requirement. We have extensive experience ...\" \/>\n<meta name=\"robots\" content=\"index, follow, max-snippet:-1, max-image-preview:large, max-video-preview:-1\" \/>\n<link rel=\"canonical\" href=\"https:\/\/www.riteboiler.com\/es\/calderas\/calderas-de-combustible-alternativo\/\" \/>\n<meta property=\"og:locale\" content=\"es_MX\" \/>\n<meta property=\"og:type\" content=\"article\" \/>\n<meta property=\"og:title\" content=\"Alternative Fuel Boilers - Rite Boilers can engineer a solution to ...\" \/>\n<meta property=\"og:description\" content=\"Rite boilers can engineer a solution to most any waste or alternative fuel requirement. We have extensive experience ...\" \/>\n<meta property=\"og:url\" content=\"https:\/\/www.riteboiler.com\/es\/calderas\/calderas-de-combustible-alternativo\/\" \/>\n<meta property=\"og:site_name\" content=\"Rite Boilers\" \/>\n<meta property=\"article:modified_time\" content=\"2020-11-28T22:00:42+00:00\" \/>\n<meta property=\"og:image\" content=\"https:\/\/www.riteboiler.com\/wp-content\/uploads\/2020\/06\/021-durafin-a.png\" \/>\n\t<meta property=\"og:image:width\" content=\"678\" \/>\n\t<meta property=\"og:image:height\" content=\"862\" \/>\n\t<meta property=\"og:image:type\" content=\"image\/png\" \/>\n<meta name=\"twitter:card\" content=\"summary_large_image\" \/>\n<meta name=\"twitter:label1\" content=\"Tiempo de lectura\" \/>\n\t<meta name=\"twitter:data1\" content=\"1 minuto\" \/>\n<script type=\"application\/ld+json\" class=\"yoast-schema-graph\">{\"@context\":\"https:\\\/\\\/schema.org\",\"@graph\":[{\"@type\":\"WebPage\",\"@id\":\"https:\\\/\\\/www.riteboiler.com\\\/boilers\\\/alternative-fuel-boilers\\\/\",\"url\":\"https:\\\/\\\/www.riteboiler.com\\\/boilers\\\/alternative-fuel-boilers\\\/\",\"name\":\"Alternative Fuel Boilers - Rite Boilers can engineer a solution to ...\",\"isPartOf\":{\"@id\":\"https:\\\/\\\/www.riteboiler.com\\\/#website\"},\"primaryImageOfPage\":{\"@id\":\"https:\\\/\\\/www.riteboiler.com\\\/boilers\\\/alternative-fuel-boilers\\\/#primaryimage\"},\"image\":{\"@id\":\"https:\\\/\\\/www.riteboiler.com\\\/boilers\\\/alternative-fuel-boilers\\\/#primaryimage\"},\"thumbnailUrl\":\"https:\\\/\\\/www.riteboiler.com\\\/wp-content\\\/uploads\\\/2020\\\/06\\\/021-durafin-a.png\",\"datePublished\":\"2020-06-24T18:02:31+00:00\",\"dateModified\":\"2020-11-28T22:00:42+00:00\",\"description\":\"Rite boilers can engineer a solution to most any waste or alternative fuel requirement. We have extensive experience ...\",\"breadcrumb\":{\"@id\":\"https:\\\/\\\/www.riteboiler.com\\\/boilers\\\/alternative-fuel-boilers\\\/#breadcrumb\"},\"inLanguage\":\"es\",\"potentialAction\":[{\"@type\":\"ReadAction\",\"target\":[\"https:\\\/\\\/www.riteboiler.com\\\/boilers\\\/alternative-fuel-boilers\\\/\"]}]},{\"@type\":\"ImageObject\",\"inLanguage\":\"es\",\"@id\":\"https:\\\/\\\/www.riteboiler.com\\\/boilers\\\/alternative-fuel-boilers\\\/#primaryimage\",\"url\":\"https:\\\/\\\/www.riteboiler.com\\\/wp-content\\\/uploads\\\/2020\\\/06\\\/021-durafin-a.png\",\"contentUrl\":\"https:\\\/\\\/www.riteboiler.com\\\/wp-content\\\/uploads\\\/2020\\\/06\\\/021-durafin-a.png\",\"width\":678,\"height\":862,\"caption\":\"Durafin\"},{\"@type\":\"BreadcrumbList\",\"@id\":\"https:\\\/\\\/www.riteboiler.com\\\/boilers\\\/alternative-fuel-boilers\\\/#breadcrumb\",\"itemListElement\":[{\"@type\":\"ListItem\",\"position\":1,\"name\":\"Home\",\"item\":\"https:\\\/\\\/www.riteboiler.com\\\/\"},{\"@type\":\"ListItem\",\"position\":2,\"name\":\"Boilers\",\"item\":\"https:\\\/\\\/www.riteboiler.com\\\/boilers\\\/\"},{\"@type\":\"ListItem\",\"position\":3,\"name\":\"Alternative Fuel Boilers\"}]},{\"@type\":\"WebSite\",\"@id\":\"https:\\\/\\\/www.riteboiler.com\\\/#website\",\"url\":\"https:\\\/\\\/www.riteboiler.com\\\/\",\"name\":\"Rite Boilers\",\"description\":\"Boilers and Tanks Built to Last! Since 1952\",\"publisher\":{\"@id\":\"https:\\\/\\\/www.riteboiler.com\\\/#organization\"},\"potentialAction\":[{\"@type\":\"SearchAction\",\"target\":{\"@type\":\"EntryPoint\",\"urlTemplate\":\"https:\\\/\\\/www.riteboiler.com\\\/?s={search_term_string}\"},\"query-input\":{\"@type\":\"PropertyValueSpecification\",\"valueRequired\":true,\"valueName\":\"search_term_string\"}}],\"inLanguage\":\"es\"},{\"@type\":\"Organization\",\"@id\":\"https:\\\/\\\/www.riteboiler.com\\\/#organization\",\"name\":\"Rite Engineering & Manufacturing Corp.\",\"url\":\"https:\\\/\\\/www.riteboiler.com\\\/\",\"logo\":{\"@type\":\"ImageObject\",\"inLanguage\":\"es\",\"@id\":\"https:\\\/\\\/www.riteboiler.com\\\/#\\\/schema\\\/logo\\\/image\\\/\",\"url\":\"https:\\\/\\\/www.riteboiler.com\\\/wp-content\\\/uploads\\\/2020\\\/06\\\/rite-boilers-logo-large.png\",\"contentUrl\":\"https:\\\/\\\/www.riteboiler.com\\\/wp-content\\\/uploads\\\/2020\\\/06\\\/rite-boilers-logo-large.png\",\"width\":600,\"height\":346,\"caption\":\"Rite Engineering & Manufacturing Corp.\"},\"image\":{\"@id\":\"https:\\\/\\\/www.riteboiler.com\\\/#\\\/schema\\\/logo\\\/image\\\/\"}}]}<\/script>\n<!-- \/ Yoast SEO plugin. -->","yoast_head_json":{"title":"Alternative Fuel Boilers - Rite Boilers can engineer a solution to ...","description":"Las calderas Rite pueden dise\u00f1ar una soluci\u00f3n para la mayor\u00eda de los requisitos de residuos o combustibles alternativos. Contamos con una amplia experiencia ...","robots":{"index":"index","follow":"follow","max-snippet":"max-snippet:-1","max-image-preview":"max-image-preview:large","max-video-preview":"max-video-preview:-1"},"canonical":"https:\/\/www.riteboiler.com\/es\/calderas\/calderas-de-combustible-alternativo\/","og_locale":"es_MX","og_type":"article","og_title":"Alternative Fuel Boilers - Rite Boilers can engineer a solution to ...","og_description":"Rite boilers can engineer a solution to most any waste or alternative fuel requirement. We have extensive experience ...","og_url":"https:\/\/www.riteboiler.com\/es\/calderas\/calderas-de-combustible-alternativo\/","og_site_name":"Rite Boilers","article_modified_time":"2020-11-28T22:00:42+00:00","og_image":[{"width":678,"height":862,"url":"https:\/\/www.riteboiler.com\/wp-content\/uploads\/2020\/06\/021-durafin-a.png","type":"image\/png"}],"twitter_card":"summary_large_image","twitter_misc":{"Tiempo de lectura":"1 minuto"},"schema":{"@context":"https:\/\/schema.org","@graph":[{"@type":"WebPage","@id":"https:\/\/www.riteboiler.com\/boilers\/alternative-fuel-boilers\/","url":"https:\/\/www.riteboiler.com\/boilers\/alternative-fuel-boilers\/","name":"Alternative Fuel Boilers - Rite Boilers can engineer a solution to ...","isPartOf":{"@id":"https:\/\/www.riteboiler.com\/#website"},"primaryImageOfPage":{"@id":"https:\/\/www.riteboiler.com\/boilers\/alternative-fuel-boilers\/#primaryimage"},"image":{"@id":"https:\/\/www.riteboiler.com\/boilers\/alternative-fuel-boilers\/#primaryimage"},"thumbnailUrl":"https:\/\/www.riteboiler.com\/wp-content\/uploads\/2020\/06\/021-durafin-a.png","datePublished":"2020-06-24T18:02:31+00:00","dateModified":"2020-11-28T22:00:42+00:00","description":"Las calderas Rite pueden dise\u00f1ar una soluci\u00f3n para la mayor\u00eda de los requisitos de residuos o combustibles alternativos. Contamos con una amplia experiencia ...","breadcrumb":{"@id":"https:\/\/www.riteboiler.com\/boilers\/alternative-fuel-boilers\/#breadcrumb"},"inLanguage":"es","potentialAction":[{"@type":"ReadAction","target":["https:\/\/www.riteboiler.com\/boilers\/alternative-fuel-boilers\/"]}]},{"@type":"ImageObject","inLanguage":"es","@id":"https:\/\/www.riteboiler.com\/boilers\/alternative-fuel-boilers\/#primaryimage","url":"https:\/\/www.riteboiler.com\/wp-content\/uploads\/2020\/06\/021-durafin-a.png","contentUrl":"https:\/\/www.riteboiler.com\/wp-content\/uploads\/2020\/06\/021-durafin-a.png","width":678,"height":862,"caption":"Durafin"},{"@type":"BreadcrumbList","@id":"https:\/\/www.riteboiler.com\/boilers\/alternative-fuel-boilers\/#breadcrumb","itemListElement":[{"@type":"ListItem","position":1,"name":"Home","item":"https:\/\/www.riteboiler.com\/"},{"@type":"ListItem","position":2,"name":"Boilers","item":"https:\/\/www.riteboiler.com\/boilers\/"},{"@type":"ListItem","position":3,"name":"Alternative Fuel Boilers"}]},{"@type":"WebSite","@id":"https:\/\/www.riteboiler.com\/#website","url":"https:\/\/www.riteboiler.com\/","name":"Calderas Rite","description":"Boilers and Tanks Built to Last! Since 1952","publisher":{"@id":"https:\/\/www.riteboiler.com\/#organization"},"potentialAction":[{"@type":"SearchAction","target":{"@type":"EntryPoint","urlTemplate":"https:\/\/www.riteboiler.com\/?s={search_term_string}"},"query-input":{"@type":"PropertyValueSpecification","valueRequired":true,"valueName":"search_term_string"}}],"inLanguage":"es"},{"@type":"Organization","@id":"https:\/\/www.riteboiler.com\/#organization","name":"Rite Engineering & Manufacturing Corp.","url":"https:\/\/www.riteboiler.com\/","logo":{"@type":"ImageObject","inLanguage":"es","@id":"https:\/\/www.riteboiler.com\/#\/schema\/logo\/image\/","url":"https:\/\/www.riteboiler.com\/wp-content\/uploads\/2020\/06\/rite-boilers-logo-large.png","contentUrl":"https:\/\/www.riteboiler.com\/wp-content\/uploads\/2020\/06\/rite-boilers-logo-large.png","width":600,"height":346,"caption":"Rite Engineering & Manufacturing Corp."},"image":{"@id":"https:\/\/www.riteboiler.com\/#\/schema\/logo\/image\/"}}]}},"_links":{"self":[{"href":"https:\/\/www.riteboiler.com\/es\/wp-json\/wp\/v2\/pages\/1243","targetHints":{"allow":["GET"]}}],"collection":[{"href":"https:\/\/www.riteboiler.com\/es\/wp-json\/wp\/v2\/pages"}],"about":[{"href":"https:\/\/www.riteboiler.com\/es\/wp-json\/wp\/v2\/types\/page"}],"author":[{"embeddable":true,"href":"https:\/\/www.riteboiler.com\/es\/wp-json\/wp\/v2\/users\/1"}],"replies":[{"embeddable":true,"href":"https:\/\/www.riteboiler.com\/es\/wp-json\/wp\/v2\/comments?post=1243"}],"version-history":[{"count":4,"href":"https:\/\/www.riteboiler.com\/es\/wp-json\/wp\/v2\/pages\/1243\/revisions"}],"predecessor-version":[{"id":1776,"href":"https:\/\/www.riteboiler.com\/es\/wp-json\/wp\/v2\/pages\/1243\/revisions\/1776"}],"up":[{"embeddable":true,"href":"https:\/\/www.riteboiler.com\/es\/wp-json\/wp\/v2\/pages\/144"}],"wp:featuredmedia":[{"embeddable":true,"href":"https:\/\/www.riteboiler.com\/es\/wp-json\/wp\/v2\/media\/170"}],"wp:attachment":[{"href":"https:\/\/www.riteboiler.com\/es\/wp-json\/wp\/v2\/media?parent=1243"}],"curies":[{"name":"wp","href":"https:\/\/api.w.org\/{rel}","templated":true}]}}