{"id":1283,"date":"2020-06-24T14:12:11","date_gmt":"2020-06-24T19:12:11","guid":{"rendered":"http:\/\/riteboiler.flywheelsites.com\/?page_id=1283"},"modified":"2020-11-28T22:54:13","modified_gmt":"2020-11-29T04:54:13","slug":"paquetes-de-deslizamiento","status":"publish","type":"page","link":"https:\/\/www.riteboiler.com\/es\/boilers\/skid-packages\/","title":{"rendered":"Paquetes de calderas de dise\u00f1o personalizado"},"content":{"rendered":"<p><img loading=\"lazy\" decoding=\"async\" title=\"Paquete modular de deslizamiento\" src=\"https:\/\/www.riteboiler.com\/wp-content\/uploads\/2020\/06\/028-skid-modular.jpg\" alt=\"Paquete modular de deslizamiento\" width=\"1426\" height=\"1069\" \/> Paquete modular de deslizamiento <img loading=\"lazy\" decoding=\"async\" title=\"Paquete hidr\u00f3nico modular de baja temperatura, alimentado con aceite\" src=\"https:\/\/www.riteboiler.com\/wp-content\/uploads\/2020\/06\/030-HW-low-temp-skid.jpg\" alt=\"Paquete hidr\u00f3nico modular de baja temperatura, alimentado con aceite\" width=\"1268\" height=\"1007\" \/><\/p>\r\n<h3>Paquete hidr\u00f3nico modular de baja temperatura, alimentado con aceite<\/h3>\r\n<p><img loading=\"lazy\" decoding=\"async\" title=\"Agua caliente sanitaria con intercambiador de calor de placas soldadas, bomba y controles\" src=\"https:\/\/www.riteboiler.com\/wp-content\/uploads\/2020\/06\/032-HEX-brazed-plate-package.jpg\" alt=\"Agua caliente sanitaria con intercambiador de calor de placas soldadas, bomba y controles\" width=\"1278\" height=\"963\" \/><\/p>\r\n<h3>Agua caliente sanitaria con intercambiador de calor de placas soldadas, bomba y controles<\/h3>\r\n<p><img loading=\"lazy\" decoding=\"async\" title=\"agua de proceso a alta temperatura con intercambiador de calor de carcasa y tubos, bomba y controles\" src=\"https:\/\/www.riteboiler.com\/wp-content\/uploads\/2020\/06\/033-HEX-shell-tube-package.jpg\" alt=\"agua de proceso a alta temperatura con intercambiador de calor de carcasa y tubos, bomba y controles\" width=\"974\" height=\"917\" \/><\/p>\r\n<h3>Agua de proceso a alta temperatura con intercambiador de calor de carcasa y tubos, bomba y controles<\/h3>\r\n<p><img loading=\"lazy\" decoding=\"async\" title=\"Pat\u00edn hidr\u00f3nico para exteriores con una caldera Durafin de alta eficiencia y ultra-bajo NOx\" src=\"https:\/\/www.riteboiler.com\/wp-content\/uploads\/2020\/06\/036-skid-outdoor-DA.jpg\" alt=\"Pat\u00edn hidr\u00f3nico para exteriores con una caldera Durafin de alta eficiencia y ultra-bajo NOx\" width=\"1050\" height=\"932\" \/><\/p>\r\n<h3>Pat\u00edn hidr\u00f3nico para exteriores con una caldera Durafin de alta eficiencia y ultra-bajo NOx<\/h3>\r\n<p><img loading=\"lazy\" decoding=\"async\" title=\"Bomba independiente y paquete de control VFD\" src=\"https:\/\/www.riteboiler.com\/wp-content\/uploads\/2020\/06\/029-skid-pump-225x300.jpg\" alt=\"Bomba independiente y paquete de control VFD\" width=\"225\" height=\"300\" \/><\/p>\r\n<h3>Bomba independiente y paquete de control VFD<\/h3>\r\n<p><img loading=\"lazy\" decoding=\"async\" title=\"Un pat\u00edn de sistema de vapor de baja presi\u00f3n parcial con amortiguador de chimenea autom\u00e1tico\" src=\"https:\/\/www.riteboiler.com\/wp-content\/uploads\/2020\/06\/038-skid-lps-partial.jpg\" alt=\"Un pat\u00edn de sistema de vapor de baja presi\u00f3n parcial con amortiguador de chimenea autom\u00e1tico\" width=\"1319\" height=\"912\" \/><\/p>\r\n<h3>Un pat\u00edn de sistema de vapor de baja presi\u00f3n parcial con amortiguador de chimenea autom\u00e1tico<\/h3>\r\n<p><img loading=\"lazy\" decoding=\"async\" title=\"Pat\u00edn de caldera hidr\u00f3nico para una aplicaci\u00f3n de proceso de circuito cerrado de glicol\" src=\"https:\/\/www.riteboiler.com\/wp-content\/uploads\/2020\/06\/037-hydronic-skid.jpg\" alt=\"Pat\u00edn de caldera hidr\u00f3nico para una aplicaci\u00f3n de proceso de circuito cerrado de glicol\" width=\"977\" height=\"733\" \/><\/p>\r\n<h3>Pat\u00edn de caldera hidr\u00f3nico para una aplicaci\u00f3n de proceso de circuito cerrado de glicol<\/h3>\r\n<p><img loading=\"lazy\" decoding=\"async\" title=\"Gran sistema de calentador de agua dom\u00e9stico con intercambiador de calor de placas y bastidor\" src=\"https:\/\/www.riteboiler.com\/wp-content\/uploads\/2020\/06\/034.jpg\" alt=\"Gran sistema de calentador de agua dom\u00e9stico con intercambiador de calor de placas y bastidor\" width=\"1091\" height=\"971\" \/><\/p>\r\n<h3>Gran sistema de calentador de agua dom\u00e9stico con intercambiador de calor de placas y bastidor<\/h3>\r\n<p><img loading=\"lazy\" decoding=\"async\" title=\"Sistema de lavado con agua con intercambiador de calor de placas soldadas\" src=\"https:\/\/www.riteboiler.com\/wp-content\/uploads\/2020\/06\/035-HEX-dhw-package.jpg\" alt=\"Sistema de lavado con agua con intercambiador de calor de placas soldadas\" width=\"1050\" height=\"945\" \/><\/p>\r\n<h3>Sistema de lavado con agua con intercambiador de calor de placas soldadas<\/h3>","protected":false},"excerpt":{"rendered":"<p>Modular Skid Package Low temperature, oil fired, modular hydronic package Domestic hot water with brazed plate heat exchanger, pump and controls High temperature process water with shell and tube heat exchanger, pump and controls Outdoor hydronic skid with an ultra Low NOx high efficiency Durafin boiler Stand alone pump and VFD control package A partial &#8230; <a title=\"Paquetes de calderas de dise\u00f1o personalizado\" class=\"read-more\" href=\"https:\/\/www.riteboiler.com\/es\/boilers\/skid-packages\/\" aria-label=\"Leer m\u00e1s sobre Custom Engineered Boiler Packages\">Read more<\/a><\/p>","protected":false},"author":1,"featured_media":170,"parent":144,"menu_order":5,"comment_status":"closed","ping_status":"closed","template":"","meta":{"_monsterinsights_skip_tracking":false,"_monsterinsights_sitenote_active":false,"_monsterinsights_sitenote_note":"","_monsterinsights_sitenote_category":0,"footnotes":""},"class_list":["post-1283","page","type-page","status-publish","has-post-thumbnail"],"yoast_head":"<!-- This site is optimized with the Yoast SEO plugin v27.4 - https:\/\/yoast.com\/product\/yoast-seo-wordpress\/ -->\n<title>Custom Engineered Boiler Packages - Rite Boilers custom skid...<\/title>\n<meta name=\"description\" content=\"Our ability to design and package complete skid mounted boiler systems grew out of that responsiveness. These custom skid packages can save..\" \/>\n<meta name=\"robots\" content=\"index, follow, max-snippet:-1, max-image-preview:large, max-video-preview:-1\" \/>\n<link rel=\"canonical\" href=\"https:\/\/www.riteboiler.com\/es\/calderas\/paquetes-de-deslizamiento\/\" \/>\n<meta property=\"og:locale\" content=\"es_MX\" \/>\n<meta property=\"og:type\" content=\"article\" \/>\n<meta property=\"og:title\" content=\"Custom Engineered Boiler Packages - Rite Boilers custom skid...\" \/>\n<meta property=\"og:description\" content=\"Our ability to design and package complete skid mounted boiler systems grew out of that responsiveness. These custom skid packages can save..\" \/>\n<meta property=\"og:url\" content=\"https:\/\/www.riteboiler.com\/es\/calderas\/paquetes-de-deslizamiento\/\" \/>\n<meta property=\"og:site_name\" content=\"Rite Boilers\" \/>\n<meta property=\"article:modified_time\" content=\"2020-11-29T04:54:13+00:00\" \/>\n<meta property=\"og:image\" content=\"https:\/\/www.riteboiler.com\/wp-content\/uploads\/2020\/06\/021-durafin-a.png\" \/>\n\t<meta property=\"og:image:width\" content=\"678\" \/>\n\t<meta property=\"og:image:height\" content=\"862\" \/>\n\t<meta property=\"og:image:type\" content=\"image\/png\" \/>\n<meta name=\"twitter:card\" content=\"summary_large_image\" \/>\n<script type=\"application\/ld+json\" class=\"yoast-schema-graph\">{\"@context\":\"https:\\\/\\\/schema.org\",\"@graph\":[{\"@type\":\"WebPage\",\"@id\":\"https:\\\/\\\/www.riteboiler.com\\\/boilers\\\/skid-packages\\\/\",\"url\":\"https:\\\/\\\/www.riteboiler.com\\\/boilers\\\/skid-packages\\\/\",\"name\":\"Custom Engineered Boiler Packages - Rite Boilers custom skid...\",\"isPartOf\":{\"@id\":\"https:\\\/\\\/www.riteboiler.com\\\/#website\"},\"primaryImageOfPage\":{\"@id\":\"https:\\\/\\\/www.riteboiler.com\\\/boilers\\\/skid-packages\\\/#primaryimage\"},\"image\":{\"@id\":\"https:\\\/\\\/www.riteboiler.com\\\/boilers\\\/skid-packages\\\/#primaryimage\"},\"thumbnailUrl\":\"https:\\\/\\\/www.riteboiler.com\\\/wp-content\\\/uploads\\\/2020\\\/06\\\/021-durafin-a.png\",\"datePublished\":\"2020-06-24T19:12:11+00:00\",\"dateModified\":\"2020-11-29T04:54:13+00:00\",\"description\":\"Our ability to design and package complete skid mounted boiler systems grew out of that responsiveness. These custom skid packages can save..\",\"breadcrumb\":{\"@id\":\"https:\\\/\\\/www.riteboiler.com\\\/boilers\\\/skid-packages\\\/#breadcrumb\"},\"inLanguage\":\"es\",\"potentialAction\":[{\"@type\":\"ReadAction\",\"target\":[\"https:\\\/\\\/www.riteboiler.com\\\/boilers\\\/skid-packages\\\/\"]}]},{\"@type\":\"ImageObject\",\"inLanguage\":\"es\",\"@id\":\"https:\\\/\\\/www.riteboiler.com\\\/boilers\\\/skid-packages\\\/#primaryimage\",\"url\":\"https:\\\/\\\/www.riteboiler.com\\\/wp-content\\\/uploads\\\/2020\\\/06\\\/021-durafin-a.png\",\"contentUrl\":\"https:\\\/\\\/www.riteboiler.com\\\/wp-content\\\/uploads\\\/2020\\\/06\\\/021-durafin-a.png\",\"width\":678,\"height\":862,\"caption\":\"Durafin\"},{\"@type\":\"BreadcrumbList\",\"@id\":\"https:\\\/\\\/www.riteboiler.com\\\/boilers\\\/skid-packages\\\/#breadcrumb\",\"itemListElement\":[{\"@type\":\"ListItem\",\"position\":1,\"name\":\"Home\",\"item\":\"https:\\\/\\\/www.riteboiler.com\\\/\"},{\"@type\":\"ListItem\",\"position\":2,\"name\":\"Boilers\",\"item\":\"https:\\\/\\\/www.riteboiler.com\\\/boilers\\\/\"},{\"@type\":\"ListItem\",\"position\":3,\"name\":\"Custom Engineered Boiler Packages\"}]},{\"@type\":\"WebSite\",\"@id\":\"https:\\\/\\\/www.riteboiler.com\\\/#website\",\"url\":\"https:\\\/\\\/www.riteboiler.com\\\/\",\"name\":\"Rite Boilers\",\"description\":\"Boilers and Tanks Built to Last! Since 1952\",\"publisher\":{\"@id\":\"https:\\\/\\\/www.riteboiler.com\\\/#organization\"},\"potentialAction\":[{\"@type\":\"SearchAction\",\"target\":{\"@type\":\"EntryPoint\",\"urlTemplate\":\"https:\\\/\\\/www.riteboiler.com\\\/?s={search_term_string}\"},\"query-input\":{\"@type\":\"PropertyValueSpecification\",\"valueRequired\":true,\"valueName\":\"search_term_string\"}}],\"inLanguage\":\"es\"},{\"@type\":\"Organization\",\"@id\":\"https:\\\/\\\/www.riteboiler.com\\\/#organization\",\"name\":\"Rite Engineering & Manufacturing Corp.\",\"url\":\"https:\\\/\\\/www.riteboiler.com\\\/\",\"logo\":{\"@type\":\"ImageObject\",\"inLanguage\":\"es\",\"@id\":\"https:\\\/\\\/www.riteboiler.com\\\/#\\\/schema\\\/logo\\\/image\\\/\",\"url\":\"https:\\\/\\\/www.riteboiler.com\\\/wp-content\\\/uploads\\\/2020\\\/06\\\/rite-boilers-logo-large.png\",\"contentUrl\":\"https:\\\/\\\/www.riteboiler.com\\\/wp-content\\\/uploads\\\/2020\\\/06\\\/rite-boilers-logo-large.png\",\"width\":600,\"height\":346,\"caption\":\"Rite Engineering & Manufacturing Corp.\"},\"image\":{\"@id\":\"https:\\\/\\\/www.riteboiler.com\\\/#\\\/schema\\\/logo\\\/image\\\/\"}}]}<\/script>\n<!-- \/ Yoast SEO plugin. -->","yoast_head_json":{"title":"Custom Engineered Boiler Packages - Rite Boilers custom skid...","description":"Nuestra capacidad para dise\u00f1ar y empaquetar sistemas completos de calderas montadas sobre patines surgi\u00f3 de esa capacidad de respuesta. Estos paquetes de patines personalizados pueden ahorrar ...","robots":{"index":"index","follow":"follow","max-snippet":"max-snippet:-1","max-image-preview":"max-image-preview:large","max-video-preview":"max-video-preview:-1"},"canonical":"https:\/\/www.riteboiler.com\/es\/calderas\/paquetes-de-deslizamiento\/","og_locale":"es_MX","og_type":"article","og_title":"Custom Engineered Boiler Packages - Rite Boilers custom skid...","og_description":"Our ability to design and package complete skid mounted boiler systems grew out of that responsiveness. These custom skid packages can save..","og_url":"https:\/\/www.riteboiler.com\/es\/calderas\/paquetes-de-deslizamiento\/","og_site_name":"Rite Boilers","article_modified_time":"2020-11-29T04:54:13+00:00","og_image":[{"width":678,"height":862,"url":"https:\/\/www.riteboiler.com\/wp-content\/uploads\/2020\/06\/021-durafin-a.png","type":"image\/png"}],"twitter_card":"summary_large_image","schema":{"@context":"https:\/\/schema.org","@graph":[{"@type":"WebPage","@id":"https:\/\/www.riteboiler.com\/boilers\/skid-packages\/","url":"https:\/\/www.riteboiler.com\/boilers\/skid-packages\/","name":"Custom Engineered Boiler Packages - Rite Boilers custom skid...","isPartOf":{"@id":"https:\/\/www.riteboiler.com\/#website"},"primaryImageOfPage":{"@id":"https:\/\/www.riteboiler.com\/boilers\/skid-packages\/#primaryimage"},"image":{"@id":"https:\/\/www.riteboiler.com\/boilers\/skid-packages\/#primaryimage"},"thumbnailUrl":"https:\/\/www.riteboiler.com\/wp-content\/uploads\/2020\/06\/021-durafin-a.png","datePublished":"2020-06-24T19:12:11+00:00","dateModified":"2020-11-29T04:54:13+00:00","description":"Nuestra capacidad para dise\u00f1ar y empaquetar sistemas completos de calderas montadas sobre patines surgi\u00f3 de esa capacidad de respuesta. Estos paquetes de patines personalizados pueden ahorrar ...","breadcrumb":{"@id":"https:\/\/www.riteboiler.com\/boilers\/skid-packages\/#breadcrumb"},"inLanguage":"es","potentialAction":[{"@type":"ReadAction","target":["https:\/\/www.riteboiler.com\/boilers\/skid-packages\/"]}]},{"@type":"ImageObject","inLanguage":"es","@id":"https:\/\/www.riteboiler.com\/boilers\/skid-packages\/#primaryimage","url":"https:\/\/www.riteboiler.com\/wp-content\/uploads\/2020\/06\/021-durafin-a.png","contentUrl":"https:\/\/www.riteboiler.com\/wp-content\/uploads\/2020\/06\/021-durafin-a.png","width":678,"height":862,"caption":"Durafin"},{"@type":"BreadcrumbList","@id":"https:\/\/www.riteboiler.com\/boilers\/skid-packages\/#breadcrumb","itemListElement":[{"@type":"ListItem","position":1,"name":"Home","item":"https:\/\/www.riteboiler.com\/"},{"@type":"ListItem","position":2,"name":"Boilers","item":"https:\/\/www.riteboiler.com\/boilers\/"},{"@type":"ListItem","position":3,"name":"Custom Engineered Boiler Packages"}]},{"@type":"WebSite","@id":"https:\/\/www.riteboiler.com\/#website","url":"https:\/\/www.riteboiler.com\/","name":"Calderas Rite","description":"Boilers and Tanks Built to Last! Since 1952","publisher":{"@id":"https:\/\/www.riteboiler.com\/#organization"},"potentialAction":[{"@type":"SearchAction","target":{"@type":"EntryPoint","urlTemplate":"https:\/\/www.riteboiler.com\/?s={search_term_string}"},"query-input":{"@type":"PropertyValueSpecification","valueRequired":true,"valueName":"search_term_string"}}],"inLanguage":"es"},{"@type":"Organization","@id":"https:\/\/www.riteboiler.com\/#organization","name":"Rite Engineering & Manufacturing Corp.","url":"https:\/\/www.riteboiler.com\/","logo":{"@type":"ImageObject","inLanguage":"es","@id":"https:\/\/www.riteboiler.com\/#\/schema\/logo\/image\/","url":"https:\/\/www.riteboiler.com\/wp-content\/uploads\/2020\/06\/rite-boilers-logo-large.png","contentUrl":"https:\/\/www.riteboiler.com\/wp-content\/uploads\/2020\/06\/rite-boilers-logo-large.png","width":600,"height":346,"caption":"Rite Engineering & Manufacturing Corp."},"image":{"@id":"https:\/\/www.riteboiler.com\/#\/schema\/logo\/image\/"}}]}},"_links":{"self":[{"href":"https:\/\/www.riteboiler.com\/es\/wp-json\/wp\/v2\/pages\/1283","targetHints":{"allow":["GET"]}}],"collection":[{"href":"https:\/\/www.riteboiler.com\/es\/wp-json\/wp\/v2\/pages"}],"about":[{"href":"https:\/\/www.riteboiler.com\/es\/wp-json\/wp\/v2\/types\/page"}],"author":[{"embeddable":true,"href":"https:\/\/www.riteboiler.com\/es\/wp-json\/wp\/v2\/users\/1"}],"replies":[{"embeddable":true,"href":"https:\/\/www.riteboiler.com\/es\/wp-json\/wp\/v2\/comments?post=1283"}],"version-history":[{"count":9,"href":"https:\/\/www.riteboiler.com\/es\/wp-json\/wp\/v2\/pages\/1283\/revisions"}],"predecessor-version":[{"id":2013,"href":"https:\/\/www.riteboiler.com\/es\/wp-json\/wp\/v2\/pages\/1283\/revisions\/2013"}],"up":[{"embeddable":true,"href":"https:\/\/www.riteboiler.com\/es\/wp-json\/wp\/v2\/pages\/144"}],"wp:featuredmedia":[{"embeddable":true,"href":"https:\/\/www.riteboiler.com\/es\/wp-json\/wp\/v2\/media\/170"}],"wp:attachment":[{"href":"https:\/\/www.riteboiler.com\/es\/wp-json\/wp\/v2\/media?parent=1283"}],"curies":[{"name":"wp","href":"https:\/\/api.w.org\/{rel}","templated":true}]}}