{"id":1301,"date":"2020-06-24T14:46:03","date_gmt":"2020-06-24T19:46:03","guid":{"rendered":"http:\/\/riteboiler.flywheelsites.com\/?page_id=1301"},"modified":"2020-11-29T02:06:51","modified_gmt":"2020-11-29T08:06:51","slug":"calderas-desmontables","status":"publish","type":"page","link":"https:\/\/www.riteboiler.com\/es\/boilers\/take-apart-boilers\/","title":{"rendered":"Calderas desmontables"},"content":{"rendered":"<p><img loading=\"lazy\" decoding=\"async\" title=\"Calderas desmontables Rite\" src=\"https:\/\/www.riteboiler.com\/wp-content\/uploads\/2020\/06\/042-HEX-full.png\" alt=\"Calderas desmontables Rite\" width=\"666\" height=\"542\" \/><\/p>\r\n<h2>Montaje y desmontaje r\u00e1pido<\/h2>\r\n<p>The Rite Take &#8211; A &#8211; Part boiler or knock down boiler It\u2019s a boiler that is built expressly for the purpose of being able to rapidly disassemble it in the field into small enough pieces to move it into place in the boiler room. Once in the boiler room it can be assembled in place using local, licensed boiler repair or service contractors.\u00a0 No proprietary training or expertise is required.<\/p>\r\n<p class=\"translation-block\">Cuando se complete la construcci\u00f3n de la caldera, tendr\u00e1 una caldera nueva con una garant\u00eda de 25 a\u00f1os contra choque t\u00e9rmico. Esta es la <strong> <u> \u00fanica <\/u> <\/strong> caldera montada en el campo que le dar\u00e1 acceso al agua al 100% para inspecciones, limpieza y reparaciones. Tambi\u00e9n es la \u00fanica caldera desmontable que se puede reparar con componentes de recipientes a presi\u00f3n no patentados de origen local.<\/p>\r\n<h2>Desmontaje parcial<\/h2>\r\n<ul>\r\n<li>Todo el recipiente a presi\u00f3n est\u00e1 ensamblado, probado y certificado por ASME en f\u00e1brica.<\/li>\r\n<li>Se movi\u00f3, intacto en su posici\u00f3n en la sala de calderas.<\/li>\r\n<li>No se requieren pruebas hidrost\u00e1ticas, laminado de tubos en campo ni certificaciones ASME.<\/li>\r\n<li>Ninguna otra caldera de acero ofrece esta comodidad para ahorrar tiempo y dinero.<\/li>\r\n<\/ul>\r\n<p><img loading=\"lazy\" decoding=\"async\" title=\"043 Picture20\" src=\"https:\/\/www.riteboiler.com\/wp-content\/uploads\/2020\/06\/043-Picture20.jpg\" alt=\"043 Picture20\" width=\"625\" height=\"834\" \/><\/p>\r\n<h2>Desmontaje completo<\/h2>\r\n<p>Los tubos se env\u00edan sueltos para su instalaci\u00f3n en campo.<\/p>\r\n<p>Al igual que con todas las dem\u00e1s calderas de acero desmontables o desmontables, se requiere certificaci\u00f3n ASME y hidroel\u00e9ctrica de campo.<\/p>\r\n<!--e7753e8f-->","protected":false},"excerpt":{"rendered":"<p>Quick Assembly and Disassembly The Rite Take &#8211; A &#8211; Part boiler or knock down boiler It\u2019s a boiler that is built expressly for the purpose of being able to rapidly disassemble it in the field into small enough pieces to move it into place in the boiler room. Once in the boiler room it &#8230; <a title=\"Calderas desmontables\" class=\"read-more\" href=\"https:\/\/www.riteboiler.com\/es\/boilers\/take-apart-boilers\/\" aria-label=\"Leer m\u00e1s sobre Take-Apart Boilers\">Read more<\/a><\/p>","protected":false},"author":1,"featured_media":170,"parent":144,"menu_order":6,"comment_status":"closed","ping_status":"closed","template":"","meta":{"_monsterinsights_skip_tracking":false,"_monsterinsights_sitenote_active":false,"_monsterinsights_sitenote_note":"","_monsterinsights_sitenote_category":0,"footnotes":""},"class_list":["post-1301","page","type-page","status-publish","has-post-thumbnail"],"yoast_head":"<!-- This site is optimized with the Yoast SEO plugin v27.3 - https:\/\/yoast.com\/product\/yoast-seo-wordpress\/ -->\n<title>Take-Apart Boilers - Rite Boilers are boilers built expressly for the<\/title>\n<meta name=\"description\" content=\"The Rite Take Apart Boilers It\u2019s a boiler that is built expressly for the purpose of being able to rapidly disassemble\" \/>\n<meta name=\"robots\" content=\"index, follow, max-snippet:-1, max-image-preview:large, max-video-preview:-1\" \/>\n<link rel=\"canonical\" href=\"https:\/\/www.riteboiler.com\/es\/calderas\/calderas-desmontables\/\" \/>\n<meta property=\"og:locale\" content=\"es_MX\" \/>\n<meta property=\"og:type\" content=\"article\" \/>\n<meta property=\"og:title\" content=\"Take-Apart Boilers - Rite Boilers are boilers built expressly for the\" \/>\n<meta property=\"og:description\" content=\"The Rite Take Apart Boilers It\u2019s a boiler that is built expressly for the purpose of being able to rapidly disassemble\" \/>\n<meta property=\"og:url\" content=\"https:\/\/www.riteboiler.com\/es\/calderas\/calderas-desmontables\/\" \/>\n<meta property=\"og:site_name\" content=\"Rite Boilers\" \/>\n<meta property=\"article:modified_time\" content=\"2020-11-29T08:06:51+00:00\" \/>\n<meta property=\"og:image\" content=\"https:\/\/www.riteboiler.com\/wp-content\/uploads\/2020\/06\/021-durafin-a.png\" \/>\n\t<meta property=\"og:image:width\" content=\"678\" \/>\n\t<meta property=\"og:image:height\" content=\"862\" \/>\n\t<meta property=\"og:image:type\" content=\"image\/png\" \/>\n<meta name=\"twitter:card\" content=\"summary_large_image\" \/>\n<meta name=\"twitter:label1\" content=\"Tiempo de lectura\" \/>\n\t<meta name=\"twitter:data1\" content=\"1 minuto\" \/>\n<script type=\"application\/ld+json\" class=\"yoast-schema-graph\">{\"@context\":\"https:\\\/\\\/schema.org\",\"@graph\":[{\"@type\":\"WebPage\",\"@id\":\"https:\\\/\\\/www.riteboiler.com\\\/boilers\\\/take-apart-boilers\\\/\",\"url\":\"https:\\\/\\\/www.riteboiler.com\\\/boilers\\\/take-apart-boilers\\\/\",\"name\":\"Take-Apart Boilers - Rite Boilers are boilers built expressly for the\",\"isPartOf\":{\"@id\":\"https:\\\/\\\/www.riteboiler.com\\\/#website\"},\"primaryImageOfPage\":{\"@id\":\"https:\\\/\\\/www.riteboiler.com\\\/boilers\\\/take-apart-boilers\\\/#primaryimage\"},\"image\":{\"@id\":\"https:\\\/\\\/www.riteboiler.com\\\/boilers\\\/take-apart-boilers\\\/#primaryimage\"},\"thumbnailUrl\":\"https:\\\/\\\/www.riteboiler.com\\\/wp-content\\\/uploads\\\/2020\\\/06\\\/021-durafin-a.png\",\"datePublished\":\"2020-06-24T19:46:03+00:00\",\"dateModified\":\"2020-11-29T08:06:51+00:00\",\"description\":\"The Rite Take Apart Boilers It\u2019s a boiler that is built expressly for the purpose of being able to rapidly disassemble\",\"breadcrumb\":{\"@id\":\"https:\\\/\\\/www.riteboiler.com\\\/boilers\\\/take-apart-boilers\\\/#breadcrumb\"},\"inLanguage\":\"es\",\"potentialAction\":[{\"@type\":\"ReadAction\",\"target\":[\"https:\\\/\\\/www.riteboiler.com\\\/boilers\\\/take-apart-boilers\\\/\"]}]},{\"@type\":\"ImageObject\",\"inLanguage\":\"es\",\"@id\":\"https:\\\/\\\/www.riteboiler.com\\\/boilers\\\/take-apart-boilers\\\/#primaryimage\",\"url\":\"https:\\\/\\\/www.riteboiler.com\\\/wp-content\\\/uploads\\\/2020\\\/06\\\/021-durafin-a.png\",\"contentUrl\":\"https:\\\/\\\/www.riteboiler.com\\\/wp-content\\\/uploads\\\/2020\\\/06\\\/021-durafin-a.png\",\"width\":678,\"height\":862,\"caption\":\"Durafin\"},{\"@type\":\"BreadcrumbList\",\"@id\":\"https:\\\/\\\/www.riteboiler.com\\\/boilers\\\/take-apart-boilers\\\/#breadcrumb\",\"itemListElement\":[{\"@type\":\"ListItem\",\"position\":1,\"name\":\"Home\",\"item\":\"https:\\\/\\\/www.riteboiler.com\\\/\"},{\"@type\":\"ListItem\",\"position\":2,\"name\":\"Boilers\",\"item\":\"https:\\\/\\\/www.riteboiler.com\\\/boilers\\\/\"},{\"@type\":\"ListItem\",\"position\":3,\"name\":\"Take-Apart Boilers\"}]},{\"@type\":\"WebSite\",\"@id\":\"https:\\\/\\\/www.riteboiler.com\\\/#website\",\"url\":\"https:\\\/\\\/www.riteboiler.com\\\/\",\"name\":\"Rite Boilers\",\"description\":\"Boilers and Tanks Built to Last! Since 1952\",\"publisher\":{\"@id\":\"https:\\\/\\\/www.riteboiler.com\\\/#organization\"},\"potentialAction\":[{\"@type\":\"SearchAction\",\"target\":{\"@type\":\"EntryPoint\",\"urlTemplate\":\"https:\\\/\\\/www.riteboiler.com\\\/?s={search_term_string}\"},\"query-input\":{\"@type\":\"PropertyValueSpecification\",\"valueRequired\":true,\"valueName\":\"search_term_string\"}}],\"inLanguage\":\"es\"},{\"@type\":\"Organization\",\"@id\":\"https:\\\/\\\/www.riteboiler.com\\\/#organization\",\"name\":\"Rite Engineering & Manufacturing Corp.\",\"url\":\"https:\\\/\\\/www.riteboiler.com\\\/\",\"logo\":{\"@type\":\"ImageObject\",\"inLanguage\":\"es\",\"@id\":\"https:\\\/\\\/www.riteboiler.com\\\/#\\\/schema\\\/logo\\\/image\\\/\",\"url\":\"https:\\\/\\\/www.riteboiler.com\\\/wp-content\\\/uploads\\\/2020\\\/06\\\/rite-boilers-logo-large.png\",\"contentUrl\":\"https:\\\/\\\/www.riteboiler.com\\\/wp-content\\\/uploads\\\/2020\\\/06\\\/rite-boilers-logo-large.png\",\"width\":600,\"height\":346,\"caption\":\"Rite Engineering & Manufacturing Corp.\"},\"image\":{\"@id\":\"https:\\\/\\\/www.riteboiler.com\\\/#\\\/schema\\\/logo\\\/image\\\/\"}}]}<\/script>\n<!-- \/ Yoast SEO plugin. -->","yoast_head_json":{"title":"Take-Apart Boilers - Rite Boilers are boilers built expressly for the","description":"The Rite Take Apart Boilers Es una caldera que se construye expresamente con el fin de poder desmontar r\u00e1pidamente","robots":{"index":"index","follow":"follow","max-snippet":"max-snippet:-1","max-image-preview":"max-image-preview:large","max-video-preview":"max-video-preview:-1"},"canonical":"https:\/\/www.riteboiler.com\/es\/calderas\/calderas-desmontables\/","og_locale":"es_MX","og_type":"article","og_title":"Take-Apart Boilers - Rite Boilers are boilers built expressly for the","og_description":"The Rite Take Apart Boilers It\u2019s a boiler that is built expressly for the purpose of being able to rapidly disassemble","og_url":"https:\/\/www.riteboiler.com\/es\/calderas\/calderas-desmontables\/","og_site_name":"Rite Boilers","article_modified_time":"2020-11-29T08:06:51+00:00","og_image":[{"width":678,"height":862,"url":"https:\/\/www.riteboiler.com\/wp-content\/uploads\/2020\/06\/021-durafin-a.png","type":"image\/png"}],"twitter_card":"summary_large_image","twitter_misc":{"Tiempo de lectura":"1 minuto"},"schema":{"@context":"https:\/\/schema.org","@graph":[{"@type":"WebPage","@id":"https:\/\/www.riteboiler.com\/boilers\/take-apart-boilers\/","url":"https:\/\/www.riteboiler.com\/boilers\/take-apart-boilers\/","name":"Take-Apart Boilers - Rite Boilers are boilers built expressly for the","isPartOf":{"@id":"https:\/\/www.riteboiler.com\/#website"},"primaryImageOfPage":{"@id":"https:\/\/www.riteboiler.com\/boilers\/take-apart-boilers\/#primaryimage"},"image":{"@id":"https:\/\/www.riteboiler.com\/boilers\/take-apart-boilers\/#primaryimage"},"thumbnailUrl":"https:\/\/www.riteboiler.com\/wp-content\/uploads\/2020\/06\/021-durafin-a.png","datePublished":"2020-06-24T19:46:03+00:00","dateModified":"2020-11-29T08:06:51+00:00","description":"The Rite Take Apart Boilers Es una caldera que se construye expresamente con el fin de poder desmontar r\u00e1pidamente","breadcrumb":{"@id":"https:\/\/www.riteboiler.com\/boilers\/take-apart-boilers\/#breadcrumb"},"inLanguage":"es","potentialAction":[{"@type":"ReadAction","target":["https:\/\/www.riteboiler.com\/boilers\/take-apart-boilers\/"]}]},{"@type":"ImageObject","inLanguage":"es","@id":"https:\/\/www.riteboiler.com\/boilers\/take-apart-boilers\/#primaryimage","url":"https:\/\/www.riteboiler.com\/wp-content\/uploads\/2020\/06\/021-durafin-a.png","contentUrl":"https:\/\/www.riteboiler.com\/wp-content\/uploads\/2020\/06\/021-durafin-a.png","width":678,"height":862,"caption":"Durafin"},{"@type":"BreadcrumbList","@id":"https:\/\/www.riteboiler.com\/boilers\/take-apart-boilers\/#breadcrumb","itemListElement":[{"@type":"ListItem","position":1,"name":"Home","item":"https:\/\/www.riteboiler.com\/"},{"@type":"ListItem","position":2,"name":"Boilers","item":"https:\/\/www.riteboiler.com\/boilers\/"},{"@type":"ListItem","position":3,"name":"Take-Apart Boilers"}]},{"@type":"WebSite","@id":"https:\/\/www.riteboiler.com\/#website","url":"https:\/\/www.riteboiler.com\/","name":"Calderas Rite","description":"Boilers and Tanks Built to Last! Since 1952","publisher":{"@id":"https:\/\/www.riteboiler.com\/#organization"},"potentialAction":[{"@type":"SearchAction","target":{"@type":"EntryPoint","urlTemplate":"https:\/\/www.riteboiler.com\/?s={search_term_string}"},"query-input":{"@type":"PropertyValueSpecification","valueRequired":true,"valueName":"search_term_string"}}],"inLanguage":"es"},{"@type":"Organization","@id":"https:\/\/www.riteboiler.com\/#organization","name":"Rite Engineering & Manufacturing Corp.","url":"https:\/\/www.riteboiler.com\/","logo":{"@type":"ImageObject","inLanguage":"es","@id":"https:\/\/www.riteboiler.com\/#\/schema\/logo\/image\/","url":"https:\/\/www.riteboiler.com\/wp-content\/uploads\/2020\/06\/rite-boilers-logo-large.png","contentUrl":"https:\/\/www.riteboiler.com\/wp-content\/uploads\/2020\/06\/rite-boilers-logo-large.png","width":600,"height":346,"caption":"Rite Engineering & Manufacturing Corp."},"image":{"@id":"https:\/\/www.riteboiler.com\/#\/schema\/logo\/image\/"}}]}},"_links":{"self":[{"href":"https:\/\/www.riteboiler.com\/es\/wp-json\/wp\/v2\/pages\/1301","targetHints":{"allow":["GET"]}}],"collection":[{"href":"https:\/\/www.riteboiler.com\/es\/wp-json\/wp\/v2\/pages"}],"about":[{"href":"https:\/\/www.riteboiler.com\/es\/wp-json\/wp\/v2\/types\/page"}],"author":[{"embeddable":true,"href":"https:\/\/www.riteboiler.com\/es\/wp-json\/wp\/v2\/users\/1"}],"replies":[{"embeddable":true,"href":"https:\/\/www.riteboiler.com\/es\/wp-json\/wp\/v2\/comments?post=1301"}],"version-history":[{"count":5,"href":"https:\/\/www.riteboiler.com\/es\/wp-json\/wp\/v2\/pages\/1301\/revisions"}],"predecessor-version":[{"id":2036,"href":"https:\/\/www.riteboiler.com\/es\/wp-json\/wp\/v2\/pages\/1301\/revisions\/2036"}],"up":[{"embeddable":true,"href":"https:\/\/www.riteboiler.com\/es\/wp-json\/wp\/v2\/pages\/144"}],"wp:featuredmedia":[{"embeddable":true,"href":"https:\/\/www.riteboiler.com\/es\/wp-json\/wp\/v2\/media\/170"}],"wp:attachment":[{"href":"https:\/\/www.riteboiler.com\/es\/wp-json\/wp\/v2\/media?parent=1301"}],"curies":[{"name":"wp","href":"https:\/\/api.w.org\/{rel}","templated":true}]}}