{"id":1378,"date":"2020-06-26T10:35:09","date_gmt":"2020-06-26T15:35:09","guid":{"rendered":"http:\/\/riteboiler.flywheelsites.com\/?page_id=1378"},"modified":"2020-11-28T16:36:28","modified_gmt":"2020-11-28T22:36:28","slug":"tanques-de-purga","status":"publish","type":"page","link":"https:\/\/www.riteboiler.com\/es\/auxiliaries\/blowdown-tanks\/","title":{"rendered":"Tanques de purga"},"content":{"rendered":"<p>Rite Boilers fabrica tanques de purga para su sala de calderas. Un tanque de purga ASME proporciona un dep\u00f3sito seguro para la purga de su caldera. Los tanques de purga Rite se pueden usar para un servicio de purga intermitente como se muestra o con la adici\u00f3n de un sistema de posenfriador autom\u00e1tico para purga continua o servicio de purga de calderas m\u00faltiples.<\/p>\r\n<p>Todos los tanques de purga Rite cuentan con boquillas de entrada de purga tangenciales con placas de desgaste de circunferencia completa de media pulgada de espesor para un mejor rendimiento de purga y una vida \u00fatil prolongada del tanque sobre otros dise\u00f1os.<\/p>\r\n<p>Blowdown\u2026.Tank or Separator? Blowdown separators require temperature regulating valves and large volumes of cold fresh water running to cool the discharge. Rite Blowdown tanks provide a large reservoir to allow the blowoff to cool and temper the next, thus insuring a safe, low volume discharge every time you blowdown. Compare our standard features below and see why one choice stands out &#8211; the Rite choice.<\/p>\r\n<p>Los tanques de purga ASME deben tener conexiones de entrada de purga, drenaje y ventilaci\u00f3n. Las unidades se proporcionan t\u00edpicamente como unidades independientes completas con soportes.<\/p>\r\n<p><img loading=\"lazy\" decoding=\"async\" title=\"Tanque de purga\" src=\"https:\/\/www.riteboiler.com\/wp-content\/uploads\/2020\/06\/058-blowdown-tank.png\" alt=\"Tanque de purga\" width=\"400\" height=\"664\" \/> <img loading=\"lazy\" decoding=\"async\" title=\"Tanque de purga\" src=\"https:\/\/www.riteboiler.com\/wp-content\/uploads\/2020\/06\/059-blowdown-tank-a-1.png\" alt=\"Tanque de purga\" width=\"428\" height=\"667\" \/><\/p>\r\n<p>Se recomienda el acceso a la alcantarilla para la limpieza e inspecci\u00f3n de sus tanques de purga.<\/p>\r\n<p><strong>Blowdown\u2026.Tank or Separator?<br \/><\/strong>Los separadores de purga requieren v\u00e1lvulas reguladoras de temperatura y grandes vol\u00famenes de agua dulce fr\u00eda para enfriar la purga a medida que se descarga al drenaje. Los tanques de purga de Rite proporcionan un gran dep\u00f3sito para permitir que la purga se enfr\u00ede y garantizar una descarga segura a baja temperatura cada vez que se purga. <img loading=\"lazy\" decoding=\"async\" title=\"Caldera de vapor exterior con purga\" src=\"https:\/\/www.riteboiler.com\/wp-content\/uploads\/2020\/06\/061-skid-outdoor-steam-b.png\" alt=\"Caldera de vapor exterior con purga\" width=\"476\" height=\"481\" \/> <img loading=\"lazy\" decoding=\"async\" title=\"V\u00e1lvula de purga\" src=\"https:\/\/www.riteboiler.com\/wp-content\/uploads\/2020\/06\/061b-blowdown.png\" alt=\"V\u00e1lvula de purga\" width=\"926\" height=\"750\" \/><\/p>\r\n<!--9a8b8862-->","protected":false},"excerpt":{"rendered":"<p>Rite Boilers manufactures blowdown tanks for your boiler room. An ASME blowdown tank provides a safe reservoir for your boiler blowdown. Rite Blowdown Tanks may be used for intermittent blowdown service as shown or with the addition of an automatic aftercooler system for continuous blowdown or multiple boiler blowoff service. All Rite Blowdown Tanks feature &#8230; <a title=\"Tanques de purga\" class=\"read-more\" href=\"https:\/\/www.riteboiler.com\/es\/auxiliaries\/blowdown-tanks\/\" aria-label=\"Leer m\u00e1s sobre Blowdown Tanks\">Read more<\/a><\/p>","protected":false},"author":1,"featured_media":169,"parent":1330,"menu_order":8,"comment_status":"closed","ping_status":"closed","template":"","meta":{"_monsterinsights_skip_tracking":false,"_monsterinsights_sitenote_active":false,"_monsterinsights_sitenote_note":"","_monsterinsights_sitenote_category":0,"footnotes":""},"class_list":["post-1378","page","type-page","status-publish","has-post-thumbnail"],"yoast_head":"<!-- This site is optimized with the Yoast SEO plugin v27.3 - https:\/\/yoast.com\/product\/yoast-seo-wordpress\/ -->\n<title>Blowdown Tanks - Rite Boilers manufactures blowdown tanks<\/title>\n<meta name=\"description\" content=\"Rite Boilers manufactures blowdown tanks for your boiler room. An ASME blowdown tank provides a safe reservoir for your boiler blowdown.\" \/>\n<meta name=\"robots\" content=\"index, follow, max-snippet:-1, max-image-preview:large, max-video-preview:-1\" \/>\n<link rel=\"canonical\" href=\"https:\/\/www.riteboiler.com\/es\/auxiliares\/tanques-de-purga\/\" \/>\n<meta property=\"og:locale\" content=\"es_MX\" \/>\n<meta property=\"og:type\" content=\"article\" \/>\n<meta property=\"og:title\" content=\"Blowdown Tanks - Rite Boilers manufactures blowdown tanks\" \/>\n<meta property=\"og:description\" content=\"Rite Boilers manufactures blowdown tanks for your boiler room. An ASME blowdown tank provides a safe reservoir for your boiler blowdown.\" \/>\n<meta property=\"og:url\" content=\"https:\/\/www.riteboiler.com\/es\/auxiliares\/tanques-de-purga\/\" \/>\n<meta property=\"og:site_name\" content=\"Rite Boilers\" \/>\n<meta property=\"article:modified_time\" content=\"2020-11-28T22:36:28+00:00\" \/>\n<meta property=\"og:image\" content=\"https:\/\/www.riteboiler.com\/wp-content\/uploads\/2020\/06\/020-DSCN2065-new-in-Jan-2020-No-Door.png\" \/>\n\t<meta property=\"og:image:width\" content=\"902\" \/>\n\t<meta property=\"og:image:height\" content=\"1164\" \/>\n\t<meta property=\"og:image:type\" content=\"image\/png\" \/>\n<meta name=\"twitter:card\" content=\"summary_large_image\" \/>\n<meta name=\"twitter:label1\" content=\"Tiempo de lectura\" \/>\n\t<meta name=\"twitter:data1\" content=\"1 minuto\" \/>\n<script type=\"application\/ld+json\" class=\"yoast-schema-graph\">{\"@context\":\"https:\\\/\\\/schema.org\",\"@graph\":[{\"@type\":\"WebPage\",\"@id\":\"https:\\\/\\\/www.riteboiler.com\\\/auxiliaries\\\/blowdown-tanks\\\/\",\"url\":\"https:\\\/\\\/www.riteboiler.com\\\/auxiliaries\\\/blowdown-tanks\\\/\",\"name\":\"Blowdown Tanks - Rite Boilers manufactures blowdown tanks\",\"isPartOf\":{\"@id\":\"https:\\\/\\\/www.riteboiler.com\\\/#website\"},\"primaryImageOfPage\":{\"@id\":\"https:\\\/\\\/www.riteboiler.com\\\/auxiliaries\\\/blowdown-tanks\\\/#primaryimage\"},\"image\":{\"@id\":\"https:\\\/\\\/www.riteboiler.com\\\/auxiliaries\\\/blowdown-tanks\\\/#primaryimage\"},\"thumbnailUrl\":\"https:\\\/\\\/www.riteboiler.com\\\/wp-content\\\/uploads\\\/2020\\\/06\\\/020-DSCN2065-new-in-Jan-2020-No-Door.png\",\"datePublished\":\"2020-06-26T15:35:09+00:00\",\"dateModified\":\"2020-11-28T22:36:28+00:00\",\"description\":\"Rite Boilers manufactures blowdown tanks for your boiler room. An ASME blowdown tank provides a safe reservoir for your boiler blowdown.\",\"breadcrumb\":{\"@id\":\"https:\\\/\\\/www.riteboiler.com\\\/auxiliaries\\\/blowdown-tanks\\\/#breadcrumb\"},\"inLanguage\":\"es\",\"potentialAction\":[{\"@type\":\"ReadAction\",\"target\":[\"https:\\\/\\\/www.riteboiler.com\\\/auxiliaries\\\/blowdown-tanks\\\/\"]}]},{\"@type\":\"ImageObject\",\"inLanguage\":\"es\",\"@id\":\"https:\\\/\\\/www.riteboiler.com\\\/auxiliaries\\\/blowdown-tanks\\\/#primaryimage\",\"url\":\"https:\\\/\\\/www.riteboiler.com\\\/wp-content\\\/uploads\\\/2020\\\/06\\\/020-DSCN2065-new-in-Jan-2020-No-Door.png\",\"contentUrl\":\"https:\\\/\\\/www.riteboiler.com\\\/wp-content\\\/uploads\\\/2020\\\/06\\\/020-DSCN2065-new-in-Jan-2020-No-Door.png\",\"width\":902,\"height\":1164,\"caption\":\"Water Softeners - No Door\"},{\"@type\":\"BreadcrumbList\",\"@id\":\"https:\\\/\\\/www.riteboiler.com\\\/auxiliaries\\\/blowdown-tanks\\\/#breadcrumb\",\"itemListElement\":[{\"@type\":\"ListItem\",\"position\":1,\"name\":\"Home\",\"item\":\"https:\\\/\\\/www.riteboiler.com\\\/\"},{\"@type\":\"ListItem\",\"position\":2,\"name\":\"Boiler Room Auxiliaries\",\"item\":\"https:\\\/\\\/www.riteboiler.com\\\/auxiliaries\\\/\"},{\"@type\":\"ListItem\",\"position\":3,\"name\":\"Blowdown Tanks\"}]},{\"@type\":\"WebSite\",\"@id\":\"https:\\\/\\\/www.riteboiler.com\\\/#website\",\"url\":\"https:\\\/\\\/www.riteboiler.com\\\/\",\"name\":\"Rite Boilers\",\"description\":\"Boilers and Tanks Built to Last! Since 1952\",\"publisher\":{\"@id\":\"https:\\\/\\\/www.riteboiler.com\\\/#organization\"},\"potentialAction\":[{\"@type\":\"SearchAction\",\"target\":{\"@type\":\"EntryPoint\",\"urlTemplate\":\"https:\\\/\\\/www.riteboiler.com\\\/?s={search_term_string}\"},\"query-input\":{\"@type\":\"PropertyValueSpecification\",\"valueRequired\":true,\"valueName\":\"search_term_string\"}}],\"inLanguage\":\"es\"},{\"@type\":\"Organization\",\"@id\":\"https:\\\/\\\/www.riteboiler.com\\\/#organization\",\"name\":\"Rite Engineering & Manufacturing Corp.\",\"url\":\"https:\\\/\\\/www.riteboiler.com\\\/\",\"logo\":{\"@type\":\"ImageObject\",\"inLanguage\":\"es\",\"@id\":\"https:\\\/\\\/www.riteboiler.com\\\/#\\\/schema\\\/logo\\\/image\\\/\",\"url\":\"https:\\\/\\\/www.riteboiler.com\\\/wp-content\\\/uploads\\\/2020\\\/06\\\/rite-boilers-logo-large.png\",\"contentUrl\":\"https:\\\/\\\/www.riteboiler.com\\\/wp-content\\\/uploads\\\/2020\\\/06\\\/rite-boilers-logo-large.png\",\"width\":600,\"height\":346,\"caption\":\"Rite Engineering & Manufacturing Corp.\"},\"image\":{\"@id\":\"https:\\\/\\\/www.riteboiler.com\\\/#\\\/schema\\\/logo\\\/image\\\/\"}}]}<\/script>\n<!-- \/ Yoast SEO plugin. -->","yoast_head_json":{"title":"Blowdown Tanks - Rite Boilers manufactures blowdown tanks","description":"Rite Boilers fabrica tanques de purga para su sala de calderas. Un tanque de purga ASME proporciona un dep\u00f3sito seguro para la purga de su caldera.","robots":{"index":"index","follow":"follow","max-snippet":"max-snippet:-1","max-image-preview":"max-image-preview:large","max-video-preview":"max-video-preview:-1"},"canonical":"https:\/\/www.riteboiler.com\/es\/auxiliares\/tanques-de-purga\/","og_locale":"es_MX","og_type":"article","og_title":"Blowdown Tanks - Rite Boilers manufactures blowdown tanks","og_description":"Rite Boilers manufactures blowdown tanks for your boiler room. An ASME blowdown tank provides a safe reservoir for your boiler blowdown.","og_url":"https:\/\/www.riteboiler.com\/es\/auxiliares\/tanques-de-purga\/","og_site_name":"Rite Boilers","article_modified_time":"2020-11-28T22:36:28+00:00","og_image":[{"width":902,"height":1164,"url":"https:\/\/www.riteboiler.com\/wp-content\/uploads\/2020\/06\/020-DSCN2065-new-in-Jan-2020-No-Door.png","type":"image\/png"}],"twitter_card":"summary_large_image","twitter_misc":{"Tiempo de lectura":"1 minuto"},"schema":{"@context":"https:\/\/schema.org","@graph":[{"@type":"WebPage","@id":"https:\/\/www.riteboiler.com\/auxiliaries\/blowdown-tanks\/","url":"https:\/\/www.riteboiler.com\/auxiliaries\/blowdown-tanks\/","name":"Blowdown Tanks - Rite Boilers manufactures blowdown tanks","isPartOf":{"@id":"https:\/\/www.riteboiler.com\/#website"},"primaryImageOfPage":{"@id":"https:\/\/www.riteboiler.com\/auxiliaries\/blowdown-tanks\/#primaryimage"},"image":{"@id":"https:\/\/www.riteboiler.com\/auxiliaries\/blowdown-tanks\/#primaryimage"},"thumbnailUrl":"https:\/\/www.riteboiler.com\/wp-content\/uploads\/2020\/06\/020-DSCN2065-new-in-Jan-2020-No-Door.png","datePublished":"2020-06-26T15:35:09+00:00","dateModified":"2020-11-28T22:36:28+00:00","description":"Rite Boilers fabrica tanques de purga para su sala de calderas. Un tanque de purga ASME proporciona un dep\u00f3sito seguro para la purga de su caldera.","breadcrumb":{"@id":"https:\/\/www.riteboiler.com\/auxiliaries\/blowdown-tanks\/#breadcrumb"},"inLanguage":"es","potentialAction":[{"@type":"ReadAction","target":["https:\/\/www.riteboiler.com\/auxiliaries\/blowdown-tanks\/"]}]},{"@type":"ImageObject","inLanguage":"es","@id":"https:\/\/www.riteboiler.com\/auxiliaries\/blowdown-tanks\/#primaryimage","url":"https:\/\/www.riteboiler.com\/wp-content\/uploads\/2020\/06\/020-DSCN2065-new-in-Jan-2020-No-Door.png","contentUrl":"https:\/\/www.riteboiler.com\/wp-content\/uploads\/2020\/06\/020-DSCN2065-new-in-Jan-2020-No-Door.png","width":902,"height":1164,"caption":"Water Softeners - No Door"},{"@type":"BreadcrumbList","@id":"https:\/\/www.riteboiler.com\/auxiliaries\/blowdown-tanks\/#breadcrumb","itemListElement":[{"@type":"ListItem","position":1,"name":"Home","item":"https:\/\/www.riteboiler.com\/"},{"@type":"ListItem","position":2,"name":"Boiler Room Auxiliaries","item":"https:\/\/www.riteboiler.com\/auxiliaries\/"},{"@type":"ListItem","position":3,"name":"Blowdown Tanks"}]},{"@type":"WebSite","@id":"https:\/\/www.riteboiler.com\/#website","url":"https:\/\/www.riteboiler.com\/","name":"Calderas Rite","description":"Boilers and Tanks Built to Last! Since 1952","publisher":{"@id":"https:\/\/www.riteboiler.com\/#organization"},"potentialAction":[{"@type":"SearchAction","target":{"@type":"EntryPoint","urlTemplate":"https:\/\/www.riteboiler.com\/?s={search_term_string}"},"query-input":{"@type":"PropertyValueSpecification","valueRequired":true,"valueName":"search_term_string"}}],"inLanguage":"es"},{"@type":"Organization","@id":"https:\/\/www.riteboiler.com\/#organization","name":"Rite Engineering & Manufacturing Corp.","url":"https:\/\/www.riteboiler.com\/","logo":{"@type":"ImageObject","inLanguage":"es","@id":"https:\/\/www.riteboiler.com\/#\/schema\/logo\/image\/","url":"https:\/\/www.riteboiler.com\/wp-content\/uploads\/2020\/06\/rite-boilers-logo-large.png","contentUrl":"https:\/\/www.riteboiler.com\/wp-content\/uploads\/2020\/06\/rite-boilers-logo-large.png","width":600,"height":346,"caption":"Rite Engineering & Manufacturing Corp."},"image":{"@id":"https:\/\/www.riteboiler.com\/#\/schema\/logo\/image\/"}}]}},"_links":{"self":[{"href":"https:\/\/www.riteboiler.com\/es\/wp-json\/wp\/v2\/pages\/1378","targetHints":{"allow":["GET"]}}],"collection":[{"href":"https:\/\/www.riteboiler.com\/es\/wp-json\/wp\/v2\/pages"}],"about":[{"href":"https:\/\/www.riteboiler.com\/es\/wp-json\/wp\/v2\/types\/page"}],"author":[{"embeddable":true,"href":"https:\/\/www.riteboiler.com\/es\/wp-json\/wp\/v2\/users\/1"}],"replies":[{"embeddable":true,"href":"https:\/\/www.riteboiler.com\/es\/wp-json\/wp\/v2\/comments?post=1378"}],"version-history":[{"count":6,"href":"https:\/\/www.riteboiler.com\/es\/wp-json\/wp\/v2\/pages\/1378\/revisions"}],"predecessor-version":[{"id":1998,"href":"https:\/\/www.riteboiler.com\/es\/wp-json\/wp\/v2\/pages\/1378\/revisions\/1998"}],"up":[{"embeddable":true,"href":"https:\/\/www.riteboiler.com\/es\/wp-json\/wp\/v2\/pages\/1330"}],"wp:featuredmedia":[{"embeddable":true,"href":"https:\/\/www.riteboiler.com\/es\/wp-json\/wp\/v2\/media\/169"}],"wp:attachment":[{"href":"https:\/\/www.riteboiler.com\/es\/wp-json\/wp\/v2\/media?parent=1378"}],"curies":[{"name":"wp","href":"https:\/\/api.w.org\/{rel}","templated":true}]}}