{"id":1389,"date":"2020-06-26T10:54:14","date_gmt":"2020-06-26T15:54:14","guid":{"rendered":"http:\/\/riteboiler.flywheelsites.com\/?page_id=1389"},"modified":"2020-11-29T01:44:48","modified_gmt":"2020-11-29T07:44:48","slug":"tanques-de-purga-hps","status":"publish","type":"page","link":"https:\/\/www.riteboiler.com\/es\/auxiliaries\/blowdown-tanks\/hps-blowdown-tanks\/","title":{"rendered":"Tanques de purga HPS"},"content":{"rendered":"<p>Los tanques de purga Rite se pueden usar para el servicio de purga intermitente seg\u00fan se suministra, o para purga continua o servicio de purga de calderas m\u00faltiples, con la adici\u00f3n de un sistema de posenfriador autom\u00e1tico.<\/p>\r\n<p>All Rite Blowdown Tanks feature tangential blowdown inlet nozzles with half-inch thick full circumference wear plates for improved blowdown performance and extended tank life over other designs. And, unlike blowdown separators that require temperature regulating valves and volume cold water supply to cool their direct discharge, Rite Blowdown Tanks hold enough cooled water left over from each previous blowoff to cool and temper the next, thus insuring a safe, low volume discharge every time you blowdown. Compare our standard features below and see why one choice stands out &#8211; the Rite choice.<\/p>\r\n<p><img loading=\"lazy\" decoding=\"async\" title=\"Tanque de purga HPS\" src=\"https:\/\/www.riteboiler.com\/wp-content\/uploads\/2020\/06\/hps-bdt.png\" alt=\"Tanque de purga HPS\" width=\"189\" height=\"674\" \/> DOWNLOADS DOWNLOADS<\/p>\r\n<p><a href=\"https:\/\/www.riteboiler.com\/wp-content\/uploads\/2020\/06\/RiteBook_pr1_circa_2004.pdf\" target=\"_blank\" rel=\"noopener noreferrer\">Cat\u00e1logo de calderas Rite (PDF)<\/a><br \/><a href=\"https:\/\/www.riteboiler.com\/wp-content\/uploads\/2020\/06\/hps-blowdown-tanks.pdf\" target=\"_blank\" rel=\"noopener noreferrer\">Folleto de tanques de purga HPS (PDF)<\/a><br \/><a href=\"https:\/\/www.riteboiler.com\/wp-content\/uploads\/2020\/06\/hps-blowdown-tanks-spanish.pdf\" target=\"_blank\" rel=\"noopener noreferrer\">HPS Blowdown Tanks Brochure &#8211; Spanish (PDF)<\/a><br \/><a href=\"https:\/\/www.riteboiler.com\/wp-content\/uploads\/2020\/06\/hps-blowdown-tanks-specs.pdf\" target=\"_blank\" rel=\"noopener noreferrer\">Hoja de especificaciones (PDF)<\/a><\/p>","protected":false},"excerpt":{"rendered":"<p>Rite Blowdown Tanks may be used for intermittent blowdown service as supplied, or for continuous blowdown or multiple boiler blowoff service, with the addition of an automatic aftercooler system. All Rite Blowdown Tanks feature tangential blowdown inlet nozzles with half-inch thick full circumference wear plates for improved blowdown performance and extended tank life over other &#8230; <a title=\"Tanques de purga HPS\" class=\"read-more\" href=\"https:\/\/www.riteboiler.com\/es\/auxiliaries\/blowdown-tanks\/hps-blowdown-tanks\/\" aria-label=\"Leer m\u00e1s sobre HPS Blowdown Tanks\">Read more<\/a><\/p>","protected":false},"author":1,"featured_media":169,"parent":1378,"menu_order":8,"comment_status":"closed","ping_status":"closed","template":"","meta":{"_monsterinsights_skip_tracking":false,"_monsterinsights_sitenote_active":false,"_monsterinsights_sitenote_note":"","_monsterinsights_sitenote_category":0,"footnotes":""},"class_list":["post-1389","page","type-page","status-publish","has-post-thumbnail"],"yoast_head":"<!-- This site is optimized with the Yoast SEO plugin v27.3 - https:\/\/yoast.com\/product\/yoast-seo-wordpress\/ -->\n<title>HPS Blowdown Tanks - Rite Boilers Tanks may be used for intermittent...<\/title>\n<meta name=\"description\" content=\"HPS Blowdown Tanks - Rite Blowdown Tanks may be used for intermittent blowdown service as supplied, or for continuous blowdown or multiple...\" \/>\n<meta name=\"robots\" content=\"index, follow, max-snippet:-1, max-image-preview:large, max-video-preview:-1\" \/>\n<link rel=\"canonical\" href=\"https:\/\/www.riteboiler.com\/es\/auxiliares\/tanques-de-purga\/tanques-de-purga-hps\/\" \/>\n<meta property=\"og:locale\" content=\"es_MX\" \/>\n<meta property=\"og:type\" content=\"article\" \/>\n<meta property=\"og:title\" content=\"HPS Blowdown Tanks - Rite Boilers Tanks may be used for intermittent...\" \/>\n<meta property=\"og:description\" content=\"HPS Blowdown Tanks - Rite Blowdown Tanks may be used for intermittent blowdown service as supplied, or for continuous blowdown or multiple...\" \/>\n<meta property=\"og:url\" content=\"https:\/\/www.riteboiler.com\/es\/auxiliares\/tanques-de-purga\/tanques-de-purga-hps\/\" \/>\n<meta property=\"og:site_name\" content=\"Rite Boilers\" \/>\n<meta property=\"article:modified_time\" content=\"2020-11-29T07:44:48+00:00\" \/>\n<meta property=\"og:image\" content=\"https:\/\/www.riteboiler.com\/wp-content\/uploads\/2020\/06\/020-DSCN2065-new-in-Jan-2020-No-Door.png\" \/>\n\t<meta property=\"og:image:width\" content=\"902\" \/>\n\t<meta property=\"og:image:height\" content=\"1164\" \/>\n\t<meta property=\"og:image:type\" content=\"image\/png\" \/>\n<meta name=\"twitter:card\" content=\"summary_large_image\" \/>\n<meta name=\"twitter:label1\" content=\"Tiempo de lectura\" \/>\n\t<meta name=\"twitter:data1\" content=\"1 minuto\" \/>\n<script type=\"application\/ld+json\" class=\"yoast-schema-graph\">{\"@context\":\"https:\\\/\\\/schema.org\",\"@graph\":[{\"@type\":\"WebPage\",\"@id\":\"https:\\\/\\\/www.riteboiler.com\\\/auxiliaries\\\/blowdown-tanks\\\/hps-blowdown-tanks\\\/\",\"url\":\"https:\\\/\\\/www.riteboiler.com\\\/auxiliaries\\\/blowdown-tanks\\\/hps-blowdown-tanks\\\/\",\"name\":\"HPS Blowdown Tanks - Rite Boilers Tanks may be used for intermittent...\",\"isPartOf\":{\"@id\":\"https:\\\/\\\/www.riteboiler.com\\\/#website\"},\"primaryImageOfPage\":{\"@id\":\"https:\\\/\\\/www.riteboiler.com\\\/auxiliaries\\\/blowdown-tanks\\\/hps-blowdown-tanks\\\/#primaryimage\"},\"image\":{\"@id\":\"https:\\\/\\\/www.riteboiler.com\\\/auxiliaries\\\/blowdown-tanks\\\/hps-blowdown-tanks\\\/#primaryimage\"},\"thumbnailUrl\":\"https:\\\/\\\/www.riteboiler.com\\\/wp-content\\\/uploads\\\/2020\\\/06\\\/020-DSCN2065-new-in-Jan-2020-No-Door.png\",\"datePublished\":\"2020-06-26T15:54:14+00:00\",\"dateModified\":\"2020-11-29T07:44:48+00:00\",\"description\":\"HPS Blowdown Tanks - Rite Blowdown Tanks may be used for intermittent blowdown service as supplied, or for continuous blowdown or multiple...\",\"breadcrumb\":{\"@id\":\"https:\\\/\\\/www.riteboiler.com\\\/auxiliaries\\\/blowdown-tanks\\\/hps-blowdown-tanks\\\/#breadcrumb\"},\"inLanguage\":\"es\",\"potentialAction\":[{\"@type\":\"ReadAction\",\"target\":[\"https:\\\/\\\/www.riteboiler.com\\\/auxiliaries\\\/blowdown-tanks\\\/hps-blowdown-tanks\\\/\"]}]},{\"@type\":\"ImageObject\",\"inLanguage\":\"es\",\"@id\":\"https:\\\/\\\/www.riteboiler.com\\\/auxiliaries\\\/blowdown-tanks\\\/hps-blowdown-tanks\\\/#primaryimage\",\"url\":\"https:\\\/\\\/www.riteboiler.com\\\/wp-content\\\/uploads\\\/2020\\\/06\\\/020-DSCN2065-new-in-Jan-2020-No-Door.png\",\"contentUrl\":\"https:\\\/\\\/www.riteboiler.com\\\/wp-content\\\/uploads\\\/2020\\\/06\\\/020-DSCN2065-new-in-Jan-2020-No-Door.png\",\"width\":902,\"height\":1164,\"caption\":\"Water Softeners - No Door\"},{\"@type\":\"BreadcrumbList\",\"@id\":\"https:\\\/\\\/www.riteboiler.com\\\/auxiliaries\\\/blowdown-tanks\\\/hps-blowdown-tanks\\\/#breadcrumb\",\"itemListElement\":[{\"@type\":\"ListItem\",\"position\":1,\"name\":\"Home\",\"item\":\"https:\\\/\\\/www.riteboiler.com\\\/\"},{\"@type\":\"ListItem\",\"position\":2,\"name\":\"Boiler Room Auxiliaries\",\"item\":\"https:\\\/\\\/www.riteboiler.com\\\/auxiliaries\\\/\"},{\"@type\":\"ListItem\",\"position\":3,\"name\":\"Blowdown Tanks\",\"item\":\"https:\\\/\\\/www.riteboiler.com\\\/auxiliaries\\\/blowdown-tanks\\\/\"},{\"@type\":\"ListItem\",\"position\":4,\"name\":\"HPS Blowdown Tanks\"}]},{\"@type\":\"WebSite\",\"@id\":\"https:\\\/\\\/www.riteboiler.com\\\/#website\",\"url\":\"https:\\\/\\\/www.riteboiler.com\\\/\",\"name\":\"Rite Boilers\",\"description\":\"Boilers and Tanks Built to Last! Since 1952\",\"publisher\":{\"@id\":\"https:\\\/\\\/www.riteboiler.com\\\/#organization\"},\"potentialAction\":[{\"@type\":\"SearchAction\",\"target\":{\"@type\":\"EntryPoint\",\"urlTemplate\":\"https:\\\/\\\/www.riteboiler.com\\\/?s={search_term_string}\"},\"query-input\":{\"@type\":\"PropertyValueSpecification\",\"valueRequired\":true,\"valueName\":\"search_term_string\"}}],\"inLanguage\":\"es\"},{\"@type\":\"Organization\",\"@id\":\"https:\\\/\\\/www.riteboiler.com\\\/#organization\",\"name\":\"Rite Engineering & Manufacturing Corp.\",\"url\":\"https:\\\/\\\/www.riteboiler.com\\\/\",\"logo\":{\"@type\":\"ImageObject\",\"inLanguage\":\"es\",\"@id\":\"https:\\\/\\\/www.riteboiler.com\\\/#\\\/schema\\\/logo\\\/image\\\/\",\"url\":\"https:\\\/\\\/www.riteboiler.com\\\/wp-content\\\/uploads\\\/2020\\\/06\\\/rite-boilers-logo-large.png\",\"contentUrl\":\"https:\\\/\\\/www.riteboiler.com\\\/wp-content\\\/uploads\\\/2020\\\/06\\\/rite-boilers-logo-large.png\",\"width\":600,\"height\":346,\"caption\":\"Rite Engineering & Manufacturing Corp.\"},\"image\":{\"@id\":\"https:\\\/\\\/www.riteboiler.com\\\/#\\\/schema\\\/logo\\\/image\\\/\"}}]}<\/script>\n<!-- \/ Yoast SEO plugin. -->","yoast_head_json":{"title":"HPS Blowdown Tanks - Rite Boilers Tanks may be used for intermittent...","description":"Tanques de purga HPS: los tanques de purga Rite se pueden usar para servicio de purga intermitente como se suministra, o para purga continua o m\u00faltiples ...","robots":{"index":"index","follow":"follow","max-snippet":"max-snippet:-1","max-image-preview":"max-image-preview:large","max-video-preview":"max-video-preview:-1"},"canonical":"https:\/\/www.riteboiler.com\/es\/auxiliares\/tanques-de-purga\/tanques-de-purga-hps\/","og_locale":"es_MX","og_type":"article","og_title":"HPS Blowdown Tanks - Rite Boilers Tanks may be used for intermittent...","og_description":"HPS Blowdown Tanks - Rite Blowdown Tanks may be used for intermittent blowdown service as supplied, or for continuous blowdown or multiple...","og_url":"https:\/\/www.riteboiler.com\/es\/auxiliares\/tanques-de-purga\/tanques-de-purga-hps\/","og_site_name":"Rite Boilers","article_modified_time":"2020-11-29T07:44:48+00:00","og_image":[{"width":902,"height":1164,"url":"https:\/\/www.riteboiler.com\/wp-content\/uploads\/2020\/06\/020-DSCN2065-new-in-Jan-2020-No-Door.png","type":"image\/png"}],"twitter_card":"summary_large_image","twitter_misc":{"Tiempo de lectura":"1 minuto"},"schema":{"@context":"https:\/\/schema.org","@graph":[{"@type":"WebPage","@id":"https:\/\/www.riteboiler.com\/auxiliaries\/blowdown-tanks\/hps-blowdown-tanks\/","url":"https:\/\/www.riteboiler.com\/auxiliaries\/blowdown-tanks\/hps-blowdown-tanks\/","name":"HPS Blowdown Tanks - Rite Boilers Tanks may be used for intermittent...","isPartOf":{"@id":"https:\/\/www.riteboiler.com\/#website"},"primaryImageOfPage":{"@id":"https:\/\/www.riteboiler.com\/auxiliaries\/blowdown-tanks\/hps-blowdown-tanks\/#primaryimage"},"image":{"@id":"https:\/\/www.riteboiler.com\/auxiliaries\/blowdown-tanks\/hps-blowdown-tanks\/#primaryimage"},"thumbnailUrl":"https:\/\/www.riteboiler.com\/wp-content\/uploads\/2020\/06\/020-DSCN2065-new-in-Jan-2020-No-Door.png","datePublished":"2020-06-26T15:54:14+00:00","dateModified":"2020-11-29T07:44:48+00:00","description":"Tanques de purga HPS: los tanques de purga Rite se pueden usar para servicio de purga intermitente como se suministra, o para purga continua o m\u00faltiples ...","breadcrumb":{"@id":"https:\/\/www.riteboiler.com\/auxiliaries\/blowdown-tanks\/hps-blowdown-tanks\/#breadcrumb"},"inLanguage":"es","potentialAction":[{"@type":"ReadAction","target":["https:\/\/www.riteboiler.com\/auxiliaries\/blowdown-tanks\/hps-blowdown-tanks\/"]}]},{"@type":"ImageObject","inLanguage":"es","@id":"https:\/\/www.riteboiler.com\/auxiliaries\/blowdown-tanks\/hps-blowdown-tanks\/#primaryimage","url":"https:\/\/www.riteboiler.com\/wp-content\/uploads\/2020\/06\/020-DSCN2065-new-in-Jan-2020-No-Door.png","contentUrl":"https:\/\/www.riteboiler.com\/wp-content\/uploads\/2020\/06\/020-DSCN2065-new-in-Jan-2020-No-Door.png","width":902,"height":1164,"caption":"Water Softeners - No Door"},{"@type":"BreadcrumbList","@id":"https:\/\/www.riteboiler.com\/auxiliaries\/blowdown-tanks\/hps-blowdown-tanks\/#breadcrumb","itemListElement":[{"@type":"ListItem","position":1,"name":"Home","item":"https:\/\/www.riteboiler.com\/"},{"@type":"ListItem","position":2,"name":"Boiler Room Auxiliaries","item":"https:\/\/www.riteboiler.com\/auxiliaries\/"},{"@type":"ListItem","position":3,"name":"Blowdown Tanks","item":"https:\/\/www.riteboiler.com\/auxiliaries\/blowdown-tanks\/"},{"@type":"ListItem","position":4,"name":"HPS Blowdown Tanks"}]},{"@type":"WebSite","@id":"https:\/\/www.riteboiler.com\/#website","url":"https:\/\/www.riteboiler.com\/","name":"Calderas Rite","description":"Boilers and Tanks Built to Last! Since 1952","publisher":{"@id":"https:\/\/www.riteboiler.com\/#organization"},"potentialAction":[{"@type":"SearchAction","target":{"@type":"EntryPoint","urlTemplate":"https:\/\/www.riteboiler.com\/?s={search_term_string}"},"query-input":{"@type":"PropertyValueSpecification","valueRequired":true,"valueName":"search_term_string"}}],"inLanguage":"es"},{"@type":"Organization","@id":"https:\/\/www.riteboiler.com\/#organization","name":"Rite Engineering & Manufacturing Corp.","url":"https:\/\/www.riteboiler.com\/","logo":{"@type":"ImageObject","inLanguage":"es","@id":"https:\/\/www.riteboiler.com\/#\/schema\/logo\/image\/","url":"https:\/\/www.riteboiler.com\/wp-content\/uploads\/2020\/06\/rite-boilers-logo-large.png","contentUrl":"https:\/\/www.riteboiler.com\/wp-content\/uploads\/2020\/06\/rite-boilers-logo-large.png","width":600,"height":346,"caption":"Rite Engineering & Manufacturing Corp."},"image":{"@id":"https:\/\/www.riteboiler.com\/#\/schema\/logo\/image\/"}}]}},"_links":{"self":[{"href":"https:\/\/www.riteboiler.com\/es\/wp-json\/wp\/v2\/pages\/1389","targetHints":{"allow":["GET"]}}],"collection":[{"href":"https:\/\/www.riteboiler.com\/es\/wp-json\/wp\/v2\/pages"}],"about":[{"href":"https:\/\/www.riteboiler.com\/es\/wp-json\/wp\/v2\/types\/page"}],"author":[{"embeddable":true,"href":"https:\/\/www.riteboiler.com\/es\/wp-json\/wp\/v2\/users\/1"}],"replies":[{"embeddable":true,"href":"https:\/\/www.riteboiler.com\/es\/wp-json\/wp\/v2\/comments?post=1389"}],"version-history":[{"count":5,"href":"https:\/\/www.riteboiler.com\/es\/wp-json\/wp\/v2\/pages\/1389\/revisions"}],"predecessor-version":[{"id":2032,"href":"https:\/\/www.riteboiler.com\/es\/wp-json\/wp\/v2\/pages\/1389\/revisions\/2032"}],"up":[{"embeddable":true,"href":"https:\/\/www.riteboiler.com\/es\/wp-json\/wp\/v2\/pages\/1378"}],"wp:featuredmedia":[{"embeddable":true,"href":"https:\/\/www.riteboiler.com\/es\/wp-json\/wp\/v2\/media\/169"}],"wp:attachment":[{"href":"https:\/\/www.riteboiler.com\/es\/wp-json\/wp\/v2\/media?parent=1389"}],"curies":[{"name":"wp","href":"https:\/\/api.w.org\/{rel}","templated":true}]}}