{"id":1412,"date":"2020-06-26T11:26:27","date_gmt":"2020-06-26T16:26:27","guid":{"rendered":"http:\/\/riteboiler.flywheelsites.com\/?page_id=1412"},"modified":"2020-11-28T20:42:34","modified_gmt":"2020-11-29T02:42:34","slug":"tratamiento-de-agua-de-caldera","status":"publish","type":"page","link":"https:\/\/www.riteboiler.com\/es\/auxiliaries\/boiler-water-treatment\/","title":{"rendered":"Tratamiento de agua de caldera"},"content":{"rendered":"<p>Hydronic systems are closed loop systems in which water is circulated and heated, driving out almost all dissolved oxygen. In these systems the water does not change state into steam so scaling isn&#8217;t a typical concern. The treatment of these systems is simple and done only on the rare occasion the system is dumped and refilled. During normal operation chemical levels are monitored with small adjustment doses required infrequently.<\/p>\r\n<p>El tratamiento del sistema de vapor es m\u00e1s din\u00e1mico. Tienes que lidiar con temperaturas m\u00e1s altas, agua hirviendo dejando s\u00f3lidos en tu caldera, p\u00e9rdidas constantes de agua y retornos de reposici\u00f3n y condensado.<\/p>\r\n<p>La vida \u00fatil de su caldera de vapor depende de tres pasos del cuidado del tratamiento adecuado:<\/p>\r\n<ol>\r\n<li>Pruebas<\/li>\r\n<li>Tratamiento<\/li>\r\n<li>Purga<\/li>\r\n<\/ol>\r\n<p>Sin un tratamiento de agua adecuado, su caldera de vapor no tiene ninguna posibilidad. Encontrar\u00e1 m\u00e1s informaci\u00f3n sobre el cuidado adecuado en nuestra Gu\u00eda de tratamiento de agua para calderas de vapor.<\/p>\r\n<p><img loading=\"lazy\" decoding=\"async\" title=\"Tratamiento de calderas de agua\" src=\"https:\/\/www.riteboiler.com\/wp-content\/uploads\/2020\/06\/063-scale-b.jpg\" alt=\"Tratamiento de calderas de agua\" width=\"756\" height=\"1008\" \/> DOWNLOADS DOWNLOADS<\/p>\r\n<p><a href=\"https:\/\/www.riteboiler.com\/wp-content\/uploads\/2020\/08\/Water-Treatment-Manual-WS.pdf\" target=\"_blank\" rel=\"noopener noreferrer\">Manual de tratamiento de agua WS<\/a><\/p>","protected":false},"excerpt":{"rendered":"<p>Hydronic systems are closed loop systems in which water is circulated and heated, driving out almost all dissolved oxygen. In these systems the water does not change state into steam so scaling isn&#8217;t a typical concern. The treatment of these systems is simple and done only on the rare occasion the system is dumped and &#8230; <a title=\"Tratamiento de agua de caldera\" class=\"read-more\" href=\"https:\/\/www.riteboiler.com\/es\/auxiliaries\/boiler-water-treatment\/\" aria-label=\"Leer m\u00e1s sobre Boiler Water Treatment\">Read more<\/a><\/p>","protected":false},"author":1,"featured_media":169,"parent":1330,"menu_order":8,"comment_status":"closed","ping_status":"closed","template":"","meta":{"_monsterinsights_skip_tracking":false,"_monsterinsights_sitenote_active":false,"_monsterinsights_sitenote_note":"","_monsterinsights_sitenote_category":0,"footnotes":""},"class_list":["post-1412","page","type-page","status-publish","has-post-thumbnail"],"yoast_head":"<!-- This site is optimized with the Yoast SEO plugin v27.3 - https:\/\/yoast.com\/product\/yoast-seo-wordpress\/ -->\n<title>Boiler Water Treatment - Rite Boilers Hydronic systems<\/title>\n<meta name=\"description\" content=\"Hydronic systems are closed loop systems in which water is circulated and heated, driving out almost all dissolved oxygen. In these systems..\" \/>\n<meta name=\"robots\" content=\"index, follow, max-snippet:-1, max-image-preview:large, max-video-preview:-1\" \/>\n<link rel=\"canonical\" href=\"https:\/\/www.riteboiler.com\/es\/auxiliares\/tratamiento-de-agua-de-caldera\/\" \/>\n<meta property=\"og:locale\" content=\"es_MX\" \/>\n<meta property=\"og:type\" content=\"article\" \/>\n<meta property=\"og:title\" content=\"Boiler Water Treatment - Rite Boilers Hydronic systems\" \/>\n<meta property=\"og:description\" content=\"Hydronic systems are closed loop systems in which water is circulated and heated, driving out almost all dissolved oxygen. In these systems..\" \/>\n<meta property=\"og:url\" content=\"https:\/\/www.riteboiler.com\/es\/auxiliares\/tratamiento-de-agua-de-caldera\/\" \/>\n<meta property=\"og:site_name\" content=\"Rite Boilers\" \/>\n<meta property=\"article:modified_time\" content=\"2020-11-29T02:42:34+00:00\" \/>\n<meta property=\"og:image\" content=\"https:\/\/www.riteboiler.com\/wp-content\/uploads\/2020\/06\/020-DSCN2065-new-in-Jan-2020-No-Door.png\" \/>\n\t<meta property=\"og:image:width\" content=\"902\" \/>\n\t<meta property=\"og:image:height\" content=\"1164\" \/>\n\t<meta property=\"og:image:type\" content=\"image\/png\" \/>\n<meta name=\"twitter:card\" content=\"summary_large_image\" \/>\n<meta name=\"twitter:label1\" content=\"Tiempo de lectura\" \/>\n\t<meta name=\"twitter:data1\" content=\"1 minuto\" \/>\n<script type=\"application\/ld+json\" class=\"yoast-schema-graph\">{\"@context\":\"https:\\\/\\\/schema.org\",\"@graph\":[{\"@type\":\"WebPage\",\"@id\":\"https:\\\/\\\/www.riteboiler.com\\\/auxiliaries\\\/boiler-water-treatment\\\/\",\"url\":\"https:\\\/\\\/www.riteboiler.com\\\/auxiliaries\\\/boiler-water-treatment\\\/\",\"name\":\"Boiler Water Treatment - Rite Boilers Hydronic systems\",\"isPartOf\":{\"@id\":\"https:\\\/\\\/www.riteboiler.com\\\/#website\"},\"primaryImageOfPage\":{\"@id\":\"https:\\\/\\\/www.riteboiler.com\\\/auxiliaries\\\/boiler-water-treatment\\\/#primaryimage\"},\"image\":{\"@id\":\"https:\\\/\\\/www.riteboiler.com\\\/auxiliaries\\\/boiler-water-treatment\\\/#primaryimage\"},\"thumbnailUrl\":\"https:\\\/\\\/www.riteboiler.com\\\/wp-content\\\/uploads\\\/2020\\\/06\\\/020-DSCN2065-new-in-Jan-2020-No-Door.png\",\"datePublished\":\"2020-06-26T16:26:27+00:00\",\"dateModified\":\"2020-11-29T02:42:34+00:00\",\"description\":\"Hydronic systems are closed loop systems in which water is circulated and heated, driving out almost all dissolved oxygen. In these systems..\",\"breadcrumb\":{\"@id\":\"https:\\\/\\\/www.riteboiler.com\\\/auxiliaries\\\/boiler-water-treatment\\\/#breadcrumb\"},\"inLanguage\":\"es\",\"potentialAction\":[{\"@type\":\"ReadAction\",\"target\":[\"https:\\\/\\\/www.riteboiler.com\\\/auxiliaries\\\/boiler-water-treatment\\\/\"]}]},{\"@type\":\"ImageObject\",\"inLanguage\":\"es\",\"@id\":\"https:\\\/\\\/www.riteboiler.com\\\/auxiliaries\\\/boiler-water-treatment\\\/#primaryimage\",\"url\":\"https:\\\/\\\/www.riteboiler.com\\\/wp-content\\\/uploads\\\/2020\\\/06\\\/020-DSCN2065-new-in-Jan-2020-No-Door.png\",\"contentUrl\":\"https:\\\/\\\/www.riteboiler.com\\\/wp-content\\\/uploads\\\/2020\\\/06\\\/020-DSCN2065-new-in-Jan-2020-No-Door.png\",\"width\":902,\"height\":1164,\"caption\":\"Water Softeners - No Door\"},{\"@type\":\"BreadcrumbList\",\"@id\":\"https:\\\/\\\/www.riteboiler.com\\\/auxiliaries\\\/boiler-water-treatment\\\/#breadcrumb\",\"itemListElement\":[{\"@type\":\"ListItem\",\"position\":1,\"name\":\"Home\",\"item\":\"https:\\\/\\\/www.riteboiler.com\\\/\"},{\"@type\":\"ListItem\",\"position\":2,\"name\":\"Boiler Room Auxiliaries\",\"item\":\"https:\\\/\\\/www.riteboiler.com\\\/auxiliaries\\\/\"},{\"@type\":\"ListItem\",\"position\":3,\"name\":\"Boiler Water Treatment\"}]},{\"@type\":\"WebSite\",\"@id\":\"https:\\\/\\\/www.riteboiler.com\\\/#website\",\"url\":\"https:\\\/\\\/www.riteboiler.com\\\/\",\"name\":\"Rite Boilers\",\"description\":\"Boilers and Tanks Built to Last! Since 1952\",\"publisher\":{\"@id\":\"https:\\\/\\\/www.riteboiler.com\\\/#organization\"},\"potentialAction\":[{\"@type\":\"SearchAction\",\"target\":{\"@type\":\"EntryPoint\",\"urlTemplate\":\"https:\\\/\\\/www.riteboiler.com\\\/?s={search_term_string}\"},\"query-input\":{\"@type\":\"PropertyValueSpecification\",\"valueRequired\":true,\"valueName\":\"search_term_string\"}}],\"inLanguage\":\"es\"},{\"@type\":\"Organization\",\"@id\":\"https:\\\/\\\/www.riteboiler.com\\\/#organization\",\"name\":\"Rite Engineering & Manufacturing Corp.\",\"url\":\"https:\\\/\\\/www.riteboiler.com\\\/\",\"logo\":{\"@type\":\"ImageObject\",\"inLanguage\":\"es\",\"@id\":\"https:\\\/\\\/www.riteboiler.com\\\/#\\\/schema\\\/logo\\\/image\\\/\",\"url\":\"https:\\\/\\\/www.riteboiler.com\\\/wp-content\\\/uploads\\\/2020\\\/06\\\/rite-boilers-logo-large.png\",\"contentUrl\":\"https:\\\/\\\/www.riteboiler.com\\\/wp-content\\\/uploads\\\/2020\\\/06\\\/rite-boilers-logo-large.png\",\"width\":600,\"height\":346,\"caption\":\"Rite Engineering & Manufacturing Corp.\"},\"image\":{\"@id\":\"https:\\\/\\\/www.riteboiler.com\\\/#\\\/schema\\\/logo\\\/image\\\/\"}}]}<\/script>\n<!-- \/ Yoast SEO plugin. -->","yoast_head_json":{"title":"Boiler Water Treatment - Rite Boilers Hydronic systems","description":"Los sistemas hidr\u00f3nicos son sistemas de circuito cerrado en los que el agua circula y se calienta, expulsando casi todo el ox\u00edgeno disuelto. En estos sistemas ...","robots":{"index":"index","follow":"follow","max-snippet":"max-snippet:-1","max-image-preview":"max-image-preview:large","max-video-preview":"max-video-preview:-1"},"canonical":"https:\/\/www.riteboiler.com\/es\/auxiliares\/tratamiento-de-agua-de-caldera\/","og_locale":"es_MX","og_type":"article","og_title":"Boiler Water Treatment - Rite Boilers Hydronic systems","og_description":"Hydronic systems are closed loop systems in which water is circulated and heated, driving out almost all dissolved oxygen. In these systems..","og_url":"https:\/\/www.riteboiler.com\/es\/auxiliares\/tratamiento-de-agua-de-caldera\/","og_site_name":"Rite Boilers","article_modified_time":"2020-11-29T02:42:34+00:00","og_image":[{"width":902,"height":1164,"url":"https:\/\/www.riteboiler.com\/wp-content\/uploads\/2020\/06\/020-DSCN2065-new-in-Jan-2020-No-Door.png","type":"image\/png"}],"twitter_card":"summary_large_image","twitter_misc":{"Tiempo de lectura":"1 minuto"},"schema":{"@context":"https:\/\/schema.org","@graph":[{"@type":"WebPage","@id":"https:\/\/www.riteboiler.com\/auxiliaries\/boiler-water-treatment\/","url":"https:\/\/www.riteboiler.com\/auxiliaries\/boiler-water-treatment\/","name":"Boiler Water Treatment - Rite Boilers Hydronic systems","isPartOf":{"@id":"https:\/\/www.riteboiler.com\/#website"},"primaryImageOfPage":{"@id":"https:\/\/www.riteboiler.com\/auxiliaries\/boiler-water-treatment\/#primaryimage"},"image":{"@id":"https:\/\/www.riteboiler.com\/auxiliaries\/boiler-water-treatment\/#primaryimage"},"thumbnailUrl":"https:\/\/www.riteboiler.com\/wp-content\/uploads\/2020\/06\/020-DSCN2065-new-in-Jan-2020-No-Door.png","datePublished":"2020-06-26T16:26:27+00:00","dateModified":"2020-11-29T02:42:34+00:00","description":"Los sistemas hidr\u00f3nicos son sistemas de circuito cerrado en los que el agua circula y se calienta, expulsando casi todo el ox\u00edgeno disuelto. En estos sistemas ...","breadcrumb":{"@id":"https:\/\/www.riteboiler.com\/auxiliaries\/boiler-water-treatment\/#breadcrumb"},"inLanguage":"es","potentialAction":[{"@type":"ReadAction","target":["https:\/\/www.riteboiler.com\/auxiliaries\/boiler-water-treatment\/"]}]},{"@type":"ImageObject","inLanguage":"es","@id":"https:\/\/www.riteboiler.com\/auxiliaries\/boiler-water-treatment\/#primaryimage","url":"https:\/\/www.riteboiler.com\/wp-content\/uploads\/2020\/06\/020-DSCN2065-new-in-Jan-2020-No-Door.png","contentUrl":"https:\/\/www.riteboiler.com\/wp-content\/uploads\/2020\/06\/020-DSCN2065-new-in-Jan-2020-No-Door.png","width":902,"height":1164,"caption":"Water Softeners - No Door"},{"@type":"BreadcrumbList","@id":"https:\/\/www.riteboiler.com\/auxiliaries\/boiler-water-treatment\/#breadcrumb","itemListElement":[{"@type":"ListItem","position":1,"name":"Home","item":"https:\/\/www.riteboiler.com\/"},{"@type":"ListItem","position":2,"name":"Boiler Room Auxiliaries","item":"https:\/\/www.riteboiler.com\/auxiliaries\/"},{"@type":"ListItem","position":3,"name":"Boiler Water Treatment"}]},{"@type":"WebSite","@id":"https:\/\/www.riteboiler.com\/#website","url":"https:\/\/www.riteboiler.com\/","name":"Calderas Rite","description":"Boilers and Tanks Built to Last! Since 1952","publisher":{"@id":"https:\/\/www.riteboiler.com\/#organization"},"potentialAction":[{"@type":"SearchAction","target":{"@type":"EntryPoint","urlTemplate":"https:\/\/www.riteboiler.com\/?s={search_term_string}"},"query-input":{"@type":"PropertyValueSpecification","valueRequired":true,"valueName":"search_term_string"}}],"inLanguage":"es"},{"@type":"Organization","@id":"https:\/\/www.riteboiler.com\/#organization","name":"Rite Engineering & Manufacturing Corp.","url":"https:\/\/www.riteboiler.com\/","logo":{"@type":"ImageObject","inLanguage":"es","@id":"https:\/\/www.riteboiler.com\/#\/schema\/logo\/image\/","url":"https:\/\/www.riteboiler.com\/wp-content\/uploads\/2020\/06\/rite-boilers-logo-large.png","contentUrl":"https:\/\/www.riteboiler.com\/wp-content\/uploads\/2020\/06\/rite-boilers-logo-large.png","width":600,"height":346,"caption":"Rite Engineering & Manufacturing Corp."},"image":{"@id":"https:\/\/www.riteboiler.com\/#\/schema\/logo\/image\/"}}]}},"_links":{"self":[{"href":"https:\/\/www.riteboiler.com\/es\/wp-json\/wp\/v2\/pages\/1412","targetHints":{"allow":["GET"]}}],"collection":[{"href":"https:\/\/www.riteboiler.com\/es\/wp-json\/wp\/v2\/pages"}],"about":[{"href":"https:\/\/www.riteboiler.com\/es\/wp-json\/wp\/v2\/types\/page"}],"author":[{"embeddable":true,"href":"https:\/\/www.riteboiler.com\/es\/wp-json\/wp\/v2\/users\/1"}],"replies":[{"embeddable":true,"href":"https:\/\/www.riteboiler.com\/es\/wp-json\/wp\/v2\/comments?post=1412"}],"version-history":[{"count":7,"href":"https:\/\/www.riteboiler.com\/es\/wp-json\/wp\/v2\/pages\/1412\/revisions"}],"predecessor-version":[{"id":2004,"href":"https:\/\/www.riteboiler.com\/es\/wp-json\/wp\/v2\/pages\/1412\/revisions\/2004"}],"up":[{"embeddable":true,"href":"https:\/\/www.riteboiler.com\/es\/wp-json\/wp\/v2\/pages\/1330"}],"wp:featuredmedia":[{"embeddable":true,"href":"https:\/\/www.riteboiler.com\/es\/wp-json\/wp\/v2\/media\/169"}],"wp:attachment":[{"href":"https:\/\/www.riteboiler.com\/es\/wp-json\/wp\/v2\/media?parent=1412"}],"curies":[{"name":"wp","href":"https:\/\/api.w.org\/{rel}","templated":true}]}}