{"id":1420,"date":"2020-06-26T13:03:50","date_gmt":"2020-06-26T18:03:50","guid":{"rendered":"http:\/\/riteboiler.flywheelsites.com\/?page_id=1420"},"modified":"2020-11-28T21:01:40","modified_gmt":"2020-11-29T03:01:40","slug":"sistemas-de-tratamiento-quimico","status":"publish","type":"page","link":"https:\/\/www.riteboiler.com\/es\/auxiliaries\/boiler-water-treatment\/chemical-treatment-systems\/","title":{"rendered":"Sistemas de tratamiento qu\u00edmico"},"content":{"rendered":"<p>El sistema de alimentaci\u00f3n de productos qu\u00edmicos de Rite ofrece un suministro de productos qu\u00edmicos medido que es m\u00e1s preciso y econ\u00f3mico que las opciones de alimentaci\u00f3n de productos qu\u00edmicos tradicionales. El sistema de alimentaci\u00f3n de productos qu\u00edmicos tiene la opci\u00f3n de agregarse a cualquiera de nuestros sistemas de alimentaci\u00f3n de calderas o directamente a la l\u00ednea de suministro de agua de alimentaci\u00f3n.<\/p>\r\n<p>El sistema de tratamiento qu\u00edmico puede incluir lo siguiente:<\/p>\r\n<p><strong>Ejemplo de vapor a baja presi\u00f3n<\/strong><\/p>\r\n<ul>\r\n<li>(1) 1\/4&#8243; FNPT connection stainless steel injection quill installed in Rite CR tank.<\/li>\r\n<li>(1) Bomba dosificadora de productos qu\u00edmicos 120\/60\/1 con tubos y conexiones de succi\u00f3n y descarga.<\/li>\r\n<li>(1) Recept\u00e1culo 120\/60\/1 en la carcasa el\u00e9ctrica de la bomba de alimentaci\u00f3n para conectar la bomba dosificadora de productos qu\u00edmicos: (Tambi\u00e9n disponible en resistente a la intemperie para trabajos al aire libre).<\/li>\r\n<li>(1) Balde 48 # de tratamiento qu\u00edmico de caldera Rite BT-849 *.<\/li>\r\n<li>(1) Kit de prueba con instrucciones y par\u00e1metros de control qu\u00edmico *.<\/li>\r\n<li>(1) Stainless steel body sample cooler &#8211; shipped loose or mounted on side of boiler (for regular tap cooling water).<\/li>\r\n<\/ul>\r\n<p>* Consumibles que requerir\u00e1n reordenar de vez en cuando.<\/p>\r\n<p><img loading=\"lazy\" decoding=\"async\" title=\"chemical-feed-systems\" src=\"https:\/\/www.riteboiler.com\/wp-content\/uploads\/2020\/06\/chemical-feed-systems.png\" alt=\"Sistemas de tratamiento qu\u00edmico\" width=\"821\" height=\"1009\" \/> DOWNLOADS DOWNLOADS<\/p>\r\n<p><a href=\"https:\/\/www.riteboiler.com\/wp-content\/uploads\/2020\/06\/RiteBook_pr1_circa_2004.pdf\">Cat\u00e1logo de calderas Rite (PDF)<\/a><br \/><a href=\"https:\/\/www.riteboiler.com\/wp-content\/uploads\/2020\/06\/chemical-treatment-systems-lps.pdf\">Chemical Treatment Systems Brochure &#8211; Low Pressure Steam (PDF)<\/a><br \/><a href=\"https:\/\/www.riteboiler.com\/wp-content\/uploads\/2020\/06\/chemical-treatment-systems-hps.pdf\">Chemical Treatment Systems Brochure &#8211; High Pressure Steam (PDF) <\/a><\/p>","protected":false},"excerpt":{"rendered":"<p>Rite\u2019s chemical feed system delivers metered chemical supply that is more accurate and economical than traditional chemical feed options. The chemical feed system has the option to be added to any of our boiler feed systems or directly into the feed water supply line. The chemical treatment system can include the following: Low Pressure Steam &#8230; <a title=\"Sistemas de tratamiento qu\u00edmico\" class=\"read-more\" href=\"https:\/\/www.riteboiler.com\/es\/auxiliaries\/boiler-water-treatment\/chemical-treatment-systems\/\" aria-label=\"Leer m\u00e1s sobre Chemical Treatment Systems\">Read more<\/a><\/p>","protected":false},"author":1,"featured_media":169,"parent":1412,"menu_order":8,"comment_status":"closed","ping_status":"closed","template":"","meta":{"_monsterinsights_skip_tracking":false,"_monsterinsights_sitenote_active":false,"_monsterinsights_sitenote_note":"","_monsterinsights_sitenote_category":0,"footnotes":""},"class_list":["post-1420","page","type-page","status-publish","has-post-thumbnail"],"yoast_head":"<!-- This site is optimized with the Yoast SEO plugin v27.3 - https:\/\/yoast.com\/product\/yoast-seo-wordpress\/ -->\n<title>Chemical Treatment Systems Feed - Rite Boilers delivers metered...<\/title>\n<meta name=\"description\" content=\"Rite\u2019s chemical feed system delivers metered chemical supply that is more accurate and economical than traditional chemical feed options.\" \/>\n<meta name=\"robots\" content=\"index, follow, max-snippet:-1, max-image-preview:large, max-video-preview:-1\" \/>\n<link rel=\"canonical\" href=\"https:\/\/www.riteboiler.com\/es\/auxiliares\/tratamiento-de-agua-de-caldera\/sistemas-de-tratamiento-quimico\/\" \/>\n<meta property=\"og:locale\" content=\"es_MX\" \/>\n<meta property=\"og:type\" content=\"article\" \/>\n<meta property=\"og:title\" content=\"Chemical Treatment Systems Feed - Rite Boilers delivers metered...\" \/>\n<meta property=\"og:description\" content=\"Rite\u2019s chemical feed system delivers metered chemical supply that is more accurate and economical than traditional chemical feed options.\" \/>\n<meta property=\"og:url\" content=\"https:\/\/www.riteboiler.com\/es\/auxiliares\/tratamiento-de-agua-de-caldera\/sistemas-de-tratamiento-quimico\/\" \/>\n<meta property=\"og:site_name\" content=\"Rite Boilers\" \/>\n<meta property=\"article:modified_time\" content=\"2020-11-29T03:01:40+00:00\" \/>\n<meta property=\"og:image\" content=\"https:\/\/www.riteboiler.com\/wp-content\/uploads\/2020\/06\/020-DSCN2065-new-in-Jan-2020-No-Door.png\" \/>\n\t<meta property=\"og:image:width\" content=\"902\" \/>\n\t<meta property=\"og:image:height\" content=\"1164\" \/>\n\t<meta property=\"og:image:type\" content=\"image\/png\" \/>\n<meta name=\"twitter:card\" content=\"summary_large_image\" \/>\n<meta name=\"twitter:label1\" content=\"Tiempo de lectura\" \/>\n\t<meta name=\"twitter:data1\" content=\"1 minuto\" \/>\n<script type=\"application\/ld+json\" class=\"yoast-schema-graph\">{\"@context\":\"https:\\\/\\\/schema.org\",\"@graph\":[{\"@type\":\"WebPage\",\"@id\":\"https:\\\/\\\/www.riteboiler.com\\\/auxiliaries\\\/boiler-water-treatment\\\/chemical-treatment-systems\\\/\",\"url\":\"https:\\\/\\\/www.riteboiler.com\\\/auxiliaries\\\/boiler-water-treatment\\\/chemical-treatment-systems\\\/\",\"name\":\"Chemical Treatment Systems Feed - Rite Boilers delivers metered...\",\"isPartOf\":{\"@id\":\"https:\\\/\\\/www.riteboiler.com\\\/#website\"},\"primaryImageOfPage\":{\"@id\":\"https:\\\/\\\/www.riteboiler.com\\\/auxiliaries\\\/boiler-water-treatment\\\/chemical-treatment-systems\\\/#primaryimage\"},\"image\":{\"@id\":\"https:\\\/\\\/www.riteboiler.com\\\/auxiliaries\\\/boiler-water-treatment\\\/chemical-treatment-systems\\\/#primaryimage\"},\"thumbnailUrl\":\"https:\\\/\\\/www.riteboiler.com\\\/wp-content\\\/uploads\\\/2020\\\/06\\\/020-DSCN2065-new-in-Jan-2020-No-Door.png\",\"datePublished\":\"2020-06-26T18:03:50+00:00\",\"dateModified\":\"2020-11-29T03:01:40+00:00\",\"description\":\"Rite\u2019s chemical feed system delivers metered chemical supply that is more accurate and economical than traditional chemical feed options.\",\"breadcrumb\":{\"@id\":\"https:\\\/\\\/www.riteboiler.com\\\/auxiliaries\\\/boiler-water-treatment\\\/chemical-treatment-systems\\\/#breadcrumb\"},\"inLanguage\":\"es\",\"potentialAction\":[{\"@type\":\"ReadAction\",\"target\":[\"https:\\\/\\\/www.riteboiler.com\\\/auxiliaries\\\/boiler-water-treatment\\\/chemical-treatment-systems\\\/\"]}]},{\"@type\":\"ImageObject\",\"inLanguage\":\"es\",\"@id\":\"https:\\\/\\\/www.riteboiler.com\\\/auxiliaries\\\/boiler-water-treatment\\\/chemical-treatment-systems\\\/#primaryimage\",\"url\":\"https:\\\/\\\/www.riteboiler.com\\\/wp-content\\\/uploads\\\/2020\\\/06\\\/020-DSCN2065-new-in-Jan-2020-No-Door.png\",\"contentUrl\":\"https:\\\/\\\/www.riteboiler.com\\\/wp-content\\\/uploads\\\/2020\\\/06\\\/020-DSCN2065-new-in-Jan-2020-No-Door.png\",\"width\":902,\"height\":1164,\"caption\":\"Water Softeners - No Door\"},{\"@type\":\"BreadcrumbList\",\"@id\":\"https:\\\/\\\/www.riteboiler.com\\\/auxiliaries\\\/boiler-water-treatment\\\/chemical-treatment-systems\\\/#breadcrumb\",\"itemListElement\":[{\"@type\":\"ListItem\",\"position\":1,\"name\":\"Home\",\"item\":\"https:\\\/\\\/www.riteboiler.com\\\/\"},{\"@type\":\"ListItem\",\"position\":2,\"name\":\"Boiler Room Auxiliaries\",\"item\":\"https:\\\/\\\/www.riteboiler.com\\\/auxiliaries\\\/\"},{\"@type\":\"ListItem\",\"position\":3,\"name\":\"Boiler Water Treatment\",\"item\":\"https:\\\/\\\/www.riteboiler.com\\\/auxiliaries\\\/boiler-water-treatment\\\/\"},{\"@type\":\"ListItem\",\"position\":4,\"name\":\"Chemical Treatment Systems\"}]},{\"@type\":\"WebSite\",\"@id\":\"https:\\\/\\\/www.riteboiler.com\\\/#website\",\"url\":\"https:\\\/\\\/www.riteboiler.com\\\/\",\"name\":\"Rite Boilers\",\"description\":\"Boilers and Tanks Built to Last! Since 1952\",\"publisher\":{\"@id\":\"https:\\\/\\\/www.riteboiler.com\\\/#organization\"},\"potentialAction\":[{\"@type\":\"SearchAction\",\"target\":{\"@type\":\"EntryPoint\",\"urlTemplate\":\"https:\\\/\\\/www.riteboiler.com\\\/?s={search_term_string}\"},\"query-input\":{\"@type\":\"PropertyValueSpecification\",\"valueRequired\":true,\"valueName\":\"search_term_string\"}}],\"inLanguage\":\"es\"},{\"@type\":\"Organization\",\"@id\":\"https:\\\/\\\/www.riteboiler.com\\\/#organization\",\"name\":\"Rite Engineering & Manufacturing Corp.\",\"url\":\"https:\\\/\\\/www.riteboiler.com\\\/\",\"logo\":{\"@type\":\"ImageObject\",\"inLanguage\":\"es\",\"@id\":\"https:\\\/\\\/www.riteboiler.com\\\/#\\\/schema\\\/logo\\\/image\\\/\",\"url\":\"https:\\\/\\\/www.riteboiler.com\\\/wp-content\\\/uploads\\\/2020\\\/06\\\/rite-boilers-logo-large.png\",\"contentUrl\":\"https:\\\/\\\/www.riteboiler.com\\\/wp-content\\\/uploads\\\/2020\\\/06\\\/rite-boilers-logo-large.png\",\"width\":600,\"height\":346,\"caption\":\"Rite Engineering & Manufacturing Corp.\"},\"image\":{\"@id\":\"https:\\\/\\\/www.riteboiler.com\\\/#\\\/schema\\\/logo\\\/image\\\/\"}}]}<\/script>\n<!-- \/ Yoast SEO plugin. -->","yoast_head_json":{"title":"Chemical Treatment Systems Feed - Rite Boilers delivers metered...","description":"El sistema de alimentaci\u00f3n de productos qu\u00edmicos de Rite ofrece un suministro de productos qu\u00edmicos medido que es m\u00e1s preciso y econ\u00f3mico que las opciones de alimentaci\u00f3n de productos qu\u00edmicos tradicionales.","robots":{"index":"index","follow":"follow","max-snippet":"max-snippet:-1","max-image-preview":"max-image-preview:large","max-video-preview":"max-video-preview:-1"},"canonical":"https:\/\/www.riteboiler.com\/es\/auxiliares\/tratamiento-de-agua-de-caldera\/sistemas-de-tratamiento-quimico\/","og_locale":"es_MX","og_type":"article","og_title":"Chemical Treatment Systems Feed - Rite Boilers delivers metered...","og_description":"Rite\u2019s chemical feed system delivers metered chemical supply that is more accurate and economical than traditional chemical feed options.","og_url":"https:\/\/www.riteboiler.com\/es\/auxiliares\/tratamiento-de-agua-de-caldera\/sistemas-de-tratamiento-quimico\/","og_site_name":"Rite Boilers","article_modified_time":"2020-11-29T03:01:40+00:00","og_image":[{"width":902,"height":1164,"url":"https:\/\/www.riteboiler.com\/wp-content\/uploads\/2020\/06\/020-DSCN2065-new-in-Jan-2020-No-Door.png","type":"image\/png"}],"twitter_card":"summary_large_image","twitter_misc":{"Tiempo de lectura":"1 minuto"},"schema":{"@context":"https:\/\/schema.org","@graph":[{"@type":"WebPage","@id":"https:\/\/www.riteboiler.com\/auxiliaries\/boiler-water-treatment\/chemical-treatment-systems\/","url":"https:\/\/www.riteboiler.com\/auxiliaries\/boiler-water-treatment\/chemical-treatment-systems\/","name":"Chemical Treatment Systems Feed - Rite Boilers delivers metered...","isPartOf":{"@id":"https:\/\/www.riteboiler.com\/#website"},"primaryImageOfPage":{"@id":"https:\/\/www.riteboiler.com\/auxiliaries\/boiler-water-treatment\/chemical-treatment-systems\/#primaryimage"},"image":{"@id":"https:\/\/www.riteboiler.com\/auxiliaries\/boiler-water-treatment\/chemical-treatment-systems\/#primaryimage"},"thumbnailUrl":"https:\/\/www.riteboiler.com\/wp-content\/uploads\/2020\/06\/020-DSCN2065-new-in-Jan-2020-No-Door.png","datePublished":"2020-06-26T18:03:50+00:00","dateModified":"2020-11-29T03:01:40+00:00","description":"El sistema de alimentaci\u00f3n de productos qu\u00edmicos de Rite ofrece un suministro de productos qu\u00edmicos medido que es m\u00e1s preciso y econ\u00f3mico que las opciones de alimentaci\u00f3n de productos qu\u00edmicos tradicionales.","breadcrumb":{"@id":"https:\/\/www.riteboiler.com\/auxiliaries\/boiler-water-treatment\/chemical-treatment-systems\/#breadcrumb"},"inLanguage":"es","potentialAction":[{"@type":"ReadAction","target":["https:\/\/www.riteboiler.com\/auxiliaries\/boiler-water-treatment\/chemical-treatment-systems\/"]}]},{"@type":"ImageObject","inLanguage":"es","@id":"https:\/\/www.riteboiler.com\/auxiliaries\/boiler-water-treatment\/chemical-treatment-systems\/#primaryimage","url":"https:\/\/www.riteboiler.com\/wp-content\/uploads\/2020\/06\/020-DSCN2065-new-in-Jan-2020-No-Door.png","contentUrl":"https:\/\/www.riteboiler.com\/wp-content\/uploads\/2020\/06\/020-DSCN2065-new-in-Jan-2020-No-Door.png","width":902,"height":1164,"caption":"Water Softeners - No Door"},{"@type":"BreadcrumbList","@id":"https:\/\/www.riteboiler.com\/auxiliaries\/boiler-water-treatment\/chemical-treatment-systems\/#breadcrumb","itemListElement":[{"@type":"ListItem","position":1,"name":"Home","item":"https:\/\/www.riteboiler.com\/"},{"@type":"ListItem","position":2,"name":"Boiler Room Auxiliaries","item":"https:\/\/www.riteboiler.com\/auxiliaries\/"},{"@type":"ListItem","position":3,"name":"Boiler Water Treatment","item":"https:\/\/www.riteboiler.com\/auxiliaries\/boiler-water-treatment\/"},{"@type":"ListItem","position":4,"name":"Chemical Treatment Systems"}]},{"@type":"WebSite","@id":"https:\/\/www.riteboiler.com\/#website","url":"https:\/\/www.riteboiler.com\/","name":"Calderas Rite","description":"Boilers and Tanks Built to Last! Since 1952","publisher":{"@id":"https:\/\/www.riteboiler.com\/#organization"},"potentialAction":[{"@type":"SearchAction","target":{"@type":"EntryPoint","urlTemplate":"https:\/\/www.riteboiler.com\/?s={search_term_string}"},"query-input":{"@type":"PropertyValueSpecification","valueRequired":true,"valueName":"search_term_string"}}],"inLanguage":"es"},{"@type":"Organization","@id":"https:\/\/www.riteboiler.com\/#organization","name":"Rite Engineering & Manufacturing Corp.","url":"https:\/\/www.riteboiler.com\/","logo":{"@type":"ImageObject","inLanguage":"es","@id":"https:\/\/www.riteboiler.com\/#\/schema\/logo\/image\/","url":"https:\/\/www.riteboiler.com\/wp-content\/uploads\/2020\/06\/rite-boilers-logo-large.png","contentUrl":"https:\/\/www.riteboiler.com\/wp-content\/uploads\/2020\/06\/rite-boilers-logo-large.png","width":600,"height":346,"caption":"Rite Engineering & Manufacturing Corp."},"image":{"@id":"https:\/\/www.riteboiler.com\/#\/schema\/logo\/image\/"}}]}},"_links":{"self":[{"href":"https:\/\/www.riteboiler.com\/es\/wp-json\/wp\/v2\/pages\/1420","targetHints":{"allow":["GET"]}}],"collection":[{"href":"https:\/\/www.riteboiler.com\/es\/wp-json\/wp\/v2\/pages"}],"about":[{"href":"https:\/\/www.riteboiler.com\/es\/wp-json\/wp\/v2\/types\/page"}],"author":[{"embeddable":true,"href":"https:\/\/www.riteboiler.com\/es\/wp-json\/wp\/v2\/users\/1"}],"replies":[{"embeddable":true,"href":"https:\/\/www.riteboiler.com\/es\/wp-json\/wp\/v2\/comments?post=1420"}],"version-history":[{"count":4,"href":"https:\/\/www.riteboiler.com\/es\/wp-json\/wp\/v2\/pages\/1420\/revisions"}],"predecessor-version":[{"id":2006,"href":"https:\/\/www.riteboiler.com\/es\/wp-json\/wp\/v2\/pages\/1420\/revisions\/2006"}],"up":[{"embeddable":true,"href":"https:\/\/www.riteboiler.com\/es\/wp-json\/wp\/v2\/pages\/1412"}],"wp:featuredmedia":[{"embeddable":true,"href":"https:\/\/www.riteboiler.com\/es\/wp-json\/wp\/v2\/media\/169"}],"wp:attachment":[{"href":"https:\/\/www.riteboiler.com\/es\/wp-json\/wp\/v2\/media?parent=1420"}],"curies":[{"name":"wp","href":"https:\/\/api.w.org\/{rel}","templated":true}]}}