{"id":1427,"date":"2020-06-26T13:13:16","date_gmt":"2020-06-26T18:13:16","guid":{"rendered":"http:\/\/riteboiler.flywheelsites.com\/?page_id=1427"},"modified":"2020-11-29T02:31:35","modified_gmt":"2020-11-29T08:31:35","slug":"suavizadores-de-agua","status":"publish","type":"page","link":"https:\/\/www.riteboiler.com\/es\/auxiliaries\/boiler-water-treatment\/water-softeners\/","title":{"rendered":"Ablandadores de agua"},"content":{"rendered":"<p>El descalcificador alterno es m\u00e1s tradicional en la industria del tratamiento de calderas y le da al cliente mucho margen de maniobra para cambios en el retorno de condensado, horas de operaci\u00f3n, dureza del agua, etc. Si el usuario final est\u00e1 en un programa de gesti\u00f3n de agua con Nalco, Betz o as\u00ed, su representante de servicio se siente m\u00e1s c\u00f3modo con los sistemas alternos gemelos.<\/p>\r\n<p>Las opciones son:<\/p>\r\n<ol>\r\n<li>Single tank unit. Our DFT-37. One 9&#8243; Dia. x 48&#8243; high fiberglass media tank with 1.25 cu. ft. softening resin. Top mount Fleck ProFlo 5000 valve with bypass and 3\/4&#8243; brass sweat in\/out fitting. Metered with 7 day override. One 18&#8243; dia. x 40&#8243; high brine tank that has a brine overflow safety valve.<strong>OR<\/strong><\/li>\r\n<li>Alternating twin unit. Our model AFT-24-1. Two (2) 8&#8243; Dia. x 44&#8243; high fiberglass media tanks with 0.75 cu. ft. softening resin in each. Control with a Fleck 9100 metered twin valve with by-pass and 3\/4&#8243; brass sweat in\/out fitting. One 18&#8243; dia. x 40&#8243; high brine tank that has a brine overflow safety valve.<\/li>\r\n<\/ol>\r\n<p><img loading=\"lazy\" decoding=\"async\" title=\"water softener a\" src=\"https:\/\/www.riteboiler.com\/wp-content\/uploads\/2020\/06\/water-softener-a.png\" alt=\"Ablandadores de agua\" width=\"592\" height=\"554\" \/> DOWNLOADS USING SALT TO SOFTEN WATER SOFTENER SIZING DOWNLOADS<\/p>\r\n<p><a href=\"https:\/\/www.riteboiler.com\/wp-content\/uploads\/2020\/06\/RiteBook_pr1_circa_2004.pdf\" target=\"_blank\" rel=\"noopener noreferrer\">Cat\u00e1logo de calderas Rite (PDF)<\/a><br \/><a href=\"https:\/\/www.riteboiler.com\/wp-content\/uploads\/2020\/06\/Rite-Twin-Tank-Water-Softener.pdf\" target=\"_blank\" rel=\"noopener noreferrer\">Descalcificador de agua de tanque doble Rite (PDF)<\/a><br \/><a href=\"https:\/\/www.riteboiler.com\/wp-content\/uploads\/2020\/06\/Water-Softener-Controller.pdf\" target=\"_blank\" rel=\"noopener noreferrer\">Controlador de ablandador de agua (PDF)<\/a><\/p>\r\n<p>USO DE SAL PARA ABANDONAR EL AGUA<\/p>\r\n<p>El agua se considera blanda si su dureza es inferior a 75 partes por mill\u00f3n (ppm), moderadamente dura de 75 a 150 ppm, dura de 150 a 300 ppm y muy dura a 300 ppm o superior.<\/p>\r\n<p>Categor\u00eda del agua Dureza del agua (granos \/ gal\u00f3n): S = Suave (1 a 7.5); N = Normal (7,6 a 17); H = Dif\u00edcil (m\u00e1s de 17).<\/p>\r\n<p>El agua dura contiene calcio y magnesio disueltos que pueden adherirse a los accesorios de ba\u00f1o y cocina. Los ablandadores de agua utilizan sodio para eliminar esos minerales, pero algunos ablandadores vierten grandes cantidades de sal en los desag\u00fces en el proceso de recarga de una a tres veces por semana.<\/p>\r\n<p><strong>Proceso de ablandamiento de agua<\/strong><\/p>\r\n<p>1. Cambio de minerales<\/p>\r\n<p>Los iones de calcio y magnesio en el agua dura se reemplazan con iones de sodio, lo que ablanda el agua.<\/p>\r\n<p><img loading=\"lazy\" decoding=\"async\" src=\"https:\/\/www.riteboiler.com\/wp-content\/uploads\/2020\/06\/water-softeners-1.jpg\" alt=\"Proceso de ablandamiento de agua 1\" width=\"516\" height=\"362\" \/><\/p>\r\n<p>2. Recarga de la unidad<\/p>\r\n<p>Las perlas de pl\u00e1stico se sumergen en una soluci\u00f3n de salmuera fuerte para eliminar la acumulaci\u00f3n de calcio y magnesio y restaurar el sodio.<\/p>\r\n<p><img loading=\"lazy\" decoding=\"async\" src=\"https:\/\/www.riteboiler.com\/wp-content\/uploads\/2020\/06\/water-softeners-2.jpg\" alt=\"Proceso de ablandamiento de agua 2\" width=\"542\" height=\"362\" \/><\/p>\r\n<p>* Fuente: Lorena I. Elebee, <em>Los Angeles Times<\/em><\/p>\r\n<p>TAMA\u00d1O DEL SUAVIZANTE<\/p>\r\n<p>I.Determine la capacidad del suavizante usando el m\u00e9todo A o B a continuaci\u00f3n:<\/p>\r\n<ul>\r\n<li>A. Potencia de la caldera x 4 galones por hora x horas diarias de operaci\u00f3n x dureza del agua en Granos por gal\u00f3n + Galones diarios de purga = Granos por d\u00eda requeridos al 100% de reposici\u00f3n. Reduzca la capacidad diaria requerida por el porcentaje de retorno de condensado *.<\/li>\r\n<li>B. Libras de vapor por hora producidas divididas por 8.345 x horas diarias de operaci\u00f3n + galones diarios de purga x dureza del agua en granos por gal\u00f3n = granos por d\u00eda requeridos al 100% de reposici\u00f3n. Reduzca la capacidad diaria requerida por el porcentaje de retorno de condensado *.<\/li>\r\n<\/ul>\r\n<p>II. Determine la tasa de flujo del suavizante utilizando el m\u00e9todo C o D a continuaci\u00f3n:<\/p>\r\n<ul>\r\n<li>C.Caballos de fuerza de la caldera x 4 galones por hora + tasa estimada de purga en G.P.M. = G.P.M. necesario.<\/li>\r\n<li>D. Libras de vapor por hora divididas por 8.345 divididas por 60 minutos + tasa estimada de purga en G.P.M. = G.P.M. necesario.<\/li>\r\n<\/ul>\r\n<p>III. Seleccione un ablandador que produzca la capacidad y el caudal requeridos.<\/p>\r\n<p>En t\u00e9rminos simples:<\/p>\r\n<p>Potencia de la caldera x 4 galones por hora = Cantidad de agua requerida por hora. Ejemplo: Una caldera de 25 hp x 4 (GPH) = 100 galones por hora x 8 horas de operaci\u00f3n = 800 galones por d\u00eda. Tasa de cambio normal @ 6 # de sal por pie c\u00fabico La resina de alta capacidad es de intercambio de 24,000 granos. Divida 24.000 granos por la dureza cruda del agua de reposici\u00f3n. Si el agua tiene 15 granos de dureza, (24,000 \u00f7 15 granos = 1600 galones por pie c\u00fabico de agua blanda por regeneraci\u00f3n) reste el porcentaje de retorno del total requerido por hora (100 galones x 50% de retorno de condensado * = 50 galones por hora ) Para GPM de purga, simplemente agregue 5% al maquillaje requerido por hora.<\/p>\r\n<p>* Incluso si todo el equipo que usa calor tiene trampas de vapor y el retorno del condensado parece ser del 100%, nunca estime un retorno superior al 85%.<\/p>\r\n<!--f402705e-->","protected":false},"excerpt":{"rendered":"<p>The alternating softener is more traditional in the boiler treatment industry and gives the customer a lot of wiggle room for changes in condensate return, hours of operation, water hardness, etc. If the end user is on a water management program with Nalco, Betz or the such, their service rep is more comfortable with twin &#8230; <a title=\"Ablandadores de agua\" class=\"read-more\" href=\"https:\/\/www.riteboiler.com\/es\/auxiliaries\/boiler-water-treatment\/water-softeners\/\" aria-label=\"Leer m\u00e1s sobre Water Softeners\">Read more<\/a><\/p>","protected":false},"author":1,"featured_media":169,"parent":1412,"menu_order":8,"comment_status":"closed","ping_status":"closed","template":"","meta":{"_monsterinsights_skip_tracking":false,"_monsterinsights_sitenote_active":false,"_monsterinsights_sitenote_note":"","_monsterinsights_sitenote_category":0,"footnotes":""},"class_list":["post-1427","page","type-page","status-publish","has-post-thumbnail"],"yoast_head":"<!-- This site is optimized with the Yoast SEO plugin v27.3 - https:\/\/yoast.com\/product\/yoast-seo-wordpress\/ -->\n<title>Water Softeners - Rite Boilers can provide softened water...<\/title>\n<meta name=\"description\" content=\"We can provide softened water for this application in 2 ways. We can use a single tank softener with sufficient capacity\" \/>\n<meta name=\"robots\" content=\"index, follow, max-snippet:-1, max-image-preview:large, max-video-preview:-1\" \/>\n<link rel=\"canonical\" href=\"https:\/\/www.riteboiler.com\/es\/auxiliares\/tratamiento-de-agua-de-caldera\/suavizadores-de-agua\/\" \/>\n<meta property=\"og:locale\" content=\"es_MX\" \/>\n<meta property=\"og:type\" content=\"article\" \/>\n<meta property=\"og:title\" content=\"Water Softeners - Rite Boilers can provide softened water...\" \/>\n<meta property=\"og:description\" content=\"We can provide softened water for this application in 2 ways. We can use a single tank softener with sufficient capacity\" \/>\n<meta property=\"og:url\" content=\"https:\/\/www.riteboiler.com\/es\/auxiliares\/tratamiento-de-agua-de-caldera\/suavizadores-de-agua\/\" \/>\n<meta property=\"og:site_name\" content=\"Rite Boilers\" \/>\n<meta property=\"article:modified_time\" content=\"2020-11-29T08:31:35+00:00\" \/>\n<meta property=\"og:image\" content=\"https:\/\/www.riteboiler.com\/wp-content\/uploads\/2020\/06\/020-DSCN2065-new-in-Jan-2020-No-Door.png\" \/>\n\t<meta property=\"og:image:width\" content=\"902\" \/>\n\t<meta property=\"og:image:height\" content=\"1164\" \/>\n\t<meta property=\"og:image:type\" content=\"image\/png\" \/>\n<meta name=\"twitter:card\" content=\"summary_large_image\" \/>\n<meta name=\"twitter:label1\" content=\"Tiempo de lectura\" \/>\n\t<meta name=\"twitter:data1\" content=\"3 minutos\" \/>\n<script type=\"application\/ld+json\" class=\"yoast-schema-graph\">{\"@context\":\"https:\\\/\\\/schema.org\",\"@graph\":[{\"@type\":\"WebPage\",\"@id\":\"https:\\\/\\\/www.riteboiler.com\\\/auxiliaries\\\/boiler-water-treatment\\\/water-softeners\\\/\",\"url\":\"https:\\\/\\\/www.riteboiler.com\\\/auxiliaries\\\/boiler-water-treatment\\\/water-softeners\\\/\",\"name\":\"Water Softeners - Rite Boilers can provide softened water...\",\"isPartOf\":{\"@id\":\"https:\\\/\\\/www.riteboiler.com\\\/#website\"},\"primaryImageOfPage\":{\"@id\":\"https:\\\/\\\/www.riteboiler.com\\\/auxiliaries\\\/boiler-water-treatment\\\/water-softeners\\\/#primaryimage\"},\"image\":{\"@id\":\"https:\\\/\\\/www.riteboiler.com\\\/auxiliaries\\\/boiler-water-treatment\\\/water-softeners\\\/#primaryimage\"},\"thumbnailUrl\":\"https:\\\/\\\/www.riteboiler.com\\\/wp-content\\\/uploads\\\/2020\\\/06\\\/020-DSCN2065-new-in-Jan-2020-No-Door.png\",\"datePublished\":\"2020-06-26T18:13:16+00:00\",\"dateModified\":\"2020-11-29T08:31:35+00:00\",\"description\":\"We can provide softened water for this application in 2 ways. We can use a single tank softener with sufficient capacity\",\"breadcrumb\":{\"@id\":\"https:\\\/\\\/www.riteboiler.com\\\/auxiliaries\\\/boiler-water-treatment\\\/water-softeners\\\/#breadcrumb\"},\"inLanguage\":\"es\",\"potentialAction\":[{\"@type\":\"ReadAction\",\"target\":[\"https:\\\/\\\/www.riteboiler.com\\\/auxiliaries\\\/boiler-water-treatment\\\/water-softeners\\\/\"]}]},{\"@type\":\"ImageObject\",\"inLanguage\":\"es\",\"@id\":\"https:\\\/\\\/www.riteboiler.com\\\/auxiliaries\\\/boiler-water-treatment\\\/water-softeners\\\/#primaryimage\",\"url\":\"https:\\\/\\\/www.riteboiler.com\\\/wp-content\\\/uploads\\\/2020\\\/06\\\/020-DSCN2065-new-in-Jan-2020-No-Door.png\",\"contentUrl\":\"https:\\\/\\\/www.riteboiler.com\\\/wp-content\\\/uploads\\\/2020\\\/06\\\/020-DSCN2065-new-in-Jan-2020-No-Door.png\",\"width\":902,\"height\":1164,\"caption\":\"Water Softeners - No Door\"},{\"@type\":\"BreadcrumbList\",\"@id\":\"https:\\\/\\\/www.riteboiler.com\\\/auxiliaries\\\/boiler-water-treatment\\\/water-softeners\\\/#breadcrumb\",\"itemListElement\":[{\"@type\":\"ListItem\",\"position\":1,\"name\":\"Home\",\"item\":\"https:\\\/\\\/www.riteboiler.com\\\/\"},{\"@type\":\"ListItem\",\"position\":2,\"name\":\"Boiler Room Auxiliaries\",\"item\":\"https:\\\/\\\/www.riteboiler.com\\\/auxiliaries\\\/\"},{\"@type\":\"ListItem\",\"position\":3,\"name\":\"Boiler Water Treatment\",\"item\":\"https:\\\/\\\/www.riteboiler.com\\\/auxiliaries\\\/boiler-water-treatment\\\/\"},{\"@type\":\"ListItem\",\"position\":4,\"name\":\"Water Softeners\"}]},{\"@type\":\"WebSite\",\"@id\":\"https:\\\/\\\/www.riteboiler.com\\\/#website\",\"url\":\"https:\\\/\\\/www.riteboiler.com\\\/\",\"name\":\"Rite Boilers\",\"description\":\"Boilers and Tanks Built to Last! Since 1952\",\"publisher\":{\"@id\":\"https:\\\/\\\/www.riteboiler.com\\\/#organization\"},\"potentialAction\":[{\"@type\":\"SearchAction\",\"target\":{\"@type\":\"EntryPoint\",\"urlTemplate\":\"https:\\\/\\\/www.riteboiler.com\\\/?s={search_term_string}\"},\"query-input\":{\"@type\":\"PropertyValueSpecification\",\"valueRequired\":true,\"valueName\":\"search_term_string\"}}],\"inLanguage\":\"es\"},{\"@type\":\"Organization\",\"@id\":\"https:\\\/\\\/www.riteboiler.com\\\/#organization\",\"name\":\"Rite Engineering & Manufacturing Corp.\",\"url\":\"https:\\\/\\\/www.riteboiler.com\\\/\",\"logo\":{\"@type\":\"ImageObject\",\"inLanguage\":\"es\",\"@id\":\"https:\\\/\\\/www.riteboiler.com\\\/#\\\/schema\\\/logo\\\/image\\\/\",\"url\":\"https:\\\/\\\/www.riteboiler.com\\\/wp-content\\\/uploads\\\/2020\\\/06\\\/rite-boilers-logo-large.png\",\"contentUrl\":\"https:\\\/\\\/www.riteboiler.com\\\/wp-content\\\/uploads\\\/2020\\\/06\\\/rite-boilers-logo-large.png\",\"width\":600,\"height\":346,\"caption\":\"Rite Engineering & Manufacturing Corp.\"},\"image\":{\"@id\":\"https:\\\/\\\/www.riteboiler.com\\\/#\\\/schema\\\/logo\\\/image\\\/\"}}]}<\/script>\n<!-- \/ Yoast SEO plugin. -->","yoast_head_json":{"title":"Water Softeners - Rite Boilers can provide softened water...","description":"Podemos proporcionar agua ablandada para esta aplicaci\u00f3n de 2 formas. Podemos utilizar un descalcificador de un solo tanque con capacidad suficiente","robots":{"index":"index","follow":"follow","max-snippet":"max-snippet:-1","max-image-preview":"max-image-preview:large","max-video-preview":"max-video-preview:-1"},"canonical":"https:\/\/www.riteboiler.com\/es\/auxiliares\/tratamiento-de-agua-de-caldera\/suavizadores-de-agua\/","og_locale":"es_MX","og_type":"article","og_title":"Water Softeners - Rite Boilers can provide softened water...","og_description":"We can provide softened water for this application in 2 ways. We can use a single tank softener with sufficient capacity","og_url":"https:\/\/www.riteboiler.com\/es\/auxiliares\/tratamiento-de-agua-de-caldera\/suavizadores-de-agua\/","og_site_name":"Rite Boilers","article_modified_time":"2020-11-29T08:31:35+00:00","og_image":[{"width":902,"height":1164,"url":"https:\/\/www.riteboiler.com\/wp-content\/uploads\/2020\/06\/020-DSCN2065-new-in-Jan-2020-No-Door.png","type":"image\/png"}],"twitter_card":"summary_large_image","twitter_misc":{"Tiempo de lectura":"3 minutos"},"schema":{"@context":"https:\/\/schema.org","@graph":[{"@type":"WebPage","@id":"https:\/\/www.riteboiler.com\/auxiliaries\/boiler-water-treatment\/water-softeners\/","url":"https:\/\/www.riteboiler.com\/auxiliaries\/boiler-water-treatment\/water-softeners\/","name":"Water Softeners - Rite Boilers can provide softened water...","isPartOf":{"@id":"https:\/\/www.riteboiler.com\/#website"},"primaryImageOfPage":{"@id":"https:\/\/www.riteboiler.com\/auxiliaries\/boiler-water-treatment\/water-softeners\/#primaryimage"},"image":{"@id":"https:\/\/www.riteboiler.com\/auxiliaries\/boiler-water-treatment\/water-softeners\/#primaryimage"},"thumbnailUrl":"https:\/\/www.riteboiler.com\/wp-content\/uploads\/2020\/06\/020-DSCN2065-new-in-Jan-2020-No-Door.png","datePublished":"2020-06-26T18:13:16+00:00","dateModified":"2020-11-29T08:31:35+00:00","description":"Podemos proporcionar agua ablandada para esta aplicaci\u00f3n de 2 formas. Podemos utilizar un descalcificador de un solo tanque con capacidad suficiente","breadcrumb":{"@id":"https:\/\/www.riteboiler.com\/auxiliaries\/boiler-water-treatment\/water-softeners\/#breadcrumb"},"inLanguage":"es","potentialAction":[{"@type":"ReadAction","target":["https:\/\/www.riteboiler.com\/auxiliaries\/boiler-water-treatment\/water-softeners\/"]}]},{"@type":"ImageObject","inLanguage":"es","@id":"https:\/\/www.riteboiler.com\/auxiliaries\/boiler-water-treatment\/water-softeners\/#primaryimage","url":"https:\/\/www.riteboiler.com\/wp-content\/uploads\/2020\/06\/020-DSCN2065-new-in-Jan-2020-No-Door.png","contentUrl":"https:\/\/www.riteboiler.com\/wp-content\/uploads\/2020\/06\/020-DSCN2065-new-in-Jan-2020-No-Door.png","width":902,"height":1164,"caption":"Water Softeners - No Door"},{"@type":"BreadcrumbList","@id":"https:\/\/www.riteboiler.com\/auxiliaries\/boiler-water-treatment\/water-softeners\/#breadcrumb","itemListElement":[{"@type":"ListItem","position":1,"name":"Home","item":"https:\/\/www.riteboiler.com\/"},{"@type":"ListItem","position":2,"name":"Boiler Room Auxiliaries","item":"https:\/\/www.riteboiler.com\/auxiliaries\/"},{"@type":"ListItem","position":3,"name":"Boiler Water Treatment","item":"https:\/\/www.riteboiler.com\/auxiliaries\/boiler-water-treatment\/"},{"@type":"ListItem","position":4,"name":"Water Softeners"}]},{"@type":"WebSite","@id":"https:\/\/www.riteboiler.com\/#website","url":"https:\/\/www.riteboiler.com\/","name":"Calderas Rite","description":"Boilers and Tanks Built to Last! Since 1952","publisher":{"@id":"https:\/\/www.riteboiler.com\/#organization"},"potentialAction":[{"@type":"SearchAction","target":{"@type":"EntryPoint","urlTemplate":"https:\/\/www.riteboiler.com\/?s={search_term_string}"},"query-input":{"@type":"PropertyValueSpecification","valueRequired":true,"valueName":"search_term_string"}}],"inLanguage":"es"},{"@type":"Organization","@id":"https:\/\/www.riteboiler.com\/#organization","name":"Rite Engineering & Manufacturing Corp.","url":"https:\/\/www.riteboiler.com\/","logo":{"@type":"ImageObject","inLanguage":"es","@id":"https:\/\/www.riteboiler.com\/#\/schema\/logo\/image\/","url":"https:\/\/www.riteboiler.com\/wp-content\/uploads\/2020\/06\/rite-boilers-logo-large.png","contentUrl":"https:\/\/www.riteboiler.com\/wp-content\/uploads\/2020\/06\/rite-boilers-logo-large.png","width":600,"height":346,"caption":"Rite Engineering & Manufacturing Corp."},"image":{"@id":"https:\/\/www.riteboiler.com\/#\/schema\/logo\/image\/"}}]}},"_links":{"self":[{"href":"https:\/\/www.riteboiler.com\/es\/wp-json\/wp\/v2\/pages\/1427","targetHints":{"allow":["GET"]}}],"collection":[{"href":"https:\/\/www.riteboiler.com\/es\/wp-json\/wp\/v2\/pages"}],"about":[{"href":"https:\/\/www.riteboiler.com\/es\/wp-json\/wp\/v2\/types\/page"}],"author":[{"embeddable":true,"href":"https:\/\/www.riteboiler.com\/es\/wp-json\/wp\/v2\/users\/1"}],"replies":[{"embeddable":true,"href":"https:\/\/www.riteboiler.com\/es\/wp-json\/wp\/v2\/comments?post=1427"}],"version-history":[{"count":8,"href":"https:\/\/www.riteboiler.com\/es\/wp-json\/wp\/v2\/pages\/1427\/revisions"}],"predecessor-version":[{"id":2038,"href":"https:\/\/www.riteboiler.com\/es\/wp-json\/wp\/v2\/pages\/1427\/revisions\/2038"}],"up":[{"embeddable":true,"href":"https:\/\/www.riteboiler.com\/es\/wp-json\/wp\/v2\/pages\/1412"}],"wp:featuredmedia":[{"embeddable":true,"href":"https:\/\/www.riteboiler.com\/es\/wp-json\/wp\/v2\/media\/169"}],"wp:attachment":[{"href":"https:\/\/www.riteboiler.com\/es\/wp-json\/wp\/v2\/media?parent=1427"}],"curies":[{"name":"wp","href":"https:\/\/api.w.org\/{rel}","templated":true}]}}