{"id":144,"date":"2020-06-10T14:21:42","date_gmt":"2020-06-10T19:21:42","guid":{"rendered":"http:\/\/riteboiler.flywheelsites.com\/?page_id=144"},"modified":"2020-11-28T20:50:41","modified_gmt":"2020-11-29T02:50:41","slug":"calderas","status":"publish","type":"page","link":"https:\/\/www.riteboiler.com\/es\/boilers\/","title":{"rendered":"Calderas"},"content":{"rendered":"<h2>Dise\u00f1o de calderas Rite<\/h2>\r\n<p>Las calderas Rite se clasifican como \"calderas de tubo de agua inclinadas horizontales\". Este dise\u00f1o incorpora las mejores caracter\u00edsticas de las calderas tradicionales pirotubulares y de agua. Ofrecemos los tubos no patentados de gran calibre de una caldera pirotubular, pero con la resistencia al choque t\u00e9rmico de una caldera de tubo de agua flexible.<\/p>\r\n<p><img loading=\"lazy\" decoding=\"async\" title=\"HEX lleno\" src=\"https:\/\/www.riteboiler.com\/wp-content\/uploads\/2020\/06\/019-HEX-full.png\" alt=\"HEX lleno\" width=\"655\" height=\"251\" \/> <img loading=\"lazy\" decoding=\"async\" title=\"Sin puerta\" src=\"https:\/\/www.riteboiler.com\/wp-content\/uploads\/2020\/06\/020-DSCN2065-new-in-Jan-2020-No-Door.png\" alt=\"Sin puerta\" width=\"902\" height=\"1164\" \/><\/p>\r\n<h2>Ventajas clave del dise\u00f1o<\/h2>\r\n<p>Acceso COMPLETO a los lados del agua de la caldera para inspecci\u00f3n, limpieza y reparaci\u00f3n.<\/p>\r\n<ul>\r\n<li>Garant\u00eda de 25 a\u00f1os contra choque t\u00e9rmico y erosi\u00f3n del tubo.<\/li>\r\n<li>Disponible como quemador atmosf\u00e9rico o el\u00e9ctrico.<\/li>\r\n<li>decuado para ventilaci\u00f3n \"tipo B\" o \"categor\u00eda I\".<\/li>\r\n<li>M\u00faltiples opciones de combustible que incluyen: gas natural, gas LP, combustible diesel, combustible residual, digestores y gases de vertedero.<\/li>\r\n<li>A diferencia de otros dise\u00f1os, como las calderas sin c\u00e1mara, de hierro fundido y pirotubulares, nuestro dise\u00f1o de tubo de agua puede pasar de un arranque en fr\u00edo a vapor en minutos.<\/li>\r\n<\/ul>\r\n<h2>Cumpla con cualquier requisito de emisi\u00f3n.<\/h2>\r\n<p>Nuestra empresa creci\u00f3 en el coraz\u00f3n del Distrito de Calidad del Aire de la Costa Sur; Llevamos m\u00e1s de 30 a\u00f1os viviendo con bajas emisiones de NOx. Podemos cumplir con cualquier requisito de emisi\u00f3n regulado aplicable. 30, 20 o menos de 9 ppm no son un problema. Contamos con varios modelos pre-aprobados para cumplir con los requisitos de SCAQMD de 20 ppm.<\/p>\r\n<p><img loading=\"lazy\" decoding=\"async\" title=\"Durafin\" src=\"https:\/\/www.riteboiler.com\/wp-content\/uploads\/2020\/06\/021-durafin-a.png\" alt=\"Durafin\" width=\"678\" height=\"862\" \/><\/p>\r\n<!--01346a77-->","protected":false},"excerpt":{"rendered":"<p>Rite Boiler Design Rite\u00a0 boilers are classified as \u201chorizontal, inclined watertube boilers.\u201d This design incorporates the best characteristics of traditional firetube and water tube boilers. We provide the large-bore, non proprietary tubes of a firetube boiler but with the\u00a0 thermal-shock resistance of a flexible watertube boiler. Key Design Advantages COMPLETE access to the boiler water &#8230; <a title=\"Calderas\" class=\"read-more\" href=\"https:\/\/www.riteboiler.com\/es\/boilers\/\" aria-label=\"Leer m\u00e1s sobre Boilers\">Read more<\/a><\/p>","protected":false},"author":1,"featured_media":170,"parent":0,"menu_order":3,"comment_status":"closed","ping_status":"closed","template":"","meta":{"_monsterinsights_skip_tracking":false,"_monsterinsights_sitenote_active":false,"_monsterinsights_sitenote_note":"","_monsterinsights_sitenote_category":0,"footnotes":""},"class_list":["post-144","page","type-page","status-publish","has-post-thumbnail"],"yoast_head":"<!-- This site is optimized with the Yoast SEO plugin v27.4 - https:\/\/yoast.com\/product\/yoast-seo-wordpress\/ -->\n<title>We build Boilers to fit your operations - Rite Boilers<\/title>\n<meta name=\"description\" content=\"We build boilers to fit your operations. We don\u2019t expect you to build your operations to fit our boilers. We provide boilers that gives you..\" \/>\n<meta name=\"robots\" content=\"index, follow, max-snippet:-1, max-image-preview:large, max-video-preview:-1\" \/>\n<link rel=\"canonical\" href=\"https:\/\/www.riteboiler.com\/es\/calderas\/\" \/>\n<meta property=\"og:locale\" content=\"es_MX\" \/>\n<meta property=\"og:type\" content=\"article\" \/>\n<meta property=\"og:title\" content=\"We build Boilers to fit your operations - Rite Boilers\" \/>\n<meta property=\"og:description\" content=\"We build boilers to fit your operations. We don\u2019t expect you to build your operations to fit our boilers. We provide boilers that gives you..\" \/>\n<meta property=\"og:url\" content=\"https:\/\/www.riteboiler.com\/es\/calderas\/\" \/>\n<meta property=\"og:site_name\" content=\"Rite Boilers\" \/>\n<meta property=\"article:modified_time\" content=\"2020-11-29T02:50:41+00:00\" \/>\n<meta property=\"og:image\" content=\"https:\/\/www.riteboiler.com\/wp-content\/uploads\/2020\/06\/021-durafin-a.png\" \/>\n\t<meta property=\"og:image:width\" content=\"678\" \/>\n\t<meta property=\"og:image:height\" content=\"862\" \/>\n\t<meta property=\"og:image:type\" content=\"image\/png\" \/>\n<meta name=\"twitter:card\" content=\"summary_large_image\" \/>\n<meta name=\"twitter:label1\" content=\"Tiempo de lectura\" \/>\n\t<meta name=\"twitter:data1\" content=\"1 minuto\" \/>\n<script type=\"application\/ld+json\" class=\"yoast-schema-graph\">{\"@context\":\"https:\\\/\\\/schema.org\",\"@graph\":[{\"@type\":\"WebPage\",\"@id\":\"https:\\\/\\\/www.riteboiler.com\\\/boilers\\\/\",\"url\":\"https:\\\/\\\/www.riteboiler.com\\\/boilers\\\/\",\"name\":\"We build Boilers to fit your operations - Rite Boilers\",\"isPartOf\":{\"@id\":\"https:\\\/\\\/www.riteboiler.com\\\/#website\"},\"primaryImageOfPage\":{\"@id\":\"https:\\\/\\\/www.riteboiler.com\\\/boilers\\\/#primaryimage\"},\"image\":{\"@id\":\"https:\\\/\\\/www.riteboiler.com\\\/boilers\\\/#primaryimage\"},\"thumbnailUrl\":\"https:\\\/\\\/www.riteboiler.com\\\/wp-content\\\/uploads\\\/2020\\\/06\\\/021-durafin-a.png\",\"datePublished\":\"2020-06-10T19:21:42+00:00\",\"dateModified\":\"2020-11-29T02:50:41+00:00\",\"description\":\"We build boilers to fit your operations. We don\u2019t expect you to build your operations to fit our boilers. We provide boilers that gives you..\",\"breadcrumb\":{\"@id\":\"https:\\\/\\\/www.riteboiler.com\\\/boilers\\\/#breadcrumb\"},\"inLanguage\":\"es\",\"potentialAction\":[{\"@type\":\"ReadAction\",\"target\":[\"https:\\\/\\\/www.riteboiler.com\\\/boilers\\\/\"]}]},{\"@type\":\"ImageObject\",\"inLanguage\":\"es\",\"@id\":\"https:\\\/\\\/www.riteboiler.com\\\/boilers\\\/#primaryimage\",\"url\":\"https:\\\/\\\/www.riteboiler.com\\\/wp-content\\\/uploads\\\/2020\\\/06\\\/021-durafin-a.png\",\"contentUrl\":\"https:\\\/\\\/www.riteboiler.com\\\/wp-content\\\/uploads\\\/2020\\\/06\\\/021-durafin-a.png\",\"width\":678,\"height\":862,\"caption\":\"Durafin\"},{\"@type\":\"BreadcrumbList\",\"@id\":\"https:\\\/\\\/www.riteboiler.com\\\/boilers\\\/#breadcrumb\",\"itemListElement\":[{\"@type\":\"ListItem\",\"position\":1,\"name\":\"Home\",\"item\":\"https:\\\/\\\/www.riteboiler.com\\\/\"},{\"@type\":\"ListItem\",\"position\":2,\"name\":\"Boilers\"}]},{\"@type\":\"WebSite\",\"@id\":\"https:\\\/\\\/www.riteboiler.com\\\/#website\",\"url\":\"https:\\\/\\\/www.riteboiler.com\\\/\",\"name\":\"Rite Boilers\",\"description\":\"Boilers and Tanks Built to Last! Since 1952\",\"publisher\":{\"@id\":\"https:\\\/\\\/www.riteboiler.com\\\/#organization\"},\"potentialAction\":[{\"@type\":\"SearchAction\",\"target\":{\"@type\":\"EntryPoint\",\"urlTemplate\":\"https:\\\/\\\/www.riteboiler.com\\\/?s={search_term_string}\"},\"query-input\":{\"@type\":\"PropertyValueSpecification\",\"valueRequired\":true,\"valueName\":\"search_term_string\"}}],\"inLanguage\":\"es\"},{\"@type\":\"Organization\",\"@id\":\"https:\\\/\\\/www.riteboiler.com\\\/#organization\",\"name\":\"Rite Engineering & Manufacturing Corp.\",\"url\":\"https:\\\/\\\/www.riteboiler.com\\\/\",\"logo\":{\"@type\":\"ImageObject\",\"inLanguage\":\"es\",\"@id\":\"https:\\\/\\\/www.riteboiler.com\\\/#\\\/schema\\\/logo\\\/image\\\/\",\"url\":\"https:\\\/\\\/www.riteboiler.com\\\/wp-content\\\/uploads\\\/2020\\\/06\\\/rite-boilers-logo-large.png\",\"contentUrl\":\"https:\\\/\\\/www.riteboiler.com\\\/wp-content\\\/uploads\\\/2020\\\/06\\\/rite-boilers-logo-large.png\",\"width\":600,\"height\":346,\"caption\":\"Rite Engineering & Manufacturing Corp.\"},\"image\":{\"@id\":\"https:\\\/\\\/www.riteboiler.com\\\/#\\\/schema\\\/logo\\\/image\\\/\"}}]}<\/script>\n<!-- \/ Yoast SEO plugin. -->","yoast_head_json":{"title":"We build Boilers to fit your operations - Rite Boilers","description":"Construimos calderas que se adaptan a sus operaciones. No esperamos que construya sus operaciones para que se ajusten a nuestras calderas. Proporcionamos calderas que te brinda ..","robots":{"index":"index","follow":"follow","max-snippet":"max-snippet:-1","max-image-preview":"max-image-preview:large","max-video-preview":"max-video-preview:-1"},"canonical":"https:\/\/www.riteboiler.com\/es\/calderas\/","og_locale":"es_MX","og_type":"article","og_title":"We build Boilers to fit your operations - Rite Boilers","og_description":"We build boilers to fit your operations. We don\u2019t expect you to build your operations to fit our boilers. We provide boilers that gives you..","og_url":"https:\/\/www.riteboiler.com\/es\/calderas\/","og_site_name":"Rite Boilers","article_modified_time":"2020-11-29T02:50:41+00:00","og_image":[{"width":678,"height":862,"url":"https:\/\/www.riteboiler.com\/wp-content\/uploads\/2020\/06\/021-durafin-a.png","type":"image\/png"}],"twitter_card":"summary_large_image","twitter_misc":{"Tiempo de lectura":"1 minuto"},"schema":{"@context":"https:\/\/schema.org","@graph":[{"@type":"WebPage","@id":"https:\/\/www.riteboiler.com\/boilers\/","url":"https:\/\/www.riteboiler.com\/boilers\/","name":"We build Boilers to fit your operations - Rite Boilers","isPartOf":{"@id":"https:\/\/www.riteboiler.com\/#website"},"primaryImageOfPage":{"@id":"https:\/\/www.riteboiler.com\/boilers\/#primaryimage"},"image":{"@id":"https:\/\/www.riteboiler.com\/boilers\/#primaryimage"},"thumbnailUrl":"https:\/\/www.riteboiler.com\/wp-content\/uploads\/2020\/06\/021-durafin-a.png","datePublished":"2020-06-10T19:21:42+00:00","dateModified":"2020-11-29T02:50:41+00:00","description":"Construimos calderas que se adaptan a sus operaciones. No esperamos que construya sus operaciones para que se ajusten a nuestras calderas. Proporcionamos calderas que te brinda ..","breadcrumb":{"@id":"https:\/\/www.riteboiler.com\/boilers\/#breadcrumb"},"inLanguage":"es","potentialAction":[{"@type":"ReadAction","target":["https:\/\/www.riteboiler.com\/boilers\/"]}]},{"@type":"ImageObject","inLanguage":"es","@id":"https:\/\/www.riteboiler.com\/boilers\/#primaryimage","url":"https:\/\/www.riteboiler.com\/wp-content\/uploads\/2020\/06\/021-durafin-a.png","contentUrl":"https:\/\/www.riteboiler.com\/wp-content\/uploads\/2020\/06\/021-durafin-a.png","width":678,"height":862,"caption":"Durafin"},{"@type":"BreadcrumbList","@id":"https:\/\/www.riteboiler.com\/boilers\/#breadcrumb","itemListElement":[{"@type":"ListItem","position":1,"name":"Home","item":"https:\/\/www.riteboiler.com\/"},{"@type":"ListItem","position":2,"name":"Boilers"}]},{"@type":"WebSite","@id":"https:\/\/www.riteboiler.com\/#website","url":"https:\/\/www.riteboiler.com\/","name":"Calderas Rite","description":"Boilers and Tanks Built to Last! Since 1952","publisher":{"@id":"https:\/\/www.riteboiler.com\/#organization"},"potentialAction":[{"@type":"SearchAction","target":{"@type":"EntryPoint","urlTemplate":"https:\/\/www.riteboiler.com\/?s={search_term_string}"},"query-input":{"@type":"PropertyValueSpecification","valueRequired":true,"valueName":"search_term_string"}}],"inLanguage":"es"},{"@type":"Organization","@id":"https:\/\/www.riteboiler.com\/#organization","name":"Rite Engineering & Manufacturing Corp.","url":"https:\/\/www.riteboiler.com\/","logo":{"@type":"ImageObject","inLanguage":"es","@id":"https:\/\/www.riteboiler.com\/#\/schema\/logo\/image\/","url":"https:\/\/www.riteboiler.com\/wp-content\/uploads\/2020\/06\/rite-boilers-logo-large.png","contentUrl":"https:\/\/www.riteboiler.com\/wp-content\/uploads\/2020\/06\/rite-boilers-logo-large.png","width":600,"height":346,"caption":"Rite Engineering & Manufacturing Corp."},"image":{"@id":"https:\/\/www.riteboiler.com\/#\/schema\/logo\/image\/"}}]}},"_links":{"self":[{"href":"https:\/\/www.riteboiler.com\/es\/wp-json\/wp\/v2\/pages\/144","targetHints":{"allow":["GET"]}}],"collection":[{"href":"https:\/\/www.riteboiler.com\/es\/wp-json\/wp\/v2\/pages"}],"about":[{"href":"https:\/\/www.riteboiler.com\/es\/wp-json\/wp\/v2\/types\/page"}],"author":[{"embeddable":true,"href":"https:\/\/www.riteboiler.com\/es\/wp-json\/wp\/v2\/users\/1"}],"replies":[{"embeddable":true,"href":"https:\/\/www.riteboiler.com\/es\/wp-json\/wp\/v2\/comments?post=144"}],"version-history":[{"count":10,"href":"https:\/\/www.riteboiler.com\/es\/wp-json\/wp\/v2\/pages\/144\/revisions"}],"predecessor-version":[{"id":2005,"href":"https:\/\/www.riteboiler.com\/es\/wp-json\/wp\/v2\/pages\/144\/revisions\/2005"}],"wp:featuredmedia":[{"embeddable":true,"href":"https:\/\/www.riteboiler.com\/es\/wp-json\/wp\/v2\/media\/170"}],"wp:attachment":[{"href":"https:\/\/www.riteboiler.com\/es\/wp-json\/wp\/v2\/media?parent=144"}],"curies":[{"name":"wp","href":"https:\/\/api.w.org\/{rel}","templated":true}]}}