{"id":1440,"date":"2020-06-26T14:11:41","date_gmt":"2020-06-26T19:11:41","guid":{"rendered":"http:\/\/riteboiler.flywheelsites.com\/?page_id=1440"},"modified":"2020-11-28T15:50:09","modified_gmt":"2020-11-28T21:50:09","slug":"controles-automaticos-de-purga-de-superficie-cronometrada","status":"publish","type":"page","link":"https:\/\/www.riteboiler.com\/es\/auxiliaries\/boiler-water-treatment\/automatic-timed-surface-blowdown-controls\/","title":{"rendered":"Controles autom\u00e1ticos de purga de superficie Cronometrada"},"content":{"rendered":"<p>Se utiliza un control de purga automatizado cuando la carga de agua de reposici\u00f3n var\u00eda mucho o cuando otros factores contribuyen a las dificultades para mantener la qu\u00edmica del agua de la caldera. Un sistema de purga automatizado, con un tiempo ajustable, revisa  autom\u00e1ticamente el agua de la caldera y medir\u00e1 la conductividad. Si la conductividad es mayor que el punto de ajuste, el sistema abrir\u00e1 la v\u00e1lvula de purga motorizada hasta que la conductividad est\u00e9 dentro del rango.<\/p>\r\n<ul>\r\n<li>Disponible instalado en f\u00e1brica o modernizado.<\/li>\r\n<li>Ayuda a mantener las calderas de vapor libres de incrustaciones y funcionando con la m\u00e1xima eficiencia.<\/li>\r\n<li>Requiere un mantenimiento m\u00ednimo.<\/li>\r\n<li>Puede amortizarse en ahorro de energ\u00eda en seis meses.<\/li>\r\n<li>Perfecto para instalaciones donde los programas de tratamiento de agua son limitados.<\/li>\r\n<\/ul>\r\n<p><img loading=\"lazy\" decoding=\"async\" title=\"scale-control-3\" src=\"https:\/\/www.riteboiler.com\/wp-content\/uploads\/2020\/06\/scale-control-3.jpg\" alt=\"Controles autom\u00e1ticos de purga de superficie Cronometrada\" width=\"671\" height=\"284\" \/> DOWNLOADS DOWNLOADS<\/p>\r\n<p><a href=\"https:\/\/www.riteboiler.com\/wp-content\/uploads\/2020\/06\/RiteBook_pr1_circa_2004.pdf\" target=\"_blank\" rel=\"noopener noreferrer\">Cat\u00e1logo de calderas Rite (PDF)<\/a><br \/><a href=\"https:\/\/www.riteboiler.com\/wp-content\/uploads\/2020\/06\/scale-control.pdf\" target=\"_blank\" rel=\"noopener noreferrer\">Folleto de control de b\u00e1sculas (PDF)<\/a><\/p>","protected":false},"excerpt":{"rendered":"<p>An automated blowdown control is used when the makeup water load varies greatly or other factors contribute to difficulties in maintaining your boiler water chemistry. An automated blowdown system will, on an adjustable timed basis, automatically sample the boiler water and measure the conductivity.\u00a0 If the conductivity is higher than the setpoint the system will &#8230; <a title=\"Controles autom\u00e1ticos de purga de superficie Cronometrada\" class=\"read-more\" href=\"https:\/\/www.riteboiler.com\/es\/auxiliaries\/boiler-water-treatment\/automatic-timed-surface-blowdown-controls\/\" aria-label=\"Leer m\u00e1s sobre Automatic Timed Surface Blowdown Controls\">Read more<\/a><\/p>","protected":false},"author":1,"featured_media":169,"parent":1412,"menu_order":8,"comment_status":"closed","ping_status":"closed","template":"","meta":{"_monsterinsights_skip_tracking":false,"_monsterinsights_sitenote_active":false,"_monsterinsights_sitenote_note":"","_monsterinsights_sitenote_category":0,"footnotes":""},"class_list":["post-1440","page","type-page","status-publish","has-post-thumbnail"],"yoast_head":"<!-- This site is optimized with the Yoast SEO plugin v27.3 - https:\/\/yoast.com\/product\/yoast-seo-wordpress\/ -->\n<title>Automatic Timed Surface Blowdown Controls - Rite Boilers<\/title>\n<meta name=\"description\" content=\"An automated blowdown controls are used when the makeup water load varies greatly or other factors contribute to difficulties in ...\" \/>\n<meta name=\"robots\" content=\"index, follow, max-snippet:-1, max-image-preview:large, max-video-preview:-1\" \/>\n<link rel=\"canonical\" href=\"https:\/\/www.riteboiler.com\/es\/auxiliares\/tratamiento-de-agua-de-caldera\/controles-automaticos-de-purga-de-superficie-cronometrada\/\" \/>\n<meta property=\"og:locale\" content=\"es_MX\" \/>\n<meta property=\"og:type\" content=\"article\" \/>\n<meta property=\"og:title\" content=\"Automatic Timed Surface Blowdown Controls - Rite Boilers\" \/>\n<meta property=\"og:description\" content=\"An automated blowdown controls are used when the makeup water load varies greatly or other factors contribute to difficulties in ...\" \/>\n<meta property=\"og:url\" content=\"https:\/\/www.riteboiler.com\/es\/auxiliares\/tratamiento-de-agua-de-caldera\/controles-automaticos-de-purga-de-superficie-cronometrada\/\" \/>\n<meta property=\"og:site_name\" content=\"Rite Boilers\" \/>\n<meta property=\"article:modified_time\" content=\"2020-11-28T21:50:09+00:00\" \/>\n<meta property=\"og:image\" content=\"https:\/\/www.riteboiler.com\/wp-content\/uploads\/2020\/06\/020-DSCN2065-new-in-Jan-2020-No-Door.png\" \/>\n\t<meta property=\"og:image:width\" content=\"902\" \/>\n\t<meta property=\"og:image:height\" content=\"1164\" \/>\n\t<meta property=\"og:image:type\" content=\"image\/png\" \/>\n<meta name=\"twitter:card\" content=\"summary_large_image\" \/>\n<meta name=\"twitter:label1\" content=\"Tiempo de lectura\" \/>\n\t<meta name=\"twitter:data1\" content=\"1 minuto\" \/>\n<script type=\"application\/ld+json\" class=\"yoast-schema-graph\">{\"@context\":\"https:\\\/\\\/schema.org\",\"@graph\":[{\"@type\":\"WebPage\",\"@id\":\"https:\\\/\\\/www.riteboiler.com\\\/auxiliaries\\\/boiler-water-treatment\\\/automatic-timed-surface-blowdown-controls\\\/\",\"url\":\"https:\\\/\\\/www.riteboiler.com\\\/auxiliaries\\\/boiler-water-treatment\\\/automatic-timed-surface-blowdown-controls\\\/\",\"name\":\"Automatic Timed Surface Blowdown Controls - Rite Boilers\",\"isPartOf\":{\"@id\":\"https:\\\/\\\/www.riteboiler.com\\\/#website\"},\"primaryImageOfPage\":{\"@id\":\"https:\\\/\\\/www.riteboiler.com\\\/auxiliaries\\\/boiler-water-treatment\\\/automatic-timed-surface-blowdown-controls\\\/#primaryimage\"},\"image\":{\"@id\":\"https:\\\/\\\/www.riteboiler.com\\\/auxiliaries\\\/boiler-water-treatment\\\/automatic-timed-surface-blowdown-controls\\\/#primaryimage\"},\"thumbnailUrl\":\"https:\\\/\\\/www.riteboiler.com\\\/wp-content\\\/uploads\\\/2020\\\/06\\\/020-DSCN2065-new-in-Jan-2020-No-Door.png\",\"datePublished\":\"2020-06-26T19:11:41+00:00\",\"dateModified\":\"2020-11-28T21:50:09+00:00\",\"description\":\"An automated blowdown controls are used when the makeup water load varies greatly or other factors contribute to difficulties in ...\",\"breadcrumb\":{\"@id\":\"https:\\\/\\\/www.riteboiler.com\\\/auxiliaries\\\/boiler-water-treatment\\\/automatic-timed-surface-blowdown-controls\\\/#breadcrumb\"},\"inLanguage\":\"es\",\"potentialAction\":[{\"@type\":\"ReadAction\",\"target\":[\"https:\\\/\\\/www.riteboiler.com\\\/auxiliaries\\\/boiler-water-treatment\\\/automatic-timed-surface-blowdown-controls\\\/\"]}]},{\"@type\":\"ImageObject\",\"inLanguage\":\"es\",\"@id\":\"https:\\\/\\\/www.riteboiler.com\\\/auxiliaries\\\/boiler-water-treatment\\\/automatic-timed-surface-blowdown-controls\\\/#primaryimage\",\"url\":\"https:\\\/\\\/www.riteboiler.com\\\/wp-content\\\/uploads\\\/2020\\\/06\\\/020-DSCN2065-new-in-Jan-2020-No-Door.png\",\"contentUrl\":\"https:\\\/\\\/www.riteboiler.com\\\/wp-content\\\/uploads\\\/2020\\\/06\\\/020-DSCN2065-new-in-Jan-2020-No-Door.png\",\"width\":902,\"height\":1164,\"caption\":\"Water Softeners - No Door\"},{\"@type\":\"BreadcrumbList\",\"@id\":\"https:\\\/\\\/www.riteboiler.com\\\/auxiliaries\\\/boiler-water-treatment\\\/automatic-timed-surface-blowdown-controls\\\/#breadcrumb\",\"itemListElement\":[{\"@type\":\"ListItem\",\"position\":1,\"name\":\"Home\",\"item\":\"https:\\\/\\\/www.riteboiler.com\\\/\"},{\"@type\":\"ListItem\",\"position\":2,\"name\":\"Boiler Room Auxiliaries\",\"item\":\"https:\\\/\\\/www.riteboiler.com\\\/auxiliaries\\\/\"},{\"@type\":\"ListItem\",\"position\":3,\"name\":\"Boiler Water Treatment\",\"item\":\"https:\\\/\\\/www.riteboiler.com\\\/auxiliaries\\\/boiler-water-treatment\\\/\"},{\"@type\":\"ListItem\",\"position\":4,\"name\":\"Automatic Timed Surface Blowdown Controls\"}]},{\"@type\":\"WebSite\",\"@id\":\"https:\\\/\\\/www.riteboiler.com\\\/#website\",\"url\":\"https:\\\/\\\/www.riteboiler.com\\\/\",\"name\":\"Rite Boilers\",\"description\":\"Boilers and Tanks Built to Last! Since 1952\",\"publisher\":{\"@id\":\"https:\\\/\\\/www.riteboiler.com\\\/#organization\"},\"potentialAction\":[{\"@type\":\"SearchAction\",\"target\":{\"@type\":\"EntryPoint\",\"urlTemplate\":\"https:\\\/\\\/www.riteboiler.com\\\/?s={search_term_string}\"},\"query-input\":{\"@type\":\"PropertyValueSpecification\",\"valueRequired\":true,\"valueName\":\"search_term_string\"}}],\"inLanguage\":\"es\"},{\"@type\":\"Organization\",\"@id\":\"https:\\\/\\\/www.riteboiler.com\\\/#organization\",\"name\":\"Rite Engineering & Manufacturing Corp.\",\"url\":\"https:\\\/\\\/www.riteboiler.com\\\/\",\"logo\":{\"@type\":\"ImageObject\",\"inLanguage\":\"es\",\"@id\":\"https:\\\/\\\/www.riteboiler.com\\\/#\\\/schema\\\/logo\\\/image\\\/\",\"url\":\"https:\\\/\\\/www.riteboiler.com\\\/wp-content\\\/uploads\\\/2020\\\/06\\\/rite-boilers-logo-large.png\",\"contentUrl\":\"https:\\\/\\\/www.riteboiler.com\\\/wp-content\\\/uploads\\\/2020\\\/06\\\/rite-boilers-logo-large.png\",\"width\":600,\"height\":346,\"caption\":\"Rite Engineering & Manufacturing Corp.\"},\"image\":{\"@id\":\"https:\\\/\\\/www.riteboiler.com\\\/#\\\/schema\\\/logo\\\/image\\\/\"}}]}<\/script>\n<!-- \/ Yoast SEO plugin. -->","yoast_head_json":{"title":"Automatic Timed Surface Blowdown Controls - Rite Boilers","description":"Se utilizan controles de purga automatizados cuando la carga de agua de reposici\u00f3n var\u00eda mucho o cuando otros factores contribuyen a las dificultades en ...","robots":{"index":"index","follow":"follow","max-snippet":"max-snippet:-1","max-image-preview":"max-image-preview:large","max-video-preview":"max-video-preview:-1"},"canonical":"https:\/\/www.riteboiler.com\/es\/auxiliares\/tratamiento-de-agua-de-caldera\/controles-automaticos-de-purga-de-superficie-cronometrada\/","og_locale":"es_MX","og_type":"article","og_title":"Automatic Timed Surface Blowdown Controls - Rite Boilers","og_description":"An automated blowdown controls are used when the makeup water load varies greatly or other factors contribute to difficulties in ...","og_url":"https:\/\/www.riteboiler.com\/es\/auxiliares\/tratamiento-de-agua-de-caldera\/controles-automaticos-de-purga-de-superficie-cronometrada\/","og_site_name":"Rite Boilers","article_modified_time":"2020-11-28T21:50:09+00:00","og_image":[{"width":902,"height":1164,"url":"https:\/\/www.riteboiler.com\/wp-content\/uploads\/2020\/06\/020-DSCN2065-new-in-Jan-2020-No-Door.png","type":"image\/png"}],"twitter_card":"summary_large_image","twitter_misc":{"Tiempo de lectura":"1 minuto"},"schema":{"@context":"https:\/\/schema.org","@graph":[{"@type":"WebPage","@id":"https:\/\/www.riteboiler.com\/auxiliaries\/boiler-water-treatment\/automatic-timed-surface-blowdown-controls\/","url":"https:\/\/www.riteboiler.com\/auxiliaries\/boiler-water-treatment\/automatic-timed-surface-blowdown-controls\/","name":"Automatic Timed Surface Blowdown Controls - Rite Boilers","isPartOf":{"@id":"https:\/\/www.riteboiler.com\/#website"},"primaryImageOfPage":{"@id":"https:\/\/www.riteboiler.com\/auxiliaries\/boiler-water-treatment\/automatic-timed-surface-blowdown-controls\/#primaryimage"},"image":{"@id":"https:\/\/www.riteboiler.com\/auxiliaries\/boiler-water-treatment\/automatic-timed-surface-blowdown-controls\/#primaryimage"},"thumbnailUrl":"https:\/\/www.riteboiler.com\/wp-content\/uploads\/2020\/06\/020-DSCN2065-new-in-Jan-2020-No-Door.png","datePublished":"2020-06-26T19:11:41+00:00","dateModified":"2020-11-28T21:50:09+00:00","description":"Se utilizan controles de purga automatizados cuando la carga de agua de reposici\u00f3n var\u00eda mucho o cuando otros factores contribuyen a las dificultades en ...","breadcrumb":{"@id":"https:\/\/www.riteboiler.com\/auxiliaries\/boiler-water-treatment\/automatic-timed-surface-blowdown-controls\/#breadcrumb"},"inLanguage":"es","potentialAction":[{"@type":"ReadAction","target":["https:\/\/www.riteboiler.com\/auxiliaries\/boiler-water-treatment\/automatic-timed-surface-blowdown-controls\/"]}]},{"@type":"ImageObject","inLanguage":"es","@id":"https:\/\/www.riteboiler.com\/auxiliaries\/boiler-water-treatment\/automatic-timed-surface-blowdown-controls\/#primaryimage","url":"https:\/\/www.riteboiler.com\/wp-content\/uploads\/2020\/06\/020-DSCN2065-new-in-Jan-2020-No-Door.png","contentUrl":"https:\/\/www.riteboiler.com\/wp-content\/uploads\/2020\/06\/020-DSCN2065-new-in-Jan-2020-No-Door.png","width":902,"height":1164,"caption":"Water Softeners - No Door"},{"@type":"BreadcrumbList","@id":"https:\/\/www.riteboiler.com\/auxiliaries\/boiler-water-treatment\/automatic-timed-surface-blowdown-controls\/#breadcrumb","itemListElement":[{"@type":"ListItem","position":1,"name":"Home","item":"https:\/\/www.riteboiler.com\/"},{"@type":"ListItem","position":2,"name":"Boiler Room Auxiliaries","item":"https:\/\/www.riteboiler.com\/auxiliaries\/"},{"@type":"ListItem","position":3,"name":"Boiler Water Treatment","item":"https:\/\/www.riteboiler.com\/auxiliaries\/boiler-water-treatment\/"},{"@type":"ListItem","position":4,"name":"Automatic Timed Surface Blowdown Controls"}]},{"@type":"WebSite","@id":"https:\/\/www.riteboiler.com\/#website","url":"https:\/\/www.riteboiler.com\/","name":"Calderas Rite","description":"Boilers and Tanks Built to Last! Since 1952","publisher":{"@id":"https:\/\/www.riteboiler.com\/#organization"},"potentialAction":[{"@type":"SearchAction","target":{"@type":"EntryPoint","urlTemplate":"https:\/\/www.riteboiler.com\/?s={search_term_string}"},"query-input":{"@type":"PropertyValueSpecification","valueRequired":true,"valueName":"search_term_string"}}],"inLanguage":"es"},{"@type":"Organization","@id":"https:\/\/www.riteboiler.com\/#organization","name":"Rite Engineering & Manufacturing Corp.","url":"https:\/\/www.riteboiler.com\/","logo":{"@type":"ImageObject","inLanguage":"es","@id":"https:\/\/www.riteboiler.com\/#\/schema\/logo\/image\/","url":"https:\/\/www.riteboiler.com\/wp-content\/uploads\/2020\/06\/rite-boilers-logo-large.png","contentUrl":"https:\/\/www.riteboiler.com\/wp-content\/uploads\/2020\/06\/rite-boilers-logo-large.png","width":600,"height":346,"caption":"Rite Engineering & Manufacturing Corp."},"image":{"@id":"https:\/\/www.riteboiler.com\/#\/schema\/logo\/image\/"}}]}},"_links":{"self":[{"href":"https:\/\/www.riteboiler.com\/es\/wp-json\/wp\/v2\/pages\/1440","targetHints":{"allow":["GET"]}}],"collection":[{"href":"https:\/\/www.riteboiler.com\/es\/wp-json\/wp\/v2\/pages"}],"about":[{"href":"https:\/\/www.riteboiler.com\/es\/wp-json\/wp\/v2\/types\/page"}],"author":[{"embeddable":true,"href":"https:\/\/www.riteboiler.com\/es\/wp-json\/wp\/v2\/users\/1"}],"replies":[{"embeddable":true,"href":"https:\/\/www.riteboiler.com\/es\/wp-json\/wp\/v2\/comments?post=1440"}],"version-history":[{"count":6,"href":"https:\/\/www.riteboiler.com\/es\/wp-json\/wp\/v2\/pages\/1440\/revisions"}],"predecessor-version":[{"id":1997,"href":"https:\/\/www.riteboiler.com\/es\/wp-json\/wp\/v2\/pages\/1440\/revisions\/1997"}],"up":[{"embeddable":true,"href":"https:\/\/www.riteboiler.com\/es\/wp-json\/wp\/v2\/pages\/1412"}],"wp:featuredmedia":[{"embeddable":true,"href":"https:\/\/www.riteboiler.com\/es\/wp-json\/wp\/v2\/media\/169"}],"wp:attachment":[{"href":"https:\/\/www.riteboiler.com\/es\/wp-json\/wp\/v2\/media?parent=1440"}],"curies":[{"name":"wp","href":"https:\/\/api.w.org\/{rel}","templated":true}]}}