{"id":1705,"date":"2020-06-28T13:12:30","date_gmt":"2020-06-28T18:12:30","guid":{"rendered":"http:\/\/riteboiler.flywheelsites.com\/?page_id=1705"},"modified":"2020-11-29T01:39:10","modified_gmt":"2020-11-29T07:39:10","slug":"como-instalar-juntas-topog-e","status":"publish","type":"page","link":"https:\/\/www.riteboiler.com\/es\/tech-support\/how-to-install-topog-e-gaskets\/","title":{"rendered":"C\u00f3mo instalar las juntas Topog-e"},"content":{"rendered":"<p><img loading=\"lazy\" decoding=\"async\" src=\"https:\/\/www.riteboiler.com\/wp-content\/uploads\/2020\/06\/topog-e-1.png\" alt=\"\" width=\"920\" height=\"400\" \/><\/p>\r\n<p>Retire la junta vieja y limpie a fondo la superficie de la caldera y la placa de cubierta. Si la junta que se reemplaza no es una junta Topog-E, puede ser necesario pulir cada superficie. Coloque una junta Topog-E nueva en la placa de la cubierta de inspecci\u00f3n y aseg\u00farese de que la junta est\u00e9 apretada contra la placa. No utilice grasa, lubricante o adhesivo. Cuando la placa de cubierta est\u00e9 en la caldera y la junta est\u00e9 en su lugar, haga una \u00faltima pasada de limpieza con un trapo envuelto alrededor de su dedo para asegurarse de que la superficie de contacto en la caldera est\u00e9 limpia.<\/p>\r\n<p><img loading=\"lazy\" decoding=\"async\" src=\"https:\/\/www.riteboiler.com\/wp-content\/uploads\/2020\/06\/topog-e-2.png\" alt=\"Step 2\" width=\"751\" height=\"698\" \/><\/p>\r\n<p>Coloque el cangrejo, luego centre la placa en la abertura y apriete la tuerca lo suficiente para que encaje perfectamente. Apri\u00e9telo con la mano y luego aumente la presi\u00f3n sobre la junta con un cuarto de vuelta de llave.<\/p>\r\n<p><img loading=\"lazy\" decoding=\"async\" src=\"https:\/\/www.riteboiler.com\/wp-content\/uploads\/2020\/06\/topog-e-3.png\" alt=\"Step 3\" width=\"568\" height=\"501\" \/><\/p>\r\n<p>No apriete demasiado, ya que comprimir\u00e1 demasiado la junta y acortar\u00e1 su vida \u00fatil. Si la junta tiene fugas mientras se acumula presi\u00f3n, apriete solo lo suficiente para detener la fuga.<\/p>\r\n<p><img loading=\"lazy\" decoding=\"async\" src=\"https:\/\/www.riteboiler.com\/wp-content\/uploads\/2020\/06\/topog-e-4.png\" alt=\"Step 4\" width=\"848\" height=\"441\" \/><\/p>\r\n<p>A medida que la presi\u00f3n aumenta hasta el nivel de funcionamiento en la caldera, la tuerca y el cangrejo se aflojar\u00e1n, ya que normalmente la junta tarda varios d\u00edas en alcanzar su compresi\u00f3n m\u00e1xima. Es importante mantener la tuerca al menos apretada con los dedos hasta que ya no se afloje.<\/p>","protected":false},"excerpt":{"rendered":"<p>Remove old gasket and thoroughly clean surface on boiler and on cover plate. If the gasket being replaced is not a Topog-E gasket it may be necessary to buff each surface. Place new Topog-E gasket on inspection cover plate, and make sure that the gasket is pushed down tight on the plate. Do not use &#8230; <a title=\"C\u00f3mo instalar las juntas Topog-e\" class=\"read-more\" href=\"https:\/\/www.riteboiler.com\/es\/tech-support\/how-to-install-topog-e-gaskets\/\" aria-label=\"Leer m\u00e1s sobre How to Install Topog-e Gaskets\">Read more<\/a><\/p>","protected":false},"author":1,"featured_media":170,"parent":1499,"menu_order":6,"comment_status":"closed","ping_status":"closed","template":"","meta":{"_monsterinsights_skip_tracking":false,"_monsterinsights_sitenote_active":false,"_monsterinsights_sitenote_note":"","_monsterinsights_sitenote_category":0,"footnotes":""},"class_list":["post-1705","page","type-page","status-publish","has-post-thumbnail"],"yoast_head":"<!-- This site is optimized with the Yoast SEO plugin v27.4 - https:\/\/yoast.com\/product\/yoast-seo-wordpress\/ -->\n<title>Topog-e Gaskets Installation - Rite Boilers Remove old gasket and...<\/title>\n<meta name=\"description\" content=\"How to Install Topog-e Gaskets - Remove old gasket and thoroughly clean surface on boiler and on cover plate. If the gasket being replaced...\" \/>\n<meta name=\"robots\" content=\"index, follow, max-snippet:-1, max-image-preview:large, max-video-preview:-1\" \/>\n<link rel=\"canonical\" href=\"https:\/\/www.riteboiler.com\/es\/soporte-tecnico\/como-instalar-juntas-topog-e\/\" \/>\n<meta property=\"og:locale\" content=\"es_MX\" \/>\n<meta property=\"og:type\" content=\"article\" \/>\n<meta property=\"og:title\" content=\"Topog-e Gaskets Installation - Rite Boilers Remove old gasket and...\" \/>\n<meta property=\"og:description\" content=\"How to Install Topog-e Gaskets - Remove old gasket and thoroughly clean surface on boiler and on cover plate. If the gasket being replaced...\" \/>\n<meta property=\"og:url\" content=\"https:\/\/www.riteboiler.com\/es\/soporte-tecnico\/como-instalar-juntas-topog-e\/\" \/>\n<meta property=\"og:site_name\" content=\"Rite Boilers\" \/>\n<meta property=\"article:modified_time\" content=\"2020-11-29T07:39:10+00:00\" \/>\n<meta property=\"og:image\" content=\"https:\/\/www.riteboiler.com\/wp-content\/uploads\/2020\/06\/021-durafin-a.png\" \/>\n\t<meta property=\"og:image:width\" content=\"678\" \/>\n\t<meta property=\"og:image:height\" content=\"862\" \/>\n\t<meta property=\"og:image:type\" content=\"image\/png\" \/>\n<meta name=\"twitter:card\" content=\"summary_large_image\" \/>\n<meta name=\"twitter:label1\" content=\"Tiempo de lectura\" \/>\n\t<meta name=\"twitter:data1\" content=\"1 minuto\" \/>\n<script type=\"application\/ld+json\" class=\"yoast-schema-graph\">{\"@context\":\"https:\\\/\\\/schema.org\",\"@graph\":[{\"@type\":\"WebPage\",\"@id\":\"https:\\\/\\\/www.riteboiler.com\\\/es\\\/soporte-tecnico\\\/como-instalar-juntas-topog-e\\\/\",\"url\":\"https:\\\/\\\/www.riteboiler.com\\\/es\\\/soporte-tecnico\\\/como-instalar-juntas-topog-e\\\/\",\"name\":\"Topog-e Gaskets Installation - Rite Boilers Remove old gasket and...\",\"isPartOf\":{\"@id\":\"https:\\\/\\\/www.riteboiler.com\\\/#website\"},\"primaryImageOfPage\":{\"@id\":\"https:\\\/\\\/www.riteboiler.com\\\/es\\\/soporte-tecnico\\\/como-instalar-juntas-topog-e\\\/#primaryimage\"},\"image\":{\"@id\":\"https:\\\/\\\/www.riteboiler.com\\\/es\\\/soporte-tecnico\\\/como-instalar-juntas-topog-e\\\/#primaryimage\"},\"thumbnailUrl\":\"https:\\\/\\\/www.riteboiler.com\\\/wp-content\\\/uploads\\\/2020\\\/06\\\/021-durafin-a.png\",\"datePublished\":\"2020-06-28T18:12:30+00:00\",\"dateModified\":\"2020-11-29T07:39:10+00:00\",\"description\":\"How to Install Topog-e Gaskets - Remove old gasket and thoroughly clean surface on boiler and on cover plate. If the gasket being replaced...\",\"breadcrumb\":{\"@id\":\"https:\\\/\\\/www.riteboiler.com\\\/es\\\/soporte-tecnico\\\/como-instalar-juntas-topog-e\\\/#breadcrumb\"},\"inLanguage\":\"es\",\"potentialAction\":[{\"@type\":\"ReadAction\",\"target\":[\"https:\\\/\\\/www.riteboiler.com\\\/es\\\/soporte-tecnico\\\/como-instalar-juntas-topog-e\\\/\"]}]},{\"@type\":\"ImageObject\",\"inLanguage\":\"es\",\"@id\":\"https:\\\/\\\/www.riteboiler.com\\\/es\\\/soporte-tecnico\\\/como-instalar-juntas-topog-e\\\/#primaryimage\",\"url\":\"https:\\\/\\\/www.riteboiler.com\\\/wp-content\\\/uploads\\\/2020\\\/06\\\/021-durafin-a.png\",\"contentUrl\":\"https:\\\/\\\/www.riteboiler.com\\\/wp-content\\\/uploads\\\/2020\\\/06\\\/021-durafin-a.png\",\"width\":678,\"height\":862,\"caption\":\"Durafin\"},{\"@type\":\"BreadcrumbList\",\"@id\":\"https:\\\/\\\/www.riteboiler.com\\\/es\\\/soporte-tecnico\\\/como-instalar-juntas-topog-e\\\/#breadcrumb\",\"itemListElement\":[{\"@type\":\"ListItem\",\"position\":1,\"name\":\"Home\",\"item\":\"https:\\\/\\\/www.riteboiler.com\\\/\"},{\"@type\":\"ListItem\",\"position\":2,\"name\":\"Tech Support\",\"item\":\"https:\\\/\\\/www.riteboiler.com\\\/tech-support\\\/\"},{\"@type\":\"ListItem\",\"position\":3,\"name\":\"How to Install Topog-e Gaskets\"}]},{\"@type\":\"WebSite\",\"@id\":\"https:\\\/\\\/www.riteboiler.com\\\/#website\",\"url\":\"https:\\\/\\\/www.riteboiler.com\\\/\",\"name\":\"Rite Boilers\",\"description\":\"Boilers and Tanks Built to Last! Since 1952\",\"publisher\":{\"@id\":\"https:\\\/\\\/www.riteboiler.com\\\/#organization\"},\"potentialAction\":[{\"@type\":\"SearchAction\",\"target\":{\"@type\":\"EntryPoint\",\"urlTemplate\":\"https:\\\/\\\/www.riteboiler.com\\\/?s={search_term_string}\"},\"query-input\":{\"@type\":\"PropertyValueSpecification\",\"valueRequired\":true,\"valueName\":\"search_term_string\"}}],\"inLanguage\":\"es\"},{\"@type\":\"Organization\",\"@id\":\"https:\\\/\\\/www.riteboiler.com\\\/#organization\",\"name\":\"Rite Engineering & Manufacturing Corp.\",\"url\":\"https:\\\/\\\/www.riteboiler.com\\\/\",\"logo\":{\"@type\":\"ImageObject\",\"inLanguage\":\"es\",\"@id\":\"https:\\\/\\\/www.riteboiler.com\\\/#\\\/schema\\\/logo\\\/image\\\/\",\"url\":\"https:\\\/\\\/www.riteboiler.com\\\/wp-content\\\/uploads\\\/2020\\\/06\\\/rite-boilers-logo-large.png\",\"contentUrl\":\"https:\\\/\\\/www.riteboiler.com\\\/wp-content\\\/uploads\\\/2020\\\/06\\\/rite-boilers-logo-large.png\",\"width\":600,\"height\":346,\"caption\":\"Rite Engineering & Manufacturing Corp.\"},\"image\":{\"@id\":\"https:\\\/\\\/www.riteboiler.com\\\/#\\\/schema\\\/logo\\\/image\\\/\"}}]}<\/script>\n<!-- \/ Yoast SEO plugin. -->","yoast_head_json":{"title":"Topog-e Gaskets Installation - Rite Boilers Remove old gasket and...","description":"C\u00f3mo instalar las juntas Topog-e - Retire la junta vieja y limpie completamente la superficie de la caldera y la placa de cubierta. Si la junta que se est\u00e1 reemplazando ...","robots":{"index":"index","follow":"follow","max-snippet":"max-snippet:-1","max-image-preview":"max-image-preview:large","max-video-preview":"max-video-preview:-1"},"canonical":"https:\/\/www.riteboiler.com\/es\/soporte-tecnico\/como-instalar-juntas-topog-e\/","og_locale":"es_MX","og_type":"article","og_title":"Topog-e Gaskets Installation - Rite Boilers Remove old gasket and...","og_description":"How to Install Topog-e Gaskets - Remove old gasket and thoroughly clean surface on boiler and on cover plate. If the gasket being replaced...","og_url":"https:\/\/www.riteboiler.com\/es\/soporte-tecnico\/como-instalar-juntas-topog-e\/","og_site_name":"Rite Boilers","article_modified_time":"2020-11-29T07:39:10+00:00","og_image":[{"width":678,"height":862,"url":"https:\/\/www.riteboiler.com\/wp-content\/uploads\/2020\/06\/021-durafin-a.png","type":"image\/png"}],"twitter_card":"summary_large_image","twitter_misc":{"Tiempo de lectura":"1 minuto"},"schema":{"@context":"https:\/\/schema.org","@graph":[{"@type":"WebPage","@id":"https:\/\/www.riteboiler.com\/es\/soporte-tecnico\/como-instalar-juntas-topog-e\/","url":"https:\/\/www.riteboiler.com\/es\/soporte-tecnico\/como-instalar-juntas-topog-e\/","name":"Topog-e Gaskets Installation - Rite Boilers Remove old gasket and...","isPartOf":{"@id":"https:\/\/www.riteboiler.com\/#website"},"primaryImageOfPage":{"@id":"https:\/\/www.riteboiler.com\/es\/soporte-tecnico\/como-instalar-juntas-topog-e\/#primaryimage"},"image":{"@id":"https:\/\/www.riteboiler.com\/es\/soporte-tecnico\/como-instalar-juntas-topog-e\/#primaryimage"},"thumbnailUrl":"https:\/\/www.riteboiler.com\/wp-content\/uploads\/2020\/06\/021-durafin-a.png","datePublished":"2020-06-28T18:12:30+00:00","dateModified":"2020-11-29T07:39:10+00:00","description":"C\u00f3mo instalar las juntas Topog-e - Retire la junta vieja y limpie completamente la superficie de la caldera y la placa de cubierta. Si la junta que se est\u00e1 reemplazando ...","breadcrumb":{"@id":"https:\/\/www.riteboiler.com\/es\/soporte-tecnico\/como-instalar-juntas-topog-e\/#breadcrumb"},"inLanguage":"es","potentialAction":[{"@type":"ReadAction","target":["https:\/\/www.riteboiler.com\/es\/soporte-tecnico\/como-instalar-juntas-topog-e\/"]}]},{"@type":"ImageObject","inLanguage":"es","@id":"https:\/\/www.riteboiler.com\/es\/soporte-tecnico\/como-instalar-juntas-topog-e\/#primaryimage","url":"https:\/\/www.riteboiler.com\/wp-content\/uploads\/2020\/06\/021-durafin-a.png","contentUrl":"https:\/\/www.riteboiler.com\/wp-content\/uploads\/2020\/06\/021-durafin-a.png","width":678,"height":862,"caption":"Durafin"},{"@type":"BreadcrumbList","@id":"https:\/\/www.riteboiler.com\/es\/soporte-tecnico\/como-instalar-juntas-topog-e\/#breadcrumb","itemListElement":[{"@type":"ListItem","position":1,"name":"Home","item":"https:\/\/www.riteboiler.com\/"},{"@type":"ListItem","position":2,"name":"Tech Support","item":"https:\/\/www.riteboiler.com\/tech-support\/"},{"@type":"ListItem","position":3,"name":"How to Install Topog-e Gaskets"}]},{"@type":"WebSite","@id":"https:\/\/www.riteboiler.com\/#website","url":"https:\/\/www.riteboiler.com\/","name":"Calderas Rite","description":"Boilers and Tanks Built to Last! Since 1952","publisher":{"@id":"https:\/\/www.riteboiler.com\/#organization"},"potentialAction":[{"@type":"SearchAction","target":{"@type":"EntryPoint","urlTemplate":"https:\/\/www.riteboiler.com\/?s={search_term_string}"},"query-input":{"@type":"PropertyValueSpecification","valueRequired":true,"valueName":"search_term_string"}}],"inLanguage":"es"},{"@type":"Organization","@id":"https:\/\/www.riteboiler.com\/#organization","name":"Rite Engineering & Manufacturing Corp.","url":"https:\/\/www.riteboiler.com\/","logo":{"@type":"ImageObject","inLanguage":"es","@id":"https:\/\/www.riteboiler.com\/#\/schema\/logo\/image\/","url":"https:\/\/www.riteboiler.com\/wp-content\/uploads\/2020\/06\/rite-boilers-logo-large.png","contentUrl":"https:\/\/www.riteboiler.com\/wp-content\/uploads\/2020\/06\/rite-boilers-logo-large.png","width":600,"height":346,"caption":"Rite Engineering & Manufacturing Corp."},"image":{"@id":"https:\/\/www.riteboiler.com\/#\/schema\/logo\/image\/"}}]}},"_links":{"self":[{"href":"https:\/\/www.riteboiler.com\/es\/wp-json\/wp\/v2\/pages\/1705","targetHints":{"allow":["GET"]}}],"collection":[{"href":"https:\/\/www.riteboiler.com\/es\/wp-json\/wp\/v2\/pages"}],"about":[{"href":"https:\/\/www.riteboiler.com\/es\/wp-json\/wp\/v2\/types\/page"}],"author":[{"embeddable":true,"href":"https:\/\/www.riteboiler.com\/es\/wp-json\/wp\/v2\/users\/1"}],"replies":[{"embeddable":true,"href":"https:\/\/www.riteboiler.com\/es\/wp-json\/wp\/v2\/comments?post=1705"}],"version-history":[{"count":5,"href":"https:\/\/www.riteboiler.com\/es\/wp-json\/wp\/v2\/pages\/1705\/revisions"}],"predecessor-version":[{"id":2031,"href":"https:\/\/www.riteboiler.com\/es\/wp-json\/wp\/v2\/pages\/1705\/revisions\/2031"}],"up":[{"embeddable":true,"href":"https:\/\/www.riteboiler.com\/es\/wp-json\/wp\/v2\/pages\/1499"}],"wp:featuredmedia":[{"embeddable":true,"href":"https:\/\/www.riteboiler.com\/es\/wp-json\/wp\/v2\/media\/170"}],"wp:attachment":[{"href":"https:\/\/www.riteboiler.com\/es\/wp-json\/wp\/v2\/media?parent=1705"}],"curies":[{"name":"wp","href":"https:\/\/api.w.org\/{rel}","templated":true}]}}