{"id":1728,"date":"2020-06-28T14:01:54","date_gmt":"2020-06-28T19:01:54","guid":{"rendered":"http:\/\/riteboiler.flywheelsites.com\/?page_id=1728"},"modified":"2020-11-28T17:23:47","modified_gmt":"2020-11-28T23:23:47","slug":"requisitos-de-la-sala-de-calderas-2","status":"publish","type":"page","link":"https:\/\/www.riteboiler.com\/es\/tech-support\/boiler-room-requirements\/","title":{"rendered":"Requisitos de la sala de calderas"},"content":{"rendered":"<p>Lo siguiente se aplica a las calderas de vapor a baja presi\u00f3n o de agua caliente de la Secci\u00f3n IV.<\/p>\r\n<p><strong><em>\u00a1Siempre verifique los c\u00f3digos locales para asegurarse de que se aplique lo siguiente!<\/em><\/strong><\/p>\r\n<p>Se puede colocar una caldera en una habitaci\u00f3n. <strong>Cuando la caldera se coloca en esa habitaci\u00f3n, se convierte en la \"sala de calderas\" y debe seguir los requisitos descritos en la secci\u00f3n 904 del C\u00f3digo Mec\u00e1nico Uniforme.<\/strong> Los requisitos de aire se basan en la secci\u00f3n 701 y <a href=\"https:\/\/www.riteboiler.com\/wp-content\/uploads\/2020\/06\/Indoor_Combustion_Air_Requirements.pdf\" target=\"_blank\" rel=\"noopener noreferrer\">un extracto se puede leer aqu\u00ed<\/a>. Vea los ejemplos a continuaci\u00f3n.<\/p>\r\n<p>Ejemplo 1: Tengo un edificio de 100 pies de largo x 100 pies de ancho x 20 pies de alto sin electrodom\u00e9sticos de gas. \u00bfPuedo colocar una caldera de vapor de baja presi\u00f3n atmosf\u00e9rica de entrada de 4,000,000 btu \/ h en la habitaci\u00f3n sin agregar aire de combusti\u00f3n? El volumen m\u00ednimo requerido es de 50 pies<sup>3<\/sup> por 1000 btu \/ hr. Tomamos 4.000.000 \/ 1.000, lo que nos deja con 4.000. Multiplicamos 4.000 x 50 para obtener nuestro volumen m\u00ednimo de 200.000 pies<sup>3<\/sup>. Nuestro edificio tiene 200,000 pies c\u00fabicos<sup>3<\/sup> as\u00ed cumplimos con el requisito m\u00ednimo.<\/p>\r\n<p>Ejemplo 2: Si se conoce la tasa de filtraci\u00f3n de aire, se puede utilizar el siguiente c\u00e1lculo. El volumen requerido es (21 pies c\u00fabicos<sup>3<\/sup>\/ Cambio de aire por hora) x (Entrada de todos los aparatos de quemadores atmosf\u00e9ricos en btuh \/ 1000 btuh). Si asumimos que nuestro cambio de aire por hora es 1 cambio de aire por hora, nuestra ecuaci\u00f3n ser\u00eda la siguiente:<\/p>\r\n<p>(21\/1) x (4,000,000\/1,000)=<br \/>(21) x (4,000)= 84,000 sf<sup>3<\/sup><br \/>Nuestro edificio ser\u00eda lo suficientemente grande<br \/>\u00bfCu\u00e1ndo se requiere la separaci\u00f3n?<br \/>Generalmente se requiere separaci\u00f3n para calderas de vapor de alta presi\u00f3n (Secci\u00f3n I) de m\u00e1s de 10 HP. <strong>Nuevamente verifique con los c\u00f3digos locales para confirmar.<\/strong><\/p>","protected":false},"excerpt":{"rendered":"<p>The following applies to low pressure steam or Section IV hot water boilers. Always check with local codes to make sure the following applies! A boiler may be placed into a room. When the boiler is placed in that room it becomes the \u201cboiler room\u201d and must follow the requirements outlined in section 904 of &#8230; <a title=\"Requisitos de la sala de calderas\" class=\"read-more\" href=\"https:\/\/www.riteboiler.com\/es\/tech-support\/boiler-room-requirements\/\" aria-label=\"Leer m\u00e1s sobre Boiler Room Requirements\">Read more<\/a><\/p>","protected":false},"author":1,"featured_media":170,"parent":1499,"menu_order":6,"comment_status":"closed","ping_status":"closed","template":"","meta":{"_monsterinsights_skip_tracking":false,"_monsterinsights_sitenote_active":false,"_monsterinsights_sitenote_note":"","_monsterinsights_sitenote_category":0,"footnotes":""},"class_list":["post-1728","page","type-page","status-publish","has-post-thumbnail"],"yoast_head":"<!-- This site is optimized with the Yoast SEO plugin v27.3 - https:\/\/yoast.com\/product\/yoast-seo-wordpress\/ -->\n<title>Boiler Room Requirements - Rite Boilers low pressure steam<\/title>\n<meta name=\"description\" content=\"The following applies to low pressure steam or Section IV hot water boilers. A boiler may be placed into a room.\" \/>\n<meta name=\"robots\" content=\"index, follow, max-snippet:-1, max-image-preview:large, max-video-preview:-1\" \/>\n<link rel=\"canonical\" href=\"https:\/\/www.riteboiler.com\/es\/soporte-tecnico\/requisitos-de-la-sala-de-calderas-2\/\" \/>\n<meta property=\"og:locale\" content=\"es_MX\" \/>\n<meta property=\"og:type\" content=\"article\" \/>\n<meta property=\"og:title\" content=\"Boiler Room Requirements - Rite Boilers low pressure steam\" \/>\n<meta property=\"og:description\" content=\"The following applies to low pressure steam or Section IV hot water boilers. A boiler may be placed into a room.\" \/>\n<meta property=\"og:url\" content=\"https:\/\/www.riteboiler.com\/es\/soporte-tecnico\/requisitos-de-la-sala-de-calderas-2\/\" \/>\n<meta property=\"og:site_name\" content=\"Rite Boilers\" \/>\n<meta property=\"article:modified_time\" content=\"2020-11-28T23:23:47+00:00\" \/>\n<meta property=\"og:image\" content=\"https:\/\/www.riteboiler.com\/wp-content\/uploads\/2020\/06\/021-durafin-a.png\" \/>\n\t<meta property=\"og:image:width\" content=\"678\" \/>\n\t<meta property=\"og:image:height\" content=\"862\" \/>\n\t<meta property=\"og:image:type\" content=\"image\/png\" \/>\n<meta name=\"twitter:card\" content=\"summary_large_image\" \/>\n<meta name=\"twitter:label1\" content=\"Tiempo de lectura\" \/>\n\t<meta name=\"twitter:data1\" content=\"1 minuto\" \/>\n<script type=\"application\/ld+json\" class=\"yoast-schema-graph\">{\"@context\":\"https:\\\/\\\/schema.org\",\"@graph\":[{\"@type\":\"WebPage\",\"@id\":\"https:\\\/\\\/www.riteboiler.com\\\/tech-support\\\/boiler-room-requirements\\\/\",\"url\":\"https:\\\/\\\/www.riteboiler.com\\\/tech-support\\\/boiler-room-requirements\\\/\",\"name\":\"Boiler Room Requirements - Rite Boilers low pressure steam\",\"isPartOf\":{\"@id\":\"https:\\\/\\\/www.riteboiler.com\\\/#website\"},\"primaryImageOfPage\":{\"@id\":\"https:\\\/\\\/www.riteboiler.com\\\/tech-support\\\/boiler-room-requirements\\\/#primaryimage\"},\"image\":{\"@id\":\"https:\\\/\\\/www.riteboiler.com\\\/tech-support\\\/boiler-room-requirements\\\/#primaryimage\"},\"thumbnailUrl\":\"https:\\\/\\\/www.riteboiler.com\\\/wp-content\\\/uploads\\\/2020\\\/06\\\/021-durafin-a.png\",\"datePublished\":\"2020-06-28T19:01:54+00:00\",\"dateModified\":\"2020-11-28T23:23:47+00:00\",\"description\":\"The following applies to low pressure steam or Section IV hot water boilers. A boiler may be placed into a room.\",\"breadcrumb\":{\"@id\":\"https:\\\/\\\/www.riteboiler.com\\\/tech-support\\\/boiler-room-requirements\\\/#breadcrumb\"},\"inLanguage\":\"es\",\"potentialAction\":[{\"@type\":\"ReadAction\",\"target\":[\"https:\\\/\\\/www.riteboiler.com\\\/tech-support\\\/boiler-room-requirements\\\/\"]}]},{\"@type\":\"ImageObject\",\"inLanguage\":\"es\",\"@id\":\"https:\\\/\\\/www.riteboiler.com\\\/tech-support\\\/boiler-room-requirements\\\/#primaryimage\",\"url\":\"https:\\\/\\\/www.riteboiler.com\\\/wp-content\\\/uploads\\\/2020\\\/06\\\/021-durafin-a.png\",\"contentUrl\":\"https:\\\/\\\/www.riteboiler.com\\\/wp-content\\\/uploads\\\/2020\\\/06\\\/021-durafin-a.png\",\"width\":678,\"height\":862,\"caption\":\"Durafin\"},{\"@type\":\"BreadcrumbList\",\"@id\":\"https:\\\/\\\/www.riteboiler.com\\\/tech-support\\\/boiler-room-requirements\\\/#breadcrumb\",\"itemListElement\":[{\"@type\":\"ListItem\",\"position\":1,\"name\":\"Home\",\"item\":\"https:\\\/\\\/www.riteboiler.com\\\/\"},{\"@type\":\"ListItem\",\"position\":2,\"name\":\"Tech Support\",\"item\":\"https:\\\/\\\/www.riteboiler.com\\\/tech-support\\\/\"},{\"@type\":\"ListItem\",\"position\":3,\"name\":\"Boiler Room Requirements\"}]},{\"@type\":\"WebSite\",\"@id\":\"https:\\\/\\\/www.riteboiler.com\\\/#website\",\"url\":\"https:\\\/\\\/www.riteboiler.com\\\/\",\"name\":\"Rite Boilers\",\"description\":\"Boilers and Tanks Built to Last! Since 1952\",\"publisher\":{\"@id\":\"https:\\\/\\\/www.riteboiler.com\\\/#organization\"},\"potentialAction\":[{\"@type\":\"SearchAction\",\"target\":{\"@type\":\"EntryPoint\",\"urlTemplate\":\"https:\\\/\\\/www.riteboiler.com\\\/?s={search_term_string}\"},\"query-input\":{\"@type\":\"PropertyValueSpecification\",\"valueRequired\":true,\"valueName\":\"search_term_string\"}}],\"inLanguage\":\"es\"},{\"@type\":\"Organization\",\"@id\":\"https:\\\/\\\/www.riteboiler.com\\\/#organization\",\"name\":\"Rite Engineering & Manufacturing Corp.\",\"url\":\"https:\\\/\\\/www.riteboiler.com\\\/\",\"logo\":{\"@type\":\"ImageObject\",\"inLanguage\":\"es\",\"@id\":\"https:\\\/\\\/www.riteboiler.com\\\/#\\\/schema\\\/logo\\\/image\\\/\",\"url\":\"https:\\\/\\\/www.riteboiler.com\\\/wp-content\\\/uploads\\\/2020\\\/06\\\/rite-boilers-logo-large.png\",\"contentUrl\":\"https:\\\/\\\/www.riteboiler.com\\\/wp-content\\\/uploads\\\/2020\\\/06\\\/rite-boilers-logo-large.png\",\"width\":600,\"height\":346,\"caption\":\"Rite Engineering & Manufacturing Corp.\"},\"image\":{\"@id\":\"https:\\\/\\\/www.riteboiler.com\\\/#\\\/schema\\\/logo\\\/image\\\/\"}}]}<\/script>\n<!-- \/ Yoast SEO plugin. -->","yoast_head_json":{"title":"Boiler Room Requirements - Rite Boilers low pressure steam","description":"Lo siguiente se aplica a las calderas de vapor a baja presi\u00f3n o de agua caliente de la Secci\u00f3n IV. Se puede colocar una caldera en una habitaci\u00f3n.","robots":{"index":"index","follow":"follow","max-snippet":"max-snippet:-1","max-image-preview":"max-image-preview:large","max-video-preview":"max-video-preview:-1"},"canonical":"https:\/\/www.riteboiler.com\/es\/soporte-tecnico\/requisitos-de-la-sala-de-calderas-2\/","og_locale":"es_MX","og_type":"article","og_title":"Boiler Room Requirements - Rite Boilers low pressure steam","og_description":"The following applies to low pressure steam or Section IV hot water boilers. A boiler may be placed into a room.","og_url":"https:\/\/www.riteboiler.com\/es\/soporte-tecnico\/requisitos-de-la-sala-de-calderas-2\/","og_site_name":"Rite Boilers","article_modified_time":"2020-11-28T23:23:47+00:00","og_image":[{"width":678,"height":862,"url":"https:\/\/www.riteboiler.com\/wp-content\/uploads\/2020\/06\/021-durafin-a.png","type":"image\/png"}],"twitter_card":"summary_large_image","twitter_misc":{"Tiempo de lectura":"1 minuto"},"schema":{"@context":"https:\/\/schema.org","@graph":[{"@type":"WebPage","@id":"https:\/\/www.riteboiler.com\/tech-support\/boiler-room-requirements\/","url":"https:\/\/www.riteboiler.com\/tech-support\/boiler-room-requirements\/","name":"Boiler Room Requirements - Rite Boilers low pressure steam","isPartOf":{"@id":"https:\/\/www.riteboiler.com\/#website"},"primaryImageOfPage":{"@id":"https:\/\/www.riteboiler.com\/tech-support\/boiler-room-requirements\/#primaryimage"},"image":{"@id":"https:\/\/www.riteboiler.com\/tech-support\/boiler-room-requirements\/#primaryimage"},"thumbnailUrl":"https:\/\/www.riteboiler.com\/wp-content\/uploads\/2020\/06\/021-durafin-a.png","datePublished":"2020-06-28T19:01:54+00:00","dateModified":"2020-11-28T23:23:47+00:00","description":"Lo siguiente se aplica a las calderas de vapor a baja presi\u00f3n o de agua caliente de la Secci\u00f3n IV. Se puede colocar una caldera en una habitaci\u00f3n.","breadcrumb":{"@id":"https:\/\/www.riteboiler.com\/tech-support\/boiler-room-requirements\/#breadcrumb"},"inLanguage":"es","potentialAction":[{"@type":"ReadAction","target":["https:\/\/www.riteboiler.com\/tech-support\/boiler-room-requirements\/"]}]},{"@type":"ImageObject","inLanguage":"es","@id":"https:\/\/www.riteboiler.com\/tech-support\/boiler-room-requirements\/#primaryimage","url":"https:\/\/www.riteboiler.com\/wp-content\/uploads\/2020\/06\/021-durafin-a.png","contentUrl":"https:\/\/www.riteboiler.com\/wp-content\/uploads\/2020\/06\/021-durafin-a.png","width":678,"height":862,"caption":"Durafin"},{"@type":"BreadcrumbList","@id":"https:\/\/www.riteboiler.com\/tech-support\/boiler-room-requirements\/#breadcrumb","itemListElement":[{"@type":"ListItem","position":1,"name":"Home","item":"https:\/\/www.riteboiler.com\/"},{"@type":"ListItem","position":2,"name":"Tech Support","item":"https:\/\/www.riteboiler.com\/tech-support\/"},{"@type":"ListItem","position":3,"name":"Boiler Room Requirements"}]},{"@type":"WebSite","@id":"https:\/\/www.riteboiler.com\/#website","url":"https:\/\/www.riteboiler.com\/","name":"Calderas Rite","description":"Boilers and Tanks Built to Last! Since 1952","publisher":{"@id":"https:\/\/www.riteboiler.com\/#organization"},"potentialAction":[{"@type":"SearchAction","target":{"@type":"EntryPoint","urlTemplate":"https:\/\/www.riteboiler.com\/?s={search_term_string}"},"query-input":{"@type":"PropertyValueSpecification","valueRequired":true,"valueName":"search_term_string"}}],"inLanguage":"es"},{"@type":"Organization","@id":"https:\/\/www.riteboiler.com\/#organization","name":"Rite Engineering & Manufacturing Corp.","url":"https:\/\/www.riteboiler.com\/","logo":{"@type":"ImageObject","inLanguage":"es","@id":"https:\/\/www.riteboiler.com\/#\/schema\/logo\/image\/","url":"https:\/\/www.riteboiler.com\/wp-content\/uploads\/2020\/06\/rite-boilers-logo-large.png","contentUrl":"https:\/\/www.riteboiler.com\/wp-content\/uploads\/2020\/06\/rite-boilers-logo-large.png","width":600,"height":346,"caption":"Rite Engineering & Manufacturing Corp."},"image":{"@id":"https:\/\/www.riteboiler.com\/#\/schema\/logo\/image\/"}}]}},"_links":{"self":[{"href":"https:\/\/www.riteboiler.com\/es\/wp-json\/wp\/v2\/pages\/1728","targetHints":{"allow":["GET"]}}],"collection":[{"href":"https:\/\/www.riteboiler.com\/es\/wp-json\/wp\/v2\/pages"}],"about":[{"href":"https:\/\/www.riteboiler.com\/es\/wp-json\/wp\/v2\/types\/page"}],"author":[{"embeddable":true,"href":"https:\/\/www.riteboiler.com\/es\/wp-json\/wp\/v2\/users\/1"}],"replies":[{"embeddable":true,"href":"https:\/\/www.riteboiler.com\/es\/wp-json\/wp\/v2\/comments?post=1728"}],"version-history":[{"count":4,"href":"https:\/\/www.riteboiler.com\/es\/wp-json\/wp\/v2\/pages\/1728\/revisions"}],"predecessor-version":[{"id":2003,"href":"https:\/\/www.riteboiler.com\/es\/wp-json\/wp\/v2\/pages\/1728\/revisions\/2003"}],"up":[{"embeddable":true,"href":"https:\/\/www.riteboiler.com\/es\/wp-json\/wp\/v2\/pages\/1499"}],"wp:featuredmedia":[{"embeddable":true,"href":"https:\/\/www.riteboiler.com\/es\/wp-json\/wp\/v2\/media\/170"}],"wp:attachment":[{"href":"https:\/\/www.riteboiler.com\/es\/wp-json\/wp\/v2\/media?parent=1728"}],"curies":[{"name":"wp","href":"https:\/\/api.w.org\/{rel}","templated":true}]}}