{"id":1744,"date":"2020-06-28T14:23:18","date_gmt":"2020-06-28T19:23:18","guid":{"rendered":"http:\/\/riteboiler.flywheelsites.com\/?page_id=1744"},"modified":"2020-11-29T02:24:17","modified_gmt":"2020-11-29T08:24:17","slug":"videos","status":"publish","type":"page","link":"https:\/\/www.riteboiler.com\/es\/tech-support\/videos\/","title":{"rendered":"Videos"},"content":{"rendered":"<p>Las soluciones innovadoras son la columna vertebral de Rite Boilers. Desde el nuevo Durafin \u2122 de alta eficiencia hasta la l\u00ednea probada y verdadera de productos Rite. T\u00f3mese un momento y vea estos videos y compru\u00e9belo usted mismo. Luego, comun\u00edquese con uno de nuestros representantes de ventas profesionales si tiene m\u00e1s preguntas sobre los productos Rite. Los videos tienen una duraci\u00f3n de 8 a 30 minutos.<\/p>\r\n<p>Los videos que se presentan aqu\u00ed son para uso de Rite Engineering &amp; Manufacturing, sus representantes, los contratistas que instalan las calderas Rite y los propietarios de Rite Equipment. Otros u otros fabricantes no tienen permiso para usar este material en su totalidad o en parte. Si tiene m\u00e1s preguntas o desea que le env\u00eden estos videos, comun\u00edquese con su representante de Rite Boiler.<\/p>\r\n<p><iframe src=\"https:\/\/player.vimeo.com\/video\/43551100?color&amp;autopause=0&amp;loop=0&amp;muted=0&amp;title=0&amp;portrait=0&amp;byline=0#t=\" allowfullscreen=\"allowfullscreen\"><\/iframe><\/p>\r\n<h3><a title=\"Amortiguadores autom\u00e1ticos de pilas\" href=\"http:\/\/vimeo.com\/43551100\" target=\"_blank\" rel=\"noopener noreferrer\"> Amortiguadores autom\u00e1ticos de pilas <\/a><\/h3>\r\n<p><iframe src=\"https:\/\/player.vimeo.com\/video\/43552380?color&amp;autopause=0&amp;loop=0&amp;muted=0&amp;title=0&amp;portrait=0&amp;byline=0#t=\" allowfullscreen=\"allowfullscreen\"><\/iframe><\/p>\r\n<h3><a title=\"Durafin\u2122\" href=\"http:\/\/vimeo.com\/43552380\" target=\"_blank\" rel=\"noopener noreferrer\"> Durafin\u2122 <\/a><\/h3>\r\n<p><iframe src=\"https:\/\/player.vimeo.com\/video\/43552145?color&amp;autopause=0&amp;loop=0&amp;muted=0&amp;title=0&amp;portrait=0&amp;byline=0#t=\" allowfullscreen=\"allowfullscreen\"><\/iframe><\/p>\r\n<h3><a title=\"Soluciones innovadoras\" href=\"http:\/\/vimeo.com\/43552145\" target=\"_blank\" rel=\"noopener noreferrer\"> Soluciones innovadoras <\/a><\/h3>\r\n<p><iframe src=\"https:\/\/player.vimeo.com\/video\/43552668?color&amp;autopause=0&amp;loop=0&amp;muted=0&amp;title=0&amp;portrait=0&amp;byline=0#t=\" allowfullscreen=\"allowfullscreen\"><\/iframe><\/p>\r\n<h3><a title=\"Re-entubar\" href=\"http:\/\/vimeo.com\/43552668\" target=\"_blank\" rel=\"noopener noreferrer\"> Re-entubar <\/a><\/h3>\r\n<p><iframe src=\"https:\/\/player.vimeo.com\/video\/43551302?color&amp;autopause=0&amp;loop=0&amp;muted=0&amp;title=0&amp;portrait=0&amp;byline=0#t=\" allowfullscreen=\"allowfullscreen\"><\/iframe><\/p>\r\n<h3><a title=\"Desmontar\" href=\"http:\/\/vimeo.com\/43551302\" target=\"_blank\" rel=\"noopener noreferrer\"> Desmontar <\/a><\/h3>\r\n<p><iframe src=\"https:\/\/www.youtube.com\/embed\/WrQ4mL_Ah5o?feature=oembed&amp;start&amp;end&amp;wmode=opaque&amp;loop=0&amp;controls=1&amp;mute=0&amp;rel=0&amp;modestbranding=0\" allowfullscreen=\"allowfullscreen\"><\/iframe><\/p>\r\n<h3><a title=\"Ubicaci\u00f3n, taponamiento y reemplazo de un tubo de caldera con fugas\" href=\"https:\/\/www.youtube.com\/watch?v=WrQ4mL_Ah5o\" target=\"_blank\" rel=\"noopener noreferrer\"> Ubicaci\u00f3n, taponamiento y reemplazo de un tubo de caldera con fugas <\/a><\/h3>\r\n<!--7772da59-->","protected":false},"excerpt":{"rendered":"<p>Innovative Solutions are the back bone of Rite Boilers. From the new High Efficiency Durafin\u2122 to the tried and true line of Rite Products. Take a moment and view these videos and see for yourself. Then contact one of our professional sales representatives if you have any more questions regarding Rite Products. The videos run &#8230; <a title=\"Videos\" class=\"read-more\" href=\"https:\/\/www.riteboiler.com\/es\/tech-support\/videos\/\" aria-label=\"Leer m\u00e1s sobre Videos\">Read more<\/a><\/p>","protected":false},"author":1,"featured_media":170,"parent":1499,"menu_order":6,"comment_status":"closed","ping_status":"closed","template":"","meta":{"_monsterinsights_skip_tracking":false,"_monsterinsights_sitenote_active":false,"_monsterinsights_sitenote_note":"","_monsterinsights_sitenote_category":0,"footnotes":""},"class_list":["post-1744","page","type-page","status-publish","has-post-thumbnail"],"yoast_head":"<!-- This site is optimized with the Yoast SEO plugin v27.3 - https:\/\/yoast.com\/product\/yoast-seo-wordpress\/ -->\n<title>Tech Support Videos - Rite Boilers Innovative Solutions are<\/title>\n<meta name=\"description\" content=\"Tech Support Videos - Innovative Solutions are the back bone of Rite Boilers. From the new High Efficiency Durafin\u2122 to the tried and true....\" \/>\n<meta name=\"robots\" content=\"index, follow, max-snippet:-1, max-image-preview:large, max-video-preview:-1\" \/>\n<link rel=\"canonical\" href=\"https:\/\/www.riteboiler.com\/es\/soporte-tecnico\/videos\/\" \/>\n<meta property=\"og:locale\" content=\"es_MX\" \/>\n<meta property=\"og:type\" content=\"article\" \/>\n<meta property=\"og:title\" content=\"Tech Support Videos - Rite Boilers Innovative Solutions are\" \/>\n<meta property=\"og:description\" content=\"Tech Support Videos - Innovative Solutions are the back bone of Rite Boilers. From the new High Efficiency Durafin\u2122 to the tried and true....\" \/>\n<meta property=\"og:url\" content=\"https:\/\/www.riteboiler.com\/es\/soporte-tecnico\/videos\/\" \/>\n<meta property=\"og:site_name\" content=\"Rite Boilers\" \/>\n<meta property=\"article:modified_time\" content=\"2020-11-29T08:24:17+00:00\" \/>\n<meta property=\"og:image\" content=\"https:\/\/www.riteboiler.com\/wp-content\/uploads\/2020\/06\/021-durafin-a.png\" \/>\n\t<meta property=\"og:image:width\" content=\"678\" \/>\n\t<meta property=\"og:image:height\" content=\"862\" \/>\n\t<meta property=\"og:image:type\" content=\"image\/png\" \/>\n<meta name=\"twitter:card\" content=\"summary_large_image\" \/>\n<meta name=\"twitter:label1\" content=\"Tiempo de lectura\" \/>\n\t<meta name=\"twitter:data1\" content=\"1 minuto\" \/>\n<script type=\"application\/ld+json\" class=\"yoast-schema-graph\">{\"@context\":\"https:\\\/\\\/schema.org\",\"@graph\":[{\"@type\":\"WebPage\",\"@id\":\"https:\\\/\\\/www.riteboiler.com\\\/es\\\/soporte-tecnico\\\/videos\\\/\",\"url\":\"https:\\\/\\\/www.riteboiler.com\\\/es\\\/soporte-tecnico\\\/videos\\\/\",\"name\":\"Tech Support Videos - Rite Boilers Innovative Solutions are\",\"isPartOf\":{\"@id\":\"https:\\\/\\\/www.riteboiler.com\\\/#website\"},\"primaryImageOfPage\":{\"@id\":\"https:\\\/\\\/www.riteboiler.com\\\/es\\\/soporte-tecnico\\\/videos\\\/#primaryimage\"},\"image\":{\"@id\":\"https:\\\/\\\/www.riteboiler.com\\\/es\\\/soporte-tecnico\\\/videos\\\/#primaryimage\"},\"thumbnailUrl\":\"https:\\\/\\\/www.riteboiler.com\\\/wp-content\\\/uploads\\\/2020\\\/06\\\/021-durafin-a.png\",\"datePublished\":\"2020-06-28T19:23:18+00:00\",\"dateModified\":\"2020-11-29T08:24:17+00:00\",\"description\":\"Tech Support Videos - Innovative Solutions are the back bone of Rite Boilers. From the new High Efficiency Durafin\u2122 to the tried and true....\",\"breadcrumb\":{\"@id\":\"https:\\\/\\\/www.riteboiler.com\\\/es\\\/soporte-tecnico\\\/videos\\\/#breadcrumb\"},\"inLanguage\":\"es\",\"potentialAction\":[{\"@type\":\"ReadAction\",\"target\":[\"https:\\\/\\\/www.riteboiler.com\\\/es\\\/soporte-tecnico\\\/videos\\\/\"]}]},{\"@type\":\"ImageObject\",\"inLanguage\":\"es\",\"@id\":\"https:\\\/\\\/www.riteboiler.com\\\/es\\\/soporte-tecnico\\\/videos\\\/#primaryimage\",\"url\":\"https:\\\/\\\/www.riteboiler.com\\\/wp-content\\\/uploads\\\/2020\\\/06\\\/021-durafin-a.png\",\"contentUrl\":\"https:\\\/\\\/www.riteboiler.com\\\/wp-content\\\/uploads\\\/2020\\\/06\\\/021-durafin-a.png\",\"width\":678,\"height\":862,\"caption\":\"Durafin\"},{\"@type\":\"BreadcrumbList\",\"@id\":\"https:\\\/\\\/www.riteboiler.com\\\/es\\\/soporte-tecnico\\\/videos\\\/#breadcrumb\",\"itemListElement\":[{\"@type\":\"ListItem\",\"position\":1,\"name\":\"Home\",\"item\":\"https:\\\/\\\/www.riteboiler.com\\\/\"},{\"@type\":\"ListItem\",\"position\":2,\"name\":\"Tech Support\",\"item\":\"https:\\\/\\\/www.riteboiler.com\\\/tech-support\\\/\"},{\"@type\":\"ListItem\",\"position\":3,\"name\":\"Videos\"}]},{\"@type\":\"WebSite\",\"@id\":\"https:\\\/\\\/www.riteboiler.com\\\/#website\",\"url\":\"https:\\\/\\\/www.riteboiler.com\\\/\",\"name\":\"Rite Boilers\",\"description\":\"Boilers and Tanks Built to Last! Since 1952\",\"publisher\":{\"@id\":\"https:\\\/\\\/www.riteboiler.com\\\/#organization\"},\"potentialAction\":[{\"@type\":\"SearchAction\",\"target\":{\"@type\":\"EntryPoint\",\"urlTemplate\":\"https:\\\/\\\/www.riteboiler.com\\\/?s={search_term_string}\"},\"query-input\":{\"@type\":\"PropertyValueSpecification\",\"valueRequired\":true,\"valueName\":\"search_term_string\"}}],\"inLanguage\":\"es\"},{\"@type\":\"Organization\",\"@id\":\"https:\\\/\\\/www.riteboiler.com\\\/#organization\",\"name\":\"Rite Engineering & Manufacturing Corp.\",\"url\":\"https:\\\/\\\/www.riteboiler.com\\\/\",\"logo\":{\"@type\":\"ImageObject\",\"inLanguage\":\"es\",\"@id\":\"https:\\\/\\\/www.riteboiler.com\\\/#\\\/schema\\\/logo\\\/image\\\/\",\"url\":\"https:\\\/\\\/www.riteboiler.com\\\/wp-content\\\/uploads\\\/2020\\\/06\\\/rite-boilers-logo-large.png\",\"contentUrl\":\"https:\\\/\\\/www.riteboiler.com\\\/wp-content\\\/uploads\\\/2020\\\/06\\\/rite-boilers-logo-large.png\",\"width\":600,\"height\":346,\"caption\":\"Rite Engineering & Manufacturing Corp.\"},\"image\":{\"@id\":\"https:\\\/\\\/www.riteboiler.com\\\/#\\\/schema\\\/logo\\\/image\\\/\"}}]}<\/script>\n<!-- \/ Yoast SEO plugin. -->","yoast_head_json":{"title":"Tech Support Videos - Rite Boilers Innovative Solutions are","description":"Videos de soporte t\u00e9cnico: las soluciones innovadoras son la columna vertebral de Rite Boilers. Desde el nuevo Durafin \u2122 de alta eficiencia hasta el probado y verdadero ....","robots":{"index":"index","follow":"follow","max-snippet":"max-snippet:-1","max-image-preview":"max-image-preview:large","max-video-preview":"max-video-preview:-1"},"canonical":"https:\/\/www.riteboiler.com\/es\/soporte-tecnico\/videos\/","og_locale":"es_MX","og_type":"article","og_title":"Tech Support Videos - Rite Boilers Innovative Solutions are","og_description":"Tech Support Videos - Innovative Solutions are the back bone of Rite Boilers. From the new High Efficiency Durafin\u2122 to the tried and true....","og_url":"https:\/\/www.riteboiler.com\/es\/soporte-tecnico\/videos\/","og_site_name":"Rite Boilers","article_modified_time":"2020-11-29T08:24:17+00:00","og_image":[{"width":678,"height":862,"url":"https:\/\/www.riteboiler.com\/wp-content\/uploads\/2020\/06\/021-durafin-a.png","type":"image\/png"}],"twitter_card":"summary_large_image","twitter_misc":{"Tiempo de lectura":"1 minuto"},"schema":{"@context":"https:\/\/schema.org","@graph":[{"@type":"WebPage","@id":"https:\/\/www.riteboiler.com\/es\/soporte-tecnico\/videos\/","url":"https:\/\/www.riteboiler.com\/es\/soporte-tecnico\/videos\/","name":"Tech Support Videos - Rite Boilers Innovative Solutions are","isPartOf":{"@id":"https:\/\/www.riteboiler.com\/#website"},"primaryImageOfPage":{"@id":"https:\/\/www.riteboiler.com\/es\/soporte-tecnico\/videos\/#primaryimage"},"image":{"@id":"https:\/\/www.riteboiler.com\/es\/soporte-tecnico\/videos\/#primaryimage"},"thumbnailUrl":"https:\/\/www.riteboiler.com\/wp-content\/uploads\/2020\/06\/021-durafin-a.png","datePublished":"2020-06-28T19:23:18+00:00","dateModified":"2020-11-29T08:24:17+00:00","description":"Videos de soporte t\u00e9cnico: las soluciones innovadoras son la columna vertebral de Rite Boilers. Desde el nuevo Durafin \u2122 de alta eficiencia hasta el probado y verdadero ....","breadcrumb":{"@id":"https:\/\/www.riteboiler.com\/es\/soporte-tecnico\/videos\/#breadcrumb"},"inLanguage":"es","potentialAction":[{"@type":"ReadAction","target":["https:\/\/www.riteboiler.com\/es\/soporte-tecnico\/videos\/"]}]},{"@type":"ImageObject","inLanguage":"es","@id":"https:\/\/www.riteboiler.com\/es\/soporte-tecnico\/videos\/#primaryimage","url":"https:\/\/www.riteboiler.com\/wp-content\/uploads\/2020\/06\/021-durafin-a.png","contentUrl":"https:\/\/www.riteboiler.com\/wp-content\/uploads\/2020\/06\/021-durafin-a.png","width":678,"height":862,"caption":"Durafin"},{"@type":"BreadcrumbList","@id":"https:\/\/www.riteboiler.com\/es\/soporte-tecnico\/videos\/#breadcrumb","itemListElement":[{"@type":"ListItem","position":1,"name":"Home","item":"https:\/\/www.riteboiler.com\/"},{"@type":"ListItem","position":2,"name":"Tech Support","item":"https:\/\/www.riteboiler.com\/tech-support\/"},{"@type":"ListItem","position":3,"name":"Videos"}]},{"@type":"WebSite","@id":"https:\/\/www.riteboiler.com\/#website","url":"https:\/\/www.riteboiler.com\/","name":"Calderas Rite","description":"Boilers and Tanks Built to Last! Since 1952","publisher":{"@id":"https:\/\/www.riteboiler.com\/#organization"},"potentialAction":[{"@type":"SearchAction","target":{"@type":"EntryPoint","urlTemplate":"https:\/\/www.riteboiler.com\/?s={search_term_string}"},"query-input":{"@type":"PropertyValueSpecification","valueRequired":true,"valueName":"search_term_string"}}],"inLanguage":"es"},{"@type":"Organization","@id":"https:\/\/www.riteboiler.com\/#organization","name":"Rite Engineering & Manufacturing Corp.","url":"https:\/\/www.riteboiler.com\/","logo":{"@type":"ImageObject","inLanguage":"es","@id":"https:\/\/www.riteboiler.com\/#\/schema\/logo\/image\/","url":"https:\/\/www.riteboiler.com\/wp-content\/uploads\/2020\/06\/rite-boilers-logo-large.png","contentUrl":"https:\/\/www.riteboiler.com\/wp-content\/uploads\/2020\/06\/rite-boilers-logo-large.png","width":600,"height":346,"caption":"Rite Engineering & Manufacturing Corp."},"image":{"@id":"https:\/\/www.riteboiler.com\/#\/schema\/logo\/image\/"}}]}},"_links":{"self":[{"href":"https:\/\/www.riteboiler.com\/es\/wp-json\/wp\/v2\/pages\/1744","targetHints":{"allow":["GET"]}}],"collection":[{"href":"https:\/\/www.riteboiler.com\/es\/wp-json\/wp\/v2\/pages"}],"about":[{"href":"https:\/\/www.riteboiler.com\/es\/wp-json\/wp\/v2\/types\/page"}],"author":[{"embeddable":true,"href":"https:\/\/www.riteboiler.com\/es\/wp-json\/wp\/v2\/users\/1"}],"replies":[{"embeddable":true,"href":"https:\/\/www.riteboiler.com\/es\/wp-json\/wp\/v2\/comments?post=1744"}],"version-history":[{"count":4,"href":"https:\/\/www.riteboiler.com\/es\/wp-json\/wp\/v2\/pages\/1744\/revisions"}],"predecessor-version":[{"id":2037,"href":"https:\/\/www.riteboiler.com\/es\/wp-json\/wp\/v2\/pages\/1744\/revisions\/2037"}],"up":[{"embeddable":true,"href":"https:\/\/www.riteboiler.com\/es\/wp-json\/wp\/v2\/pages\/1499"}],"wp:featuredmedia":[{"embeddable":true,"href":"https:\/\/www.riteboiler.com\/es\/wp-json\/wp\/v2\/media\/170"}],"wp:attachment":[{"href":"https:\/\/www.riteboiler.com\/es\/wp-json\/wp\/v2\/media?parent=1744"}],"curies":[{"name":"wp","href":"https:\/\/api.w.org\/{rel}","templated":true}]}}