{"id":1764,"date":"2020-07-17T08:12:51","date_gmt":"2020-07-17T13:12:51","guid":{"rendered":"http:\/\/riteboiler.flywheelsites.com\/?page_id=1764"},"modified":"2020-11-28T15:40:25","modified_gmt":"2020-11-28T21:40:25","slug":"reemplazo-de-caldera-ajax","status":"publish","type":"page","link":"https:\/\/www.riteboiler.com\/es\/boilers\/ajax-boiler-replacement\/","title":{"rendered":"Reemplazo de la Caldera Ajax"},"content":{"rendered":"<h2>C\u00f3mo obtener una cotizaci\u00f3n para un reemplazo directo:<\/h2>\r\n<p>Proporcione el n\u00famero de modelo de la caldera junto con las dimensiones cr\u00edticas que debe cumplir, tales como:<\/p>\r\n<ul>\r\n<li>Conexi\u00f3n de escape<\/li>\r\n<li>Conexi\u00f3n de suministro y retorno<\/li>\r\n<li>Salida de vapor<\/li>\r\n<li>Entrada de agua de alimentaci\u00f3n<\/li>\r\n<li>Desag\u00fces<\/li>\r\n<\/ul>\r\n<p>Cualquier otro material que crea que puede ser \u00fatil, como dibujos dimensionales, fotos y otra informaci\u00f3n que normalmente se asocia con la selecci\u00f3n de una caldera.<\/p>\r\n<p><img loading=\"lazy\" decoding=\"async\" title=\"052 Ajax boiler\" src=\"https:\/\/www.riteboiler.com\/wp-content\/uploads\/2020\/07\/052-Ajax-boiler-scaled.jpg\" alt=\"Reemplazo de la Caldera Ajax\" width=\"1920\" height=\"2560\" \/><\/p>\r\n<!--2a3d90bf-->","protected":false},"excerpt":{"rendered":"<p>How to get a quote for a direct replacement: Provide the boiler model number along with the critical\u00a0dimensions\u00a0that you need to meet such as: Exhaust Connection Supply and Return Connection Steam Outlet Feedwater Inlet Drains \u200bAny other material that you think may be helpful such as dimensional drawings, photos, and the other information typically associated &#8230; <a title=\"Reemplazo de la Caldera Ajax\" class=\"read-more\" href=\"https:\/\/www.riteboiler.com\/es\/boilers\/ajax-boiler-replacement\/\" aria-label=\"Leer m\u00e1s sobre Ajax Boiler Replacement\">Read more<\/a><\/p>","protected":false},"author":1,"featured_media":1771,"parent":144,"menu_order":3,"comment_status":"closed","ping_status":"closed","template":"","meta":{"_monsterinsights_skip_tracking":false,"_monsterinsights_sitenote_active":false,"_monsterinsights_sitenote_note":"","_monsterinsights_sitenote_category":0,"footnotes":""},"class_list":["post-1764","page","type-page","status-publish","has-post-thumbnail"],"yoast_head":"<!-- This site is optimized with the Yoast SEO plugin v27.4 - https:\/\/yoast.com\/product\/yoast-seo-wordpress\/ -->\n<title>Manufacturer of watertube boiler - Ajax Boiler Replacement - Rite Boilers<\/title>\n<meta name=\"description\" content=\"Rite Boiler is the only manufacturer of the long lasting, inclined watertube boiler in North America. We can build boilers with the same ...\" \/>\n<meta name=\"robots\" content=\"index, follow, max-snippet:-1, max-image-preview:large, max-video-preview:-1\" \/>\n<link rel=\"canonical\" href=\"https:\/\/www.riteboiler.com\/es\/calderas\/reemplazo-de-caldera-ajax\/\" \/>\n<meta property=\"og:locale\" content=\"es_MX\" \/>\n<meta property=\"og:type\" content=\"article\" \/>\n<meta property=\"og:title\" content=\"Manufacturer of watertube boiler - Ajax Boiler Replacement - Rite Boilers\" \/>\n<meta property=\"og:description\" content=\"Rite Boiler is the only manufacturer of the long lasting, inclined watertube boiler in North America. We can build boilers with the same ...\" \/>\n<meta property=\"og:url\" content=\"https:\/\/www.riteboiler.com\/es\/calderas\/reemplazo-de-caldera-ajax\/\" \/>\n<meta property=\"og:site_name\" content=\"Rite Boilers\" \/>\n<meta property=\"article:modified_time\" content=\"2020-11-28T21:40:25+00:00\" \/>\n<meta property=\"og:image\" content=\"https:\/\/www.riteboiler.com\/wp-content\/uploads\/2020\/07\/052-Ajax-Boiler.png\" \/>\n\t<meta property=\"og:image:width\" content=\"1024\" \/>\n\t<meta property=\"og:image:height\" content=\"1040\" \/>\n\t<meta property=\"og:image:type\" content=\"image\/png\" \/>\n<meta name=\"twitter:card\" content=\"summary_large_image\" \/>\n<script type=\"application\/ld+json\" class=\"yoast-schema-graph\">{\"@context\":\"https:\\\/\\\/schema.org\",\"@graph\":[{\"@type\":\"WebPage\",\"@id\":\"https:\\\/\\\/www.riteboiler.com\\\/boilers\\\/ajax-boiler-replacement\\\/\",\"url\":\"https:\\\/\\\/www.riteboiler.com\\\/boilers\\\/ajax-boiler-replacement\\\/\",\"name\":\"Manufacturer of watertube boiler - Ajax Boiler Replacement - Rite Boilers\",\"isPartOf\":{\"@id\":\"https:\\\/\\\/www.riteboiler.com\\\/#website\"},\"primaryImageOfPage\":{\"@id\":\"https:\\\/\\\/www.riteboiler.com\\\/boilers\\\/ajax-boiler-replacement\\\/#primaryimage\"},\"image\":{\"@id\":\"https:\\\/\\\/www.riteboiler.com\\\/boilers\\\/ajax-boiler-replacement\\\/#primaryimage\"},\"thumbnailUrl\":\"https:\\\/\\\/www.riteboiler.com\\\/wp-content\\\/uploads\\\/2020\\\/07\\\/052-Ajax-Boiler.png\",\"datePublished\":\"2020-07-17T13:12:51+00:00\",\"dateModified\":\"2020-11-28T21:40:25+00:00\",\"description\":\"Rite Boiler is the only manufacturer of the long lasting, inclined watertube boiler in North America. We can build boilers with the same ...\",\"breadcrumb\":{\"@id\":\"https:\\\/\\\/www.riteboiler.com\\\/boilers\\\/ajax-boiler-replacement\\\/#breadcrumb\"},\"inLanguage\":\"es\",\"potentialAction\":[{\"@type\":\"ReadAction\",\"target\":[\"https:\\\/\\\/www.riteboiler.com\\\/boilers\\\/ajax-boiler-replacement\\\/\"]}]},{\"@type\":\"ImageObject\",\"inLanguage\":\"es\",\"@id\":\"https:\\\/\\\/www.riteboiler.com\\\/boilers\\\/ajax-boiler-replacement\\\/#primaryimage\",\"url\":\"https:\\\/\\\/www.riteboiler.com\\\/wp-content\\\/uploads\\\/2020\\\/07\\\/052-Ajax-Boiler.png\",\"contentUrl\":\"https:\\\/\\\/www.riteboiler.com\\\/wp-content\\\/uploads\\\/2020\\\/07\\\/052-Ajax-Boiler.png\",\"width\":1024,\"height\":1040,\"caption\":\"Ajax Boiler\"},{\"@type\":\"BreadcrumbList\",\"@id\":\"https:\\\/\\\/www.riteboiler.com\\\/boilers\\\/ajax-boiler-replacement\\\/#breadcrumb\",\"itemListElement\":[{\"@type\":\"ListItem\",\"position\":1,\"name\":\"Home\",\"item\":\"https:\\\/\\\/www.riteboiler.com\\\/\"},{\"@type\":\"ListItem\",\"position\":2,\"name\":\"Boilers\",\"item\":\"https:\\\/\\\/www.riteboiler.com\\\/boilers\\\/\"},{\"@type\":\"ListItem\",\"position\":3,\"name\":\"Ajax Boiler Replacement\"}]},{\"@type\":\"WebSite\",\"@id\":\"https:\\\/\\\/www.riteboiler.com\\\/#website\",\"url\":\"https:\\\/\\\/www.riteboiler.com\\\/\",\"name\":\"Rite Boilers\",\"description\":\"Boilers and Tanks Built to Last! Since 1952\",\"publisher\":{\"@id\":\"https:\\\/\\\/www.riteboiler.com\\\/#organization\"},\"potentialAction\":[{\"@type\":\"SearchAction\",\"target\":{\"@type\":\"EntryPoint\",\"urlTemplate\":\"https:\\\/\\\/www.riteboiler.com\\\/?s={search_term_string}\"},\"query-input\":{\"@type\":\"PropertyValueSpecification\",\"valueRequired\":true,\"valueName\":\"search_term_string\"}}],\"inLanguage\":\"es\"},{\"@type\":\"Organization\",\"@id\":\"https:\\\/\\\/www.riteboiler.com\\\/#organization\",\"name\":\"Rite Engineering & Manufacturing Corp.\",\"url\":\"https:\\\/\\\/www.riteboiler.com\\\/\",\"logo\":{\"@type\":\"ImageObject\",\"inLanguage\":\"es\",\"@id\":\"https:\\\/\\\/www.riteboiler.com\\\/#\\\/schema\\\/logo\\\/image\\\/\",\"url\":\"https:\\\/\\\/www.riteboiler.com\\\/wp-content\\\/uploads\\\/2020\\\/06\\\/rite-boilers-logo-large.png\",\"contentUrl\":\"https:\\\/\\\/www.riteboiler.com\\\/wp-content\\\/uploads\\\/2020\\\/06\\\/rite-boilers-logo-large.png\",\"width\":600,\"height\":346,\"caption\":\"Rite Engineering & Manufacturing Corp.\"},\"image\":{\"@id\":\"https:\\\/\\\/www.riteboiler.com\\\/#\\\/schema\\\/logo\\\/image\\\/\"}}]}<\/script>\n<!-- \/ Yoast SEO plugin. -->","yoast_head_json":{"title":"Manufacturer of watertube boiler - Ajax Boiler Replacement - Rite Boilers","description":"Rite Boiler es el \u00fanico fabricante de calderas de tubo inclinado de larga duraci\u00f3n en Am\u00e9rica del Norte. Podemos construir calderas con el mismo ...","robots":{"index":"index","follow":"follow","max-snippet":"max-snippet:-1","max-image-preview":"max-image-preview:large","max-video-preview":"max-video-preview:-1"},"canonical":"https:\/\/www.riteboiler.com\/es\/calderas\/reemplazo-de-caldera-ajax\/","og_locale":"es_MX","og_type":"article","og_title":"Manufacturer of watertube boiler - Ajax Boiler Replacement - Rite Boilers","og_description":"Rite Boiler is the only manufacturer of the long lasting, inclined watertube boiler in North America. We can build boilers with the same ...","og_url":"https:\/\/www.riteboiler.com\/es\/calderas\/reemplazo-de-caldera-ajax\/","og_site_name":"Rite Boilers","article_modified_time":"2020-11-28T21:40:25+00:00","og_image":[{"width":1024,"height":1040,"url":"https:\/\/www.riteboiler.com\/wp-content\/uploads\/2020\/07\/052-Ajax-Boiler.png","type":"image\/png"}],"twitter_card":"summary_large_image","schema":{"@context":"https:\/\/schema.org","@graph":[{"@type":"WebPage","@id":"https:\/\/www.riteboiler.com\/boilers\/ajax-boiler-replacement\/","url":"https:\/\/www.riteboiler.com\/boilers\/ajax-boiler-replacement\/","name":"Manufacturer of watertube boiler - Ajax Boiler Replacement - Rite Boilers","isPartOf":{"@id":"https:\/\/www.riteboiler.com\/#website"},"primaryImageOfPage":{"@id":"https:\/\/www.riteboiler.com\/boilers\/ajax-boiler-replacement\/#primaryimage"},"image":{"@id":"https:\/\/www.riteboiler.com\/boilers\/ajax-boiler-replacement\/#primaryimage"},"thumbnailUrl":"https:\/\/www.riteboiler.com\/wp-content\/uploads\/2020\/07\/052-Ajax-Boiler.png","datePublished":"2020-07-17T13:12:51+00:00","dateModified":"2020-11-28T21:40:25+00:00","description":"Rite Boiler es el \u00fanico fabricante de calderas de tubo inclinado de larga duraci\u00f3n en Am\u00e9rica del Norte. Podemos construir calderas con el mismo ...","breadcrumb":{"@id":"https:\/\/www.riteboiler.com\/boilers\/ajax-boiler-replacement\/#breadcrumb"},"inLanguage":"es","potentialAction":[{"@type":"ReadAction","target":["https:\/\/www.riteboiler.com\/boilers\/ajax-boiler-replacement\/"]}]},{"@type":"ImageObject","inLanguage":"es","@id":"https:\/\/www.riteboiler.com\/boilers\/ajax-boiler-replacement\/#primaryimage","url":"https:\/\/www.riteboiler.com\/wp-content\/uploads\/2020\/07\/052-Ajax-Boiler.png","contentUrl":"https:\/\/www.riteboiler.com\/wp-content\/uploads\/2020\/07\/052-Ajax-Boiler.png","width":1024,"height":1040,"caption":"Ajax Boiler"},{"@type":"BreadcrumbList","@id":"https:\/\/www.riteboiler.com\/boilers\/ajax-boiler-replacement\/#breadcrumb","itemListElement":[{"@type":"ListItem","position":1,"name":"Home","item":"https:\/\/www.riteboiler.com\/"},{"@type":"ListItem","position":2,"name":"Boilers","item":"https:\/\/www.riteboiler.com\/boilers\/"},{"@type":"ListItem","position":3,"name":"Ajax Boiler Replacement"}]},{"@type":"WebSite","@id":"https:\/\/www.riteboiler.com\/#website","url":"https:\/\/www.riteboiler.com\/","name":"Calderas Rite","description":"Boilers and Tanks Built to Last! Since 1952","publisher":{"@id":"https:\/\/www.riteboiler.com\/#organization"},"potentialAction":[{"@type":"SearchAction","target":{"@type":"EntryPoint","urlTemplate":"https:\/\/www.riteboiler.com\/?s={search_term_string}"},"query-input":{"@type":"PropertyValueSpecification","valueRequired":true,"valueName":"search_term_string"}}],"inLanguage":"es"},{"@type":"Organization","@id":"https:\/\/www.riteboiler.com\/#organization","name":"Rite Engineering & Manufacturing Corp.","url":"https:\/\/www.riteboiler.com\/","logo":{"@type":"ImageObject","inLanguage":"es","@id":"https:\/\/www.riteboiler.com\/#\/schema\/logo\/image\/","url":"https:\/\/www.riteboiler.com\/wp-content\/uploads\/2020\/06\/rite-boilers-logo-large.png","contentUrl":"https:\/\/www.riteboiler.com\/wp-content\/uploads\/2020\/06\/rite-boilers-logo-large.png","width":600,"height":346,"caption":"Rite Engineering & Manufacturing Corp."},"image":{"@id":"https:\/\/www.riteboiler.com\/#\/schema\/logo\/image\/"}}]}},"_links":{"self":[{"href":"https:\/\/www.riteboiler.com\/es\/wp-json\/wp\/v2\/pages\/1764","targetHints":{"allow":["GET"]}}],"collection":[{"href":"https:\/\/www.riteboiler.com\/es\/wp-json\/wp\/v2\/pages"}],"about":[{"href":"https:\/\/www.riteboiler.com\/es\/wp-json\/wp\/v2\/types\/page"}],"author":[{"embeddable":true,"href":"https:\/\/www.riteboiler.com\/es\/wp-json\/wp\/v2\/users\/1"}],"replies":[{"embeddable":true,"href":"https:\/\/www.riteboiler.com\/es\/wp-json\/wp\/v2\/comments?post=1764"}],"version-history":[{"count":10,"href":"https:\/\/www.riteboiler.com\/es\/wp-json\/wp\/v2\/pages\/1764\/revisions"}],"predecessor-version":[{"id":1996,"href":"https:\/\/www.riteboiler.com\/es\/wp-json\/wp\/v2\/pages\/1764\/revisions\/1996"}],"up":[{"embeddable":true,"href":"https:\/\/www.riteboiler.com\/es\/wp-json\/wp\/v2\/pages\/144"}],"wp:featuredmedia":[{"embeddable":true,"href":"https:\/\/www.riteboiler.com\/es\/wp-json\/wp\/v2\/media\/1771"}],"wp:attachment":[{"href":"https:\/\/www.riteboiler.com\/es\/wp-json\/wp\/v2\/media?parent=1764"}],"curies":[{"name":"wp","href":"https:\/\/api.w.org\/{rel}","templated":true}]}}