{"id":1811,"date":"2020-08-03T12:42:59","date_gmt":"2020-08-03T17:42:59","guid":{"rendered":"http:\/\/riteboiler.flywheelsites.com\/?page_id=1811"},"modified":"2020-11-28T16:43:44","modified_gmt":"2020-11-28T22:43:44","slug":"calderas-partes-y-accesorios","status":"publish","type":"page","link":"https:\/\/www.riteboiler.com\/es\/boiler-parts-and-accessories\/","title":{"rendered":"Piezas y accesorios de calderas"},"content":{"rendered":"<p><img loading=\"lazy\" decoding=\"async\" title=\"072 60yo rite\" src=\"https:\/\/www.riteboiler.com\/wp-content\/uploads\/2020\/08\/072-60yo-rite.jpg\" alt=\"Piezas y accesorios de calderas\" width=\"486\" height=\"691\" \/><\/p>\r\n<p>No importa si tu caldera tiene 6 o 60 a\u00f1os. Rite est\u00e1 comprometido con el cuidado de su caldera. Como parte de ese compromiso, llevamos un inventario completo de piezas de servicio y reparaci\u00f3n para mantener su caldera al m\u00e1ximo rendimiento. Tambi\u00e9n mantenemos un inventario de accesorios para calderas y salas de calderas para ayudar a mejorar el rendimiento de su equipo.<\/p>\r\n<p>Usted sabe que Rite Boilers proporciona repuestos para calderas para todos los equipos que fabricamos. Tambi\u00e9n proporcionamos muchas de las piezas utilizadas en nuestra industria para otros fabricantes de calderas. Cont\u00e1ctenos para m\u00e1s informaci\u00f3n.<\/p>\r\n<h3>Estas piezas y accesorios incluyen, pero no se limitan a:<\/h3>\r\n<ul>\r\n<li>Juntas<\/li>\r\n<li>Salvaguardias contra las llamas<\/li>\r\n<li>Paneles de control completos<\/li>\r\n<li>V\u00e1lvulas de seguridad y alivio<\/li>\r\n<li>Man\u00f3metros<\/li>\r\n<li>Medidores de temperatura<\/li>\r\n<li>Refractario<\/li>\r\n<li>Quemadores<\/li>\r\n<\/ul>\r\n<ul>\r\n<li>V\u00e1lvulas de gas<\/li>\r\n<li>Reguladores de gas<\/li>\r\n<li>Productos qu\u00edmicos de tratamiento<\/li>\r\n<li>Retocar la pintura<\/li>\r\n<li>Ablandadores de agua<\/li>\r\n<li>V\u00e1lvulas de purga<\/li>\r\n<li>Columnas de agua<\/li>\r\n<li>Cortes de agua baja<\/li>\r\n<\/ul>\r\n<ul>\r\n<li>Controles de nivel de agua<\/li>\r\n<li>Controles de temperatura<\/li>\r\n<li>Controles de presi\u00f3n<\/li>\r\n<li>Interruptores de l\u00edmite alto<\/li>\r\n<li>Interruptores de presi\u00f3n de gas<\/li>\r\n<li>Controles de borrador<\/li>\r\n<li>Medidores de tiro<\/li>\r\n<\/ul>","protected":false},"excerpt":{"rendered":"<p>It doesn\u2019t matter if your boiler is 6 or 60 years old.\u00a0 Rite is committed to your boiler\u2019s care.\u00a0 As part of that commitment we carry a full inventory of service and repair parts to keep your boiler at peak performance.\u00a0 We also maintain an inventory of boiler and boiler room accessories to help improve &#8230; <a title=\"Piezas y accesorios de calderas\" class=\"read-more\" href=\"https:\/\/www.riteboiler.com\/es\/boiler-parts-and-accessories\/\" aria-label=\"Leer m\u00e1s sobre Boiler Parts and Accessories\">Read more<\/a><\/p>","protected":false},"author":1,"featured_media":170,"parent":0,"menu_order":5,"comment_status":"closed","ping_status":"closed","template":"","meta":{"_monsterinsights_skip_tracking":false,"_monsterinsights_sitenote_active":false,"_monsterinsights_sitenote_note":"","_monsterinsights_sitenote_category":0,"footnotes":""},"class_list":["post-1811","page","type-page","status-publish","has-post-thumbnail"],"yoast_head":"<!-- This site is optimized with the Yoast SEO plugin v27.3 - https:\/\/yoast.com\/product\/yoast-seo-wordpress\/ -->\n<title>Boiler Parts and Accessories - Rite Boilers is committed to your boiler\u2019s...<\/title>\n<meta name=\"description\" content=\"Rite is committed to your boiler\u2019s care. As part of that commitment we carry a full inventory of boiler service and repair parts ...\" \/>\n<meta name=\"robots\" content=\"index, follow, max-snippet:-1, max-image-preview:large, max-video-preview:-1\" \/>\n<link rel=\"canonical\" href=\"https:\/\/www.riteboiler.com\/es\/calderas-partes-y-accesorios\/\" \/>\n<meta property=\"og:locale\" content=\"es_MX\" \/>\n<meta property=\"og:type\" content=\"article\" \/>\n<meta property=\"og:title\" content=\"Boiler Parts and Accessories - Rite Boilers is committed to your boiler\u2019s...\" \/>\n<meta property=\"og:description\" content=\"Rite is committed to your boiler\u2019s care. As part of that commitment we carry a full inventory of boiler service and repair parts ...\" \/>\n<meta property=\"og:url\" content=\"https:\/\/www.riteboiler.com\/es\/calderas-partes-y-accesorios\/\" \/>\n<meta property=\"og:site_name\" content=\"Rite Boilers\" \/>\n<meta property=\"article:modified_time\" content=\"2020-11-28T22:43:44+00:00\" \/>\n<meta property=\"og:image\" content=\"https:\/\/www.riteboiler.com\/wp-content\/uploads\/2020\/06\/021-durafin-a.png\" \/>\n\t<meta property=\"og:image:width\" content=\"678\" \/>\n\t<meta property=\"og:image:height\" content=\"862\" \/>\n\t<meta property=\"og:image:type\" content=\"image\/png\" \/>\n<meta name=\"twitter:card\" content=\"summary_large_image\" \/>\n<meta name=\"twitter:label1\" content=\"Tiempo de lectura\" \/>\n\t<meta name=\"twitter:data1\" content=\"1 minuto\" \/>\n<script type=\"application\/ld+json\" class=\"yoast-schema-graph\">{\"@context\":\"https:\\\/\\\/schema.org\",\"@graph\":[{\"@type\":\"WebPage\",\"@id\":\"https:\\\/\\\/www.riteboiler.com\\\/boiler-parts-and-accessories\\\/\",\"url\":\"https:\\\/\\\/www.riteboiler.com\\\/boiler-parts-and-accessories\\\/\",\"name\":\"Boiler Parts and Accessories - Rite Boilers is committed to your boiler\u2019s...\",\"isPartOf\":{\"@id\":\"https:\\\/\\\/www.riteboiler.com\\\/#website\"},\"primaryImageOfPage\":{\"@id\":\"https:\\\/\\\/www.riteboiler.com\\\/boiler-parts-and-accessories\\\/#primaryimage\"},\"image\":{\"@id\":\"https:\\\/\\\/www.riteboiler.com\\\/boiler-parts-and-accessories\\\/#primaryimage\"},\"thumbnailUrl\":\"https:\\\/\\\/www.riteboiler.com\\\/wp-content\\\/uploads\\\/2020\\\/06\\\/021-durafin-a.png\",\"datePublished\":\"2020-08-03T17:42:59+00:00\",\"dateModified\":\"2020-11-28T22:43:44+00:00\",\"description\":\"Rite is committed to your boiler\u2019s care. As part of that commitment we carry a full inventory of boiler service and repair parts ...\",\"breadcrumb\":{\"@id\":\"https:\\\/\\\/www.riteboiler.com\\\/boiler-parts-and-accessories\\\/#breadcrumb\"},\"inLanguage\":\"es\",\"potentialAction\":[{\"@type\":\"ReadAction\",\"target\":[\"https:\\\/\\\/www.riteboiler.com\\\/boiler-parts-and-accessories\\\/\"]}]},{\"@type\":\"ImageObject\",\"inLanguage\":\"es\",\"@id\":\"https:\\\/\\\/www.riteboiler.com\\\/boiler-parts-and-accessories\\\/#primaryimage\",\"url\":\"https:\\\/\\\/www.riteboiler.com\\\/wp-content\\\/uploads\\\/2020\\\/06\\\/021-durafin-a.png\",\"contentUrl\":\"https:\\\/\\\/www.riteboiler.com\\\/wp-content\\\/uploads\\\/2020\\\/06\\\/021-durafin-a.png\",\"width\":678,\"height\":862,\"caption\":\"Durafin\"},{\"@type\":\"BreadcrumbList\",\"@id\":\"https:\\\/\\\/www.riteboiler.com\\\/boiler-parts-and-accessories\\\/#breadcrumb\",\"itemListElement\":[{\"@type\":\"ListItem\",\"position\":1,\"name\":\"Home\",\"item\":\"https:\\\/\\\/www.riteboiler.com\\\/\"},{\"@type\":\"ListItem\",\"position\":2,\"name\":\"Boiler Parts and Accessories\"}]},{\"@type\":\"WebSite\",\"@id\":\"https:\\\/\\\/www.riteboiler.com\\\/#website\",\"url\":\"https:\\\/\\\/www.riteboiler.com\\\/\",\"name\":\"Rite Boilers\",\"description\":\"Boilers and Tanks Built to Last! Since 1952\",\"publisher\":{\"@id\":\"https:\\\/\\\/www.riteboiler.com\\\/#organization\"},\"potentialAction\":[{\"@type\":\"SearchAction\",\"target\":{\"@type\":\"EntryPoint\",\"urlTemplate\":\"https:\\\/\\\/www.riteboiler.com\\\/?s={search_term_string}\"},\"query-input\":{\"@type\":\"PropertyValueSpecification\",\"valueRequired\":true,\"valueName\":\"search_term_string\"}}],\"inLanguage\":\"es\"},{\"@type\":\"Organization\",\"@id\":\"https:\\\/\\\/www.riteboiler.com\\\/#organization\",\"name\":\"Rite Engineering & Manufacturing Corp.\",\"url\":\"https:\\\/\\\/www.riteboiler.com\\\/\",\"logo\":{\"@type\":\"ImageObject\",\"inLanguage\":\"es\",\"@id\":\"https:\\\/\\\/www.riteboiler.com\\\/#\\\/schema\\\/logo\\\/image\\\/\",\"url\":\"https:\\\/\\\/www.riteboiler.com\\\/wp-content\\\/uploads\\\/2020\\\/06\\\/rite-boilers-logo-large.png\",\"contentUrl\":\"https:\\\/\\\/www.riteboiler.com\\\/wp-content\\\/uploads\\\/2020\\\/06\\\/rite-boilers-logo-large.png\",\"width\":600,\"height\":346,\"caption\":\"Rite Engineering & Manufacturing Corp.\"},\"image\":{\"@id\":\"https:\\\/\\\/www.riteboiler.com\\\/#\\\/schema\\\/logo\\\/image\\\/\"}}]}<\/script>\n<!-- \/ Yoast SEO plugin. -->","yoast_head_json":{"title":"Boiler Parts and Accessories - Rite Boilers is committed to your boiler\u2019s...","description":"Rite est\u00e1 comprometido con el cuidado de su caldera. Como parte de ese compromiso, llevamos un inventario completo de servicio de calderas y repuestos ...","robots":{"index":"index","follow":"follow","max-snippet":"max-snippet:-1","max-image-preview":"max-image-preview:large","max-video-preview":"max-video-preview:-1"},"canonical":"https:\/\/www.riteboiler.com\/es\/calderas-partes-y-accesorios\/","og_locale":"es_MX","og_type":"article","og_title":"Boiler Parts and Accessories - Rite Boilers is committed to your boiler\u2019s...","og_description":"Rite is committed to your boiler\u2019s care. As part of that commitment we carry a full inventory of boiler service and repair parts ...","og_url":"https:\/\/www.riteboiler.com\/es\/calderas-partes-y-accesorios\/","og_site_name":"Rite Boilers","article_modified_time":"2020-11-28T22:43:44+00:00","og_image":[{"width":678,"height":862,"url":"https:\/\/www.riteboiler.com\/wp-content\/uploads\/2020\/06\/021-durafin-a.png","type":"image\/png"}],"twitter_card":"summary_large_image","twitter_misc":{"Tiempo de lectura":"1 minuto"},"schema":{"@context":"https:\/\/schema.org","@graph":[{"@type":"WebPage","@id":"https:\/\/www.riteboiler.com\/boiler-parts-and-accessories\/","url":"https:\/\/www.riteboiler.com\/boiler-parts-and-accessories\/","name":"Boiler Parts and Accessories - Rite Boilers is committed to your boiler\u2019s...","isPartOf":{"@id":"https:\/\/www.riteboiler.com\/#website"},"primaryImageOfPage":{"@id":"https:\/\/www.riteboiler.com\/boiler-parts-and-accessories\/#primaryimage"},"image":{"@id":"https:\/\/www.riteboiler.com\/boiler-parts-and-accessories\/#primaryimage"},"thumbnailUrl":"https:\/\/www.riteboiler.com\/wp-content\/uploads\/2020\/06\/021-durafin-a.png","datePublished":"2020-08-03T17:42:59+00:00","dateModified":"2020-11-28T22:43:44+00:00","description":"Rite est\u00e1 comprometido con el cuidado de su caldera. Como parte de ese compromiso, llevamos un inventario completo de servicio de calderas y repuestos ...","breadcrumb":{"@id":"https:\/\/www.riteboiler.com\/boiler-parts-and-accessories\/#breadcrumb"},"inLanguage":"es","potentialAction":[{"@type":"ReadAction","target":["https:\/\/www.riteboiler.com\/boiler-parts-and-accessories\/"]}]},{"@type":"ImageObject","inLanguage":"es","@id":"https:\/\/www.riteboiler.com\/boiler-parts-and-accessories\/#primaryimage","url":"https:\/\/www.riteboiler.com\/wp-content\/uploads\/2020\/06\/021-durafin-a.png","contentUrl":"https:\/\/www.riteboiler.com\/wp-content\/uploads\/2020\/06\/021-durafin-a.png","width":678,"height":862,"caption":"Durafin"},{"@type":"BreadcrumbList","@id":"https:\/\/www.riteboiler.com\/boiler-parts-and-accessories\/#breadcrumb","itemListElement":[{"@type":"ListItem","position":1,"name":"Home","item":"https:\/\/www.riteboiler.com\/"},{"@type":"ListItem","position":2,"name":"Boiler Parts and Accessories"}]},{"@type":"WebSite","@id":"https:\/\/www.riteboiler.com\/#website","url":"https:\/\/www.riteboiler.com\/","name":"Calderas Rite","description":"Boilers and Tanks Built to Last! Since 1952","publisher":{"@id":"https:\/\/www.riteboiler.com\/#organization"},"potentialAction":[{"@type":"SearchAction","target":{"@type":"EntryPoint","urlTemplate":"https:\/\/www.riteboiler.com\/?s={search_term_string}"},"query-input":{"@type":"PropertyValueSpecification","valueRequired":true,"valueName":"search_term_string"}}],"inLanguage":"es"},{"@type":"Organization","@id":"https:\/\/www.riteboiler.com\/#organization","name":"Rite Engineering & Manufacturing Corp.","url":"https:\/\/www.riteboiler.com\/","logo":{"@type":"ImageObject","inLanguage":"es","@id":"https:\/\/www.riteboiler.com\/#\/schema\/logo\/image\/","url":"https:\/\/www.riteboiler.com\/wp-content\/uploads\/2020\/06\/rite-boilers-logo-large.png","contentUrl":"https:\/\/www.riteboiler.com\/wp-content\/uploads\/2020\/06\/rite-boilers-logo-large.png","width":600,"height":346,"caption":"Rite Engineering & Manufacturing Corp."},"image":{"@id":"https:\/\/www.riteboiler.com\/#\/schema\/logo\/image\/"}}]}},"_links":{"self":[{"href":"https:\/\/www.riteboiler.com\/es\/wp-json\/wp\/v2\/pages\/1811","targetHints":{"allow":["GET"]}}],"collection":[{"href":"https:\/\/www.riteboiler.com\/es\/wp-json\/wp\/v2\/pages"}],"about":[{"href":"https:\/\/www.riteboiler.com\/es\/wp-json\/wp\/v2\/types\/page"}],"author":[{"embeddable":true,"href":"https:\/\/www.riteboiler.com\/es\/wp-json\/wp\/v2\/users\/1"}],"replies":[{"embeddable":true,"href":"https:\/\/www.riteboiler.com\/es\/wp-json\/wp\/v2\/comments?post=1811"}],"version-history":[{"count":10,"href":"https:\/\/www.riteboiler.com\/es\/wp-json\/wp\/v2\/pages\/1811\/revisions"}],"predecessor-version":[{"id":1999,"href":"https:\/\/www.riteboiler.com\/es\/wp-json\/wp\/v2\/pages\/1811\/revisions\/1999"}],"wp:featuredmedia":[{"embeddable":true,"href":"https:\/\/www.riteboiler.com\/es\/wp-json\/wp\/v2\/media\/170"}],"wp:attachment":[{"href":"https:\/\/www.riteboiler.com\/es\/wp-json\/wp\/v2\/media?parent=1811"}],"curies":[{"name":"wp","href":"https:\/\/api.w.org\/{rel}","templated":true}]}}