{"id":262,"date":"2020-06-12T16:16:04","date_gmt":"2020-06-12T21:16:04","guid":{"rendered":"http:\/\/riteboiler.flywheelsites.com\/?page_id=262"},"modified":"2020-11-28T22:30:52","modified_gmt":"2020-11-29T04:30:52","slug":"quemador-electrico-interior","status":"publish","type":"page","link":"https:\/\/www.riteboiler.com\/es\/boilers\/hot-water-boilers\/indoor-power-burner-fired\/","title":{"rendered":"Quemador el\u00e9ctrico convencional para interiores encendido"},"content":{"rendered":"<p class=\"translation-block\">Tan simples de mantener y operar, las calderas Rite cuentan con <strong> acceso completo al agua <\/strong> para que pr\u00e1cticamente todos los dep\u00f3sitos de sarro y lodo puedan verse y limpiarse mec\u00e1nicamente durante una \u00fanica parada de mantenimiento programada. El resultado: <strong> Mejor eficiencia de combustible y menor costo operativo durante la vida \u00fatil de su inversi\u00f3n en caldera <\/strong>. Considere algunas de nuestras otras caracter\u00edsticas est\u00e1ndar:<\/p>\r\n<ul>\r\n<li>Floating heads that eliminate tube &#8220;weep&#8221; and cracks caused by thermal stress cycling (backed by <strong>Garant\u00eda de choque t\u00e9rmico de 25 a\u00f1os de Rite<\/strong>)<\/li>\r\n<li>Conexiones de agua de suministro y retorno superiores<\/li>\r\n<li>Rugged pressure vessel with minimal pressure drop and no flow rate restrictions &#8211; and you have a better boiler by design.<\/li>\r\n<\/ul>\r\n<p>DOWNLOADS POWER BURNER ADVANTAGES vs. &#8220;FORCED DRAFT BOILERS&#8221; DOWNLOADS<\/p>\r\n<p><a href=\"https:\/\/www.riteboiler.com\/wp-content\/uploads\/2020\/06\/RiteBook_pr1_circa_2004.pdf\">Cat\u00e1logo de calderas Rite (PDF)<\/a><br \/><a href=\"https:\/\/www.riteboiler.com\/wp-content\/uploads\/2020\/06\/hot-water-power-burner.pdf\">Folleto de calderas de quemadores el\u00e9ctricos de agua caliente (PDF)<\/a><br \/><a href=\"https:\/\/www.riteboiler.com\/wp-content\/uploads\/2020\/06\/hot-water-power-burner-spanish.pdf\">Hot Water Power Burner Brochure &#8211; Spanish (PDF)<\/a><br \/><a href=\"https:\/\/www.riteboiler.com\/wp-content\/uploads\/2020\/06\/hot-water-power-burner-oil.pdf\">Hot Water Power Burner Boiler Brochure &#8211; Oil (PDF)<\/a><br \/><a href=\"https:\/\/www.riteboiler.com\/wp-content\/uploads\/2020\/06\/hw-pb-specs.doc\">Hoja de especificaciones de calderas de agua caliente con quemador el\u00e9ctrico interior convencional (WORD)<\/a><br \/><a href=\"https:\/\/www.riteboiler.com\/wp-content\/uploads\/2020\/06\/powerflame-emissions.pdf\">Emisiones t\u00edpicas de productos de humos (PDF)<\/a><br \/><a href=\"https:\/\/www.riteboiler.com\/wp-content\/uploads\/2020\/06\/powerflame-nox.pdf\">Emisiones t\u00edpicas de NOx al disparar aceite (PDF)<\/a><br \/><a href=\"https:\/\/www.riteboiler.com\/wp-content\/uploads\/2020\/06\/Rite-Low-NOx-SCAQMD-Precertified-Boilers.pdf\">Calderas pre-certificadas Rite Low NOx SCAQMD (PDF)<\/a><br \/><a href=\"https:\/\/www.riteboiler.com\/wp-content\/uploads\/2020\/06\/Rite-Water-Source-Heat-Pump.pdf\">Bombas de calor con fuente de agua (PDF) <\/a><\/p>\r\n<p>VENTAJAS DEL QUEMADOR DE POTENCIA<\/p>\r\n<p>Las calderas de agua de baja presi\u00f3n alimentadas por quemador el\u00e9ctrico Rite deben especificarse cuando se requieran emisiones bajas de NOx o cuando se utilicen combustibles que no sean gas natural o propano. Si bien los Power Burners son m\u00e1s costosos y usan m\u00e1s energ\u00eda el\u00e9ctrica que la atmosf\u00e9rica, tienen una ventaja: al controlar la cantidad de aire que usan para la combusti\u00f3n, los Power Burners logran una mayor eficiencia de combusti\u00f3n que los atmosf\u00e9ricos, especialmente a una velocidad de fuego menor que la m\u00e1xima.<\/p>\r\n<p>vs. &#8220;FORCED DRAFT BOILERS&#8221;<\/p>\r\n<p>Both use Power Burners to combust the fuel, but the similarities end there. Forced draft boilers require larger fan motors to &#8220;push&#8221; the products of combustion out a sealed combustion chamber and into a positive pressure stack. Should a leak develop in the combustion chamber or stack of a forced draft boiler &#8211; potentially toxic flue gasses could escape into the boiler room.<\/p>\r\n<p>Las calderas Rite Power Burner utilizan motores de ventilador m\u00e1s peque\u00f1os para quemar solo el combustible. Todas las calderas Rite est\u00e1n dise\u00f1adas para operar con c\u00e1maras y chimeneas de combusti\u00f3n de presi\u00f3n negativa, lo que significa que los gases de combusti\u00f3n son <strong>sin peligro<\/strong> en condiciones de tiro negativo desde el momento en que se quema el combustible hasta que sale de la chimenea.<\/p>","protected":false},"excerpt":{"rendered":"<p>So simple to maintain and operate, Rite Boilers feature complete waterside access so that virtually all scale and mud deposits can be seen and mechanically cleaned during a single scheduled maintenance shutdown. The result \u2013 Better fuel efficiency and lower operating cost over the life of your boiler investment. Consider a few of our other &#8230; <a title=\"Quemador el\u00e9ctrico convencional para interiores encendido\" class=\"read-more\" href=\"https:\/\/www.riteboiler.com\/es\/boilers\/hot-water-boilers\/indoor-power-burner-fired\/\" aria-label=\"Leer m\u00e1s sobre Conventional Indoor Power Burner Fired\">Read more<\/a><\/p>","protected":false},"author":1,"featured_media":556,"parent":178,"menu_order":1,"comment_status":"closed","ping_status":"closed","template":"","meta":{"_monsterinsights_skip_tracking":false,"_monsterinsights_sitenote_active":false,"_monsterinsights_sitenote_note":"","_monsterinsights_sitenote_category":0,"footnotes":""},"class_list":["post-262","page","type-page","status-publish","has-post-thumbnail"],"yoast_head":"<!-- This site is optimized with the Yoast SEO plugin v27.4 - https:\/\/yoast.com\/product\/yoast-seo-wordpress\/ -->\n<title>Conventional Indoor Power Burner Fired - Rite Boilers<\/title>\n<meta name=\"description\" content=\"Simple to maintain and operate, Rite Boilers feature complete waterside access so that virtually all scale and mud deposits can be seen\" \/>\n<meta name=\"robots\" content=\"index, follow, max-snippet:-1, max-image-preview:large, max-video-preview:-1\" \/>\n<link rel=\"canonical\" href=\"https:\/\/www.riteboiler.com\/es\/calderas\/calderas-d-agua-caliente\/quemador-electrico-interior\/\" \/>\n<meta property=\"og:locale\" content=\"es_MX\" \/>\n<meta property=\"og:type\" content=\"article\" \/>\n<meta property=\"og:title\" content=\"Conventional Indoor Power Burner Fired - Rite Boilers\" \/>\n<meta property=\"og:description\" content=\"Simple to maintain and operate, Rite Boilers feature complete waterside access so that virtually all scale and mud deposits can be seen\" \/>\n<meta property=\"og:url\" content=\"https:\/\/www.riteboiler.com\/es\/calderas\/calderas-d-agua-caliente\/quemador-electrico-interior\/\" \/>\n<meta property=\"og:site_name\" content=\"Rite Boilers\" \/>\n<meta property=\"article:modified_time\" content=\"2020-11-29T04:30:52+00:00\" \/>\n<meta property=\"og:image\" content=\"https:\/\/www.riteboiler.com\/wp-content\/uploads\/2020\/06\/conv-indoor-power-burner-fired.png\" \/>\n\t<meta property=\"og:image:width\" content=\"812\" \/>\n\t<meta property=\"og:image:height\" content=\"591\" \/>\n\t<meta property=\"og:image:type\" content=\"image\/png\" \/>\n<meta name=\"twitter:card\" content=\"summary_large_image\" \/>\n<meta name=\"twitter:label1\" content=\"Tiempo de lectura\" \/>\n\t<meta name=\"twitter:data1\" content=\"2 minutos\" \/>\n<script type=\"application\/ld+json\" class=\"yoast-schema-graph\">{\"@context\":\"https:\\\/\\\/schema.org\",\"@graph\":[{\"@type\":\"WebPage\",\"@id\":\"https:\\\/\\\/www.riteboiler.com\\\/boilers\\\/hot-water-boilers\\\/indoor-power-burner-fired\\\/\",\"url\":\"https:\\\/\\\/www.riteboiler.com\\\/boilers\\\/hot-water-boilers\\\/indoor-power-burner-fired\\\/\",\"name\":\"Conventional Indoor Power Burner Fired - Rite Boilers\",\"isPartOf\":{\"@id\":\"https:\\\/\\\/www.riteboiler.com\\\/#website\"},\"primaryImageOfPage\":{\"@id\":\"https:\\\/\\\/www.riteboiler.com\\\/boilers\\\/hot-water-boilers\\\/indoor-power-burner-fired\\\/#primaryimage\"},\"image\":{\"@id\":\"https:\\\/\\\/www.riteboiler.com\\\/boilers\\\/hot-water-boilers\\\/indoor-power-burner-fired\\\/#primaryimage\"},\"thumbnailUrl\":\"https:\\\/\\\/www.riteboiler.com\\\/wp-content\\\/uploads\\\/2020\\\/06\\\/conv-indoor-power-burner-fired.png\",\"datePublished\":\"2020-06-12T21:16:04+00:00\",\"dateModified\":\"2020-11-29T04:30:52+00:00\",\"description\":\"Simple to maintain and operate, Rite Boilers feature complete waterside access so that virtually all scale and mud deposits can be seen\",\"breadcrumb\":{\"@id\":\"https:\\\/\\\/www.riteboiler.com\\\/boilers\\\/hot-water-boilers\\\/indoor-power-burner-fired\\\/#breadcrumb\"},\"inLanguage\":\"es\",\"potentialAction\":[{\"@type\":\"ReadAction\",\"target\":[\"https:\\\/\\\/www.riteboiler.com\\\/boilers\\\/hot-water-boilers\\\/indoor-power-burner-fired\\\/\"]}]},{\"@type\":\"ImageObject\",\"inLanguage\":\"es\",\"@id\":\"https:\\\/\\\/www.riteboiler.com\\\/boilers\\\/hot-water-boilers\\\/indoor-power-burner-fired\\\/#primaryimage\",\"url\":\"https:\\\/\\\/www.riteboiler.com\\\/wp-content\\\/uploads\\\/2020\\\/06\\\/conv-indoor-power-burner-fired.png\",\"contentUrl\":\"https:\\\/\\\/www.riteboiler.com\\\/wp-content\\\/uploads\\\/2020\\\/06\\\/conv-indoor-power-burner-fired.png\",\"width\":812,\"height\":591,\"caption\":\"Conventional Indoor Power Burner Fired\"},{\"@type\":\"BreadcrumbList\",\"@id\":\"https:\\\/\\\/www.riteboiler.com\\\/boilers\\\/hot-water-boilers\\\/indoor-power-burner-fired\\\/#breadcrumb\",\"itemListElement\":[{\"@type\":\"ListItem\",\"position\":1,\"name\":\"Home\",\"item\":\"https:\\\/\\\/www.riteboiler.com\\\/\"},{\"@type\":\"ListItem\",\"position\":2,\"name\":\"Boilers\",\"item\":\"https:\\\/\\\/www.riteboiler.com\\\/boilers\\\/\"},{\"@type\":\"ListItem\",\"position\":3,\"name\":\"Hot Water Boilers\",\"item\":\"https:\\\/\\\/www.riteboiler.com\\\/boilers\\\/hot-water-boilers\\\/\"},{\"@type\":\"ListItem\",\"position\":4,\"name\":\"Conventional Indoor Power Burner Fired\"}]},{\"@type\":\"WebSite\",\"@id\":\"https:\\\/\\\/www.riteboiler.com\\\/#website\",\"url\":\"https:\\\/\\\/www.riteboiler.com\\\/\",\"name\":\"Rite Boilers\",\"description\":\"Boilers and Tanks Built to Last! Since 1952\",\"publisher\":{\"@id\":\"https:\\\/\\\/www.riteboiler.com\\\/#organization\"},\"potentialAction\":[{\"@type\":\"SearchAction\",\"target\":{\"@type\":\"EntryPoint\",\"urlTemplate\":\"https:\\\/\\\/www.riteboiler.com\\\/?s={search_term_string}\"},\"query-input\":{\"@type\":\"PropertyValueSpecification\",\"valueRequired\":true,\"valueName\":\"search_term_string\"}}],\"inLanguage\":\"es\"},{\"@type\":\"Organization\",\"@id\":\"https:\\\/\\\/www.riteboiler.com\\\/#organization\",\"name\":\"Rite Engineering & Manufacturing Corp.\",\"url\":\"https:\\\/\\\/www.riteboiler.com\\\/\",\"logo\":{\"@type\":\"ImageObject\",\"inLanguage\":\"es\",\"@id\":\"https:\\\/\\\/www.riteboiler.com\\\/#\\\/schema\\\/logo\\\/image\\\/\",\"url\":\"https:\\\/\\\/www.riteboiler.com\\\/wp-content\\\/uploads\\\/2020\\\/06\\\/rite-boilers-logo-large.png\",\"contentUrl\":\"https:\\\/\\\/www.riteboiler.com\\\/wp-content\\\/uploads\\\/2020\\\/06\\\/rite-boilers-logo-large.png\",\"width\":600,\"height\":346,\"caption\":\"Rite Engineering & Manufacturing Corp.\"},\"image\":{\"@id\":\"https:\\\/\\\/www.riteboiler.com\\\/#\\\/schema\\\/logo\\\/image\\\/\"}}]}<\/script>\n<!-- \/ Yoast SEO plugin. -->","yoast_head_json":{"title":"Conventional Indoor Power Burner Fired - Rite Boilers","description":"Sencillas de mantener y operar, las calderas Rite cuentan con acceso completo al agua para que se puedan ver pr\u00e1cticamente todas las incrustaciones y dep\u00f3sitos de lodo.","robots":{"index":"index","follow":"follow","max-snippet":"max-snippet:-1","max-image-preview":"max-image-preview:large","max-video-preview":"max-video-preview:-1"},"canonical":"https:\/\/www.riteboiler.com\/es\/calderas\/calderas-d-agua-caliente\/quemador-electrico-interior\/","og_locale":"es_MX","og_type":"article","og_title":"Conventional Indoor Power Burner Fired - Rite Boilers","og_description":"Simple to maintain and operate, Rite Boilers feature complete waterside access so that virtually all scale and mud deposits can be seen","og_url":"https:\/\/www.riteboiler.com\/es\/calderas\/calderas-d-agua-caliente\/quemador-electrico-interior\/","og_site_name":"Rite Boilers","article_modified_time":"2020-11-29T04:30:52+00:00","og_image":[{"width":812,"height":591,"url":"https:\/\/www.riteboiler.com\/wp-content\/uploads\/2020\/06\/conv-indoor-power-burner-fired.png","type":"image\/png"}],"twitter_card":"summary_large_image","twitter_misc":{"Tiempo de lectura":"2 minutos"},"schema":{"@context":"https:\/\/schema.org","@graph":[{"@type":"WebPage","@id":"https:\/\/www.riteboiler.com\/boilers\/hot-water-boilers\/indoor-power-burner-fired\/","url":"https:\/\/www.riteboiler.com\/boilers\/hot-water-boilers\/indoor-power-burner-fired\/","name":"Conventional Indoor Power Burner Fired - Rite Boilers","isPartOf":{"@id":"https:\/\/www.riteboiler.com\/#website"},"primaryImageOfPage":{"@id":"https:\/\/www.riteboiler.com\/boilers\/hot-water-boilers\/indoor-power-burner-fired\/#primaryimage"},"image":{"@id":"https:\/\/www.riteboiler.com\/boilers\/hot-water-boilers\/indoor-power-burner-fired\/#primaryimage"},"thumbnailUrl":"https:\/\/www.riteboiler.com\/wp-content\/uploads\/2020\/06\/conv-indoor-power-burner-fired.png","datePublished":"2020-06-12T21:16:04+00:00","dateModified":"2020-11-29T04:30:52+00:00","description":"Sencillas de mantener y operar, las calderas Rite cuentan con acceso completo al agua para que se puedan ver pr\u00e1cticamente todas las incrustaciones y dep\u00f3sitos de lodo.","breadcrumb":{"@id":"https:\/\/www.riteboiler.com\/boilers\/hot-water-boilers\/indoor-power-burner-fired\/#breadcrumb"},"inLanguage":"es","potentialAction":[{"@type":"ReadAction","target":["https:\/\/www.riteboiler.com\/boilers\/hot-water-boilers\/indoor-power-burner-fired\/"]}]},{"@type":"ImageObject","inLanguage":"es","@id":"https:\/\/www.riteboiler.com\/boilers\/hot-water-boilers\/indoor-power-burner-fired\/#primaryimage","url":"https:\/\/www.riteboiler.com\/wp-content\/uploads\/2020\/06\/conv-indoor-power-burner-fired.png","contentUrl":"https:\/\/www.riteboiler.com\/wp-content\/uploads\/2020\/06\/conv-indoor-power-burner-fired.png","width":812,"height":591,"caption":"Conventional Indoor Power Burner Fired"},{"@type":"BreadcrumbList","@id":"https:\/\/www.riteboiler.com\/boilers\/hot-water-boilers\/indoor-power-burner-fired\/#breadcrumb","itemListElement":[{"@type":"ListItem","position":1,"name":"Home","item":"https:\/\/www.riteboiler.com\/"},{"@type":"ListItem","position":2,"name":"Boilers","item":"https:\/\/www.riteboiler.com\/boilers\/"},{"@type":"ListItem","position":3,"name":"Hot Water Boilers","item":"https:\/\/www.riteboiler.com\/boilers\/hot-water-boilers\/"},{"@type":"ListItem","position":4,"name":"Conventional Indoor Power Burner Fired"}]},{"@type":"WebSite","@id":"https:\/\/www.riteboiler.com\/#website","url":"https:\/\/www.riteboiler.com\/","name":"Calderas Rite","description":"Boilers and Tanks Built to Last! Since 1952","publisher":{"@id":"https:\/\/www.riteboiler.com\/#organization"},"potentialAction":[{"@type":"SearchAction","target":{"@type":"EntryPoint","urlTemplate":"https:\/\/www.riteboiler.com\/?s={search_term_string}"},"query-input":{"@type":"PropertyValueSpecification","valueRequired":true,"valueName":"search_term_string"}}],"inLanguage":"es"},{"@type":"Organization","@id":"https:\/\/www.riteboiler.com\/#organization","name":"Rite Engineering & Manufacturing Corp.","url":"https:\/\/www.riteboiler.com\/","logo":{"@type":"ImageObject","inLanguage":"es","@id":"https:\/\/www.riteboiler.com\/#\/schema\/logo\/image\/","url":"https:\/\/www.riteboiler.com\/wp-content\/uploads\/2020\/06\/rite-boilers-logo-large.png","contentUrl":"https:\/\/www.riteboiler.com\/wp-content\/uploads\/2020\/06\/rite-boilers-logo-large.png","width":600,"height":346,"caption":"Rite Engineering & Manufacturing Corp."},"image":{"@id":"https:\/\/www.riteboiler.com\/#\/schema\/logo\/image\/"}}]}},"_links":{"self":[{"href":"https:\/\/www.riteboiler.com\/es\/wp-json\/wp\/v2\/pages\/262","targetHints":{"allow":["GET"]}}],"collection":[{"href":"https:\/\/www.riteboiler.com\/es\/wp-json\/wp\/v2\/pages"}],"about":[{"href":"https:\/\/www.riteboiler.com\/es\/wp-json\/wp\/v2\/types\/page"}],"author":[{"embeddable":true,"href":"https:\/\/www.riteboiler.com\/es\/wp-json\/wp\/v2\/users\/1"}],"replies":[{"embeddable":true,"href":"https:\/\/www.riteboiler.com\/es\/wp-json\/wp\/v2\/comments?post=262"}],"version-history":[{"count":10,"href":"https:\/\/www.riteboiler.com\/es\/wp-json\/wp\/v2\/pages\/262\/revisions"}],"predecessor-version":[{"id":2010,"href":"https:\/\/www.riteboiler.com\/es\/wp-json\/wp\/v2\/pages\/262\/revisions\/2010"}],"up":[{"embeddable":true,"href":"https:\/\/www.riteboiler.com\/es\/wp-json\/wp\/v2\/pages\/178"}],"wp:featuredmedia":[{"embeddable":true,"href":"https:\/\/www.riteboiler.com\/es\/wp-json\/wp\/v2\/media\/556"}],"wp:attachment":[{"href":"https:\/\/www.riteboiler.com\/es\/wp-json\/wp\/v2\/media?parent=262"}],"curies":[{"name":"wp","href":"https:\/\/api.w.org\/{rel}","templated":true}]}}