{"id":35,"date":"2020-06-08T19:06:12","date_gmt":"2020-06-08T19:06:12","guid":{"rendered":"http:\/\/riteboiler.flywheelsites.com\/?page_id=35"},"modified":"2025-05-14T12:12:33","modified_gmt":"2025-05-14T17:12:33","slug":"inicio","status":"publish","type":"page","link":"https:\/\/www.riteboiler.com\/es\/","title":{"rendered":"Inicio"},"content":{"rendered":"<img decoding=\"async\" src=\"https:\/\/www.riteboiler.com\/wp-content\/uploads\/2020\/06\/hero-banner-placeholder.jpg\" alt=\"CALDERAS Y DEP\u00d3SITOS CONSTRUIDOS PARA DURAR!\" itemprop=\"image\" height=\"695\" width=\"1920\" title=\"hero-banner-placeholder\" onerror=\"this.style.display='none'\" loading='lazy' \/>\n\t<strong>RENDIMIENTO en el que puede confiar \u2022 EFICIENCIA que puede mantener<\/strong><br \/>\n<strong>\u00a1EXPERIENCIA en la que puede confiar!<\/strong>\n\t\t\t<a href=\"https:\/\/www.riteboiler.com\/es\/sobre-nosotros\/\" target=\"_self\">\n\t\t\t\t\t\t\t\u00a1APRENDA M\u00c1S ACERCA DE NOSOTROS!\n\t\t\t\t\t<\/a>\n\t<p><strong>CALDERAS PARA CUALQUIER APLICACI\u00d3N Y PRESUPUESTO<\/strong><\/p>\n\t\t\t\t<a href=\"https:\/\/www.riteboiler.com\/es\/calderas\/calderas-de-vapor\/calderas-de-vapor-de-alta-presion\/\"  target=\"_self\" itemprop=\"url\">\n\t\t\t\t<img decoding=\"async\" src=\"https:\/\/www.riteboiler.com\/wp-content\/uploads\/2020\/06\/high-pressure-steam-boilers.png\" alt=\"caldera de vapor de alta presi\u00f3n\" itemprop=\"image\" height=\"453\" width=\"600\" title=\"high-pressure-steam-boilers\" onerror=\"this.style.display='none'\" loading='lazy' \/>\n\t\t\t\t<\/a>\n<h3>\n\t\t\tVAPOR A ALTA<br \/>PRESION (150PSI)\t<\/h3>\n\tFrom food processing to textiles, hospitals to industrial process manufacturing &#8211; these heavy duty watertube steamers are available in sizes from 9.5 to 250 Boiler Horsepower.<br \/>\n<a href=\"https:\/\/www.riteboiler.com\/es\/calderas\/calderas-de-vapor\/calderas-de-vapor-de-alta-presion\/\">MAS<\/a>\n\t\t\t\t<a href=\"https:\/\/www.riteboiler.com\/es\/calderas\/calderas-de-vapor\/calderas-de-vapor-de-baja-presion\/\"  target=\"_self\" itemprop=\"url\">\n\t\t\t\t<img decoding=\"async\" src=\"https:\/\/www.riteboiler.com\/wp-content\/uploads\/2020\/06\/low-pressure-steam-boilers.png\" alt=\"caldera de vapor de baja presi\u00f3n\" itemprop=\"image\" height=\"453\" width=\"600\" title=\"low-pressure-steam-boilers\" onerror=\"this.style.display='none'\" loading='lazy' \/>\n\t\t\t\t<\/a>\n<h3>\n\t\t\tVAPOR A BAJA<br \/>PRESI\u00d3N (15PSI)\t<\/h3>\n\tFrom autoclaves to humidifiers, bakeries to breweries &#8211; these heavy duty watertube steamers are available from 4 to 300 Boiler Horsepower.<br \/>\n<a href=\"https:\/\/www.riteboiler.com\/es\/calderas\/calderas-de-vapor\/calderas-de-vapor-de-baja-presion\/\">MAS<\/a>\n\t\t\t\t<a href=\"https:\/\/www.riteboiler.com\/es\/calderas\/calderas-d-agua-caliente\/\"  target=\"_self\" itemprop=\"url\">\n\t\t\t\t<img decoding=\"async\" src=\"https:\/\/www.riteboiler.com\/wp-content\/uploads\/2020\/06\/traditional-hot-water-boilers.png\" alt=\"caldera de agua caliente tradicional\" itemprop=\"image\" height=\"453\" width=\"600\" title=\"traditional-hot-water-boilers\" onerror=\"this.style.display='none'\" loading='lazy' \/>\n\t\t\t\t<\/a>\n<h3>\n\t\t\tAGUA CALIENTE<br \/>CONVENCIONAL (125PSI)\t<\/h3>\n\tDesde sistemas convencionales de calefacci\u00f3n de espacios hasta bombas de calor y cargas de procesos industriales, quemadores atmosf\u00e9ricos o de potencia de 480mbh a 12.500mbh.<br \/>\n<a href=\"https:\/\/www.riteboiler.com\/es\/calderas\/calderas-d-agua-caliente\/\">MAS<\/a>\n\t\t\t\t<a href=\"https:\/\/www.riteboiler.com\/es\/calderas\/calderas-d-agua-caliente\/calderas-de-agua-caliente-alta-eficiencia-durafin\/\"  target=\"_self\" itemprop=\"url\">\n\t\t\t\t<img decoding=\"async\" src=\"https:\/\/www.riteboiler.com\/wp-content\/uploads\/2020\/06\/high-efficiency-hot-water-boilers.png\" alt=\"caldera de agua caliente de alta eficiencia\" itemprop=\"image\" height=\"453\" width=\"600\" title=\"high-efficiency-hot-water-boilers\" onerror=\"this.style.display='none'\" loading='lazy' \/>\n\t\t\t\t<\/a>\n<h3>\n\t\t\tAGUA CALIENTE<br \/>DE ALTA EFICIENCIA (160psi)\t<\/h3>\n\tEstas calderas de condensaci\u00f3n est\u00e1n construidas con tubos con aletas de acero y est\u00e1n dise\u00f1adas para durar toda la vida. Son 100% reparables en campo y tienen una garant\u00eda de 25 a\u00f1os contra choque t\u00e9rmico.<br \/>\n<a href=\"https:\/\/www.riteboiler.com\/es\/calderas\/calderas-d-agua-caliente\/calderas-de-agua-caliente-alta-eficiencia-durafin\/\">MAS<\/a>\n<h2>\n\t\t\tWe have your industry covered &#8230; that&#8217;s RITE!\t<\/h2>\n\t\t\t\tFOOD &#038; BEVERAGE\n\t\t\t\tAGRIBUSINESS\n\t\t\t\tMETAL FINISHING\n\t\t\t\tHVAC\n\t\t\t\tHEALTHCARE\n\t\t\t\tAJAX REPLACEMENT\n\t\t\t\t\t\t\tFOOD &#038; BEVERAGE\n\t\t\t\t<p>Las calderas Rite son ideales para los productores de alimentos y bebidas. Nuestras calderas de vapor de baja presi\u00f3n han sido durante mucho tiempo las calderas elegidas por las cervecer\u00edas artesanales, destiler\u00edas y empresas de productos alimenticios.<\/p>\n<p><a href=\"\/es\/calderas\/calderas-de-vapor\/calderas-de-vapor-de-baja-presion\/\">M\u00c1S SOBRE CALDERAS DE BAJA PRESI\u00d3N &gt;&gt;&gt;<\/a><\/p>\n\t\t\t\t\t\t\tAGRONEGOCIOS\n\t\t\t\t<p>Ya sea que est\u00e9 extrayendo aceites esenciales, produciendo alimento o secando nueces, Rite tiene una caldera para usted. caldera. Nuestras calderas permiten una limpieza completa y una inspecci\u00f3n del lado del agua. Esto es fundamental si su fuente de agua no es la \u00f3ptima.<\/p>\n<p><a href=\"\/es\/calderas\/calderas-de-vapor\/\">LEER M\u00c1S SOBRE LAS CALDERAS DE VAPOR &gt;&gt;&gt;<\/a><\/p>\n\t\t\t\t\t\t\tACABADO DE METALES\n\t\t\t\t<p>Encontrar\u00e1 calderas Rite en cualquier lugar donde se requiera una fuente de calor confiable. Nuestras calderas se utilizan en cabinas de pintura industriales, galvanizadores y muchas otras aplicaciones de acabado.\u00a0<\/p>\n<p><a href=\"\/es\/calderas\/calderas-de-vapor\/\">LEER M\u00c1S SOBRE LAS CALDERAS DE VAPOR &gt;&gt;&gt;<\/a><br \/><a href=\"\/es\/calderas\/calderas-d-agua-caliente\/\">LEER M\u00c1S SOBRE CALDERAS DE AGUA CALIENTE &gt;&gt;&gt;<\/a><\/p>\n\t\t\t\t\t\t\tHVAC\n\t\t\t\t<p>Si est\u00e1 reemplazando una caldera vieja o dise\u00f1ando un edificio nuevo, tenemos el equipo para todas sus aplicaciones sin condensaci\u00f3n. Ofrecemos calderas de agua caliente de alta eficiencia y calderas de vapor de baja presi\u00f3n de f\u00e1cil mantenimiento. Ofrecemos el reemplazo perfecto para calderas viejas de hierro fundido y c\u00e1maras de combusti\u00f3n.<\/p>\n<p><a href=\"\/es\/calderas\/calderas-de-vapor\/calderas-de-vapor-de-baja-presion\/\">LEER M\u00c1S SOBRE LAS CALDERAS DE VAPOR DE BAJA PRESI\u00d3N &gt;&gt;&gt;<\/a><br \/><a href=\"\/es\/calderas\/calderas-d-agua-caliente\/\">LEER M\u00c1S SOBRE CALDERAS DE AGUA CALIENTE &gt;&gt;&gt;<\/a><\/p>\n\t\t\t\t\t\t\tCUIDADO DE LA SALUD\n\t\t\t\t<p>Llevamos m\u00e1s de 50 a\u00f1os proporcionando calderas para estas instalaciones de cuidados intensivos. A medida que la tecnolog\u00eda de la construcci\u00f3n ha cambiado, los requisitos de vapor o agua de calefacci\u00f3n confiables no lo han hecho. Nuestras calderas son una elecci\u00f3n perfecta cuando la eficiencia, la confiabilidad y la capacidad de usar fuel oil como respaldo son cr\u00edticas.<\/p>\n<p><a href=\"\/es\/calderas\/calderas-de-vapor\/\">LEER M\u00c1S SOBRE LAS CALDERAS DE VAPOR &gt;&gt;&gt;<\/a><br \/><a href=\"\/es\/calderas\/calderas-d-agua-caliente\/\">LEER M\u00c1S SOBRE CALDERAS DE AGUA CALIENTE &gt;&gt;&gt;<\/a><\/p>\n\t\t\t\t\t\t\tREEMPLAZO DE AJAX\n\t\t\t\t<p>Las calderas Rite pueden construir un resbal\u00f3n en reemplazo de la mayor\u00eda de las calderas Ajax que se retiran o de las viejas calderas de la c\u00e1mara de combusti\u00f3n. Comun\u00edquese con su representante local para obtener m\u00e1s detalles.<\/p>\n<p><a href=\"\/es\/solicitar-cotizacion\/\">SOLICITE UNA COTIZACI\u00d3N &gt;&gt;&gt;<\/a><br \/><a href=\"\/es\/encuentra-un-representante\/\">ENCUENTRA UN REPRESENTANTE &gt;&gt;&gt;<\/a><\/p>\n\t\t\t\t<a href=\"\/es\/contactanos\/\" target=\"_self\"  itemprop=\"url\">\n\t\t\t\t<img decoding=\"async\" src=\"https:\/\/www.riteboiler.com\/wp-content\/uploads\/2020\/11\/Solicitar-Cotizacion.png\" alt=\"Solicitar Cotizaci\u00f3n\" title=\"Solicitar Cotizaci\u00f3n\" itemprop=\"image\"  \/>\n\t\t\t\t\t\t<\/a>\n<h2>\n\t\t\tUpcoming Events \/ News\t<\/h2>\n\t\t\t\t<a href=\"https:\/\/www.craftbrewersconference.com\/\"  target=\"_blank\" rel=\"noopener\"  itemprop=\"url\">\n\t\t\t\t<img decoding=\"async\" src=\"https:\/\/www.riteboiler.com\/wp-content\/uploads\/2025\/03\/CBC25-exhibitor-custom-square-jan-17.png\" alt=\"Craft Brewers Conference 2025\" itemprop=\"image\" height=\"1080\" width=\"1080\" title=\"CBC25-exhibitor-custom-square jan 17\" onerror=\"this.style.display='none'\" loading='lazy' \/>\n\t\t\t\t<\/a>\n\t<p>Join us for the Craft Brewers Conference<\/p>\n<p><strong>April 28 &#8211; May 1, 2025<\/strong><\/p>\nThe Indiana Convention Center<br \/>\nIndianapolis, IN\n\t\t\t<a href=\"https:\/\/www.craftbrewersconference.com\/\" target=\"_blank\" rel=\"noopener\">\n\t\t\t\t\t\t\tVisite el sitio web\n\t\t\t<\/a>\n\t\t\t\t<a href=\"https:\/\/www.riteboiler.com\/wp-content\/uploads\/2024\/11\/Jacks-Process-heating-article.pdf\"  target=\"_blank\" rel=\"noopener\"  itemprop=\"url\">\n\t\t\t\t<img decoding=\"async\" src=\"https:\/\/www.riteboiler.com\/wp-content\/uploads\/2022\/08\/6-common-questions.jpg\" alt=\"6 Common Questions\" itemprop=\"image\" height=\"481\" width=\"600\" title=\"6-common-questions\" onerror=\"this.style.display='none'\" loading='lazy' \/>\n\t\t\t\t<\/a>\n\t<strong>Jack Coe<br \/>\n<\/strong>Presidente de Rite Engineering &amp; Manufacturing Corp.<br \/>\nArt\u00edculo de autores en Process Heating<br \/>\n\n<strong>6 preguntas frecuentes sobre calderas<br \/>\nUtilizado en aplicaciones de calentamiento de procesos.<\/strong>\n\t\t\t<a href=\"https:\/\/www.riteboiler.com\/wp-content\/uploads\/2024\/11\/Jacks-Process-heating-article.pdf\" target=\"_blank\" rel=\"noopener\">\n\t\t\t\t\t\t\tLea el art\u00edculo\n\t\t\t<\/a>","protected":false},"excerpt":{"rendered":"<p>PERFORMANCE You Can Trust \u2022 EFFICIENCY You Can Maintain EXPERIENCE You Can Depend On! LEARN MORE ABOUT US! BOILERS TO FIT ALMOST EVERY APPLICATION &amp; BUDGET HIGH PRESSURESTEAM (150PSI) From food processing to textiles, hospitals to industrial process manufacturing &#8211; these heavy duty watertube steamers are available in sizes from 9.5 to 250 Boiler Horsepower. &#8230; <a title=\"Inicio\" class=\"read-more\" href=\"https:\/\/www.riteboiler.com\/es\/\" aria-label=\"Leer m\u00e1s sobre Home\">Read more<\/a><\/p>","protected":false},"author":1,"featured_media":0,"parent":0,"menu_order":1,"comment_status":"closed","ping_status":"closed","template":"","meta":{"_monsterinsights_skip_tracking":false,"_monsterinsights_sitenote_active":false,"_monsterinsights_sitenote_note":"","_monsterinsights_sitenote_category":0,"footnotes":""},"class_list":["post-35","page","type-page","status-publish"],"yoast_head":"<!-- This site is optimized with the Yoast SEO plugin v27.4 - https:\/\/yoast.com\/product\/yoast-seo-wordpress\/ -->\n<title>Rite Boilers - &quot;Performance You Can Trust - Efficiency You Can Maintain &quot;<\/title>\n<meta name=\"description\" content=\"Boilers And Tanks Built To Last Since 1952. Boilers To Fit Almost Every Application &amp; Budget. We Have Your Industry Covered ... That&#039;s Rite!\" \/>\n<meta name=\"robots\" content=\"index, follow, max-snippet:-1, max-image-preview:large, max-video-preview:-1\" \/>\n<link rel=\"canonical\" href=\"https:\/\/www.riteboiler.com\/es\/\" \/>\n<meta property=\"og:locale\" content=\"es_MX\" \/>\n<meta property=\"og:type\" content=\"article\" \/>\n<meta property=\"og:title\" content=\"Rite Boilers - &quot;Performance You Can Trust - Efficiency You Can Maintain &quot;\" \/>\n<meta property=\"og:description\" content=\"Boilers And Tanks Built To Last Since 1952. Boilers To Fit Almost Every Application &amp; Budget. We Have Your Industry Covered ... That&#039;s Rite!\" \/>\n<meta property=\"og:url\" content=\"https:\/\/www.riteboiler.com\/es\/\" \/>\n<meta property=\"og:site_name\" content=\"Rite Boilers\" \/>\n<meta property=\"article:modified_time\" content=\"2025-05-14T17:12:33+00:00\" \/>\n<meta property=\"og:image\" content=\"https:\/\/www.riteboiler.com\/wp-content\/uploads\/2020\/06\/hero-banner-placeholder.jpg\" \/>\n<meta name=\"twitter:card\" content=\"summary_large_image\" \/>\n<meta name=\"twitter:label1\" content=\"Tiempo de lectura\" \/>\n\t<meta name=\"twitter:data1\" content=\"3 minutos\" \/>\n<script type=\"application\/ld+json\" class=\"yoast-schema-graph\">{\"@context\":\"https:\\\/\\\/schema.org\",\"@graph\":[{\"@type\":\"WebPage\",\"@id\":\"https:\\\/\\\/www.riteboiler.com\\\/\",\"url\":\"https:\\\/\\\/www.riteboiler.com\\\/\",\"name\":\"Rite Boilers - \\\"Performance You Can Trust - Efficiency You Can Maintain \\\"\",\"isPartOf\":{\"@id\":\"https:\\\/\\\/www.riteboiler.com\\\/#website\"},\"primaryImageOfPage\":{\"@id\":\"https:\\\/\\\/www.riteboiler.com\\\/#primaryimage\"},\"image\":{\"@id\":\"https:\\\/\\\/www.riteboiler.com\\\/#primaryimage\"},\"thumbnailUrl\":\"https:\\\/\\\/www.riteboiler.com\\\/wp-content\\\/uploads\\\/2020\\\/06\\\/hero-banner-placeholder.jpg\",\"datePublished\":\"2020-06-08T19:06:12+00:00\",\"dateModified\":\"2025-05-14T17:12:33+00:00\",\"description\":\"Boilers And Tanks Built To Last Since 1952. Boilers To Fit Almost Every Application & Budget. We Have Your Industry Covered ... That's Rite!\",\"breadcrumb\":{\"@id\":\"https:\\\/\\\/www.riteboiler.com\\\/#breadcrumb\"},\"inLanguage\":\"es\",\"potentialAction\":[{\"@type\":\"ReadAction\",\"target\":[\"https:\\\/\\\/www.riteboiler.com\\\/\"]}]},{\"@type\":\"ImageObject\",\"inLanguage\":\"es\",\"@id\":\"https:\\\/\\\/www.riteboiler.com\\\/#primaryimage\",\"url\":\"https:\\\/\\\/www.riteboiler.com\\\/wp-content\\\/uploads\\\/2020\\\/06\\\/hero-banner-placeholder.jpg\",\"contentUrl\":\"https:\\\/\\\/www.riteboiler.com\\\/wp-content\\\/uploads\\\/2020\\\/06\\\/hero-banner-placeholder.jpg\"},{\"@type\":\"BreadcrumbList\",\"@id\":\"https:\\\/\\\/www.riteboiler.com\\\/#breadcrumb\",\"itemListElement\":[{\"@type\":\"ListItem\",\"position\":1,\"name\":\"Home\",\"item\":\"https:\\\/\\\/www.riteboiler.com\\\/\"},{\"@type\":\"ListItem\",\"position\":2,\"name\":\"Home\"}]},{\"@type\":\"WebSite\",\"@id\":\"https:\\\/\\\/www.riteboiler.com\\\/#website\",\"url\":\"https:\\\/\\\/www.riteboiler.com\\\/\",\"name\":\"Rite Boilers\",\"description\":\"Boilers and Tanks Built to Last! Since 1952\",\"publisher\":{\"@id\":\"https:\\\/\\\/www.riteboiler.com\\\/#organization\"},\"potentialAction\":[{\"@type\":\"SearchAction\",\"target\":{\"@type\":\"EntryPoint\",\"urlTemplate\":\"https:\\\/\\\/www.riteboiler.com\\\/?s={search_term_string}\"},\"query-input\":{\"@type\":\"PropertyValueSpecification\",\"valueRequired\":true,\"valueName\":\"search_term_string\"}}],\"inLanguage\":\"es\"},{\"@type\":\"Organization\",\"@id\":\"https:\\\/\\\/www.riteboiler.com\\\/#organization\",\"name\":\"Rite Engineering & Manufacturing Corp.\",\"url\":\"https:\\\/\\\/www.riteboiler.com\\\/\",\"logo\":{\"@type\":\"ImageObject\",\"inLanguage\":\"es\",\"@id\":\"https:\\\/\\\/www.riteboiler.com\\\/#\\\/schema\\\/logo\\\/image\\\/\",\"url\":\"https:\\\/\\\/www.riteboiler.com\\\/wp-content\\\/uploads\\\/2020\\\/06\\\/rite-boilers-logo-large.png\",\"contentUrl\":\"https:\\\/\\\/www.riteboiler.com\\\/wp-content\\\/uploads\\\/2020\\\/06\\\/rite-boilers-logo-large.png\",\"width\":600,\"height\":346,\"caption\":\"Rite Engineering & Manufacturing Corp.\"},\"image\":{\"@id\":\"https:\\\/\\\/www.riteboiler.com\\\/#\\\/schema\\\/logo\\\/image\\\/\"}}]}<\/script>\n<!-- \/ Yoast SEO plugin. -->","yoast_head_json":{"title":"Rite Boilers - \"Performance You Can Trust - Efficiency You Can Maintain \"","description":"Boilers And Tanks Built To Last Since 1952. Boilers To Fit Almost Every Application & Budget. We Have Your Industry Covered ... That's Rite!","robots":{"index":"index","follow":"follow","max-snippet":"max-snippet:-1","max-image-preview":"max-image-preview:large","max-video-preview":"max-video-preview:-1"},"canonical":"https:\/\/www.riteboiler.com\/es\/","og_locale":"es_MX","og_type":"article","og_title":"Rite Boilers - \"Performance You Can Trust - Efficiency You Can Maintain \"","og_description":"Boilers And Tanks Built To Last Since 1952. Boilers To Fit Almost Every Application & Budget. We Have Your Industry Covered ... That's Rite!","og_url":"https:\/\/www.riteboiler.com\/es\/","og_site_name":"Rite Boilers","article_modified_time":"2025-05-14T17:12:33+00:00","og_image":[{"url":"https:\/\/www.riteboiler.com\/wp-content\/uploads\/2020\/06\/hero-banner-placeholder.jpg","type":"","width":"","height":""}],"twitter_card":"summary_large_image","twitter_misc":{"Tiempo de lectura":"3 minutos"},"schema":{"@context":"https:\/\/schema.org","@graph":[{"@type":"WebPage","@id":"https:\/\/www.riteboiler.com\/","url":"https:\/\/www.riteboiler.com\/","name":"Rite Boilers - \"Performance You Can Trust - Efficiency You Can Maintain \"","isPartOf":{"@id":"https:\/\/www.riteboiler.com\/#website"},"primaryImageOfPage":{"@id":"https:\/\/www.riteboiler.com\/#primaryimage"},"image":{"@id":"https:\/\/www.riteboiler.com\/#primaryimage"},"thumbnailUrl":"https:\/\/www.riteboiler.com\/wp-content\/uploads\/2020\/06\/hero-banner-placeholder.jpg","datePublished":"2020-06-08T19:06:12+00:00","dateModified":"2025-05-14T17:12:33+00:00","description":"Boilers And Tanks Built To Last Since 1952. Boilers To Fit Almost Every Application & Budget. We Have Your Industry Covered ... That's Rite!","breadcrumb":{"@id":"https:\/\/www.riteboiler.com\/#breadcrumb"},"inLanguage":"es","potentialAction":[{"@type":"ReadAction","target":["https:\/\/www.riteboiler.com\/"]}]},{"@type":"ImageObject","inLanguage":"es","@id":"https:\/\/www.riteboiler.com\/#primaryimage","url":"https:\/\/www.riteboiler.com\/wp-content\/uploads\/2020\/06\/hero-banner-placeholder.jpg","contentUrl":"https:\/\/www.riteboiler.com\/wp-content\/uploads\/2020\/06\/hero-banner-placeholder.jpg"},{"@type":"BreadcrumbList","@id":"https:\/\/www.riteboiler.com\/#breadcrumb","itemListElement":[{"@type":"ListItem","position":1,"name":"Home","item":"https:\/\/www.riteboiler.com\/"},{"@type":"ListItem","position":2,"name":"Home"}]},{"@type":"WebSite","@id":"https:\/\/www.riteboiler.com\/#website","url":"https:\/\/www.riteboiler.com\/","name":"Calderas Rite","description":"Boilers and Tanks Built to Last! Since 1952","publisher":{"@id":"https:\/\/www.riteboiler.com\/#organization"},"potentialAction":[{"@type":"SearchAction","target":{"@type":"EntryPoint","urlTemplate":"https:\/\/www.riteboiler.com\/?s={search_term_string}"},"query-input":{"@type":"PropertyValueSpecification","valueRequired":true,"valueName":"search_term_string"}}],"inLanguage":"es"},{"@type":"Organization","@id":"https:\/\/www.riteboiler.com\/#organization","name":"Rite Engineering & Manufacturing Corp.","url":"https:\/\/www.riteboiler.com\/","logo":{"@type":"ImageObject","inLanguage":"es","@id":"https:\/\/www.riteboiler.com\/#\/schema\/logo\/image\/","url":"https:\/\/www.riteboiler.com\/wp-content\/uploads\/2020\/06\/rite-boilers-logo-large.png","contentUrl":"https:\/\/www.riteboiler.com\/wp-content\/uploads\/2020\/06\/rite-boilers-logo-large.png","width":600,"height":346,"caption":"Rite Engineering & Manufacturing Corp."},"image":{"@id":"https:\/\/www.riteboiler.com\/#\/schema\/logo\/image\/"}}]}},"_links":{"self":[{"href":"https:\/\/www.riteboiler.com\/es\/wp-json\/wp\/v2\/pages\/35","targetHints":{"allow":["GET"]}}],"collection":[{"href":"https:\/\/www.riteboiler.com\/es\/wp-json\/wp\/v2\/pages"}],"about":[{"href":"https:\/\/www.riteboiler.com\/es\/wp-json\/wp\/v2\/types\/page"}],"author":[{"embeddable":true,"href":"https:\/\/www.riteboiler.com\/es\/wp-json\/wp\/v2\/users\/1"}],"replies":[{"embeddable":true,"href":"https:\/\/www.riteboiler.com\/es\/wp-json\/wp\/v2\/comments?post=35"}],"version-history":[{"count":11,"href":"https:\/\/www.riteboiler.com\/es\/wp-json\/wp\/v2\/pages\/35\/revisions"}],"predecessor-version":[{"id":2356,"href":"https:\/\/www.riteboiler.com\/es\/wp-json\/wp\/v2\/pages\/35\/revisions\/2356"}],"wp:attachment":[{"href":"https:\/\/www.riteboiler.com\/es\/wp-json\/wp\/v2\/media?parent=35"}],"curies":[{"name":"wp","href":"https:\/\/api.w.org\/{rel}","templated":true}]}}