{"id":485,"date":"2020-06-16T13:47:13","date_gmt":"2020-06-16T18:47:13","guid":{"rendered":"http:\/\/riteboiler.flywheelsites.com\/?page_id=485"},"modified":"2021-06-07T14:52:32","modified_gmt":"2021-06-07T19:52:32","slug":"calderas-de-agua-caliente-interior-de-alta-temperatura","status":"publish","type":"page","link":"https:\/\/www.riteboiler.com\/es\/boilers\/hot-water-boilers\/high-temperature-indoor-hot-water-boilers\/","title":{"rendered":"Calderas de agua caliente para interiores de alta temperatura"},"content":{"rendered":"<p>Las calderas de agua de alta temperatura cuentan con:<\/p>\n<ul>\n<li>sin fluido de aceite t\u00e9rmico de alto costo<\/li>\n<li>sin coque<\/li>\n<li>sin problemas de derrames ambientales<\/li>\n<li>eficiencia de transferencia de calor superior al aceite t\u00e9rmico. Los beneficios sobre el vapor incluyen<\/li>\n<li>sin equipos auxiliares como: tanques de purga, desaireadores, ablandadores de agua, tratamiento qu\u00edmico, bombas de alimentaci\u00f3n, trampas de vapor, l\u00edneas de retorno de condensado<\/li>\n<li>no &#8220;open system&#8221; energy losses; less scale and corrosion.<\/li>\n<\/ul>\n<p>So simple to maintain and operate, Rite High Temperature Hot Water Boilers feature <strong>acceso completo a la orilla<\/strong> so that virtually all scale and mud deposits can be seen and mechanically cleaned during a single scheduled maintenance shutdown. The result &#8211; <strong>Better fuel-to-water efficiency and lower operating cost over the life of your boiler investment<\/strong>. Considere algunas de nuestras otras caracter\u00edsticas est\u00e1ndar:<\/p>\n<ul>\n<li>Rite&#8217;s floating heads that eliminate pressure vessel cracks and broken welds caused by thermal stress cycling (backed by our <strong>25 Year Thermal Shock Warranty<\/strong>.<\/li>\n<li>Tubesheets up to 1-3\/4&#8243; thick that virtually eliminates tube loosening or weeping- and you have a better boiler by design.<\/li>\n<\/ul>\n\t\t\t\t\t\t\t\t\t\t\t\t\t\t\t\t\tDOWNLOADS\n\t\t\t\t\t\t\t\t\t\t\t\t\t\t\t\t\tPOWER BURNER FEATURES\n\t\t\t\t\t\t\tDOWNLOADS\n\t\t\t\t\n\t\t\t\t\t\t\tPOWER BURNER FEATURES\n\t\t\t\t<p>Rite Power Burner Fired High Temperature Water Boilers must be specified when: Low NOx emissions are required or fuels other than natural gas will be used. While Power Burners are more expensive and use more electrical power than atmospherics, they do have one substantial advantage: by controlling the amount of air they use for combustion, Power Burners achieve higher combustion efficiencies than atmospherics &#8211; especially at less than full fire rate.<\/p>\n\n<!--26b1c886-->","protected":false},"excerpt":{"rendered":"<p>High temperature water boilers feature: no high cost thermal oil fluid no coking no environmental spill issues superior heat transfer efficiency over thermal oil. Benefits over steam include no auxiliary equipment such as: blowdown tanks, deaerators, water softeners, chemical treatment, feed pumps, steam traps, condensate return lines no &#8220;open system&#8221; energy losses; less scale and &#8230; <a title=\"Calderas de agua caliente para interiores de alta temperatura\" class=\"read-more\" href=\"https:\/\/www.riteboiler.com\/es\/boilers\/hot-water-boilers\/high-temperature-indoor-hot-water-boilers\/\" aria-label=\"Leer m\u00e1s sobre High Temperature Indoor Hot Water Boilers\">Read more<\/a><\/p>","protected":false},"author":1,"featured_media":506,"parent":178,"menu_order":6,"comment_status":"closed","ping_status":"closed","template":"","meta":{"_monsterinsights_skip_tracking":false,"_monsterinsights_sitenote_active":false,"_monsterinsights_sitenote_note":"","_monsterinsights_sitenote_category":0,"footnotes":""},"class_list":["post-485","page","type-page","status-publish","has-post-thumbnail"],"yoast_head":"<!-- This site is optimized with the Yoast SEO plugin v27.3 - https:\/\/yoast.com\/product\/yoast-seo-wordpress\/ -->\n<title>High Temperature Indoor Hot Water Boilers - Rite Boilers<\/title>\n<meta name=\"description\" content=\"High Temperature Indoor Hot Water Boilers - Rite has manufactured High Temperature Hot Water Boilers with safety and reliability...\" \/>\n<meta name=\"robots\" content=\"index, follow, max-snippet:-1, max-image-preview:large, max-video-preview:-1\" \/>\n<link rel=\"canonical\" href=\"https:\/\/www.riteboiler.com\/es\/calderas\/calderas-d-agua-caliente\/calderas-de-agua-caliente-interior-de-alta-temperatura\/\" \/>\n<meta property=\"og:locale\" content=\"es_MX\" \/>\n<meta property=\"og:type\" content=\"article\" \/>\n<meta property=\"og:title\" content=\"High Temperature Indoor Hot Water Boilers - Rite Boilers\" \/>\n<meta property=\"og:description\" content=\"High Temperature Indoor Hot Water Boilers - Rite has manufactured High Temperature Hot Water Boilers with safety and reliability...\" \/>\n<meta property=\"og:url\" content=\"https:\/\/www.riteboiler.com\/es\/calderas\/calderas-d-agua-caliente\/calderas-de-agua-caliente-interior-de-alta-temperatura\/\" \/>\n<meta property=\"og:site_name\" content=\"Rite Boilers\" \/>\n<meta property=\"article:modified_time\" content=\"2021-06-07T19:52:32+00:00\" \/>\n<meta property=\"og:image\" content=\"https:\/\/www.riteboiler.com\/wp-content\/uploads\/2020\/06\/001-HItemp-HW.png\" \/>\n\t<meta property=\"og:image:width\" content=\"608\" \/>\n\t<meta property=\"og:image:height\" content=\"574\" \/>\n\t<meta property=\"og:image:type\" content=\"image\/png\" \/>\n<meta name=\"twitter:card\" content=\"summary_large_image\" \/>\n<meta name=\"twitter:label1\" content=\"Tiempo de lectura\" \/>\n\t<meta name=\"twitter:data1\" content=\"1 minuto\" \/>\n<script type=\"application\/ld+json\" class=\"yoast-schema-graph\">{\"@context\":\"https:\\\/\\\/schema.org\",\"@graph\":[{\"@type\":\"WebPage\",\"@id\":\"https:\\\/\\\/www.riteboiler.com\\\/boilers\\\/hot-water-boilers\\\/high-temperature-indoor-hot-water-boilers\\\/\",\"url\":\"https:\\\/\\\/www.riteboiler.com\\\/boilers\\\/hot-water-boilers\\\/high-temperature-indoor-hot-water-boilers\\\/\",\"name\":\"High Temperature Indoor Hot Water Boilers - Rite Boilers\",\"isPartOf\":{\"@id\":\"https:\\\/\\\/www.riteboiler.com\\\/#website\"},\"primaryImageOfPage\":{\"@id\":\"https:\\\/\\\/www.riteboiler.com\\\/boilers\\\/hot-water-boilers\\\/high-temperature-indoor-hot-water-boilers\\\/#primaryimage\"},\"image\":{\"@id\":\"https:\\\/\\\/www.riteboiler.com\\\/boilers\\\/hot-water-boilers\\\/high-temperature-indoor-hot-water-boilers\\\/#primaryimage\"},\"thumbnailUrl\":\"https:\\\/\\\/www.riteboiler.com\\\/wp-content\\\/uploads\\\/2020\\\/06\\\/001-HItemp-HW.png\",\"datePublished\":\"2020-06-16T18:47:13+00:00\",\"dateModified\":\"2021-06-07T19:52:32+00:00\",\"description\":\"High Temperature Indoor Hot Water Boilers - Rite has manufactured High Temperature Hot Water Boilers with safety and reliability...\",\"breadcrumb\":{\"@id\":\"https:\\\/\\\/www.riteboiler.com\\\/boilers\\\/hot-water-boilers\\\/high-temperature-indoor-hot-water-boilers\\\/#breadcrumb\"},\"inLanguage\":\"es\",\"potentialAction\":[{\"@type\":\"ReadAction\",\"target\":[\"https:\\\/\\\/www.riteboiler.com\\\/boilers\\\/hot-water-boilers\\\/high-temperature-indoor-hot-water-boilers\\\/\"]}]},{\"@type\":\"ImageObject\",\"inLanguage\":\"es\",\"@id\":\"https:\\\/\\\/www.riteboiler.com\\\/boilers\\\/hot-water-boilers\\\/high-temperature-indoor-hot-water-boilers\\\/#primaryimage\",\"url\":\"https:\\\/\\\/www.riteboiler.com\\\/wp-content\\\/uploads\\\/2020\\\/06\\\/001-HItemp-HW.png\",\"contentUrl\":\"https:\\\/\\\/www.riteboiler.com\\\/wp-content\\\/uploads\\\/2020\\\/06\\\/001-HItemp-HW.png\",\"width\":608,\"height\":574,\"caption\":\"High Temperature Indoor Hot Water Boiler\"},{\"@type\":\"BreadcrumbList\",\"@id\":\"https:\\\/\\\/www.riteboiler.com\\\/boilers\\\/hot-water-boilers\\\/high-temperature-indoor-hot-water-boilers\\\/#breadcrumb\",\"itemListElement\":[{\"@type\":\"ListItem\",\"position\":1,\"name\":\"Home\",\"item\":\"https:\\\/\\\/www.riteboiler.com\\\/\"},{\"@type\":\"ListItem\",\"position\":2,\"name\":\"Boilers\",\"item\":\"https:\\\/\\\/www.riteboiler.com\\\/boilers\\\/\"},{\"@type\":\"ListItem\",\"position\":3,\"name\":\"Hot Water Boilers\",\"item\":\"https:\\\/\\\/www.riteboiler.com\\\/boilers\\\/hot-water-boilers\\\/\"},{\"@type\":\"ListItem\",\"position\":4,\"name\":\"High Temperature Indoor Hot Water Boilers\"}]},{\"@type\":\"WebSite\",\"@id\":\"https:\\\/\\\/www.riteboiler.com\\\/#website\",\"url\":\"https:\\\/\\\/www.riteboiler.com\\\/\",\"name\":\"Rite Boilers\",\"description\":\"Boilers and Tanks Built to Last! Since 1952\",\"publisher\":{\"@id\":\"https:\\\/\\\/www.riteboiler.com\\\/#organization\"},\"potentialAction\":[{\"@type\":\"SearchAction\",\"target\":{\"@type\":\"EntryPoint\",\"urlTemplate\":\"https:\\\/\\\/www.riteboiler.com\\\/?s={search_term_string}\"},\"query-input\":{\"@type\":\"PropertyValueSpecification\",\"valueRequired\":true,\"valueName\":\"search_term_string\"}}],\"inLanguage\":\"es\"},{\"@type\":\"Organization\",\"@id\":\"https:\\\/\\\/www.riteboiler.com\\\/#organization\",\"name\":\"Rite Engineering & Manufacturing Corp.\",\"url\":\"https:\\\/\\\/www.riteboiler.com\\\/\",\"logo\":{\"@type\":\"ImageObject\",\"inLanguage\":\"es\",\"@id\":\"https:\\\/\\\/www.riteboiler.com\\\/#\\\/schema\\\/logo\\\/image\\\/\",\"url\":\"https:\\\/\\\/www.riteboiler.com\\\/wp-content\\\/uploads\\\/2020\\\/06\\\/rite-boilers-logo-large.png\",\"contentUrl\":\"https:\\\/\\\/www.riteboiler.com\\\/wp-content\\\/uploads\\\/2020\\\/06\\\/rite-boilers-logo-large.png\",\"width\":600,\"height\":346,\"caption\":\"Rite Engineering & Manufacturing Corp.\"},\"image\":{\"@id\":\"https:\\\/\\\/www.riteboiler.com\\\/#\\\/schema\\\/logo\\\/image\\\/\"}}]}<\/script>\n<!-- \/ Yoast SEO plugin. -->","yoast_head_json":{"title":"High Temperature Indoor Hot Water Boilers - Rite Boilers","description":"Calderas de agua caliente para interiores de alta temperatura: Rite ha fabricado calderas de agua caliente para alta temperatura con seguridad y confiabilidad ...","robots":{"index":"index","follow":"follow","max-snippet":"max-snippet:-1","max-image-preview":"max-image-preview:large","max-video-preview":"max-video-preview:-1"},"canonical":"https:\/\/www.riteboiler.com\/es\/calderas\/calderas-d-agua-caliente\/calderas-de-agua-caliente-interior-de-alta-temperatura\/","og_locale":"es_MX","og_type":"article","og_title":"High Temperature Indoor Hot Water Boilers - Rite Boilers","og_description":"High Temperature Indoor Hot Water Boilers - Rite has manufactured High Temperature Hot Water Boilers with safety and reliability...","og_url":"https:\/\/www.riteboiler.com\/es\/calderas\/calderas-d-agua-caliente\/calderas-de-agua-caliente-interior-de-alta-temperatura\/","og_site_name":"Rite Boilers","article_modified_time":"2021-06-07T19:52:32+00:00","og_image":[{"width":608,"height":574,"url":"https:\/\/www.riteboiler.com\/wp-content\/uploads\/2020\/06\/001-HItemp-HW.png","type":"image\/png"}],"twitter_card":"summary_large_image","twitter_misc":{"Tiempo de lectura":"1 minuto"},"schema":{"@context":"https:\/\/schema.org","@graph":[{"@type":"WebPage","@id":"https:\/\/www.riteboiler.com\/boilers\/hot-water-boilers\/high-temperature-indoor-hot-water-boilers\/","url":"https:\/\/www.riteboiler.com\/boilers\/hot-water-boilers\/high-temperature-indoor-hot-water-boilers\/","name":"High Temperature Indoor Hot Water Boilers - Rite Boilers","isPartOf":{"@id":"https:\/\/www.riteboiler.com\/#website"},"primaryImageOfPage":{"@id":"https:\/\/www.riteboiler.com\/boilers\/hot-water-boilers\/high-temperature-indoor-hot-water-boilers\/#primaryimage"},"image":{"@id":"https:\/\/www.riteboiler.com\/boilers\/hot-water-boilers\/high-temperature-indoor-hot-water-boilers\/#primaryimage"},"thumbnailUrl":"https:\/\/www.riteboiler.com\/wp-content\/uploads\/2020\/06\/001-HItemp-HW.png","datePublished":"2020-06-16T18:47:13+00:00","dateModified":"2021-06-07T19:52:32+00:00","description":"Calderas de agua caliente para interiores de alta temperatura: Rite ha fabricado calderas de agua caliente para alta temperatura con seguridad y confiabilidad ...","breadcrumb":{"@id":"https:\/\/www.riteboiler.com\/boilers\/hot-water-boilers\/high-temperature-indoor-hot-water-boilers\/#breadcrumb"},"inLanguage":"es","potentialAction":[{"@type":"ReadAction","target":["https:\/\/www.riteboiler.com\/boilers\/hot-water-boilers\/high-temperature-indoor-hot-water-boilers\/"]}]},{"@type":"ImageObject","inLanguage":"es","@id":"https:\/\/www.riteboiler.com\/boilers\/hot-water-boilers\/high-temperature-indoor-hot-water-boilers\/#primaryimage","url":"https:\/\/www.riteboiler.com\/wp-content\/uploads\/2020\/06\/001-HItemp-HW.png","contentUrl":"https:\/\/www.riteboiler.com\/wp-content\/uploads\/2020\/06\/001-HItemp-HW.png","width":608,"height":574,"caption":"High Temperature Indoor Hot Water Boiler"},{"@type":"BreadcrumbList","@id":"https:\/\/www.riteboiler.com\/boilers\/hot-water-boilers\/high-temperature-indoor-hot-water-boilers\/#breadcrumb","itemListElement":[{"@type":"ListItem","position":1,"name":"Home","item":"https:\/\/www.riteboiler.com\/"},{"@type":"ListItem","position":2,"name":"Boilers","item":"https:\/\/www.riteboiler.com\/boilers\/"},{"@type":"ListItem","position":3,"name":"Hot Water Boilers","item":"https:\/\/www.riteboiler.com\/boilers\/hot-water-boilers\/"},{"@type":"ListItem","position":4,"name":"High Temperature Indoor Hot Water Boilers"}]},{"@type":"WebSite","@id":"https:\/\/www.riteboiler.com\/#website","url":"https:\/\/www.riteboiler.com\/","name":"Calderas Rite","description":"Boilers and Tanks Built to Last! Since 1952","publisher":{"@id":"https:\/\/www.riteboiler.com\/#organization"},"potentialAction":[{"@type":"SearchAction","target":{"@type":"EntryPoint","urlTemplate":"https:\/\/www.riteboiler.com\/?s={search_term_string}"},"query-input":{"@type":"PropertyValueSpecification","valueRequired":true,"valueName":"search_term_string"}}],"inLanguage":"es"},{"@type":"Organization","@id":"https:\/\/www.riteboiler.com\/#organization","name":"Rite Engineering & Manufacturing Corp.","url":"https:\/\/www.riteboiler.com\/","logo":{"@type":"ImageObject","inLanguage":"es","@id":"https:\/\/www.riteboiler.com\/#\/schema\/logo\/image\/","url":"https:\/\/www.riteboiler.com\/wp-content\/uploads\/2020\/06\/rite-boilers-logo-large.png","contentUrl":"https:\/\/www.riteboiler.com\/wp-content\/uploads\/2020\/06\/rite-boilers-logo-large.png","width":600,"height":346,"caption":"Rite Engineering & Manufacturing Corp."},"image":{"@id":"https:\/\/www.riteboiler.com\/#\/schema\/logo\/image\/"}}]}},"_links":{"self":[{"href":"https:\/\/www.riteboiler.com\/es\/wp-json\/wp\/v2\/pages\/485","targetHints":{"allow":["GET"]}}],"collection":[{"href":"https:\/\/www.riteboiler.com\/es\/wp-json\/wp\/v2\/pages"}],"about":[{"href":"https:\/\/www.riteboiler.com\/es\/wp-json\/wp\/v2\/types\/page"}],"author":[{"embeddable":true,"href":"https:\/\/www.riteboiler.com\/es\/wp-json\/wp\/v2\/users\/1"}],"replies":[{"embeddable":true,"href":"https:\/\/www.riteboiler.com\/es\/wp-json\/wp\/v2\/comments?post=485"}],"version-history":[{"count":10,"href":"https:\/\/www.riteboiler.com\/es\/wp-json\/wp\/v2\/pages\/485\/revisions"}],"predecessor-version":[{"id":2251,"href":"https:\/\/www.riteboiler.com\/es\/wp-json\/wp\/v2\/pages\/485\/revisions\/2251"}],"up":[{"embeddable":true,"href":"https:\/\/www.riteboiler.com\/es\/wp-json\/wp\/v2\/pages\/178"}],"wp:featuredmedia":[{"embeddable":true,"href":"https:\/\/www.riteboiler.com\/es\/wp-json\/wp\/v2\/media\/506"}],"wp:attachment":[{"href":"https:\/\/www.riteboiler.com\/es\/wp-json\/wp\/v2\/media?parent=485"}],"curies":[{"name":"wp","href":"https:\/\/api.w.org\/{rel}","templated":true}]}}