{"id":525,"date":"2020-06-16T14:57:36","date_gmt":"2020-06-16T19:57:36","guid":{"rendered":"http:\/\/riteboiler.flywheelsites.com\/?page_id=525"},"modified":"2020-11-28T21:44:13","modified_gmt":"2020-11-29T03:44:13","slug":"convencional-interior-atmosferico-a-gas-natural","status":"publish","type":"page","link":"https:\/\/www.riteboiler.com\/es\/boilers\/hot-water-boilers\/conventional-indoor-atmospheric-natural-gas-fired\/","title":{"rendered":"Interior convencional a gas natural \/ atmosf\u00e9rico"},"content":{"rendered":"<p>Tan simple de mantener y operar, las calderas Rite cuentan <strong>acceso completo a la orilla<\/strong> de modo que pr\u00e1cticamente todas las incrustaciones y dep\u00f3sitos de lodo puedan verse y limpiarse mec\u00e1nicamente durante una \u00fanica parada de mantenimiento programada. El resultado - <strong>Mejor eficiencia de combustible y menor costo operativo durante la vida \u00fatil de su inversi\u00f3n en caldera<\/strong>. Considere algunas de nuestras otras caracter\u00edsticas est\u00e1ndar: Cabezales flotantes que eliminan las grietas de los recipientes a presi\u00f3n y las soldaduras rotas causadas por los ciclos de tensi\u00f3n t\u00e9rmica (respaldados por <strong>Garant\u00eda de choque t\u00e9rmico de 25 a\u00f1os de Rite<\/strong>), Pilas individuales en modelos con entrada de 7.500.000 BTUH, conexiones de agua de retorno y suministro superior, intercambiadores de calor resistentes con una ca\u00edda de presi\u00f3n m\u00ednima a caudales normales son seguros para operar a cualquier caudal. Los cabezales atornillados \/ empaquetados de Rite eliminan cualquier posibilidad de explosi\u00f3n hidr\u00e1ulica en caso de que los dispositivos de seguridad fallen, y usted tiene una caldera mejor por dise\u00f1o.<\/p>\r\n<p>DOWNLOADS ATMOSPHERIC BURNER ADVANTAGES DOWNLOADS<\/p>\r\n<p><a href=\"https:\/\/www.riteboiler.com\/wp-content\/uploads\/2020\/06\/RiteBook_pr1_circa_2004.pdf\">Cat\u00e1logo de calderas Rite (PDF)<\/a><br \/><a href=\"https:\/\/www.riteboiler.com\/wp-content\/uploads\/2020\/06\/hot-water-atmospheric.pdf\">Folleto de calderas de agua caliente atmosf\u00e9rica (PDF)<\/a><br \/><a href=\"https:\/\/www.riteboiler.com\/wp-content\/uploads\/2020\/06\/hot-water-atmospheric-spanish.pdf\">Hot Water Atmospheric Boiler Brochure &#8211; Spanish (PDF)<\/a><br \/><a href=\"https:\/\/www.riteboiler.com\/wp-content\/uploads\/2020\/06\/hw-atmos-specs.doc\">Hoja de especificaciones de calderas de agua caliente atmosf\u00e9rica (PDF)<\/a><br \/><a href=\"https:\/\/www.riteboiler.com\/wp-content\/uploads\/2020\/06\/Rite-Water-Source-Heat-Pump.pdf\">Bombas de calor con fuente de agua (PDF)<\/a><\/p>\r\n<p>VENTAJAS DEL QUEMADOR ATMOSF\u00c9RICO<\/p>\r\n<p>Las Calderas Atmosf\u00e9ricas Rite son una excelente opci\u00f3n cuando: No se requieren bajas emisiones de NOx, el gas natural o L.P. ser\u00e1n los \u00fanicos combustibles utilizados y cuando son aceptables eficiencias de combusti\u00f3n m\u00e1s bajas a una velocidad de combusti\u00f3n inferior a la m\u00e1xima.<\/p>\r\n<p>Los quemadores atmosf\u00e9ricos son mucho menos costosos que los quemadores el\u00e9ctricos, por lo que cuando se cumplen los criterios anteriores, los Atmosf\u00e9ricos son una fuerte alternativa econ\u00f3mica a la excelente l\u00ednea de calderas de agua alimentadas por quemadores el\u00e9ctricos de Rite. Otros factores que favorecen la atm\u00f3sfera son: consumo de energ\u00eda el\u00e9ctrica extremadamente bajo (sin p\u00e9rdida de energ\u00eda del ventilador antes o despu\u00e9s del ventilador), arranque r\u00e1pido a pedido (sin ventilador del ventilador de prepurga), peso m\u00e1s ligero, altura m\u00e1s baja y funcionamiento del quemador muy silencioso. Para un ahorro de energ\u00eda adicional, especifique amortiguadores de pila autom\u00e1ticos y placas de cabeza aisladas.<\/p>","protected":false},"excerpt":{"rendered":"<p>So simple to maintain and operate, Rite Boilers feature complete waterside access so that virtually all scale and mud deposits can be seen and mechanically cleaned during a single scheduled maintenance shutdown. The result \u2013 Better fuel efficiency and lower operating cost over the life of your boiler investment. Consider a few of our other &#8230; <a title=\"Interior convencional a gas natural \/ atmosf\u00e9rico\" class=\"read-more\" href=\"https:\/\/www.riteboiler.com\/es\/boilers\/hot-water-boilers\/conventional-indoor-atmospheric-natural-gas-fired\/\" aria-label=\"Leer m\u00e1s sobre Conventional Indoor Atmospheric \/ Natural Gas Fired\">Read more<\/a><\/p>","protected":false},"author":1,"featured_media":527,"parent":178,"menu_order":2,"comment_status":"closed","ping_status":"closed","template":"","meta":{"_monsterinsights_skip_tracking":false,"_monsterinsights_sitenote_active":false,"_monsterinsights_sitenote_note":"","_monsterinsights_sitenote_category":0,"footnotes":""},"class_list":["post-525","page","type-page","status-publish","has-post-thumbnail"],"yoast_head":"<!-- This site is optimized with the Yoast SEO plugin v27.3 - https:\/\/yoast.com\/product\/yoast-seo-wordpress\/ -->\n<title>Conventional Indoor Atmospheric \/ Natural Gas Fired - Rite Boilers<\/title>\n<meta name=\"description\" content=\"Rite Atmospheric Natural Gas Fired Watertube Boilers are found at the heart of better engineered closed-loop heating systems ...\" \/>\n<meta name=\"robots\" content=\"index, follow, max-snippet:-1, max-image-preview:large, max-video-preview:-1\" \/>\n<link rel=\"canonical\" href=\"https:\/\/www.riteboiler.com\/es\/calderas\/calderas-d-agua-caliente\/convencional-interior-atmosferico-a-gas-natural\/\" \/>\n<meta property=\"og:locale\" content=\"es_MX\" \/>\n<meta property=\"og:type\" content=\"article\" \/>\n<meta property=\"og:title\" content=\"Conventional Indoor Atmospheric \/ Natural Gas Fired - Rite Boilers\" \/>\n<meta property=\"og:description\" content=\"Rite Atmospheric Natural Gas Fired Watertube Boilers are found at the heart of better engineered closed-loop heating systems ...\" \/>\n<meta property=\"og:url\" content=\"https:\/\/www.riteboiler.com\/es\/calderas\/calderas-d-agua-caliente\/convencional-interior-atmosferico-a-gas-natural\/\" \/>\n<meta property=\"og:site_name\" content=\"Rite Boilers\" \/>\n<meta property=\"article:modified_time\" content=\"2020-11-29T03:44:13+00:00\" \/>\n<meta property=\"og:image\" content=\"https:\/\/www.riteboiler.com\/wp-content\/uploads\/2020\/06\/indoor-atmospheric-natural-gas-fired-water-boiler-.png\" \/>\n\t<meta property=\"og:image:width\" content=\"700\" \/>\n\t<meta property=\"og:image:height\" content=\"588\" \/>\n\t<meta property=\"og:image:type\" content=\"image\/png\" \/>\n<meta name=\"twitter:card\" content=\"summary_large_image\" \/>\n<meta name=\"twitter:label1\" content=\"Tiempo de lectura\" \/>\n\t<meta name=\"twitter:data1\" content=\"1 minuto\" \/>\n<script type=\"application\/ld+json\" class=\"yoast-schema-graph\">{\"@context\":\"https:\\\/\\\/schema.org\",\"@graph\":[{\"@type\":\"WebPage\",\"@id\":\"https:\\\/\\\/www.riteboiler.com\\\/boilers\\\/hot-water-boilers\\\/conventional-indoor-atmospheric-natural-gas-fired\\\/\",\"url\":\"https:\\\/\\\/www.riteboiler.com\\\/boilers\\\/hot-water-boilers\\\/conventional-indoor-atmospheric-natural-gas-fired\\\/\",\"name\":\"Conventional Indoor Atmospheric \\\/ Natural Gas Fired - Rite Boilers\",\"isPartOf\":{\"@id\":\"https:\\\/\\\/www.riteboiler.com\\\/#website\"},\"primaryImageOfPage\":{\"@id\":\"https:\\\/\\\/www.riteboiler.com\\\/boilers\\\/hot-water-boilers\\\/conventional-indoor-atmospheric-natural-gas-fired\\\/#primaryimage\"},\"image\":{\"@id\":\"https:\\\/\\\/www.riteboiler.com\\\/boilers\\\/hot-water-boilers\\\/conventional-indoor-atmospheric-natural-gas-fired\\\/#primaryimage\"},\"thumbnailUrl\":\"https:\\\/\\\/www.riteboiler.com\\\/wp-content\\\/uploads\\\/2020\\\/06\\\/indoor-atmospheric-natural-gas-fired-water-boiler-.png\",\"datePublished\":\"2020-06-16T19:57:36+00:00\",\"dateModified\":\"2020-11-29T03:44:13+00:00\",\"description\":\"Rite Atmospheric Natural Gas Fired Watertube Boilers are found at the heart of better engineered closed-loop heating systems ...\",\"breadcrumb\":{\"@id\":\"https:\\\/\\\/www.riteboiler.com\\\/boilers\\\/hot-water-boilers\\\/conventional-indoor-atmospheric-natural-gas-fired\\\/#breadcrumb\"},\"inLanguage\":\"es\",\"potentialAction\":[{\"@type\":\"ReadAction\",\"target\":[\"https:\\\/\\\/www.riteboiler.com\\\/boilers\\\/hot-water-boilers\\\/conventional-indoor-atmospheric-natural-gas-fired\\\/\"]}]},{\"@type\":\"ImageObject\",\"inLanguage\":\"es\",\"@id\":\"https:\\\/\\\/www.riteboiler.com\\\/boilers\\\/hot-water-boilers\\\/conventional-indoor-atmospheric-natural-gas-fired\\\/#primaryimage\",\"url\":\"https:\\\/\\\/www.riteboiler.com\\\/wp-content\\\/uploads\\\/2020\\\/06\\\/indoor-atmospheric-natural-gas-fired-water-boiler-.png\",\"contentUrl\":\"https:\\\/\\\/www.riteboiler.com\\\/wp-content\\\/uploads\\\/2020\\\/06\\\/indoor-atmospheric-natural-gas-fired-water-boiler-.png\",\"width\":700,\"height\":588,\"caption\":\"Indoor Atmospheric \\\/ Natural Gas Fired Hot Water Boiler\"},{\"@type\":\"BreadcrumbList\",\"@id\":\"https:\\\/\\\/www.riteboiler.com\\\/boilers\\\/hot-water-boilers\\\/conventional-indoor-atmospheric-natural-gas-fired\\\/#breadcrumb\",\"itemListElement\":[{\"@type\":\"ListItem\",\"position\":1,\"name\":\"Home\",\"item\":\"https:\\\/\\\/www.riteboiler.com\\\/\"},{\"@type\":\"ListItem\",\"position\":2,\"name\":\"Boilers\",\"item\":\"https:\\\/\\\/www.riteboiler.com\\\/boilers\\\/\"},{\"@type\":\"ListItem\",\"position\":3,\"name\":\"Hot Water Boilers\",\"item\":\"https:\\\/\\\/www.riteboiler.com\\\/boilers\\\/hot-water-boilers\\\/\"},{\"@type\":\"ListItem\",\"position\":4,\"name\":\"Conventional Indoor Atmospheric \\\/ Natural Gas Fired\"}]},{\"@type\":\"WebSite\",\"@id\":\"https:\\\/\\\/www.riteboiler.com\\\/#website\",\"url\":\"https:\\\/\\\/www.riteboiler.com\\\/\",\"name\":\"Rite Boilers\",\"description\":\"Boilers and Tanks Built to Last! Since 1952\",\"publisher\":{\"@id\":\"https:\\\/\\\/www.riteboiler.com\\\/#organization\"},\"potentialAction\":[{\"@type\":\"SearchAction\",\"target\":{\"@type\":\"EntryPoint\",\"urlTemplate\":\"https:\\\/\\\/www.riteboiler.com\\\/?s={search_term_string}\"},\"query-input\":{\"@type\":\"PropertyValueSpecification\",\"valueRequired\":true,\"valueName\":\"search_term_string\"}}],\"inLanguage\":\"es\"},{\"@type\":\"Organization\",\"@id\":\"https:\\\/\\\/www.riteboiler.com\\\/#organization\",\"name\":\"Rite Engineering & Manufacturing Corp.\",\"url\":\"https:\\\/\\\/www.riteboiler.com\\\/\",\"logo\":{\"@type\":\"ImageObject\",\"inLanguage\":\"es\",\"@id\":\"https:\\\/\\\/www.riteboiler.com\\\/#\\\/schema\\\/logo\\\/image\\\/\",\"url\":\"https:\\\/\\\/www.riteboiler.com\\\/wp-content\\\/uploads\\\/2020\\\/06\\\/rite-boilers-logo-large.png\",\"contentUrl\":\"https:\\\/\\\/www.riteboiler.com\\\/wp-content\\\/uploads\\\/2020\\\/06\\\/rite-boilers-logo-large.png\",\"width\":600,\"height\":346,\"caption\":\"Rite Engineering & Manufacturing Corp.\"},\"image\":{\"@id\":\"https:\\\/\\\/www.riteboiler.com\\\/#\\\/schema\\\/logo\\\/image\\\/\"}}]}<\/script>\n<!-- \/ Yoast SEO plugin. -->","yoast_head_json":{"title":"Conventional Indoor Atmospheric \/ Natural Gas Fired - Rite Boilers","description":"Las calderas de tubo de agua de gas natural atmosf\u00e9rico de Rite se encuentran en el coraz\u00f3n de los sistemas de calefacci\u00f3n de circuito cerrado mejor dise\u00f1ados ...","robots":{"index":"index","follow":"follow","max-snippet":"max-snippet:-1","max-image-preview":"max-image-preview:large","max-video-preview":"max-video-preview:-1"},"canonical":"https:\/\/www.riteboiler.com\/es\/calderas\/calderas-d-agua-caliente\/convencional-interior-atmosferico-a-gas-natural\/","og_locale":"es_MX","og_type":"article","og_title":"Conventional Indoor Atmospheric \/ Natural Gas Fired - Rite Boilers","og_description":"Rite Atmospheric Natural Gas Fired Watertube Boilers are found at the heart of better engineered closed-loop heating systems ...","og_url":"https:\/\/www.riteboiler.com\/es\/calderas\/calderas-d-agua-caliente\/convencional-interior-atmosferico-a-gas-natural\/","og_site_name":"Rite Boilers","article_modified_time":"2020-11-29T03:44:13+00:00","og_image":[{"width":700,"height":588,"url":"https:\/\/www.riteboiler.com\/wp-content\/uploads\/2020\/06\/indoor-atmospheric-natural-gas-fired-water-boiler-.png","type":"image\/png"}],"twitter_card":"summary_large_image","twitter_misc":{"Tiempo de lectura":"1 minuto"},"schema":{"@context":"https:\/\/schema.org","@graph":[{"@type":"WebPage","@id":"https:\/\/www.riteboiler.com\/boilers\/hot-water-boilers\/conventional-indoor-atmospheric-natural-gas-fired\/","url":"https:\/\/www.riteboiler.com\/boilers\/hot-water-boilers\/conventional-indoor-atmospheric-natural-gas-fired\/","name":"Conventional Indoor Atmospheric \/ Natural Gas Fired - Rite Boilers","isPartOf":{"@id":"https:\/\/www.riteboiler.com\/#website"},"primaryImageOfPage":{"@id":"https:\/\/www.riteboiler.com\/boilers\/hot-water-boilers\/conventional-indoor-atmospheric-natural-gas-fired\/#primaryimage"},"image":{"@id":"https:\/\/www.riteboiler.com\/boilers\/hot-water-boilers\/conventional-indoor-atmospheric-natural-gas-fired\/#primaryimage"},"thumbnailUrl":"https:\/\/www.riteboiler.com\/wp-content\/uploads\/2020\/06\/indoor-atmospheric-natural-gas-fired-water-boiler-.png","datePublished":"2020-06-16T19:57:36+00:00","dateModified":"2020-11-29T03:44:13+00:00","description":"Las calderas de tubo de agua de gas natural atmosf\u00e9rico de Rite se encuentran en el coraz\u00f3n de los sistemas de calefacci\u00f3n de circuito cerrado mejor dise\u00f1ados ...","breadcrumb":{"@id":"https:\/\/www.riteboiler.com\/boilers\/hot-water-boilers\/conventional-indoor-atmospheric-natural-gas-fired\/#breadcrumb"},"inLanguage":"es","potentialAction":[{"@type":"ReadAction","target":["https:\/\/www.riteboiler.com\/boilers\/hot-water-boilers\/conventional-indoor-atmospheric-natural-gas-fired\/"]}]},{"@type":"ImageObject","inLanguage":"es","@id":"https:\/\/www.riteboiler.com\/boilers\/hot-water-boilers\/conventional-indoor-atmospheric-natural-gas-fired\/#primaryimage","url":"https:\/\/www.riteboiler.com\/wp-content\/uploads\/2020\/06\/indoor-atmospheric-natural-gas-fired-water-boiler-.png","contentUrl":"https:\/\/www.riteboiler.com\/wp-content\/uploads\/2020\/06\/indoor-atmospheric-natural-gas-fired-water-boiler-.png","width":700,"height":588,"caption":"Indoor Atmospheric \/ Natural Gas Fired Hot Water Boiler"},{"@type":"BreadcrumbList","@id":"https:\/\/www.riteboiler.com\/boilers\/hot-water-boilers\/conventional-indoor-atmospheric-natural-gas-fired\/#breadcrumb","itemListElement":[{"@type":"ListItem","position":1,"name":"Home","item":"https:\/\/www.riteboiler.com\/"},{"@type":"ListItem","position":2,"name":"Boilers","item":"https:\/\/www.riteboiler.com\/boilers\/"},{"@type":"ListItem","position":3,"name":"Hot Water Boilers","item":"https:\/\/www.riteboiler.com\/boilers\/hot-water-boilers\/"},{"@type":"ListItem","position":4,"name":"Conventional Indoor Atmospheric \/ Natural Gas Fired"}]},{"@type":"WebSite","@id":"https:\/\/www.riteboiler.com\/#website","url":"https:\/\/www.riteboiler.com\/","name":"Calderas Rite","description":"Boilers and Tanks Built to Last! Since 1952","publisher":{"@id":"https:\/\/www.riteboiler.com\/#organization"},"potentialAction":[{"@type":"SearchAction","target":{"@type":"EntryPoint","urlTemplate":"https:\/\/www.riteboiler.com\/?s={search_term_string}"},"query-input":{"@type":"PropertyValueSpecification","valueRequired":true,"valueName":"search_term_string"}}],"inLanguage":"es"},{"@type":"Organization","@id":"https:\/\/www.riteboiler.com\/#organization","name":"Rite Engineering & Manufacturing Corp.","url":"https:\/\/www.riteboiler.com\/","logo":{"@type":"ImageObject","inLanguage":"es","@id":"https:\/\/www.riteboiler.com\/#\/schema\/logo\/image\/","url":"https:\/\/www.riteboiler.com\/wp-content\/uploads\/2020\/06\/rite-boilers-logo-large.png","contentUrl":"https:\/\/www.riteboiler.com\/wp-content\/uploads\/2020\/06\/rite-boilers-logo-large.png","width":600,"height":346,"caption":"Rite Engineering & Manufacturing Corp."},"image":{"@id":"https:\/\/www.riteboiler.com\/#\/schema\/logo\/image\/"}}]}},"_links":{"self":[{"href":"https:\/\/www.riteboiler.com\/es\/wp-json\/wp\/v2\/pages\/525","targetHints":{"allow":["GET"]}}],"collection":[{"href":"https:\/\/www.riteboiler.com\/es\/wp-json\/wp\/v2\/pages"}],"about":[{"href":"https:\/\/www.riteboiler.com\/es\/wp-json\/wp\/v2\/types\/page"}],"author":[{"embeddable":true,"href":"https:\/\/www.riteboiler.com\/es\/wp-json\/wp\/v2\/users\/1"}],"replies":[{"embeddable":true,"href":"https:\/\/www.riteboiler.com\/es\/wp-json\/wp\/v2\/comments?post=525"}],"version-history":[{"count":7,"href":"https:\/\/www.riteboiler.com\/es\/wp-json\/wp\/v2\/pages\/525\/revisions"}],"predecessor-version":[{"id":2009,"href":"https:\/\/www.riteboiler.com\/es\/wp-json\/wp\/v2\/pages\/525\/revisions\/2009"}],"up":[{"embeddable":true,"href":"https:\/\/www.riteboiler.com\/es\/wp-json\/wp\/v2\/pages\/178"}],"wp:featuredmedia":[{"embeddable":true,"href":"https:\/\/www.riteboiler.com\/es\/wp-json\/wp\/v2\/media\/527"}],"wp:attachment":[{"href":"https:\/\/www.riteboiler.com\/es\/wp-json\/wp\/v2\/media?parent=525"}],"curies":[{"name":"wp","href":"https:\/\/api.w.org\/{rel}","templated":true}]}}