{"id":564,"date":"2020-06-16T16:32:12","date_gmt":"2020-06-16T21:32:12","guid":{"rendered":"http:\/\/riteboiler.flywheelsites.com\/?page_id=564"},"modified":"2020-11-28T22:39:04","modified_gmt":"2020-11-29T04:39:04","slug":"convencional-exterior-atmosferico-a-gas-natural","status":"publish","type":"page","link":"https:\/\/www.riteboiler.com\/es\/boilers\/hot-water-boilers\/conventional-outdoor-atmospheric-natural-gas-fired\/","title":{"rendered":"Conventional Outdoor Atmospheric \/ Natural Gas Fired"},"content":{"rendered":"<p class=\"translation-block\">Tan simples de mantener y operar, las calderas Rite cuentan con <strong> acceso completo al agua <\/strong> para que pr\u00e1cticamente todos los dep\u00f3sitos de sarro y lodo puedan verse y limpiarse mec\u00e1nicamente durante una \u00fanica parada de mantenimiento programada. El resultado: <strong> Mejor eficiencia de combustible y menor costo operativo durante la vida \u00fatil de su inversi\u00f3n en caldera <\/strong>. Considere algunas de nuestras otras caracter\u00edsticas est\u00e1ndar: cabezales flotantes que eliminan las grietas de los recipientes a presi\u00f3n y las soldaduras rotas causadas por los ciclos de estr\u00e9s t\u00e9rmico (respaldado por la <strong> garant\u00eda de choque t\u00e9rmico de 25 a\u00f1os de Rite <\/strong>), pilas individuales en los modelos con una entrada de 7,500,000 BTUH , Conexiones superiores de suministro y retorno de agua, Los resistentes intercambiadores de calor con una ca\u00edda de presi\u00f3n m\u00ednima a tasas de flujo normales tambi\u00e9n pueden manejar la caldera encendiendo bajo condiciones sin flujo, Las placas de cabeza atornilladas \/ empaquetadas de Rite que eliminan cualquier posibilidad de explosi\u00f3n hidr\u00e1ulica en caso de que los dispositivos de seguridad fallen - y tienes una mejor caldera por dise\u00f1o.<\/p>\r\n<p>DOWNLOADS DOWNLOADS<\/p>\r\n<p><a href=\"https:\/\/www.riteboiler.com\/wp-content\/uploads\/2020\/06\/RiteBook_pr1_circa_2004.pdf\">Cat\u00e1logo de calderas Rite (PDF)<\/a><br \/><a href=\"https:\/\/www.riteboiler.com\/wp-content\/uploads\/2020\/06\/outdoor-water-heating-atmospheric-small.pdf\">Outdoor Hot Water Atmospheric Boiler Brochure &#8211; Models up to W500 (PDF)<\/a><br \/><a href=\"https:\/\/www.riteboiler.com\/wp-content\/uploads\/2020\/06\/outdoor-water-heating-atmospheric-large.pdf\">Outdoor Hot Water Atmospheric Boiler Brochure &#8211; Models W500 and Larger (PDF)<\/a><br \/><a href=\"https:\/\/www.riteboiler.com\/wp-content\/uploads\/2020\/06\/Rite-Water-Source-Heat-Pump.pdf\">Bombas de calor con fuente de agua (PDF)<\/a><\/p>","protected":false},"excerpt":{"rendered":"<p>So simple to maintain and operate, Rite Boilers feature complete waterside access so that virtually all scale and mud deposits can be seen and mechanically cleaned during a single scheduled maintenance shutdown. The result \u2013 Better fuel efficiency and lower operating cost over the life of your boiler investment. Consider a few of our other &#8230; <a title=\"Conventional Outdoor Atmospheric \/ Natural Gas Fired\" class=\"read-more\" href=\"https:\/\/www.riteboiler.com\/es\/boilers\/hot-water-boilers\/conventional-outdoor-atmospheric-natural-gas-fired\/\" aria-label=\"Leer m\u00e1s sobre Conventional Outdoor Atmospheric \/ Natural Gas Fired\">Read more<\/a><\/p>","protected":false},"author":1,"featured_media":1832,"parent":178,"menu_order":4,"comment_status":"closed","ping_status":"closed","template":"","meta":{"_monsterinsights_skip_tracking":false,"_monsterinsights_sitenote_active":false,"_monsterinsights_sitenote_note":"","_monsterinsights_sitenote_category":0,"footnotes":""},"class_list":["post-564","page","type-page","status-publish","has-post-thumbnail"],"yoast_head":"<!-- This site is optimized with the Yoast SEO plugin v27.3 - https:\/\/yoast.com\/product\/yoast-seo-wordpress\/ -->\n<title>Conventional Outdoor Atmospheric \/ Natural Gas Fired - Rite Boilers simple<\/title>\n<meta name=\"description\" content=\"So simple to maintain and operate, Rite Boilers feature complete waterside access so that virtually all scale and mud deposits can be seen\" \/>\n<meta name=\"robots\" content=\"index, follow, max-snippet:-1, max-image-preview:large, max-video-preview:-1\" \/>\n<link rel=\"canonical\" href=\"https:\/\/www.riteboiler.com\/es\/calderas\/calderas-d-agua-caliente\/convencional-exterior-atmosferico-a-gas-natural\/\" \/>\n<meta property=\"og:locale\" content=\"es_MX\" \/>\n<meta property=\"og:type\" content=\"article\" \/>\n<meta property=\"og:title\" content=\"Conventional Outdoor Atmospheric \/ Natural Gas Fired - Rite Boilers simple\" \/>\n<meta property=\"og:description\" content=\"So simple to maintain and operate, Rite Boilers feature complete waterside access so that virtually all scale and mud deposits can be seen\" \/>\n<meta property=\"og:url\" content=\"https:\/\/www.riteboiler.com\/es\/calderas\/calderas-d-agua-caliente\/convencional-exterior-atmosferico-a-gas-natural\/\" \/>\n<meta property=\"og:site_name\" content=\"Rite Boilers\" \/>\n<meta property=\"article:modified_time\" content=\"2020-11-29T04:39:04+00:00\" \/>\n<meta property=\"og:image\" content=\"https:\/\/www.riteboiler.com\/wp-content\/uploads\/2020\/08\/079-outdoor-water-d.png\" \/>\n\t<meta property=\"og:image:width\" content=\"1650\" \/>\n\t<meta property=\"og:image:height\" content=\"1275\" \/>\n\t<meta property=\"og:image:type\" content=\"image\/png\" \/>\n<meta name=\"twitter:card\" content=\"summary_large_image\" \/>\n<meta name=\"twitter:label1\" content=\"Tiempo de lectura\" \/>\n\t<meta name=\"twitter:data1\" content=\"1 minuto\" \/>\n<script type=\"application\/ld+json\" class=\"yoast-schema-graph\">{\"@context\":\"https:\\\/\\\/schema.org\",\"@graph\":[{\"@type\":\"WebPage\",\"@id\":\"https:\\\/\\\/www.riteboiler.com\\\/boilers\\\/hot-water-boilers\\\/conventional-outdoor-atmospheric-natural-gas-fired\\\/\",\"url\":\"https:\\\/\\\/www.riteboiler.com\\\/boilers\\\/hot-water-boilers\\\/conventional-outdoor-atmospheric-natural-gas-fired\\\/\",\"name\":\"Conventional Outdoor Atmospheric \\\/ Natural Gas Fired - Rite Boilers simple\",\"isPartOf\":{\"@id\":\"https:\\\/\\\/www.riteboiler.com\\\/#website\"},\"primaryImageOfPage\":{\"@id\":\"https:\\\/\\\/www.riteboiler.com\\\/boilers\\\/hot-water-boilers\\\/conventional-outdoor-atmospheric-natural-gas-fired\\\/#primaryimage\"},\"image\":{\"@id\":\"https:\\\/\\\/www.riteboiler.com\\\/boilers\\\/hot-water-boilers\\\/conventional-outdoor-atmospheric-natural-gas-fired\\\/#primaryimage\"},\"thumbnailUrl\":\"https:\\\/\\\/www.riteboiler.com\\\/wp-content\\\/uploads\\\/2020\\\/08\\\/079-outdoor-water-d.png\",\"datePublished\":\"2020-06-16T21:32:12+00:00\",\"dateModified\":\"2020-11-29T04:39:04+00:00\",\"description\":\"So simple to maintain and operate, Rite Boilers feature complete waterside access so that virtually all scale and mud deposits can be seen\",\"breadcrumb\":{\"@id\":\"https:\\\/\\\/www.riteboiler.com\\\/boilers\\\/hot-water-boilers\\\/conventional-outdoor-atmospheric-natural-gas-fired\\\/#breadcrumb\"},\"inLanguage\":\"es\",\"potentialAction\":[{\"@type\":\"ReadAction\",\"target\":[\"https:\\\/\\\/www.riteboiler.com\\\/boilers\\\/hot-water-boilers\\\/conventional-outdoor-atmospheric-natural-gas-fired\\\/\"]}]},{\"@type\":\"ImageObject\",\"inLanguage\":\"es\",\"@id\":\"https:\\\/\\\/www.riteboiler.com\\\/boilers\\\/hot-water-boilers\\\/conventional-outdoor-atmospheric-natural-gas-fired\\\/#primaryimage\",\"url\":\"https:\\\/\\\/www.riteboiler.com\\\/wp-content\\\/uploads\\\/2020\\\/08\\\/079-outdoor-water-d.png\",\"contentUrl\":\"https:\\\/\\\/www.riteboiler.com\\\/wp-content\\\/uploads\\\/2020\\\/08\\\/079-outdoor-water-d.png\",\"width\":1650,\"height\":1275,\"caption\":\"Conventional Outdoor Atmospheric Natural Gas Fired\"},{\"@type\":\"BreadcrumbList\",\"@id\":\"https:\\\/\\\/www.riteboiler.com\\\/boilers\\\/hot-water-boilers\\\/conventional-outdoor-atmospheric-natural-gas-fired\\\/#breadcrumb\",\"itemListElement\":[{\"@type\":\"ListItem\",\"position\":1,\"name\":\"Home\",\"item\":\"https:\\\/\\\/www.riteboiler.com\\\/\"},{\"@type\":\"ListItem\",\"position\":2,\"name\":\"Boilers\",\"item\":\"https:\\\/\\\/www.riteboiler.com\\\/boilers\\\/\"},{\"@type\":\"ListItem\",\"position\":3,\"name\":\"Hot Water Boilers\",\"item\":\"https:\\\/\\\/www.riteboiler.com\\\/boilers\\\/hot-water-boilers\\\/\"},{\"@type\":\"ListItem\",\"position\":4,\"name\":\"Conventional Outdoor Atmospheric \\\/ Natural Gas Fired\"}]},{\"@type\":\"WebSite\",\"@id\":\"https:\\\/\\\/www.riteboiler.com\\\/#website\",\"url\":\"https:\\\/\\\/www.riteboiler.com\\\/\",\"name\":\"Rite Boilers\",\"description\":\"Boilers and Tanks Built to Last! Since 1952\",\"publisher\":{\"@id\":\"https:\\\/\\\/www.riteboiler.com\\\/#organization\"},\"potentialAction\":[{\"@type\":\"SearchAction\",\"target\":{\"@type\":\"EntryPoint\",\"urlTemplate\":\"https:\\\/\\\/www.riteboiler.com\\\/?s={search_term_string}\"},\"query-input\":{\"@type\":\"PropertyValueSpecification\",\"valueRequired\":true,\"valueName\":\"search_term_string\"}}],\"inLanguage\":\"es\"},{\"@type\":\"Organization\",\"@id\":\"https:\\\/\\\/www.riteboiler.com\\\/#organization\",\"name\":\"Rite Engineering & Manufacturing Corp.\",\"url\":\"https:\\\/\\\/www.riteboiler.com\\\/\",\"logo\":{\"@type\":\"ImageObject\",\"inLanguage\":\"es\",\"@id\":\"https:\\\/\\\/www.riteboiler.com\\\/#\\\/schema\\\/logo\\\/image\\\/\",\"url\":\"https:\\\/\\\/www.riteboiler.com\\\/wp-content\\\/uploads\\\/2020\\\/06\\\/rite-boilers-logo-large.png\",\"contentUrl\":\"https:\\\/\\\/www.riteboiler.com\\\/wp-content\\\/uploads\\\/2020\\\/06\\\/rite-boilers-logo-large.png\",\"width\":600,\"height\":346,\"caption\":\"Rite Engineering & Manufacturing Corp.\"},\"image\":{\"@id\":\"https:\\\/\\\/www.riteboiler.com\\\/#\\\/schema\\\/logo\\\/image\\\/\"}}]}<\/script>\n<!-- \/ Yoast SEO plugin. -->","yoast_head_json":{"title":"Conventional Outdoor Atmospheric \/ Natural Gas Fired - Rite Boilers simple","description":"Tan simples de mantener y operar, las calderas Rite cuentan con acceso completo al agua para que pr\u00e1cticamente se puedan ver todas las incrustaciones y dep\u00f3sitos de lodo.","robots":{"index":"index","follow":"follow","max-snippet":"max-snippet:-1","max-image-preview":"max-image-preview:large","max-video-preview":"max-video-preview:-1"},"canonical":"https:\/\/www.riteboiler.com\/es\/calderas\/calderas-d-agua-caliente\/convencional-exterior-atmosferico-a-gas-natural\/","og_locale":"es_MX","og_type":"article","og_title":"Conventional Outdoor Atmospheric \/ Natural Gas Fired - Rite Boilers simple","og_description":"So simple to maintain and operate, Rite Boilers feature complete waterside access so that virtually all scale and mud deposits can be seen","og_url":"https:\/\/www.riteboiler.com\/es\/calderas\/calderas-d-agua-caliente\/convencional-exterior-atmosferico-a-gas-natural\/","og_site_name":"Rite Boilers","article_modified_time":"2020-11-29T04:39:04+00:00","og_image":[{"width":1650,"height":1275,"url":"https:\/\/www.riteboiler.com\/wp-content\/uploads\/2020\/08\/079-outdoor-water-d.png","type":"image\/png"}],"twitter_card":"summary_large_image","twitter_misc":{"Tiempo de lectura":"1 minuto"},"schema":{"@context":"https:\/\/schema.org","@graph":[{"@type":"WebPage","@id":"https:\/\/www.riteboiler.com\/boilers\/hot-water-boilers\/conventional-outdoor-atmospheric-natural-gas-fired\/","url":"https:\/\/www.riteboiler.com\/boilers\/hot-water-boilers\/conventional-outdoor-atmospheric-natural-gas-fired\/","name":"Conventional Outdoor Atmospheric \/ Natural Gas Fired - Rite Boilers simple","isPartOf":{"@id":"https:\/\/www.riteboiler.com\/#website"},"primaryImageOfPage":{"@id":"https:\/\/www.riteboiler.com\/boilers\/hot-water-boilers\/conventional-outdoor-atmospheric-natural-gas-fired\/#primaryimage"},"image":{"@id":"https:\/\/www.riteboiler.com\/boilers\/hot-water-boilers\/conventional-outdoor-atmospheric-natural-gas-fired\/#primaryimage"},"thumbnailUrl":"https:\/\/www.riteboiler.com\/wp-content\/uploads\/2020\/08\/079-outdoor-water-d.png","datePublished":"2020-06-16T21:32:12+00:00","dateModified":"2020-11-29T04:39:04+00:00","description":"Tan simples de mantener y operar, las calderas Rite cuentan con acceso completo al agua para que pr\u00e1cticamente se puedan ver todas las incrustaciones y dep\u00f3sitos de lodo.","breadcrumb":{"@id":"https:\/\/www.riteboiler.com\/boilers\/hot-water-boilers\/conventional-outdoor-atmospheric-natural-gas-fired\/#breadcrumb"},"inLanguage":"es","potentialAction":[{"@type":"ReadAction","target":["https:\/\/www.riteboiler.com\/boilers\/hot-water-boilers\/conventional-outdoor-atmospheric-natural-gas-fired\/"]}]},{"@type":"ImageObject","inLanguage":"es","@id":"https:\/\/www.riteboiler.com\/boilers\/hot-water-boilers\/conventional-outdoor-atmospheric-natural-gas-fired\/#primaryimage","url":"https:\/\/www.riteboiler.com\/wp-content\/uploads\/2020\/08\/079-outdoor-water-d.png","contentUrl":"https:\/\/www.riteboiler.com\/wp-content\/uploads\/2020\/08\/079-outdoor-water-d.png","width":1650,"height":1275,"caption":"Conventional Outdoor Atmospheric Natural Gas Fired"},{"@type":"BreadcrumbList","@id":"https:\/\/www.riteboiler.com\/boilers\/hot-water-boilers\/conventional-outdoor-atmospheric-natural-gas-fired\/#breadcrumb","itemListElement":[{"@type":"ListItem","position":1,"name":"Home","item":"https:\/\/www.riteboiler.com\/"},{"@type":"ListItem","position":2,"name":"Boilers","item":"https:\/\/www.riteboiler.com\/boilers\/"},{"@type":"ListItem","position":3,"name":"Hot Water Boilers","item":"https:\/\/www.riteboiler.com\/boilers\/hot-water-boilers\/"},{"@type":"ListItem","position":4,"name":"Conventional Outdoor Atmospheric \/ Natural Gas Fired"}]},{"@type":"WebSite","@id":"https:\/\/www.riteboiler.com\/#website","url":"https:\/\/www.riteboiler.com\/","name":"Calderas Rite","description":"Boilers and Tanks Built to Last! Since 1952","publisher":{"@id":"https:\/\/www.riteboiler.com\/#organization"},"potentialAction":[{"@type":"SearchAction","target":{"@type":"EntryPoint","urlTemplate":"https:\/\/www.riteboiler.com\/?s={search_term_string}"},"query-input":{"@type":"PropertyValueSpecification","valueRequired":true,"valueName":"search_term_string"}}],"inLanguage":"es"},{"@type":"Organization","@id":"https:\/\/www.riteboiler.com\/#organization","name":"Rite Engineering & Manufacturing Corp.","url":"https:\/\/www.riteboiler.com\/","logo":{"@type":"ImageObject","inLanguage":"es","@id":"https:\/\/www.riteboiler.com\/#\/schema\/logo\/image\/","url":"https:\/\/www.riteboiler.com\/wp-content\/uploads\/2020\/06\/rite-boilers-logo-large.png","contentUrl":"https:\/\/www.riteboiler.com\/wp-content\/uploads\/2020\/06\/rite-boilers-logo-large.png","width":600,"height":346,"caption":"Rite Engineering & Manufacturing Corp."},"image":{"@id":"https:\/\/www.riteboiler.com\/#\/schema\/logo\/image\/"}}]}},"_links":{"self":[{"href":"https:\/\/www.riteboiler.com\/es\/wp-json\/wp\/v2\/pages\/564","targetHints":{"allow":["GET"]}}],"collection":[{"href":"https:\/\/www.riteboiler.com\/es\/wp-json\/wp\/v2\/pages"}],"about":[{"href":"https:\/\/www.riteboiler.com\/es\/wp-json\/wp\/v2\/types\/page"}],"author":[{"embeddable":true,"href":"https:\/\/www.riteboiler.com\/es\/wp-json\/wp\/v2\/users\/1"}],"replies":[{"embeddable":true,"href":"https:\/\/www.riteboiler.com\/es\/wp-json\/wp\/v2\/comments?post=564"}],"version-history":[{"count":5,"href":"https:\/\/www.riteboiler.com\/es\/wp-json\/wp\/v2\/pages\/564\/revisions"}],"predecessor-version":[{"id":2011,"href":"https:\/\/www.riteboiler.com\/es\/wp-json\/wp\/v2\/pages\/564\/revisions\/2011"}],"up":[{"embeddable":true,"href":"https:\/\/www.riteboiler.com\/es\/wp-json\/wp\/v2\/pages\/178"}],"wp:featuredmedia":[{"embeddable":true,"href":"https:\/\/www.riteboiler.com\/es\/wp-json\/wp\/v2\/media\/1832"}],"wp:attachment":[{"href":"https:\/\/www.riteboiler.com\/es\/wp-json\/wp\/v2\/media?parent=564"}],"curies":[{"name":"wp","href":"https:\/\/api.w.org\/{rel}","templated":true}]}}