{"id":583,"date":"2020-06-16T17:03:44","date_gmt":"2020-06-16T22:03:44","guid":{"rendered":"http:\/\/riteboiler.flywheelsites.com\/?page_id=583"},"modified":"2021-04-30T14:42:14","modified_gmt":"2021-04-30T19:42:14","slug":"calderas-de-agua-caliente-alta-eficiencia-durafin","status":"publish","type":"page","link":"https:\/\/www.riteboiler.com\/es\/boilers\/hot-water-boilers\/high-efficiency-hot-water-boilers-durafin\/","title":{"rendered":"Calderas de agua caliente de alta eficiencia Durafin"},"content":{"rendered":"<p>Dise\u00f1ado para funcionar cerca del punto de condensaci\u00f3n, el Durafin puede soportar todo lo que un sistema de calefacci\u00f3n puede arrojarle. Estas calderas hidr\u00f3nicas tienen una ca\u00edda de presi\u00f3n en el lado del agua muy baja sin requisitos de flujo m\u00ednimo o m\u00e1ximo.<\/p>\n<ul>\n<li>Gas natural, propano o gas digestor<\/li>\n<li>Calado neutral o negativo<\/li>\n<li>Sin requisitos m\u00ednimos de flujo o interruptor de flujo<\/li>\n<li>Ca\u00edda de presi\u00f3n de menos de 2 psi para todos los modelos y caudales<\/li>\n<li>Temperatura m\u00e1xima de suministro 240<sup>o<\/sup>F<\/li>\n<li>Clasificado para hasta 160 psi<\/li>\n<li>Adecuado para funcionamiento con glicol (consulte con la f\u00e1brica)<\/li>\n<li>Disponible en configuraci\u00f3n desmontable o desmontable<\/li>\n<\/ul>\n\t\t\t\t\t\t\t\t\t\t\t\t\t\t\t\t\tDOWNLOADS\n\t\t\t\t\t\t\tDOWNLOADS\n\t\t\t\t\n\n<!--0b2237c0-->","protected":false},"excerpt":{"rendered":"<p>Engineered to operate near the condensation point, the Durafin can take everything a heating system can throw at it. These hydronic boilers have a very low waterside pressure drop with no minimum or maximum flow requirements. Natural gas, propane or digester gas Neutral or negative draft No minimum flow or flow switch requirements Less than &#8230; <a title=\"Calderas de agua caliente de alta eficiencia Durafin\" class=\"read-more\" href=\"https:\/\/www.riteboiler.com\/es\/boilers\/hot-water-boilers\/high-efficiency-hot-water-boilers-durafin\/\" aria-label=\"Leer m\u00e1s sobre Durafin High Efficiency Hot Water Boilers\">Read more<\/a><\/p>","protected":false},"author":1,"featured_media":1328,"parent":178,"menu_order":5,"comment_status":"closed","ping_status":"closed","template":"","meta":{"_monsterinsights_skip_tracking":false,"_monsterinsights_sitenote_active":false,"_monsterinsights_sitenote_note":"","_monsterinsights_sitenote_category":0,"footnotes":""},"class_list":["post-583","page","type-page","status-publish","has-post-thumbnail"],"yoast_head":"<!-- This site is optimized with the Yoast SEO plugin v27.3 - https:\/\/yoast.com\/product\/yoast-seo-wordpress\/ -->\n<title>Durafin High Efficiency Hot Water Boilers - Rite Boilers high efficiency<\/title>\n<meta name=\"description\" content=\"Engineered to operate near the condensation point, the Durafin can take everything a heating system can throw at it.\" \/>\n<meta name=\"robots\" content=\"index, follow, max-snippet:-1, max-image-preview:large, max-video-preview:-1\" \/>\n<link rel=\"canonical\" href=\"https:\/\/www.riteboiler.com\/es\/calderas\/calderas-d-agua-caliente\/calderas-de-agua-caliente-alta-eficiencia-durafin\/\" \/>\n<meta property=\"og:locale\" content=\"es_MX\" \/>\n<meta property=\"og:type\" content=\"article\" \/>\n<meta property=\"og:title\" content=\"Durafin High Efficiency Hot Water Boilers - Rite Boilers high efficiency\" \/>\n<meta property=\"og:description\" content=\"Engineered to operate near the condensation point, the Durafin can take everything a heating system can throw at it.\" \/>\n<meta property=\"og:url\" content=\"https:\/\/www.riteboiler.com\/es\/calderas\/calderas-d-agua-caliente\/calderas-de-agua-caliente-alta-eficiencia-durafin\/\" \/>\n<meta property=\"og:site_name\" content=\"Rite Boilers\" \/>\n<meta property=\"article:modified_time\" content=\"2021-04-30T19:42:14+00:00\" \/>\n<meta property=\"og:image\" content=\"https:\/\/www.riteboiler.com\/wp-content\/uploads\/2020\/06\/075-durafin.png\" \/>\n\t<meta property=\"og:image:width\" content=\"1387\" \/>\n\t<meta property=\"og:image:height\" content=\"953\" \/>\n\t<meta property=\"og:image:type\" content=\"image\/png\" \/>\n<meta name=\"twitter:card\" content=\"summary_large_image\" \/>\n<script type=\"application\/ld+json\" class=\"yoast-schema-graph\">{\"@context\":\"https:\\\/\\\/schema.org\",\"@graph\":[{\"@type\":\"WebPage\",\"@id\":\"https:\\\/\\\/www.riteboiler.com\\\/boilers\\\/hot-water-boilers\\\/high-efficiency-hot-water-boilers-durafin\\\/\",\"url\":\"https:\\\/\\\/www.riteboiler.com\\\/boilers\\\/hot-water-boilers\\\/high-efficiency-hot-water-boilers-durafin\\\/\",\"name\":\"Durafin High Efficiency Hot Water Boilers - Rite Boilers high efficiency\",\"isPartOf\":{\"@id\":\"https:\\\/\\\/www.riteboiler.com\\\/#website\"},\"primaryImageOfPage\":{\"@id\":\"https:\\\/\\\/www.riteboiler.com\\\/boilers\\\/hot-water-boilers\\\/high-efficiency-hot-water-boilers-durafin\\\/#primaryimage\"},\"image\":{\"@id\":\"https:\\\/\\\/www.riteboiler.com\\\/boilers\\\/hot-water-boilers\\\/high-efficiency-hot-water-boilers-durafin\\\/#primaryimage\"},\"thumbnailUrl\":\"https:\\\/\\\/www.riteboiler.com\\\/wp-content\\\/uploads\\\/2020\\\/06\\\/075-durafin.png\",\"datePublished\":\"2020-06-16T22:03:44+00:00\",\"dateModified\":\"2021-04-30T19:42:14+00:00\",\"description\":\"Engineered to operate near the condensation point, the Durafin can take everything a heating system can throw at it.\",\"breadcrumb\":{\"@id\":\"https:\\\/\\\/www.riteboiler.com\\\/boilers\\\/hot-water-boilers\\\/high-efficiency-hot-water-boilers-durafin\\\/#breadcrumb\"},\"inLanguage\":\"es\",\"potentialAction\":[{\"@type\":\"ReadAction\",\"target\":[\"https:\\\/\\\/www.riteboiler.com\\\/boilers\\\/hot-water-boilers\\\/high-efficiency-hot-water-boilers-durafin\\\/\"]}]},{\"@type\":\"ImageObject\",\"inLanguage\":\"es\",\"@id\":\"https:\\\/\\\/www.riteboiler.com\\\/boilers\\\/hot-water-boilers\\\/high-efficiency-hot-water-boilers-durafin\\\/#primaryimage\",\"url\":\"https:\\\/\\\/www.riteboiler.com\\\/wp-content\\\/uploads\\\/2020\\\/06\\\/075-durafin.png\",\"contentUrl\":\"https:\\\/\\\/www.riteboiler.com\\\/wp-content\\\/uploads\\\/2020\\\/06\\\/075-durafin.png\",\"width\":1387,\"height\":953,\"caption\":\"Durafin High Efficiency Hot Water Boiler\"},{\"@type\":\"BreadcrumbList\",\"@id\":\"https:\\\/\\\/www.riteboiler.com\\\/boilers\\\/hot-water-boilers\\\/high-efficiency-hot-water-boilers-durafin\\\/#breadcrumb\",\"itemListElement\":[{\"@type\":\"ListItem\",\"position\":1,\"name\":\"Home\",\"item\":\"https:\\\/\\\/www.riteboiler.com\\\/\"},{\"@type\":\"ListItem\",\"position\":2,\"name\":\"Boilers\",\"item\":\"https:\\\/\\\/www.riteboiler.com\\\/boilers\\\/\"},{\"@type\":\"ListItem\",\"position\":3,\"name\":\"Hot Water Boilers\",\"item\":\"https:\\\/\\\/www.riteboiler.com\\\/boilers\\\/hot-water-boilers\\\/\"},{\"@type\":\"ListItem\",\"position\":4,\"name\":\"Durafin High Efficiency Hot Water Boilers\"}]},{\"@type\":\"WebSite\",\"@id\":\"https:\\\/\\\/www.riteboiler.com\\\/#website\",\"url\":\"https:\\\/\\\/www.riteboiler.com\\\/\",\"name\":\"Rite Boilers\",\"description\":\"Boilers and Tanks Built to Last! Since 1952\",\"publisher\":{\"@id\":\"https:\\\/\\\/www.riteboiler.com\\\/#organization\"},\"potentialAction\":[{\"@type\":\"SearchAction\",\"target\":{\"@type\":\"EntryPoint\",\"urlTemplate\":\"https:\\\/\\\/www.riteboiler.com\\\/?s={search_term_string}\"},\"query-input\":{\"@type\":\"PropertyValueSpecification\",\"valueRequired\":true,\"valueName\":\"search_term_string\"}}],\"inLanguage\":\"es\"},{\"@type\":\"Organization\",\"@id\":\"https:\\\/\\\/www.riteboiler.com\\\/#organization\",\"name\":\"Rite Engineering & Manufacturing Corp.\",\"url\":\"https:\\\/\\\/www.riteboiler.com\\\/\",\"logo\":{\"@type\":\"ImageObject\",\"inLanguage\":\"es\",\"@id\":\"https:\\\/\\\/www.riteboiler.com\\\/#\\\/schema\\\/logo\\\/image\\\/\",\"url\":\"https:\\\/\\\/www.riteboiler.com\\\/wp-content\\\/uploads\\\/2020\\\/06\\\/rite-boilers-logo-large.png\",\"contentUrl\":\"https:\\\/\\\/www.riteboiler.com\\\/wp-content\\\/uploads\\\/2020\\\/06\\\/rite-boilers-logo-large.png\",\"width\":600,\"height\":346,\"caption\":\"Rite Engineering & Manufacturing Corp.\"},\"image\":{\"@id\":\"https:\\\/\\\/www.riteboiler.com\\\/#\\\/schema\\\/logo\\\/image\\\/\"}}]}<\/script>\n<!-- \/ Yoast SEO plugin. -->","yoast_head_json":{"title":"Durafin High Efficiency Hot Water Boilers - Rite Boilers high efficiency","description":"Dise\u00f1ado para funcionar cerca del punto de condensaci\u00f3n, el Durafin puede soportar todo lo que un sistema de calefacci\u00f3n puede arrojarle.","robots":{"index":"index","follow":"follow","max-snippet":"max-snippet:-1","max-image-preview":"max-image-preview:large","max-video-preview":"max-video-preview:-1"},"canonical":"https:\/\/www.riteboiler.com\/es\/calderas\/calderas-d-agua-caliente\/calderas-de-agua-caliente-alta-eficiencia-durafin\/","og_locale":"es_MX","og_type":"article","og_title":"Durafin High Efficiency Hot Water Boilers - Rite Boilers high efficiency","og_description":"Engineered to operate near the condensation point, the Durafin can take everything a heating system can throw at it.","og_url":"https:\/\/www.riteboiler.com\/es\/calderas\/calderas-d-agua-caliente\/calderas-de-agua-caliente-alta-eficiencia-durafin\/","og_site_name":"Rite Boilers","article_modified_time":"2021-04-30T19:42:14+00:00","og_image":[{"width":1387,"height":953,"url":"https:\/\/www.riteboiler.com\/wp-content\/uploads\/2020\/06\/075-durafin.png","type":"image\/png"}],"twitter_card":"summary_large_image","schema":{"@context":"https:\/\/schema.org","@graph":[{"@type":"WebPage","@id":"https:\/\/www.riteboiler.com\/boilers\/hot-water-boilers\/high-efficiency-hot-water-boilers-durafin\/","url":"https:\/\/www.riteboiler.com\/boilers\/hot-water-boilers\/high-efficiency-hot-water-boilers-durafin\/","name":"Durafin High Efficiency Hot Water Boilers - Rite Boilers high efficiency","isPartOf":{"@id":"https:\/\/www.riteboiler.com\/#website"},"primaryImageOfPage":{"@id":"https:\/\/www.riteboiler.com\/boilers\/hot-water-boilers\/high-efficiency-hot-water-boilers-durafin\/#primaryimage"},"image":{"@id":"https:\/\/www.riteboiler.com\/boilers\/hot-water-boilers\/high-efficiency-hot-water-boilers-durafin\/#primaryimage"},"thumbnailUrl":"https:\/\/www.riteboiler.com\/wp-content\/uploads\/2020\/06\/075-durafin.png","datePublished":"2020-06-16T22:03:44+00:00","dateModified":"2021-04-30T19:42:14+00:00","description":"Dise\u00f1ado para funcionar cerca del punto de condensaci\u00f3n, el Durafin puede soportar todo lo que un sistema de calefacci\u00f3n puede arrojarle.","breadcrumb":{"@id":"https:\/\/www.riteboiler.com\/boilers\/hot-water-boilers\/high-efficiency-hot-water-boilers-durafin\/#breadcrumb"},"inLanguage":"es","potentialAction":[{"@type":"ReadAction","target":["https:\/\/www.riteboiler.com\/boilers\/hot-water-boilers\/high-efficiency-hot-water-boilers-durafin\/"]}]},{"@type":"ImageObject","inLanguage":"es","@id":"https:\/\/www.riteboiler.com\/boilers\/hot-water-boilers\/high-efficiency-hot-water-boilers-durafin\/#primaryimage","url":"https:\/\/www.riteboiler.com\/wp-content\/uploads\/2020\/06\/075-durafin.png","contentUrl":"https:\/\/www.riteboiler.com\/wp-content\/uploads\/2020\/06\/075-durafin.png","width":1387,"height":953,"caption":"Durafin High Efficiency Hot Water Boiler"},{"@type":"BreadcrumbList","@id":"https:\/\/www.riteboiler.com\/boilers\/hot-water-boilers\/high-efficiency-hot-water-boilers-durafin\/#breadcrumb","itemListElement":[{"@type":"ListItem","position":1,"name":"Home","item":"https:\/\/www.riteboiler.com\/"},{"@type":"ListItem","position":2,"name":"Boilers","item":"https:\/\/www.riteboiler.com\/boilers\/"},{"@type":"ListItem","position":3,"name":"Hot Water Boilers","item":"https:\/\/www.riteboiler.com\/boilers\/hot-water-boilers\/"},{"@type":"ListItem","position":4,"name":"Durafin High Efficiency Hot Water Boilers"}]},{"@type":"WebSite","@id":"https:\/\/www.riteboiler.com\/#website","url":"https:\/\/www.riteboiler.com\/","name":"Calderas Rite","description":"Boilers and Tanks Built to Last! Since 1952","publisher":{"@id":"https:\/\/www.riteboiler.com\/#organization"},"potentialAction":[{"@type":"SearchAction","target":{"@type":"EntryPoint","urlTemplate":"https:\/\/www.riteboiler.com\/?s={search_term_string}"},"query-input":{"@type":"PropertyValueSpecification","valueRequired":true,"valueName":"search_term_string"}}],"inLanguage":"es"},{"@type":"Organization","@id":"https:\/\/www.riteboiler.com\/#organization","name":"Rite Engineering & Manufacturing Corp.","url":"https:\/\/www.riteboiler.com\/","logo":{"@type":"ImageObject","inLanguage":"es","@id":"https:\/\/www.riteboiler.com\/#\/schema\/logo\/image\/","url":"https:\/\/www.riteboiler.com\/wp-content\/uploads\/2020\/06\/rite-boilers-logo-large.png","contentUrl":"https:\/\/www.riteboiler.com\/wp-content\/uploads\/2020\/06\/rite-boilers-logo-large.png","width":600,"height":346,"caption":"Rite Engineering & Manufacturing Corp."},"image":{"@id":"https:\/\/www.riteboiler.com\/#\/schema\/logo\/image\/"}}]}},"_links":{"self":[{"href":"https:\/\/www.riteboiler.com\/es\/wp-json\/wp\/v2\/pages\/583","targetHints":{"allow":["GET"]}}],"collection":[{"href":"https:\/\/www.riteboiler.com\/es\/wp-json\/wp\/v2\/pages"}],"about":[{"href":"https:\/\/www.riteboiler.com\/es\/wp-json\/wp\/v2\/types\/page"}],"author":[{"embeddable":true,"href":"https:\/\/www.riteboiler.com\/es\/wp-json\/wp\/v2\/users\/1"}],"replies":[{"embeddable":true,"href":"https:\/\/www.riteboiler.com\/es\/wp-json\/wp\/v2\/comments?post=583"}],"version-history":[{"count":10,"href":"https:\/\/www.riteboiler.com\/es\/wp-json\/wp\/v2\/pages\/583\/revisions"}],"predecessor-version":[{"id":2247,"href":"https:\/\/www.riteboiler.com\/es\/wp-json\/wp\/v2\/pages\/583\/revisions\/2247"}],"up":[{"embeddable":true,"href":"https:\/\/www.riteboiler.com\/es\/wp-json\/wp\/v2\/pages\/178"}],"wp:featuredmedia":[{"embeddable":true,"href":"https:\/\/www.riteboiler.com\/es\/wp-json\/wp\/v2\/media\/1328"}],"wp:attachment":[{"href":"https:\/\/www.riteboiler.com\/es\/wp-json\/wp\/v2\/media?parent=583"}],"curies":[{"name":"wp","href":"https:\/\/api.w.org\/{rel}","templated":true}]}}