{"id":619,"date":"2020-06-17T14:19:32","date_gmt":"2020-06-17T19:19:32","guid":{"rendered":"http:\/\/riteboiler.flywheelsites.com\/?page_id=619"},"modified":"2020-11-27T22:00:30","modified_gmt":"2020-11-28T04:00:30","slug":"sobre-nosotros","status":"publish","type":"page","link":"https:\/\/www.riteboiler.com\/es\/about-us\/","title":{"rendered":"Sobre Nosotros"},"content":{"rendered":"<p>Rite Engineering comenz\u00f3 a fabricar calderas en el centro de Los \u00c1ngeles en 1952. Hoy en d\u00eda, Rite Boilers es una empresa 100% familiar ubicada en una moderna planta de fabricaci\u00f3n de 50,000 pies cuadrados en la acertadamente llamada ciudad de Commerce, California. Continuamos operando nuestro negocio sobre la base sobre la cual fue construido, de un estricto cumplimiento de la satisfacci\u00f3n del cliente.<\/p>\r\n<p>La empresa se fund\u00f3 con unas pocas creencias sencillas:<\/p>\r\n<ul>\r\n<li>Tratamos a todos con respeto.<\/li>\r\n<li>Que nuestras calderas y tanques est\u00e9n construidos para durar.<\/li>\r\n<li>Ese mantenimiento de la caldera deber\u00eda ser sencillo.<\/li>\r\n<li>Debemos facilitar que los operadores y propietarios de calderas comprendan nuestros productos.<\/li>\r\n<\/ul>\r\n<p>Desde nuestras confiables calderas de vapor y agua convencionales hasta nuestras Durafins de alta eficiencia, Rite tiene calderas para casi todas las aplicaciones y presupuestos. Nuestros representantes dedicados en todo Estados Unidos y Canad\u00e1 ofrecen un s\u00f3lido apoyo local, mientras que nuestro equipo t\u00e9cnico interno est\u00e1 listo para responder cualquier pregunta que pueda tener. Agradecemos enormemente su inter\u00e9s en Rite y esperamos trabajar juntos.<\/p>\r\n<p><img loading=\"lazy\" decoding=\"async\" title=\"low-pressure-steam-boilers\" src=\"https:\/\/www.riteboiler.com\/wp-content\/uploads\/2020\/06\/low-pressure-steam-boilers.png\" alt=\"caldera de vapor de baja presi\u00f3n\" width=\"600\" height=\"453\" \/> <a role=\"button\" href=\"\/es\/contactanos\/\" target=\"_self\" rel=\"noopener noreferrer\"> Contactanos <\/a><\/p>\r\n<h2>Milestones<\/h2>\r\n<!-- If both -->\r\n<ul>\r\n<li><!--date--> Jun 17, 2020 <!--\/.date--><!--icon--><!--\/.icon--><!--Timline-Content--><!--Timline-Title-->\r\n<h3>2010<\/h3>\r\n<!--\/.Timline-Title--><!--Timline-description-->\r\n<p>Moved to NEW Location: 5832 Garfield Avenue, Commerce, CA 90040.<\/p>\r\n<!--\/.Timline-description--><!--\/.Timline-Content--><\/li>\r\n<li><!--date--> Jun 17, 2020 <!--\/.date--><!--icon--><!--\/.icon--><!--Timline-Content--><!--Timline-Title-->\r\n<h3>2007<\/h3>\r\n<!--\/.Timline-Title--><!--Timline-description-->\r\n<p>First Durafin Boilers Ship.<\/p>\r\n<!--\/.Timline-description--><!--\/.Timline-Content--><\/li>\r\n<li><!--date--> Jun 17, 2020 <!--\/.date--><!--icon--><!--\/.icon--><!--Timline-Content--><!--Timline-Title-->\r\n<h3>2001<\/h3>\r\n<!--\/.Timline-Title--><!--Timline-description-->\r\n<p>Durafin Boiler R&amp;D Begins.<\/p>\r\n<!--\/.Timline-description--><!--\/.Timline-Content--><\/li>\r\n<li><!--date--> Jun 17, 2020 <!--\/.date--><!--icon--><!--\/.icon--><!--Timline-Content--><!--Timline-Title-->\r\n<h3>2000<\/h3>\r\n<!--\/.Timline-Title--><!--Timline-description-->\r\n<p>Introduced Rite Blowdown Tanks and Condensate Return Tanks.<\/p>\r\n<!--\/.Timline-description--><!--\/.Timline-Content--><\/li>\r\n<li><!--date--> Jun 17, 2020 <!--\/.date--><!--icon--><!--\/.icon--><!--Timline-Content--><!--Timline-Title-->\r\n<h3>1994 &#8211; 1997<\/h3>\r\n<!--\/.Timline-Title--><!--Timline-description-->\r\n<p>Developed &#8220;E&#8221; Series High Efficiency Boilers.<\/p>\r\n<!--\/.Timline-description--><!--\/.Timline-Content--><\/li>\r\n<li><!--date--> Jun 17, 2020 <!--\/.date--><!--icon--><!--\/.icon--><!--Timline-Content--><!--Timline-Title-->\r\n<h3>1989<\/h3>\r\n<!--\/.Timline-Title--><!--Timline-description-->\r\n<p>First Low NOx Rite Boilers Installed.<\/p>\r\n<!--\/.Timline-description--><!--\/.Timline-Content--><\/li>\r\n<li><!--date--> Jun 17, 2020 <!--\/.date--><!--icon--><!--\/.icon--><!--Timline-Content--><!--Timline-Title-->\r\n<h3>1971 &#8211; 1978<\/h3>\r\n<!--\/.Timline-Title--><!--Timline-description-->\r\n<p>Introduced Take-Apart (Knockdown) Boilers, Weatherproof Boilers, UL &#8220;A&#8221; Labeled Boiler &#8211; Burner Packages, Hinged Headplates.<\/p>\r\n<!--\/.Timline-description--><!--\/.Timline-Content--><\/li>\r\n<li><!--date--> Jun 17, 2020 <!--\/.date--><!--icon--><!--\/.icon--><!--Timline-Content--><!--Timline-Title-->\r\n<h3>1971<\/h3>\r\n<!--\/.Timline-Title--><!--Timline-description-->\r\n<p>Company purchased from founder Eric Pridnoff by John A. Coe<\/p>\r\n<!--\/.Timline-description--><!--\/.Timline-Content--><\/li>\r\n<li><!--date--> Jun 17, 2020 <!--\/.date--><!--icon--><!--\/.icon--><!--Timline-Content--><!--Timline-Title-->\r\n<h3>1968<\/h3>\r\n<!--\/.Timline-Title--><!--Timline-description-->\r\n<p>Shipped 1,100 Oil Fired Domestic Hot Water Heaters to American Barracks in Vietnam.<\/p>\r\n<!--\/.Timline-description--><!--\/.Timline-Content--><\/li>\r\n<li><!--date--> Jun 17, 2020 <!--\/.date--><!--icon--><!--\/.icon--><!--Timline-Content--><!--Timline-Title-->\r\n<h3>1965<\/h3>\r\n<!--\/.Timline-Title--><!--Timline-description-->\r\n<p>Developed Water Wall Boilers up to 750 Horsepower.<\/p>\r\n<!--\/.Timline-description--><!--\/.Timline-Content--><\/li>\r\n<li><!--date--> Jun 17, 2020 <!--\/.date--><!--icon--><!--\/.icon--><!--Timline-Content--><!--Timline-Title-->\r\n<h3>1955 &#8211; 1963<\/h3>\r\n<!--\/.Timline-Title--><!--Timline-description-->\r\n<p>Developed Coal Fired Boilers, Soot Scrapers, Lime Lite Boilers, First Out Annunciator Panels.<\/p>\r\n<!--\/.Timline-description--><!--\/.Timline-Content--><\/li>\r\n<li><!--date--> Jun 17, 2020 <!--\/.date--><!--icon--><!--\/.icon--><!--Timline-Content--><!--Timline-Title-->\r\n<h3>1965<\/h3>\r\n<!--\/.Timline-Title--><!--Timline-description-->\r\n<p>Added Section I High Pressure Steam and High Temperature Hot Water Boiler Lines.<\/p>\r\n<!--\/.Timline-description--><!--\/.Timline-Content--><\/li>\r\n<li><!--date--> Jun 17, 2020 <!--\/.date--><!--icon--><!--\/.icon--><!--Timline-Content--><!--Timline-Title-->\r\n<h3>1952<\/h3>\r\n<!--\/.Timline-Title--><!--Timline-description-->\r\n<p>Introduced Section IV Water and Steam Packaged Water Tube Boiler Lines.<\/p>\r\n<!--\/.Timline-description--><!--\/.Timline-Content--><\/li>\r\n<\/ul>\r\n<!--bc57930c-->","protected":false},"excerpt":{"rendered":"<p>Rite Engineering began manufacturing boilers in downtown Los Angeles in 1952. Today Rite Boilers is a 100% family owned business located in a 50,000 square foot modern manufacturing facility in the aptly named city of Commerce, California.\u00a0 We continue to operate our business on the foundation on which it was built, of a strict adherence &#8230; <a title=\"Sobre Nosotros\" class=\"read-more\" href=\"https:\/\/www.riteboiler.com\/es\/about-us\/\" aria-label=\"Leer m\u00e1s sobre About Us\">Read more<\/a><\/p>","protected":false},"author":1,"featured_media":0,"parent":0,"menu_order":2,"comment_status":"closed","ping_status":"closed","template":"","meta":{"_monsterinsights_skip_tracking":false,"_monsterinsights_sitenote_active":false,"_monsterinsights_sitenote_note":"","_monsterinsights_sitenote_category":0,"footnotes":""},"class_list":["post-619","page","type-page","status-publish"],"yoast_head":"<!-- This site is optimized with the Yoast SEO plugin v27.3 - https:\/\/yoast.com\/product\/yoast-seo-wordpress\/ -->\n<title>About Us - Rite Boilers - Rite Engineering began manufacturing...<\/title>\n<meta name=\"description\" content=\"Rite Engineering began manufacturing boilers in downtown Los Angeles in 1952. 100% family owned business located in Commerce, California.\" \/>\n<meta name=\"robots\" content=\"index, follow, max-snippet:-1, max-image-preview:large, max-video-preview:-1\" \/>\n<link rel=\"canonical\" href=\"https:\/\/www.riteboiler.com\/es\/sobre-nosotros\/\" \/>\n<meta property=\"og:locale\" content=\"es_MX\" \/>\n<meta property=\"og:type\" content=\"article\" \/>\n<meta property=\"og:title\" content=\"About Us - Rite Boilers - Rite Engineering began manufacturing...\" \/>\n<meta property=\"og:description\" content=\"Rite Engineering began manufacturing boilers in downtown Los Angeles in 1952. 100% family owned business located in Commerce, California.\" \/>\n<meta property=\"og:url\" content=\"https:\/\/www.riteboiler.com\/es\/sobre-nosotros\/\" \/>\n<meta property=\"og:site_name\" content=\"Rite Boilers\" \/>\n<meta property=\"article:modified_time\" content=\"2020-11-28T04:00:30+00:00\" \/>\n<meta property=\"og:image\" content=\"https:\/\/www.riteboiler.com\/wp-content\/uploads\/2020\/06\/low-pressure-steam-boilers.png\" \/>\n<meta name=\"twitter:card\" content=\"summary_large_image\" \/>\n<meta name=\"twitter:label1\" content=\"Tiempo de lectura\" \/>\n\t<meta name=\"twitter:data1\" content=\"1 minuto\" \/>\n<script type=\"application\/ld+json\" class=\"yoast-schema-graph\">{\"@context\":\"https:\\\/\\\/schema.org\",\"@graph\":[{\"@type\":\"WebPage\",\"@id\":\"https:\\\/\\\/www.riteboiler.com\\\/about-us\\\/\",\"url\":\"https:\\\/\\\/www.riteboiler.com\\\/about-us\\\/\",\"name\":\"About Us - Rite Boilers - Rite Engineering began manufacturing...\",\"isPartOf\":{\"@id\":\"https:\\\/\\\/www.riteboiler.com\\\/#website\"},\"primaryImageOfPage\":{\"@id\":\"https:\\\/\\\/www.riteboiler.com\\\/about-us\\\/#primaryimage\"},\"image\":{\"@id\":\"https:\\\/\\\/www.riteboiler.com\\\/about-us\\\/#primaryimage\"},\"thumbnailUrl\":\"https:\\\/\\\/www.riteboiler.com\\\/wp-content\\\/uploads\\\/2020\\\/06\\\/low-pressure-steam-boilers.png\",\"datePublished\":\"2020-06-17T19:19:32+00:00\",\"dateModified\":\"2020-11-28T04:00:30+00:00\",\"description\":\"Rite Engineering began manufacturing boilers in downtown Los Angeles in 1952. 100% family owned business located in Commerce, California.\",\"breadcrumb\":{\"@id\":\"https:\\\/\\\/www.riteboiler.com\\\/about-us\\\/#breadcrumb\"},\"inLanguage\":\"es\",\"potentialAction\":[{\"@type\":\"ReadAction\",\"target\":[\"https:\\\/\\\/www.riteboiler.com\\\/about-us\\\/\"]}]},{\"@type\":\"ImageObject\",\"inLanguage\":\"es\",\"@id\":\"https:\\\/\\\/www.riteboiler.com\\\/about-us\\\/#primaryimage\",\"url\":\"https:\\\/\\\/www.riteboiler.com\\\/wp-content\\\/uploads\\\/2020\\\/06\\\/low-pressure-steam-boilers.png\",\"contentUrl\":\"https:\\\/\\\/www.riteboiler.com\\\/wp-content\\\/uploads\\\/2020\\\/06\\\/low-pressure-steam-boilers.png\"},{\"@type\":\"BreadcrumbList\",\"@id\":\"https:\\\/\\\/www.riteboiler.com\\\/about-us\\\/#breadcrumb\",\"itemListElement\":[{\"@type\":\"ListItem\",\"position\":1,\"name\":\"Home\",\"item\":\"https:\\\/\\\/www.riteboiler.com\\\/\"},{\"@type\":\"ListItem\",\"position\":2,\"name\":\"About Us\"}]},{\"@type\":\"WebSite\",\"@id\":\"https:\\\/\\\/www.riteboiler.com\\\/#website\",\"url\":\"https:\\\/\\\/www.riteboiler.com\\\/\",\"name\":\"Rite Boilers\",\"description\":\"Boilers and Tanks Built to Last! Since 1952\",\"publisher\":{\"@id\":\"https:\\\/\\\/www.riteboiler.com\\\/#organization\"},\"potentialAction\":[{\"@type\":\"SearchAction\",\"target\":{\"@type\":\"EntryPoint\",\"urlTemplate\":\"https:\\\/\\\/www.riteboiler.com\\\/?s={search_term_string}\"},\"query-input\":{\"@type\":\"PropertyValueSpecification\",\"valueRequired\":true,\"valueName\":\"search_term_string\"}}],\"inLanguage\":\"es\"},{\"@type\":\"Organization\",\"@id\":\"https:\\\/\\\/www.riteboiler.com\\\/#organization\",\"name\":\"Rite Engineering & Manufacturing Corp.\",\"url\":\"https:\\\/\\\/www.riteboiler.com\\\/\",\"logo\":{\"@type\":\"ImageObject\",\"inLanguage\":\"es\",\"@id\":\"https:\\\/\\\/www.riteboiler.com\\\/#\\\/schema\\\/logo\\\/image\\\/\",\"url\":\"https:\\\/\\\/www.riteboiler.com\\\/wp-content\\\/uploads\\\/2020\\\/06\\\/rite-boilers-logo-large.png\",\"contentUrl\":\"https:\\\/\\\/www.riteboiler.com\\\/wp-content\\\/uploads\\\/2020\\\/06\\\/rite-boilers-logo-large.png\",\"width\":600,\"height\":346,\"caption\":\"Rite Engineering & Manufacturing Corp.\"},\"image\":{\"@id\":\"https:\\\/\\\/www.riteboiler.com\\\/#\\\/schema\\\/logo\\\/image\\\/\"}}]}<\/script>\n<!-- \/ Yoast SEO plugin. -->","yoast_head_json":{"title":"About Us - Rite Boilers - Rite Engineering began manufacturing...","description":"Rite Engineering comenz\u00f3 a fabricar calderas en el centro de Los \u00c1ngeles en 1952. Negocio 100% familiar ubicado en Commerce, California.","robots":{"index":"index","follow":"follow","max-snippet":"max-snippet:-1","max-image-preview":"max-image-preview:large","max-video-preview":"max-video-preview:-1"},"canonical":"https:\/\/www.riteboiler.com\/es\/sobre-nosotros\/","og_locale":"es_MX","og_type":"article","og_title":"About Us - Rite Boilers - Rite Engineering began manufacturing...","og_description":"Rite Engineering began manufacturing boilers in downtown Los Angeles in 1952. 100% family owned business located in Commerce, California.","og_url":"https:\/\/www.riteboiler.com\/es\/sobre-nosotros\/","og_site_name":"Rite Boilers","article_modified_time":"2020-11-28T04:00:30+00:00","og_image":[{"url":"https:\/\/www.riteboiler.com\/wp-content\/uploads\/2020\/06\/low-pressure-steam-boilers.png","type":"","width":"","height":""}],"twitter_card":"summary_large_image","twitter_misc":{"Tiempo de lectura":"1 minuto"},"schema":{"@context":"https:\/\/schema.org","@graph":[{"@type":"WebPage","@id":"https:\/\/www.riteboiler.com\/about-us\/","url":"https:\/\/www.riteboiler.com\/about-us\/","name":"About Us - Rite Boilers - Rite Engineering began manufacturing...","isPartOf":{"@id":"https:\/\/www.riteboiler.com\/#website"},"primaryImageOfPage":{"@id":"https:\/\/www.riteboiler.com\/about-us\/#primaryimage"},"image":{"@id":"https:\/\/www.riteboiler.com\/about-us\/#primaryimage"},"thumbnailUrl":"https:\/\/www.riteboiler.com\/wp-content\/uploads\/2020\/06\/low-pressure-steam-boilers.png","datePublished":"2020-06-17T19:19:32+00:00","dateModified":"2020-11-28T04:00:30+00:00","description":"Rite Engineering comenz\u00f3 a fabricar calderas en el centro de Los \u00c1ngeles en 1952. Negocio 100% familiar ubicado en Commerce, California.","breadcrumb":{"@id":"https:\/\/www.riteboiler.com\/about-us\/#breadcrumb"},"inLanguage":"es","potentialAction":[{"@type":"ReadAction","target":["https:\/\/www.riteboiler.com\/about-us\/"]}]},{"@type":"ImageObject","inLanguage":"es","@id":"https:\/\/www.riteboiler.com\/about-us\/#primaryimage","url":"https:\/\/www.riteboiler.com\/wp-content\/uploads\/2020\/06\/low-pressure-steam-boilers.png","contentUrl":"https:\/\/www.riteboiler.com\/wp-content\/uploads\/2020\/06\/low-pressure-steam-boilers.png"},{"@type":"BreadcrumbList","@id":"https:\/\/www.riteboiler.com\/about-us\/#breadcrumb","itemListElement":[{"@type":"ListItem","position":1,"name":"Home","item":"https:\/\/www.riteboiler.com\/"},{"@type":"ListItem","position":2,"name":"About Us"}]},{"@type":"WebSite","@id":"https:\/\/www.riteboiler.com\/#website","url":"https:\/\/www.riteboiler.com\/","name":"Calderas Rite","description":"Boilers and Tanks Built to Last! Since 1952","publisher":{"@id":"https:\/\/www.riteboiler.com\/#organization"},"potentialAction":[{"@type":"SearchAction","target":{"@type":"EntryPoint","urlTemplate":"https:\/\/www.riteboiler.com\/?s={search_term_string}"},"query-input":{"@type":"PropertyValueSpecification","valueRequired":true,"valueName":"search_term_string"}}],"inLanguage":"es"},{"@type":"Organization","@id":"https:\/\/www.riteboiler.com\/#organization","name":"Rite Engineering & Manufacturing Corp.","url":"https:\/\/www.riteboiler.com\/","logo":{"@type":"ImageObject","inLanguage":"es","@id":"https:\/\/www.riteboiler.com\/#\/schema\/logo\/image\/","url":"https:\/\/www.riteboiler.com\/wp-content\/uploads\/2020\/06\/rite-boilers-logo-large.png","contentUrl":"https:\/\/www.riteboiler.com\/wp-content\/uploads\/2020\/06\/rite-boilers-logo-large.png","width":600,"height":346,"caption":"Rite Engineering & Manufacturing Corp."},"image":{"@id":"https:\/\/www.riteboiler.com\/#\/schema\/logo\/image\/"}}]}},"_links":{"self":[{"href":"https:\/\/www.riteboiler.com\/es\/wp-json\/wp\/v2\/pages\/619","targetHints":{"allow":["GET"]}}],"collection":[{"href":"https:\/\/www.riteboiler.com\/es\/wp-json\/wp\/v2\/pages"}],"about":[{"href":"https:\/\/www.riteboiler.com\/es\/wp-json\/wp\/v2\/types\/page"}],"author":[{"embeddable":true,"href":"https:\/\/www.riteboiler.com\/es\/wp-json\/wp\/v2\/users\/1"}],"replies":[{"embeddable":true,"href":"https:\/\/www.riteboiler.com\/es\/wp-json\/wp\/v2\/comments?post=619"}],"version-history":[{"count":10,"href":"https:\/\/www.riteboiler.com\/es\/wp-json\/wp\/v2\/pages\/619\/revisions"}],"predecessor-version":[{"id":1989,"href":"https:\/\/www.riteboiler.com\/es\/wp-json\/wp\/v2\/pages\/619\/revisions\/1989"}],"wp:attachment":[{"href":"https:\/\/www.riteboiler.com\/es\/wp-json\/wp\/v2\/media?parent=619"}],"curies":[{"name":"wp","href":"https:\/\/api.w.org\/{rel}","templated":true}]}}