{"id":725,"date":"2020-06-19T11:49:44","date_gmt":"2020-06-19T16:49:44","guid":{"rendered":"http:\/\/riteboiler.flywheelsites.com\/?page_id=725"},"modified":"2020-11-29T02:00:39","modified_gmt":"2020-11-29T08:00:39","slug":"calderas-de-vapor","status":"publish","type":"page","link":"https:\/\/www.riteboiler.com\/es\/boilers\/steam-boilers\/","title":{"rendered":"Calderas de vapor"},"content":{"rendered":"<p><img loading=\"lazy\" decoding=\"async\" title=\"Caldera de vapor\" src=\"https:\/\/www.riteboiler.com\/wp-content\/uploads\/2020\/08\/082-steam-boiler.jpg\" alt=\"Caldera de vapor\" width=\"1938\" height=\"1516\" \/><\/p>\r\n<p>Las calderas de vapor son una pieza clave en su rompecabezas de producci\u00f3n o calefacci\u00f3n. Rite dise\u00f1a y construye calderas teniendo en cuenta las operaciones. Est\u00e1n dise\u00f1ados espec\u00edficamente para ser completamente reparables en el campo, para brindar un servicio confiable durante mucho tiempo. La capacidad de acceder, inspeccionar y limpiar las orillas del agua de la caldera significa que la eficiencia de la caldera ser\u00e1 tan grande en veinte a\u00f1os como cuando la instal\u00f3.<\/p>\r\n<table data-tablesaw-mode=\"swipe\" data-tablesaw-minimap=\"\">\r\n<thead>\r\n<tr>\r\n<th id=\"pp-table-col-1\" scope=\"col\" data-tablesaw-sortable-col=\"\"><center>Tipo<\/center><\/th>\r\n<th id=\"pp-table-col-2\" scope=\"col\" data-tablesaw-sortable-col=\"\"><center>MAWP<\/center><\/th>\r\n<th id=\"pp-table-col-3\" scope=\"col\" data-tablesaw-sortable-col=\"\"><center>Presi\u00f3n operacional<\/center><\/th>\r\n<th id=\"pp-table-col-4\" scope=\"col\" data-tablesaw-sortable-col=\"\"><center>Rango de entrada MBTu \/ H<\/center><\/th>\r\n<th id=\"pp-table-col-5\" scope=\"col\" data-tablesaw-sortable-col=\"\"><center>Rango de salida MBTu \/ H<\/center><\/th>\r\n<th id=\"pp-table-col-6\" scope=\"col\" data-tablesaw-sortable-col=\"\" class=\"translation-block\"> Gama <br> caldera <br> caballos de fuerza <\/th>\r\n<\/tr>\r\n<\/thead>\r\n<tbody>\r\n<tr>\r\n<td>LP de baja presi\u00f3n (15 PSI)<\/td>\r\n<td><center>15 PSI<\/center><\/td>\r\n<td><center>0-13.5 PSI<\/center><\/td>\r\n<td><center>150-12,500<\/center><\/td>\r\n<td><center>120-9,999<\/center><\/td>\r\n<td><center>4 &#8211; 300<\/center><\/td>\r\n<\/tr>\r\n<tr>\r\n<td>HP de alta presi\u00f3n (150 PSI)<\/td>\r\n<td><center>150 PSI<\/center><\/td>\r\n<td><center>10-147 PSI<\/center><\/td>\r\n<td><center>390-10,500<\/center><\/td>\r\n<td><center>318-8,365<\/center><\/td>\r\n<td><center>9.5 &#8211; 250<\/center><\/td>\r\n<\/tr>\r\n<\/tbody>\r\n<\/table>\r\n<!--7f0e5e8b-->","protected":false},"excerpt":{"rendered":"<p>Steam boilers are a key piece in your heating or production puzzle.\u00a0 Rite designs and builds boilers with operations in mind.\u00a0 They are specifically engineered to be completely repairable in the field, to provide long reliable service.\u00a0 The ability to access, inspect and clean the boiler watersides means that the boiler efficiency will be just &#8230; <a title=\"Calderas de vapor\" class=\"read-more\" href=\"https:\/\/www.riteboiler.com\/es\/boilers\/steam-boilers\/\" aria-label=\"Leer m\u00e1s sobre Steam Boilers\">Read more<\/a><\/p>","protected":false},"author":1,"featured_media":1834,"parent":144,"menu_order":2,"comment_status":"closed","ping_status":"closed","template":"","meta":{"_monsterinsights_skip_tracking":false,"_monsterinsights_sitenote_active":false,"_monsterinsights_sitenote_note":"","_monsterinsights_sitenote_category":0,"footnotes":""},"class_list":["post-725","page","type-page","status-publish","has-post-thumbnail"],"yoast_head":"<!-- This site is optimized with the Yoast SEO plugin v27.4 - https:\/\/yoast.com\/product\/yoast-seo-wordpress\/ -->\n<title>Steam Boilers - Rite Boilers If the required steam pressure\/temperature...<\/title>\n<meta name=\"description\" content=\"Steam Boilers - If the required steam pressure\/temperature is 13psi\/246\u00b0 or less you are looking at a low-pressure boiler.\" \/>\n<meta name=\"robots\" content=\"index, follow, max-snippet:-1, max-image-preview:large, max-video-preview:-1\" \/>\n<link rel=\"canonical\" href=\"https:\/\/www.riteboiler.com\/es\/calderas\/calderas-de-vapor\/\" \/>\n<meta property=\"og:locale\" content=\"es_MX\" \/>\n<meta property=\"og:type\" content=\"article\" \/>\n<meta property=\"og:title\" content=\"Steam Boilers - Rite Boilers If the required steam pressure\/temperature...\" \/>\n<meta property=\"og:description\" content=\"Steam Boilers - If the required steam pressure\/temperature is 13psi\/246\u00b0 or less you are looking at a low-pressure boiler.\" \/>\n<meta property=\"og:url\" content=\"https:\/\/www.riteboiler.com\/es\/calderas\/calderas-de-vapor\/\" \/>\n<meta property=\"og:site_name\" content=\"Rite Boilers\" \/>\n<meta property=\"article:modified_time\" content=\"2020-11-29T08:00:39+00:00\" \/>\n<meta property=\"og:image\" content=\"https:\/\/www.riteboiler.com\/wp-content\/uploads\/2020\/08\/083-steam-boiler.png\" \/>\n\t<meta property=\"og:image:width\" content=\"809\" \/>\n\t<meta property=\"og:image:height\" content=\"590\" \/>\n\t<meta property=\"og:image:type\" content=\"image\/png\" \/>\n<meta name=\"twitter:card\" content=\"summary_large_image\" \/>\n<meta name=\"twitter:label1\" content=\"Tiempo de lectura\" \/>\n\t<meta name=\"twitter:data1\" content=\"1 minuto\" \/>\n<script type=\"application\/ld+json\" class=\"yoast-schema-graph\">{\"@context\":\"https:\\\/\\\/schema.org\",\"@graph\":[{\"@type\":\"WebPage\",\"@id\":\"https:\\\/\\\/www.riteboiler.com\\\/boilers\\\/steam-boilers\\\/\",\"url\":\"https:\\\/\\\/www.riteboiler.com\\\/boilers\\\/steam-boilers\\\/\",\"name\":\"Steam Boilers - Rite Boilers If the required steam pressure\\\/temperature...\",\"isPartOf\":{\"@id\":\"https:\\\/\\\/www.riteboiler.com\\\/#website\"},\"primaryImageOfPage\":{\"@id\":\"https:\\\/\\\/www.riteboiler.com\\\/boilers\\\/steam-boilers\\\/#primaryimage\"},\"image\":{\"@id\":\"https:\\\/\\\/www.riteboiler.com\\\/boilers\\\/steam-boilers\\\/#primaryimage\"},\"thumbnailUrl\":\"https:\\\/\\\/www.riteboiler.com\\\/wp-content\\\/uploads\\\/2020\\\/08\\\/083-steam-boiler.png\",\"datePublished\":\"2020-06-19T16:49:44+00:00\",\"dateModified\":\"2020-11-29T08:00:39+00:00\",\"description\":\"Steam Boilers - If the required steam pressure\\\/temperature is 13psi\\\/246\u00b0 or less you are looking at a low-pressure boiler.\",\"breadcrumb\":{\"@id\":\"https:\\\/\\\/www.riteboiler.com\\\/boilers\\\/steam-boilers\\\/#breadcrumb\"},\"inLanguage\":\"es\",\"potentialAction\":[{\"@type\":\"ReadAction\",\"target\":[\"https:\\\/\\\/www.riteboiler.com\\\/boilers\\\/steam-boilers\\\/\"]}]},{\"@type\":\"ImageObject\",\"inLanguage\":\"es\",\"@id\":\"https:\\\/\\\/www.riteboiler.com\\\/boilers\\\/steam-boilers\\\/#primaryimage\",\"url\":\"https:\\\/\\\/www.riteboiler.com\\\/wp-content\\\/uploads\\\/2020\\\/08\\\/083-steam-boiler.png\",\"contentUrl\":\"https:\\\/\\\/www.riteboiler.com\\\/wp-content\\\/uploads\\\/2020\\\/08\\\/083-steam-boiler.png\",\"width\":809,\"height\":590,\"caption\":\"Steam Boiler\"},{\"@type\":\"BreadcrumbList\",\"@id\":\"https:\\\/\\\/www.riteboiler.com\\\/boilers\\\/steam-boilers\\\/#breadcrumb\",\"itemListElement\":[{\"@type\":\"ListItem\",\"position\":1,\"name\":\"Home\",\"item\":\"https:\\\/\\\/www.riteboiler.com\\\/\"},{\"@type\":\"ListItem\",\"position\":2,\"name\":\"Boilers\",\"item\":\"https:\\\/\\\/www.riteboiler.com\\\/boilers\\\/\"},{\"@type\":\"ListItem\",\"position\":3,\"name\":\"Steam Boilers\"}]},{\"@type\":\"WebSite\",\"@id\":\"https:\\\/\\\/www.riteboiler.com\\\/#website\",\"url\":\"https:\\\/\\\/www.riteboiler.com\\\/\",\"name\":\"Rite Boilers\",\"description\":\"Boilers and Tanks Built to Last! Since 1952\",\"publisher\":{\"@id\":\"https:\\\/\\\/www.riteboiler.com\\\/#organization\"},\"potentialAction\":[{\"@type\":\"SearchAction\",\"target\":{\"@type\":\"EntryPoint\",\"urlTemplate\":\"https:\\\/\\\/www.riteboiler.com\\\/?s={search_term_string}\"},\"query-input\":{\"@type\":\"PropertyValueSpecification\",\"valueRequired\":true,\"valueName\":\"search_term_string\"}}],\"inLanguage\":\"es\"},{\"@type\":\"Organization\",\"@id\":\"https:\\\/\\\/www.riteboiler.com\\\/#organization\",\"name\":\"Rite Engineering & Manufacturing Corp.\",\"url\":\"https:\\\/\\\/www.riteboiler.com\\\/\",\"logo\":{\"@type\":\"ImageObject\",\"inLanguage\":\"es\",\"@id\":\"https:\\\/\\\/www.riteboiler.com\\\/#\\\/schema\\\/logo\\\/image\\\/\",\"url\":\"https:\\\/\\\/www.riteboiler.com\\\/wp-content\\\/uploads\\\/2020\\\/06\\\/rite-boilers-logo-large.png\",\"contentUrl\":\"https:\\\/\\\/www.riteboiler.com\\\/wp-content\\\/uploads\\\/2020\\\/06\\\/rite-boilers-logo-large.png\",\"width\":600,\"height\":346,\"caption\":\"Rite Engineering & Manufacturing Corp.\"},\"image\":{\"@id\":\"https:\\\/\\\/www.riteboiler.com\\\/#\\\/schema\\\/logo\\\/image\\\/\"}}]}<\/script>\n<!-- \/ Yoast SEO plugin. -->","yoast_head_json":{"title":"Steam Boilers - Rite Boilers If the required steam pressure\/temperature...","description":"Calderas de vapor: si la presi\u00f3n \/ temperatura de vapor requerida es de 13 psi \/ 246 \u00b0 o menos, est\u00e1 buscando una caldera de baja presi\u00f3n.","robots":{"index":"index","follow":"follow","max-snippet":"max-snippet:-1","max-image-preview":"max-image-preview:large","max-video-preview":"max-video-preview:-1"},"canonical":"https:\/\/www.riteboiler.com\/es\/calderas\/calderas-de-vapor\/","og_locale":"es_MX","og_type":"article","og_title":"Steam Boilers - Rite Boilers If the required steam pressure\/temperature...","og_description":"Steam Boilers - If the required steam pressure\/temperature is 13psi\/246\u00b0 or less you are looking at a low-pressure boiler.","og_url":"https:\/\/www.riteboiler.com\/es\/calderas\/calderas-de-vapor\/","og_site_name":"Rite Boilers","article_modified_time":"2020-11-29T08:00:39+00:00","og_image":[{"width":809,"height":590,"url":"https:\/\/www.riteboiler.com\/wp-content\/uploads\/2020\/08\/083-steam-boiler.png","type":"image\/png"}],"twitter_card":"summary_large_image","twitter_misc":{"Tiempo de lectura":"1 minuto"},"schema":{"@context":"https:\/\/schema.org","@graph":[{"@type":"WebPage","@id":"https:\/\/www.riteboiler.com\/boilers\/steam-boilers\/","url":"https:\/\/www.riteboiler.com\/boilers\/steam-boilers\/","name":"Steam Boilers - Rite Boilers If the required steam pressure\/temperature...","isPartOf":{"@id":"https:\/\/www.riteboiler.com\/#website"},"primaryImageOfPage":{"@id":"https:\/\/www.riteboiler.com\/boilers\/steam-boilers\/#primaryimage"},"image":{"@id":"https:\/\/www.riteboiler.com\/boilers\/steam-boilers\/#primaryimage"},"thumbnailUrl":"https:\/\/www.riteboiler.com\/wp-content\/uploads\/2020\/08\/083-steam-boiler.png","datePublished":"2020-06-19T16:49:44+00:00","dateModified":"2020-11-29T08:00:39+00:00","description":"Calderas de vapor: si la presi\u00f3n \/ temperatura de vapor requerida es de 13 psi \/ 246 \u00b0 o menos, est\u00e1 buscando una caldera de baja presi\u00f3n.","breadcrumb":{"@id":"https:\/\/www.riteboiler.com\/boilers\/steam-boilers\/#breadcrumb"},"inLanguage":"es","potentialAction":[{"@type":"ReadAction","target":["https:\/\/www.riteboiler.com\/boilers\/steam-boilers\/"]}]},{"@type":"ImageObject","inLanguage":"es","@id":"https:\/\/www.riteboiler.com\/boilers\/steam-boilers\/#primaryimage","url":"https:\/\/www.riteboiler.com\/wp-content\/uploads\/2020\/08\/083-steam-boiler.png","contentUrl":"https:\/\/www.riteboiler.com\/wp-content\/uploads\/2020\/08\/083-steam-boiler.png","width":809,"height":590,"caption":"Steam Boiler"},{"@type":"BreadcrumbList","@id":"https:\/\/www.riteboiler.com\/boilers\/steam-boilers\/#breadcrumb","itemListElement":[{"@type":"ListItem","position":1,"name":"Home","item":"https:\/\/www.riteboiler.com\/"},{"@type":"ListItem","position":2,"name":"Boilers","item":"https:\/\/www.riteboiler.com\/boilers\/"},{"@type":"ListItem","position":3,"name":"Steam Boilers"}]},{"@type":"WebSite","@id":"https:\/\/www.riteboiler.com\/#website","url":"https:\/\/www.riteboiler.com\/","name":"Calderas Rite","description":"Boilers and Tanks Built to Last! Since 1952","publisher":{"@id":"https:\/\/www.riteboiler.com\/#organization"},"potentialAction":[{"@type":"SearchAction","target":{"@type":"EntryPoint","urlTemplate":"https:\/\/www.riteboiler.com\/?s={search_term_string}"},"query-input":{"@type":"PropertyValueSpecification","valueRequired":true,"valueName":"search_term_string"}}],"inLanguage":"es"},{"@type":"Organization","@id":"https:\/\/www.riteboiler.com\/#organization","name":"Rite Engineering & Manufacturing Corp.","url":"https:\/\/www.riteboiler.com\/","logo":{"@type":"ImageObject","inLanguage":"es","@id":"https:\/\/www.riteboiler.com\/#\/schema\/logo\/image\/","url":"https:\/\/www.riteboiler.com\/wp-content\/uploads\/2020\/06\/rite-boilers-logo-large.png","contentUrl":"https:\/\/www.riteboiler.com\/wp-content\/uploads\/2020\/06\/rite-boilers-logo-large.png","width":600,"height":346,"caption":"Rite Engineering & Manufacturing Corp."},"image":{"@id":"https:\/\/www.riteboiler.com\/#\/schema\/logo\/image\/"}}]}},"_links":{"self":[{"href":"https:\/\/www.riteboiler.com\/es\/wp-json\/wp\/v2\/pages\/725","targetHints":{"allow":["GET"]}}],"collection":[{"href":"https:\/\/www.riteboiler.com\/es\/wp-json\/wp\/v2\/pages"}],"about":[{"href":"https:\/\/www.riteboiler.com\/es\/wp-json\/wp\/v2\/types\/page"}],"author":[{"embeddable":true,"href":"https:\/\/www.riteboiler.com\/es\/wp-json\/wp\/v2\/users\/1"}],"replies":[{"embeddable":true,"href":"https:\/\/www.riteboiler.com\/es\/wp-json\/wp\/v2\/comments?post=725"}],"version-history":[{"count":10,"href":"https:\/\/www.riteboiler.com\/es\/wp-json\/wp\/v2\/pages\/725\/revisions"}],"predecessor-version":[{"id":2035,"href":"https:\/\/www.riteboiler.com\/es\/wp-json\/wp\/v2\/pages\/725\/revisions\/2035"}],"up":[{"embeddable":true,"href":"https:\/\/www.riteboiler.com\/es\/wp-json\/wp\/v2\/pages\/144"}],"wp:featuredmedia":[{"embeddable":true,"href":"https:\/\/www.riteboiler.com\/es\/wp-json\/wp\/v2\/media\/1834"}],"wp:attachment":[{"href":"https:\/\/www.riteboiler.com\/es\/wp-json\/wp\/v2\/media?parent=725"}],"curies":[{"name":"wp","href":"https:\/\/api.w.org\/{rel}","templated":true}]}}