{"id":987,"date":"2020-06-20T12:29:38","date_gmt":"2020-06-20T17:29:38","guid":{"rendered":"http:\/\/riteboiler.flywheelsites.com\/?page_id=987"},"modified":"2020-11-29T00:55:43","modified_gmt":"2020-11-29T06:55:43","slug":"calderas-de-vapor-de-vapor-de-gas-natural-atmosferico-exterior-atmosferico-de-alta-presion","status":"publish","type":"page","link":"https:\/\/www.riteboiler.com\/es\/boilers\/steam-boilers\/high-pressure-steam-boilers\/high-pressure-outdoor-atmospheric-natural-gas-fired-steam-boilers\/","title":{"rendered":"Calderas de vapor de gas natural \/ atmosf\u00e9rico para exteriores de alta presi\u00f3n"},"content":{"rendered":"<p>So simple to maintain and operate, Rite Steam Boilers feature <strong>acceso completo a la orilla<\/strong> so that virtually all scale and mud deposits can be seen and mechanically cleaned during a single scheduled maintenance shutdown. The result &#8211; <strong>Better fuel-to-steam efficiency and lower operating cost over the life of your boiler investment<\/strong>. Consider a few of our other standard features: Rite\u2019s floating heads that eliminate pressure vessel cracks and broken welds caused by thermal stress cycling (backed by our <strong>25 Year Thermal Shock Warranty<\/strong>), Rite\u2019s \u201csuperheated\u201d drying tubes that regularly boost steam quality at the nozzle into the 99%+ range, Rite\u2019s bolted\/gasketed headplates that eliminate any possibility of hydraulic explosion in the event that safety devices fail &#8211; and you have a better boiler by design.<\/p>\r\n<p>DOWNLOADS BOILER ROOM PLANS DOWNLOADS<\/p>\r\n<p><a href=\"https:\/\/www.riteboiler.com\/wp-content\/uploads\/2020\/10\/Rite-Steam-Boilers-.pdf\" target=\"_blank\" rel=\"noopener noreferrer\">Calderas de vapor Rite (PDF)<\/a><br \/><a href=\"https:\/\/www.riteboiler.com\/wp-content\/uploads\/2020\/06\/RiteBook_pr1_circa_2004.pdf\" target=\"_blank\" rel=\"noopener noreferrer\">Cat\u00e1logo de calderas Rite (PDF)<\/a><br \/><a href=\"https:\/\/www.riteboiler.com\/wp-content\/uploads\/2020\/06\/outdoor-high-pressure-steam-atmospheric.pdf\" target=\"_blank\" rel=\"noopener noreferrer\">Folleto de calderas atmosf\u00e9ricas de vapor de alta presi\u00f3n para exteriores (PDF)<\/a><\/p>\r\n<p>PLANOS DE SALA DE CALDERAS <div class=\"fl-builder-content fl-builder-content-959 fl-builder-template fl-builder-row-template fl-builder-global-templates-locked\" data-post-id=\"959\"><div class=\"fl-row fl-row-full-width fl-row-bg-none fl-node-5eee38271df23 fl-row-default-height fl-row-align-center\" data-node=\"5eee38271df23\">\n\t<div class=\"fl-row-content-wrap\">\n\t\t<div class=\"uabb-row-separator uabb-top-row-separator\" >\n<\/div>\n\t\t\t\t\t\t<div class=\"fl-row-content fl-row-fixed-width fl-node-content\">\n\t\t\n<div class=\"fl-col-group fl-node-5eee38271def9\" data-node=\"5eee38271def9\">\n\t\t\t<div class=\"fl-col fl-node-5eee38271defd fl-col-bg-color fl-col-has-cols\" data-node=\"5eee38271defd\">\n\t<div class=\"fl-col-content fl-node-content\">\n<div class=\"fl-col-group fl-node-5eee38271deff fl-col-group-nested fl-col-group-custom-width\" data-node=\"5eee38271deff\">\n\t\t\t<div class=\"fl-col fl-node-5eee38271df03 fl-col-bg-color fl-col-small fl-col-small-custom-width\" data-node=\"5eee38271df03\">\n\t<div class=\"fl-col-content fl-node-content\"><div class=\"fl-module fl-module-rich-text fl-node-5eee38271df07\" data-node=\"5eee38271df07\">\n\t<div class=\"fl-module-content fl-node-content\">\n\t\t<div class=\"fl-rich-text\">\n\t<p><a href=\"https:\/\/www.riteboiler.com\/wp-content\/uploads\/2020\/06\/hp-P9.5.pdf\" target=\"_blank\" rel=\"noopener\">P9.5 S<\/a><\/p>\n<\/div>\n\t<\/div>\n<\/div>\n<\/div>\n<\/div>\n\t\t\t<div class=\"fl-col fl-node-5eee38271df04 fl-col-bg-color fl-col-small fl-col-small-custom-width\" data-node=\"5eee38271df04\">\n\t<div class=\"fl-col-content fl-node-content\"><div class=\"fl-module fl-module-rich-text fl-node-5eee38271df08\" data-node=\"5eee38271df08\">\n\t<div class=\"fl-module-content fl-node-content\">\n\t\t<div class=\"fl-rich-text\">\n\t<p><a href=\"https:\/\/www.riteboiler.com\/wp-content\/uploads\/2020\/06\/hp-P10.pdf\" target=\"_blank\" rel=\"noopener\">P10 S<\/a><\/p>\n<\/div>\n\t<\/div>\n<\/div>\n<\/div>\n<\/div>\n\t\t\t<div class=\"fl-col fl-node-5eee38271df05 fl-col-bg-color fl-col-small fl-col-small-custom-width\" data-node=\"5eee38271df05\">\n\t<div class=\"fl-col-content fl-node-content\"><div class=\"fl-module fl-module-rich-text fl-node-5eee38271df09\" data-node=\"5eee38271df09\">\n\t<div class=\"fl-module-content fl-node-content\">\n\t\t<div class=\"fl-rich-text\">\n\t<p><a href=\"https:\/\/www.riteboiler.com\/wp-content\/uploads\/2020\/06\/hp-P15.pdf\" target=\"_blank\" rel=\"noopener\">P15 S<\/a><\/p>\n<\/div>\n\t<\/div>\n<\/div>\n<\/div>\n<\/div>\n\t\t\t<div class=\"fl-col fl-node-5eee38271df06 fl-col-bg-color fl-col-small fl-col-small-custom-width\" data-node=\"5eee38271df06\">\n\t<div class=\"fl-col-content fl-node-content\"><div class=\"fl-module fl-module-rich-text fl-node-5eee38271df0a\" data-node=\"5eee38271df0a\">\n\t<div class=\"fl-module-content fl-node-content\">\n\t\t<div class=\"fl-rich-text\">\n\t<p><a href=\"https:\/\/www.riteboiler.com\/wp-content\/uploads\/2020\/06\/hp-P20.pdf\" target=\"_blank\" rel=\"noopener\">P20 S<\/a><\/p>\n<\/div>\n\t<\/div>\n<\/div>\n<\/div>\n<\/div>\n\t<\/div>\n\n<div class=\"fl-col-group fl-node-5eee38271df00 fl-col-group-nested fl-col-group-custom-width\" data-node=\"5eee38271df00\">\n\t\t\t<div class=\"fl-col fl-node-5eee38271df0b fl-col-bg-color fl-col-small fl-col-small-custom-width\" data-node=\"5eee38271df0b\">\n\t<div class=\"fl-col-content fl-node-content\"><div class=\"fl-module fl-module-rich-text fl-node-5eee38271df0f\" data-node=\"5eee38271df0f\">\n\t<div class=\"fl-module-content fl-node-content\">\n\t\t<div class=\"fl-rich-text\">\n\t<p><a href=\"https:\/\/www.riteboiler.com\/wp-content\/uploads\/2020\/06\/hp-P25.pdf\" target=\"_blank\" rel=\"noopener\">P25 S<\/a><\/p>\n<\/div>\n\t<\/div>\n<\/div>\n<\/div>\n<\/div>\n\t\t\t<div class=\"fl-col fl-node-5eee38271df0c fl-col-bg-color fl-col-small fl-col-small-custom-width\" data-node=\"5eee38271df0c\">\n\t<div class=\"fl-col-content fl-node-content\"><div class=\"fl-module fl-module-rich-text fl-node-5eee38271df10\" data-node=\"5eee38271df10\">\n\t<div class=\"fl-module-content fl-node-content\">\n\t\t<div class=\"fl-rich-text\">\n\t<p><a href=\"https:\/\/www.riteboiler.com\/wp-content\/uploads\/2020\/06\/hp-P35.pdf\" target=\"_blank\" rel=\"noopener\">P35 S<\/a><\/p>\n<\/div>\n\t<\/div>\n<\/div>\n<\/div>\n<\/div>\n\t\t\t<div class=\"fl-col fl-node-5eee38271df0d fl-col-bg-color fl-col-small fl-col-small-custom-width\" data-node=\"5eee38271df0d\">\n\t<div class=\"fl-col-content fl-node-content\"><div class=\"fl-module fl-module-rich-text fl-node-5eee38271df11\" data-node=\"5eee38271df11\">\n\t<div class=\"fl-module-content fl-node-content\">\n\t\t<div class=\"fl-rich-text\">\n\t<p><a href=\"https:\/\/www.riteboiler.com\/wp-content\/uploads\/2020\/06\/hp-P48.pdf\" target=\"_blank\" rel=\"noopener\">P48 S<\/a><\/p>\n<\/div>\n\t<\/div>\n<\/div>\n<\/div>\n<\/div>\n\t\t\t<div class=\"fl-col fl-node-5eee38271df0e fl-col-bg-color fl-col-small fl-col-small-custom-width\" data-node=\"5eee38271df0e\">\n\t<div class=\"fl-col-content fl-node-content\"><div class=\"fl-module fl-module-rich-text fl-node-5eee38271df12\" data-node=\"5eee38271df12\">\n\t<div class=\"fl-module-content fl-node-content\">\n\t\t<div class=\"fl-rich-text\">\n\t<p><a href=\"https:\/\/www.riteboiler.com\/wp-content\/uploads\/2020\/06\/hp-P50.pdf\" target=\"_blank\" rel=\"noopener\">P50 S<\/a><\/p>\n<\/div>\n\t<\/div>\n<\/div>\n<\/div>\n<\/div>\n\t<\/div>\n\n<div class=\"fl-col-group fl-node-5eee38271df01 fl-col-group-nested fl-col-group-custom-width\" data-node=\"5eee38271df01\">\n\t\t\t<div class=\"fl-col fl-node-5eee38271df13 fl-col-bg-color fl-col-small fl-col-small-custom-width\" data-node=\"5eee38271df13\">\n\t<div class=\"fl-col-content fl-node-content\"><div class=\"fl-module fl-module-rich-text fl-node-5eee38271df17\" data-node=\"5eee38271df17\">\n\t<div class=\"fl-module-content fl-node-content\">\n\t\t<div class=\"fl-rich-text\">\n\t<p><a href=\"https:\/\/www.riteboiler.com\/wp-content\/uploads\/2020\/06\/hp-P75.pdf\" target=\"_blank\" rel=\"noopener\">P75 S<\/a><\/p>\n<\/div>\n\t<\/div>\n<\/div>\n<\/div>\n<\/div>\n\t\t\t<div class=\"fl-col fl-node-5eee38271df14 fl-col-bg-color fl-col-small fl-col-small-custom-width\" data-node=\"5eee38271df14\">\n\t<div class=\"fl-col-content fl-node-content\"><div class=\"fl-module fl-module-rich-text fl-node-5eee38271df18\" data-node=\"5eee38271df18\">\n\t<div class=\"fl-module-content fl-node-content\">\n\t\t<div class=\"fl-rich-text\">\n\t<p><a href=\"https:\/\/www.riteboiler.com\/wp-content\/uploads\/2020\/06\/hp-P100.pdf\" target=\"_blank\" rel=\"noopener\">P100 S<\/a><\/p>\n<\/div>\n\t<\/div>\n<\/div>\n<\/div>\n<\/div>\n\t\t\t<div class=\"fl-col fl-node-5eee38271df15 fl-col-bg-color fl-col-small fl-col-small-custom-width\" data-node=\"5eee38271df15\">\n\t<div class=\"fl-col-content fl-node-content\"><div class=\"fl-module fl-module-rich-text fl-node-5eee38271df19\" data-node=\"5eee38271df19\">\n\t<div class=\"fl-module-content fl-node-content\">\n\t\t<div class=\"fl-rich-text\">\n\t<p><a href=\"https:\/\/www.riteboiler.com\/wp-content\/uploads\/2020\/06\/hp-P125.pdf\" target=\"_blank\" rel=\"noopener\">P125 S<\/a><\/p>\n<\/div>\n\t<\/div>\n<\/div>\n<\/div>\n<\/div>\n\t\t\t<div class=\"fl-col fl-node-5eee38271df16 fl-col-bg-color fl-col-small fl-col-small-custom-width\" data-node=\"5eee38271df16\">\n\t<div class=\"fl-col-content fl-node-content\"><div class=\"fl-module fl-module-rich-text fl-node-5eee38271df1a\" data-node=\"5eee38271df1a\">\n\t<div class=\"fl-module-content fl-node-content\">\n\t\t<div class=\"fl-rich-text\">\n\t<p><a href=\"https:\/\/www.riteboiler.com\/wp-content\/uploads\/2020\/06\/hp-P150.pdf\" target=\"_blank\" rel=\"noopener\">P150 S<\/a><\/p>\n<\/div>\n\t<\/div>\n<\/div>\n<\/div>\n<\/div>\n\t<\/div>\n\n<div class=\"fl-col-group fl-node-5eee38271df02 fl-col-group-nested fl-col-group-custom-width\" data-node=\"5eee38271df02\">\n\t\t\t<div class=\"fl-col fl-node-5eee38271df1b fl-col-bg-color fl-col-small fl-col-small-custom-width\" data-node=\"5eee38271df1b\">\n\t<div class=\"fl-col-content fl-node-content\"><div class=\"fl-module fl-module-rich-text fl-node-5eee38271df1f\" data-node=\"5eee38271df1f\">\n\t<div class=\"fl-module-content fl-node-content\">\n\t\t<div class=\"fl-rich-text\">\n\t<p><a href=\"https:\/\/www.riteboiler.com\/wp-content\/uploads\/2020\/06\/hp-P175.pdf\" target=\"_blank\" rel=\"noopener\">P175 S<\/a><\/p>\n<\/div>\n\t<\/div>\n<\/div>\n<\/div>\n<\/div>\n\t\t\t<div class=\"fl-col fl-node-5eee38271df1c fl-col-bg-color fl-col-small fl-col-small-custom-width\" data-node=\"5eee38271df1c\">\n\t<div class=\"fl-col-content fl-node-content\"><div class=\"fl-module fl-module-rich-text fl-node-5eee38271df20\" data-node=\"5eee38271df20\">\n\t<div class=\"fl-module-content fl-node-content\">\n\t\t<div class=\"fl-rich-text\">\n\t<p><a href=\"https:\/\/www.riteboiler.com\/wp-content\/uploads\/2020\/06\/hp-P200.pdf\" target=\"_blank\" rel=\"noopener\">P200 S<\/a><\/p>\n<\/div>\n\t<\/div>\n<\/div>\n<\/div>\n<\/div>\n\t\t\t<div class=\"fl-col fl-node-5eee38271df1d fl-col-bg-color fl-col-small fl-col-small-custom-width\" data-node=\"5eee38271df1d\">\n\t<div class=\"fl-col-content fl-node-content\"><div class=\"fl-module fl-module-rich-text fl-node-5eee38271df21\" data-node=\"5eee38271df21\">\n\t<div class=\"fl-module-content fl-node-content\">\n\t\t<div class=\"fl-rich-text\">\n\t<p><a href=\"https:\/\/www.riteboiler.com\/wp-content\/uploads\/2020\/06\/hp-P225.pdf\" target=\"_blank\" rel=\"noopener\">P225 S<\/a><\/p>\n<\/div>\n\t<\/div>\n<\/div>\n<\/div>\n<\/div>\n\t\t\t<div class=\"fl-col fl-node-5eee38271df1e fl-col-bg-color fl-col-small fl-col-small-custom-width\" data-node=\"5eee38271df1e\">\n\t<div class=\"fl-col-content fl-node-content\"><div class=\"fl-module fl-module-rich-text fl-node-5eee38271df22\" data-node=\"5eee38271df22\">\n\t<div class=\"fl-module-content fl-node-content\">\n\t\t<div class=\"fl-rich-text\">\n\t<p><a href=\"https:\/\/www.riteboiler.com\/wp-content\/uploads\/2020\/06\/hp-P250.pdf\" target=\"_blank\" rel=\"noopener\">P250 S<\/a><\/p>\n<\/div>\n\t<\/div>\n<\/div>\n<\/div>\n<\/div>\n\t<\/div>\n<\/div>\n<\/div>\n\t<\/div>\n\t\t<\/div>\n\t<\/div>\n<\/div>\n<\/div><div class=\"uabb-js-breakpoint\" style=\"display: none;\"><\/div><\/p>","protected":false},"excerpt":{"rendered":"<p>So simple to maintain and operate, Rite Steam Boilers feature complete waterside access so that virtually all scale and mud deposits can be seen and mechanically cleaned during a single scheduled maintenance shutdown. The result &#8211; Better fuel-to-steam efficiency and lower operating cost over the life of your boiler investment. Consider a few of our &#8230; <a title=\"Calderas de vapor de gas natural \/ atmosf\u00e9rico para exteriores de alta presi\u00f3n\" class=\"read-more\" href=\"https:\/\/www.riteboiler.com\/es\/boilers\/steam-boilers\/high-pressure-steam-boilers\/high-pressure-outdoor-atmospheric-natural-gas-fired-steam-boilers\/\" aria-label=\"Leer m\u00e1s sobre High Pressure Outdoor Atmospheric \/ Natural Gas Fired Steam Boilers\">Read more<\/a><\/p>","protected":false},"author":1,"featured_media":989,"parent":1237,"menu_order":4,"comment_status":"closed","ping_status":"closed","template":"","meta":{"_monsterinsights_skip_tracking":false,"_monsterinsights_sitenote_active":false,"_monsterinsights_sitenote_note":"","_monsterinsights_sitenote_category":0,"footnotes":""},"class_list":["post-987","page","type-page","status-publish","has-post-thumbnail"],"yoast_head":"<!-- This site is optimized with the Yoast SEO plugin v27.4 - https:\/\/yoast.com\/product\/yoast-seo-wordpress\/ -->\n<title>Outdoor Atmospheric \/ Natural Gas Fired Steam Boilers - Rite Boilers<\/title>\n<meta name=\"description\" content=\"Outdoor Atmospheric Natural - So simple to maintain and operate, Rite Steam Boilers feature complete waterside access so that virtually all..\" \/>\n<meta name=\"robots\" content=\"index, follow, max-snippet:-1, max-image-preview:large, max-video-preview:-1\" \/>\n<link rel=\"canonical\" href=\"https:\/\/www.riteboiler.com\/es\/calderas\/calderas-de-vapor\/calderas-de-vapor-de-alta-presion\/calderas-de-vapor-de-vapor-de-gas-natural-atmosferico-exterior-atmosferico-de-alta-presion\/\" \/>\n<meta property=\"og:locale\" content=\"es_MX\" \/>\n<meta property=\"og:type\" content=\"article\" \/>\n<meta property=\"og:title\" content=\"Outdoor Atmospheric \/ Natural Gas Fired Steam Boilers - Rite Boilers\" \/>\n<meta property=\"og:description\" content=\"Outdoor Atmospheric Natural - So simple to maintain and operate, Rite Steam Boilers feature complete waterside access so that virtually all..\" \/>\n<meta property=\"og:url\" content=\"https:\/\/www.riteboiler.com\/es\/calderas\/calderas-de-vapor\/calderas-de-vapor-de-alta-presion\/calderas-de-vapor-de-vapor-de-gas-natural-atmosferico-exterior-atmosferico-de-alta-presion\/\" \/>\n<meta property=\"og:site_name\" content=\"Rite Boilers\" \/>\n<meta property=\"article:modified_time\" content=\"2020-11-29T06:55:43+00:00\" \/>\n<meta property=\"og:image\" content=\"https:\/\/www.riteboiler.com\/wp-content\/uploads\/2020\/06\/outdoor-high-pressure-steam-atmospheric-boiler.png\" \/>\n\t<meta property=\"og:image:width\" content=\"477\" \/>\n\t<meta property=\"og:image:height\" content=\"731\" \/>\n\t<meta property=\"og:image:type\" content=\"image\/png\" \/>\n<meta name=\"twitter:card\" content=\"summary_large_image\" \/>\n<meta name=\"twitter:label1\" content=\"Tiempo de lectura\" \/>\n\t<meta name=\"twitter:data1\" content=\"1 minuto\" \/>\n<script type=\"application\/ld+json\" class=\"yoast-schema-graph\">{\"@context\":\"https:\\\/\\\/schema.org\",\"@graph\":[{\"@type\":\"WebPage\",\"@id\":\"https:\\\/\\\/www.riteboiler.com\\\/boilers\\\/steam-boilers\\\/high-pressure-steam-boilers\\\/high-pressure-outdoor-atmospheric-natural-gas-fired-steam-boilers\\\/\",\"url\":\"https:\\\/\\\/www.riteboiler.com\\\/boilers\\\/steam-boilers\\\/high-pressure-steam-boilers\\\/high-pressure-outdoor-atmospheric-natural-gas-fired-steam-boilers\\\/\",\"name\":\"Outdoor Atmospheric \\\/ Natural Gas Fired Steam Boilers - Rite Boilers\",\"isPartOf\":{\"@id\":\"https:\\\/\\\/www.riteboiler.com\\\/#website\"},\"primaryImageOfPage\":{\"@id\":\"https:\\\/\\\/www.riteboiler.com\\\/boilers\\\/steam-boilers\\\/high-pressure-steam-boilers\\\/high-pressure-outdoor-atmospheric-natural-gas-fired-steam-boilers\\\/#primaryimage\"},\"image\":{\"@id\":\"https:\\\/\\\/www.riteboiler.com\\\/boilers\\\/steam-boilers\\\/high-pressure-steam-boilers\\\/high-pressure-outdoor-atmospheric-natural-gas-fired-steam-boilers\\\/#primaryimage\"},\"thumbnailUrl\":\"https:\\\/\\\/www.riteboiler.com\\\/wp-content\\\/uploads\\\/2020\\\/06\\\/outdoor-high-pressure-steam-atmospheric-boiler.png\",\"datePublished\":\"2020-06-20T17:29:38+00:00\",\"dateModified\":\"2020-11-29T06:55:43+00:00\",\"description\":\"Outdoor Atmospheric Natural - So simple to maintain and operate, Rite Steam Boilers feature complete waterside access so that virtually all..\",\"breadcrumb\":{\"@id\":\"https:\\\/\\\/www.riteboiler.com\\\/boilers\\\/steam-boilers\\\/high-pressure-steam-boilers\\\/high-pressure-outdoor-atmospheric-natural-gas-fired-steam-boilers\\\/#breadcrumb\"},\"inLanguage\":\"es\",\"potentialAction\":[{\"@type\":\"ReadAction\",\"target\":[\"https:\\\/\\\/www.riteboiler.com\\\/boilers\\\/steam-boilers\\\/high-pressure-steam-boilers\\\/high-pressure-outdoor-atmospheric-natural-gas-fired-steam-boilers\\\/\"]}]},{\"@type\":\"ImageObject\",\"inLanguage\":\"es\",\"@id\":\"https:\\\/\\\/www.riteboiler.com\\\/boilers\\\/steam-boilers\\\/high-pressure-steam-boilers\\\/high-pressure-outdoor-atmospheric-natural-gas-fired-steam-boilers\\\/#primaryimage\",\"url\":\"https:\\\/\\\/www.riteboiler.com\\\/wp-content\\\/uploads\\\/2020\\\/06\\\/outdoor-high-pressure-steam-atmospheric-boiler.png\",\"contentUrl\":\"https:\\\/\\\/www.riteboiler.com\\\/wp-content\\\/uploads\\\/2020\\\/06\\\/outdoor-high-pressure-steam-atmospheric-boiler.png\",\"width\":477,\"height\":731,\"caption\":\"Outdoor High Pressure Steam Atmospheric Boiler\"},{\"@type\":\"BreadcrumbList\",\"@id\":\"https:\\\/\\\/www.riteboiler.com\\\/boilers\\\/steam-boilers\\\/high-pressure-steam-boilers\\\/high-pressure-outdoor-atmospheric-natural-gas-fired-steam-boilers\\\/#breadcrumb\",\"itemListElement\":[{\"@type\":\"ListItem\",\"position\":1,\"name\":\"Home\",\"item\":\"https:\\\/\\\/www.riteboiler.com\\\/\"},{\"@type\":\"ListItem\",\"position\":2,\"name\":\"Boilers\",\"item\":\"https:\\\/\\\/www.riteboiler.com\\\/boilers\\\/\"},{\"@type\":\"ListItem\",\"position\":3,\"name\":\"Steam Boilers\",\"item\":\"https:\\\/\\\/www.riteboiler.com\\\/boilers\\\/steam-boilers\\\/\"},{\"@type\":\"ListItem\",\"position\":4,\"name\":\"High Pressure Steam Boilers\",\"item\":\"https:\\\/\\\/www.riteboiler.com\\\/boilers\\\/steam-boilers\\\/high-pressure-steam-boilers\\\/\"},{\"@type\":\"ListItem\",\"position\":5,\"name\":\"High Pressure Outdoor Atmospheric \\\/ Natural Gas Fired Steam Boilers\"}]},{\"@type\":\"WebSite\",\"@id\":\"https:\\\/\\\/www.riteboiler.com\\\/#website\",\"url\":\"https:\\\/\\\/www.riteboiler.com\\\/\",\"name\":\"Rite Boilers\",\"description\":\"Boilers and Tanks Built to Last! Since 1952\",\"publisher\":{\"@id\":\"https:\\\/\\\/www.riteboiler.com\\\/#organization\"},\"potentialAction\":[{\"@type\":\"SearchAction\",\"target\":{\"@type\":\"EntryPoint\",\"urlTemplate\":\"https:\\\/\\\/www.riteboiler.com\\\/?s={search_term_string}\"},\"query-input\":{\"@type\":\"PropertyValueSpecification\",\"valueRequired\":true,\"valueName\":\"search_term_string\"}}],\"inLanguage\":\"es\"},{\"@type\":\"Organization\",\"@id\":\"https:\\\/\\\/www.riteboiler.com\\\/#organization\",\"name\":\"Rite Engineering & Manufacturing Corp.\",\"url\":\"https:\\\/\\\/www.riteboiler.com\\\/\",\"logo\":{\"@type\":\"ImageObject\",\"inLanguage\":\"es\",\"@id\":\"https:\\\/\\\/www.riteboiler.com\\\/#\\\/schema\\\/logo\\\/image\\\/\",\"url\":\"https:\\\/\\\/www.riteboiler.com\\\/wp-content\\\/uploads\\\/2020\\\/06\\\/rite-boilers-logo-large.png\",\"contentUrl\":\"https:\\\/\\\/www.riteboiler.com\\\/wp-content\\\/uploads\\\/2020\\\/06\\\/rite-boilers-logo-large.png\",\"width\":600,\"height\":346,\"caption\":\"Rite Engineering & Manufacturing Corp.\"},\"image\":{\"@id\":\"https:\\\/\\\/www.riteboiler.com\\\/#\\\/schema\\\/logo\\\/image\\\/\"}}]}<\/script>\n<!-- \/ Yoast SEO plugin. -->","yoast_head_json":{"title":"Outdoor Atmospheric \/ Natural Gas Fired Steam Boilers - Rite Boilers","description":"Exterior atmosf\u00e9rico natural: tan f\u00e1ciles de mantener y operar, las calderas de vapor Rite cuentan con acceso completo al agua para que pr\u00e1cticamente todos ...","robots":{"index":"index","follow":"follow","max-snippet":"max-snippet:-1","max-image-preview":"max-image-preview:large","max-video-preview":"max-video-preview:-1"},"canonical":"https:\/\/www.riteboiler.com\/es\/calderas\/calderas-de-vapor\/calderas-de-vapor-de-alta-presion\/calderas-de-vapor-de-vapor-de-gas-natural-atmosferico-exterior-atmosferico-de-alta-presion\/","og_locale":"es_MX","og_type":"article","og_title":"Outdoor Atmospheric \/ Natural Gas Fired Steam Boilers - Rite Boilers","og_description":"Outdoor Atmospheric Natural - So simple to maintain and operate, Rite Steam Boilers feature complete waterside access so that virtually all..","og_url":"https:\/\/www.riteboiler.com\/es\/calderas\/calderas-de-vapor\/calderas-de-vapor-de-alta-presion\/calderas-de-vapor-de-vapor-de-gas-natural-atmosferico-exterior-atmosferico-de-alta-presion\/","og_site_name":"Rite Boilers","article_modified_time":"2020-11-29T06:55:43+00:00","og_image":[{"width":477,"height":731,"url":"https:\/\/www.riteboiler.com\/wp-content\/uploads\/2020\/06\/outdoor-high-pressure-steam-atmospheric-boiler.png","type":"image\/png"}],"twitter_card":"summary_large_image","twitter_misc":{"Tiempo de lectura":"1 minuto"},"schema":{"@context":"https:\/\/schema.org","@graph":[{"@type":"WebPage","@id":"https:\/\/www.riteboiler.com\/boilers\/steam-boilers\/high-pressure-steam-boilers\/high-pressure-outdoor-atmospheric-natural-gas-fired-steam-boilers\/","url":"https:\/\/www.riteboiler.com\/boilers\/steam-boilers\/high-pressure-steam-boilers\/high-pressure-outdoor-atmospheric-natural-gas-fired-steam-boilers\/","name":"Outdoor Atmospheric \/ Natural Gas Fired Steam Boilers - Rite Boilers","isPartOf":{"@id":"https:\/\/www.riteboiler.com\/#website"},"primaryImageOfPage":{"@id":"https:\/\/www.riteboiler.com\/boilers\/steam-boilers\/high-pressure-steam-boilers\/high-pressure-outdoor-atmospheric-natural-gas-fired-steam-boilers\/#primaryimage"},"image":{"@id":"https:\/\/www.riteboiler.com\/boilers\/steam-boilers\/high-pressure-steam-boilers\/high-pressure-outdoor-atmospheric-natural-gas-fired-steam-boilers\/#primaryimage"},"thumbnailUrl":"https:\/\/www.riteboiler.com\/wp-content\/uploads\/2020\/06\/outdoor-high-pressure-steam-atmospheric-boiler.png","datePublished":"2020-06-20T17:29:38+00:00","dateModified":"2020-11-29T06:55:43+00:00","description":"Exterior atmosf\u00e9rico natural: tan f\u00e1ciles de mantener y operar, las calderas de vapor Rite cuentan con acceso completo al agua para que pr\u00e1cticamente todos ...","breadcrumb":{"@id":"https:\/\/www.riteboiler.com\/boilers\/steam-boilers\/high-pressure-steam-boilers\/high-pressure-outdoor-atmospheric-natural-gas-fired-steam-boilers\/#breadcrumb"},"inLanguage":"es","potentialAction":[{"@type":"ReadAction","target":["https:\/\/www.riteboiler.com\/boilers\/steam-boilers\/high-pressure-steam-boilers\/high-pressure-outdoor-atmospheric-natural-gas-fired-steam-boilers\/"]}]},{"@type":"ImageObject","inLanguage":"es","@id":"https:\/\/www.riteboiler.com\/boilers\/steam-boilers\/high-pressure-steam-boilers\/high-pressure-outdoor-atmospheric-natural-gas-fired-steam-boilers\/#primaryimage","url":"https:\/\/www.riteboiler.com\/wp-content\/uploads\/2020\/06\/outdoor-high-pressure-steam-atmospheric-boiler.png","contentUrl":"https:\/\/www.riteboiler.com\/wp-content\/uploads\/2020\/06\/outdoor-high-pressure-steam-atmospheric-boiler.png","width":477,"height":731,"caption":"Outdoor High Pressure Steam Atmospheric Boiler"},{"@type":"BreadcrumbList","@id":"https:\/\/www.riteboiler.com\/boilers\/steam-boilers\/high-pressure-steam-boilers\/high-pressure-outdoor-atmospheric-natural-gas-fired-steam-boilers\/#breadcrumb","itemListElement":[{"@type":"ListItem","position":1,"name":"Home","item":"https:\/\/www.riteboiler.com\/"},{"@type":"ListItem","position":2,"name":"Boilers","item":"https:\/\/www.riteboiler.com\/boilers\/"},{"@type":"ListItem","position":3,"name":"Steam Boilers","item":"https:\/\/www.riteboiler.com\/boilers\/steam-boilers\/"},{"@type":"ListItem","position":4,"name":"High Pressure Steam Boilers","item":"https:\/\/www.riteboiler.com\/boilers\/steam-boilers\/high-pressure-steam-boilers\/"},{"@type":"ListItem","position":5,"name":"High Pressure Outdoor Atmospheric \/ Natural Gas Fired Steam Boilers"}]},{"@type":"WebSite","@id":"https:\/\/www.riteboiler.com\/#website","url":"https:\/\/www.riteboiler.com\/","name":"Calderas Rite","description":"Boilers and Tanks Built to Last! Since 1952","publisher":{"@id":"https:\/\/www.riteboiler.com\/#organization"},"potentialAction":[{"@type":"SearchAction","target":{"@type":"EntryPoint","urlTemplate":"https:\/\/www.riteboiler.com\/?s={search_term_string}"},"query-input":{"@type":"PropertyValueSpecification","valueRequired":true,"valueName":"search_term_string"}}],"inLanguage":"es"},{"@type":"Organization","@id":"https:\/\/www.riteboiler.com\/#organization","name":"Rite Engineering & Manufacturing Corp.","url":"https:\/\/www.riteboiler.com\/","logo":{"@type":"ImageObject","inLanguage":"es","@id":"https:\/\/www.riteboiler.com\/#\/schema\/logo\/image\/","url":"https:\/\/www.riteboiler.com\/wp-content\/uploads\/2020\/06\/rite-boilers-logo-large.png","contentUrl":"https:\/\/www.riteboiler.com\/wp-content\/uploads\/2020\/06\/rite-boilers-logo-large.png","width":600,"height":346,"caption":"Rite Engineering & Manufacturing Corp."},"image":{"@id":"https:\/\/www.riteboiler.com\/#\/schema\/logo\/image\/"}}]}},"_links":{"self":[{"href":"https:\/\/www.riteboiler.com\/es\/wp-json\/wp\/v2\/pages\/987","targetHints":{"allow":["GET"]}}],"collection":[{"href":"https:\/\/www.riteboiler.com\/es\/wp-json\/wp\/v2\/pages"}],"about":[{"href":"https:\/\/www.riteboiler.com\/es\/wp-json\/wp\/v2\/types\/page"}],"author":[{"embeddable":true,"href":"https:\/\/www.riteboiler.com\/es\/wp-json\/wp\/v2\/users\/1"}],"replies":[{"embeddable":true,"href":"https:\/\/www.riteboiler.com\/es\/wp-json\/wp\/v2\/comments?post=987"}],"version-history":[{"count":5,"href":"https:\/\/www.riteboiler.com\/es\/wp-json\/wp\/v2\/pages\/987\/revisions"}],"predecessor-version":[{"id":2025,"href":"https:\/\/www.riteboiler.com\/es\/wp-json\/wp\/v2\/pages\/987\/revisions\/2025"}],"up":[{"embeddable":true,"href":"https:\/\/www.riteboiler.com\/es\/wp-json\/wp\/v2\/pages\/1237"}],"wp:featuredmedia":[{"embeddable":true,"href":"https:\/\/www.riteboiler.com\/es\/wp-json\/wp\/v2\/media\/989"}],"wp:attachment":[{"href":"https:\/\/www.riteboiler.com\/es\/wp-json\/wp\/v2\/media?parent=987"}],"curies":[{"name":"wp","href":"https:\/\/api.w.org\/{rel}","templated":true}]}}